{"id":280227,"date":"2026-04-17T08:51:47","date_gmt":"2026-04-17T06:51:47","guid":{"rendered":"https:\/\/cjays.eu\/product\/lashelm-speedglas-g5-03-pro-air-tw-adflo\/"},"modified":"2026-04-17T09:01:28","modified_gmt":"2026-04-17T07:01:28","slug":"lashelm-speedglas-g5-03-pro-air-tw-adflo","status":"publish","type":"product","link":"https:\/\/cjays.eu\/es\/producto\/lashelm-speedglas-g5-03-pro-air-tw-adflo\/","title":{"rendered":"Casco de soldadura Speedglas G5-03 Pro Air TW Adflo"},"content":{"rendered":"<p><strong>Visitas posibles con cita previa.<\/strong><\/p>\n<p><strong>En los equipos usados le damos 3 meses de garant\u00eda (excluidos los canjes) (<\/strong><a href=\"https:\/\/cjays.eu\/es\/terminos-y-condiciones\/\">ver condiciones<\/a><strong>).<\/strong><\/p>\n<p><strong>Podemos ofrecerle varios tipos de m\u00e1quinas como:<br \/>\n<\/strong>Nuevos, usados, Mig\/Mag, Co2, Tig, Pulsada, Ac\/Dc, Sin\u00e9rgicos, Refrigerados por agua, Electrodos y Plasma.<\/p>\n<p><strong>Ejemplos de marcas:<br \/>\nOTC, Migatronic, Miller, Fronius, Kemppi, Parweld, Tico, Helvi, Lorch, Rehm, Selco, Carl Cloos, Cebora, Esab, Saf, EWM, Kemper.<\/strong><\/p>\n<ul>\n<li>Todos los dispositivos han tenido un servicio y funcionan al 100%<\/li>\n<li>Las fotos de arriba muestran la m\u00e1quina real.<\/li>\n<li>La soldadura de prueba no es, por supuesto, un problema.<\/li>\n<li>Un video de la maquina no es una problema<\/li>\n<li>Posiblemente se entregue con Hilo \/ Casco de soldar \/ Ropa de soldar<\/li>\n<li>El equipo puede ser llevado a usted.<\/li>\n<li>Tambi\u00e9n es posible el canje.<\/li>\n<li>Tambi\u00e9n somos la direcci\u00f3n adecuada para la reparaci\u00f3n de su antigua m\u00e1quina de soldar.<\/li>\n<\/ul>\n","protected":false},"excerpt":{"rendered":"<p><strong>Casco de soldadura autom\u00e1tico 3M Speedglas G5-03TW<\/strong><br \/>\ncon sistema de aire fresco Adflo y bolsa de transporte; se suministra de serie con bater\u00eda.<\/p>\n","protected":false},"featured_media":280218,"comment_status":"closed","ping_status":"closed","template":"","meta":[],"product_brand":[],"product_cat":[164,165,163,245,146],"product_tag":[],"class_list":{"0":"post-280227","1":"product","2":"type-product","3":"status-publish","4":"has-post-thumbnail","6":"product_cat-cascos-de-soldadura","7":"product_cat-cascos-de-soldadura-con-extraccion-de-aire","8":"product_cat-cascos-y-repuestos","9":"product_cat-speedglas-es","10":"product_cat-todos-los-productos","11":"product_shipping_class-paquetes","13":"first","14":"onbackorder","15":"sale","16":"taxable","17":"shipping-taxable","18":"purchasable","19":"product-type-simple"},"yoast_head":"<!-- This site is optimized with the Yoast SEO plugin v27.4 - https:\/\/yoast.com\/product\/yoast-seo-wordpress\/ -->\n<title>Casco de soldadura Speedglas G5-03 Pro Air TW Adflo - Descuenta<\/title>\n<meta name=\"description\" content=\"Casco de soldadura Speedglas G5-03 Pro Air TW Adflo met Adflo verse luchtsysteem en opbergtas wordt standaard\u00a0geleverd met batterij.\" \/>\n<meta name=\"robots\" content=\"index, follow, max-snippet:-1, max-image-preview:large, max-video-preview:-1\" \/>\n<link rel=\"canonical\" href=\"https:\/\/cjays.eu\/es\/producto\/lashelm-speedglas-g5-03-pro-air-tw-adflo\/\" \/>\n<meta property=\"og:locale\" content=\"es_ES\" \/>\n<meta property=\"og:type\" content=\"article\" \/>\n<meta property=\"og:title\" content=\"Casco de soldadura Speedglas G5-03 Pro Air TW Adflo - Descuenta\" \/>\n<meta property=\"og:description\" content=\"Casco de soldadura Speedglas G5-03 Pro Air TW Adflo met Adflo verse luchtsysteem en opbergtas wordt standaard\u00a0geleverd met batterij.\" \/>\n<meta property=\"og:url\" content=\"https:\/\/cjays.eu\/es\/producto\/lashelm-speedglas-g5-03-pro-air-tw-adflo\/\" \/>\n<meta property=\"og:site_name\" content=\"Cjays Lastechniek | Gebruikte Lasapparaten\" \/>\n<meta property=\"article:publisher\" content=\"https:\/\/www.facebook.com\/cjayslastechniek.nl\" \/>\n<meta property=\"article:modified_time\" content=\"2026-04-17T07:01:28+00:00\" \/>\n<meta property=\"og:image\" content=\"https:\/\/cjays.eu\/wp-content\/uploads\/2026\/04\/180561383-180561463.png\" \/>\n\t<meta property=\"og:image:width\" content=\"1200\" \/>\n\t<meta property=\"og:image:height\" content=\"1200\" \/>\n\t<meta property=\"og:image:type\" content=\"image\/png\" \/>\n<meta name=\"twitter:card\" content=\"summary_large_image\" \/>\n<meta name=\"twitter:label1\" content=\"Tiempo de lectura\" \/>\n\t<meta name=\"twitter:data1\" content=\"1 minuto\" \/>\n<script type=\"application\/ld+json\" class=\"yoast-schema-graph\">{\"@context\":\"https:\\\/\\\/schema.org\",\"@graph\":[{\"@type\":\"WebPage\",\"@id\":\"https:\\\/\\\/cjays.eu\\\/es\\\/producto\\\/lashelm-speedglas-g5-03-pro-air-tw-adflo\\\/\",\"url\":\"https:\\\/\\\/cjays.eu\\\/es\\\/producto\\\/lashelm-speedglas-g5-03-pro-air-tw-adflo\\\/\",\"name\":\"Casco de soldadura Speedglas G5-03 Pro Air TW Adflo - Descuenta\",\"isPartOf\":{\"@id\":\"https:\\\/\\\/cjays.eu\\\/#website\"},\"primaryImageOfPage\":{\"@id\":\"https:\\\/\\\/cjays.eu\\\/es\\\/producto\\\/lashelm-speedglas-g5-03-pro-air-tw-adflo\\\/#primaryimage\"},\"image\":{\"@id\":\"https:\\\/\\\/cjays.eu\\\/es\\\/producto\\\/lashelm-speedglas-g5-03-pro-air-tw-adflo\\\/#primaryimage\"},\"thumbnailUrl\":\"https:\\\/\\\/cjays.eu\\\/wp-content\\\/uploads\\\/2026\\\/04\\\/180561383-180561463.png\",\"datePublished\":\"2026-04-17T06:51:47+00:00\",\"dateModified\":\"2026-04-17T07:01:28+00:00\",\"description\":\"Casco de soldadura Speedglas G5-03 Pro Air TW Adflo met Adflo verse luchtsysteem en opbergtas wordt standaard\u00a0geleverd met batterij.\",\"breadcrumb\":{\"@id\":\"https:\\\/\\\/cjays.eu\\\/es\\\/producto\\\/lashelm-speedglas-g5-03-pro-air-tw-adflo\\\/#breadcrumb\"},\"inLanguage\":\"es\",\"potentialAction\":[{\"@type\":\"ReadAction\",\"target\":[\"https:\\\/\\\/cjays.eu\\\/es\\\/producto\\\/lashelm-speedglas-g5-03-pro-air-tw-adflo\\\/\"]}]},{\"@type\":\"ImageObject\",\"inLanguage\":\"es\",\"@id\":\"https:\\\/\\\/cjays.eu\\\/es\\\/producto\\\/lashelm-speedglas-g5-03-pro-air-tw-adflo\\\/#primaryimage\",\"url\":\"https:\\\/\\\/cjays.eu\\\/wp-content\\\/uploads\\\/2026\\\/04\\\/180561383-180561463.png\",\"contentUrl\":\"https:\\\/\\\/cjays.eu\\\/wp-content\\\/uploads\\\/2026\\\/04\\\/180561383-180561463.png\",\"width\":1200,\"height\":1200},{\"@type\":\"BreadcrumbList\",\"@id\":\"https:\\\/\\\/cjays.eu\\\/es\\\/producto\\\/lashelm-speedglas-g5-03-pro-air-tw-adflo\\\/#breadcrumb\",\"itemListElement\":[{\"@type\":\"ListItem\",\"position\":1,\"name\":\"Home\",\"item\":\"https:\\\/\\\/cjays.eu\\\/\"},{\"@type\":\"ListItem\",\"position\":2,\"name\":\"Winkel\",\"item\":\"https:\\\/\\\/cjays.eu\\\/winkel\\\/\"},{\"@type\":\"ListItem\",\"position\":3,\"name\":\"Casco de soldadura Speedglas G5-03 Pro Air TW Adflo\"}]},{\"@type\":\"WebSite\",\"@id\":\"https:\\\/\\\/cjays.eu\\\/#website\",\"url\":\"https:\\\/\\\/cjays.eu\\\/\",\"name\":\"Cjays Lastechniek | Gebruikte Lasapparaten\",\"description\":\"Gebruikte &amp; Nieuwe Lasapparaten &amp; Lasbenodigdheden\",\"publisher\":{\"@id\":\"https:\\\/\\\/cjays.eu\\\/#organization\"},\"alternateName\":\"Cjays\",\"potentialAction\":[{\"@type\":\"SearchAction\",\"target\":{\"@type\":\"EntryPoint\",\"urlTemplate\":\"https:\\\/\\\/cjays.eu\\\/?s={search_term_string}\"},\"query-input\":{\"@type\":\"PropertyValueSpecification\",\"valueRequired\":true,\"valueName\":\"search_term_string\"}}],\"inLanguage\":\"es\"},{\"@type\":\"Organization\",\"@id\":\"https:\\\/\\\/cjays.eu\\\/#organization\",\"name\":\"Cjays Lastechniek\",\"alternateName\":\"Cjays\",\"url\":\"https:\\\/\\\/cjays.eu\\\/\",\"logo\":{\"@type\":\"ImageObject\",\"inLanguage\":\"es\",\"@id\":\"https:\\\/\\\/cjays.eu\\\/#\\\/schema\\\/logo\\\/image\\\/\",\"url\":\"https:\\\/\\\/cjays.eu\\\/wp-content\\\/uploads\\\/2022\\\/01\\\/logo-cjays-e1643484777484.png\",\"contentUrl\":\"https:\\\/\\\/cjays.eu\\\/wp-content\\\/uploads\\\/2022\\\/01\\\/logo-cjays-e1643484777484.png\",\"width\":500,\"height\":198,\"caption\":\"Cjays Lastechniek\"},\"image\":{\"@id\":\"https:\\\/\\\/cjays.eu\\\/#\\\/schema\\\/logo\\\/image\\\/\"},\"sameAs\":[\"https:\\\/\\\/www.facebook.com\\\/cjayslastechniek.nl\",\"https:\\\/\\\/www.instagram.com\\\/cjays.lastechniek\\\/\",\"https:\\\/\\\/www.youtube.com\\\/@cjayslastechniek2812\"]}]}<\/script>\n<!-- \/ Yoast SEO plugin. -->","yoast_head_json":{"title":"Casco de soldadura Speedglas G5-03 Pro Air TW Adflo - Descuenta","description":"Casco de soldadura Speedglas G5-03 Pro Air TW Adflo met Adflo verse luchtsysteem en opbergtas wordt standaard\u00a0geleverd met batterij.","robots":{"index":"index","follow":"follow","max-snippet":"max-snippet:-1","max-image-preview":"max-image-preview:large","max-video-preview":"max-video-preview:-1"},"canonical":"https:\/\/cjays.eu\/es\/producto\/lashelm-speedglas-g5-03-pro-air-tw-adflo\/","og_locale":"es_ES","og_type":"article","og_title":"Casco de soldadura Speedglas G5-03 Pro Air TW Adflo - Descuenta","og_description":"Casco de soldadura Speedglas G5-03 Pro Air TW Adflo met Adflo verse luchtsysteem en opbergtas wordt standaard\u00a0geleverd met batterij.","og_url":"https:\/\/cjays.eu\/es\/producto\/lashelm-speedglas-g5-03-pro-air-tw-adflo\/","og_site_name":"Cjays Lastechniek | Gebruikte Lasapparaten","article_publisher":"https:\/\/www.facebook.com\/cjayslastechniek.nl","article_modified_time":"2026-04-17T07:01:28+00:00","og_image":[{"width":1200,"height":1200,"url":"https:\/\/cjays.eu\/wp-content\/uploads\/2026\/04\/180561383-180561463.png","type":"image\/png"}],"twitter_card":"summary_large_image","twitter_misc":{"Tiempo de lectura":"1 minuto"},"schema":{"@context":"https:\/\/schema.org","@graph":[{"@type":"WebPage","@id":"https:\/\/cjays.eu\/es\/producto\/lashelm-speedglas-g5-03-pro-air-tw-adflo\/","url":"https:\/\/cjays.eu\/es\/producto\/lashelm-speedglas-g5-03-pro-air-tw-adflo\/","name":"Casco de soldadura Speedglas G5-03 Pro Air TW Adflo - Descuenta","isPartOf":{"@id":"https:\/\/cjays.eu\/#website"},"primaryImageOfPage":{"@id":"https:\/\/cjays.eu\/es\/producto\/lashelm-speedglas-g5-03-pro-air-tw-adflo\/#primaryimage"},"image":{"@id":"https:\/\/cjays.eu\/es\/producto\/lashelm-speedglas-g5-03-pro-air-tw-adflo\/#primaryimage"},"thumbnailUrl":"https:\/\/cjays.eu\/wp-content\/uploads\/2026\/04\/180561383-180561463.png","datePublished":"2026-04-17T06:51:47+00:00","dateModified":"2026-04-17T07:01:28+00:00","description":"Casco de soldadura Speedglas G5-03 Pro Air TW Adflo met Adflo verse luchtsysteem en opbergtas wordt standaard\u00a0geleverd met batterij.","breadcrumb":{"@id":"https:\/\/cjays.eu\/es\/producto\/lashelm-speedglas-g5-03-pro-air-tw-adflo\/#breadcrumb"},"inLanguage":"es","potentialAction":[{"@type":"ReadAction","target":["https:\/\/cjays.eu\/es\/producto\/lashelm-speedglas-g5-03-pro-air-tw-adflo\/"]}]},{"@type":"ImageObject","inLanguage":"es","@id":"https:\/\/cjays.eu\/es\/producto\/lashelm-speedglas-g5-03-pro-air-tw-adflo\/#primaryimage","url":"https:\/\/cjays.eu\/wp-content\/uploads\/2026\/04\/180561383-180561463.png","contentUrl":"https:\/\/cjays.eu\/wp-content\/uploads\/2026\/04\/180561383-180561463.png","width":1200,"height":1200},{"@type":"BreadcrumbList","@id":"https:\/\/cjays.eu\/es\/producto\/lashelm-speedglas-g5-03-pro-air-tw-adflo\/#breadcrumb","itemListElement":[{"@type":"ListItem","position":1,"name":"Home","item":"https:\/\/cjays.eu\/"},{"@type":"ListItem","position":2,"name":"Winkel","item":"https:\/\/cjays.eu\/winkel\/"},{"@type":"ListItem","position":3,"name":"Casco de soldadura Speedglas G5-03 Pro Air TW Adflo"}]},{"@type":"WebSite","@id":"https:\/\/cjays.eu\/#website","url":"https:\/\/cjays.eu\/","name":"Cjays Lastechniek | Gebruikte Lasapparaten","description":"Gebruikte &amp; Nieuwe Lasapparaten &amp; Lasbenodigdheden","publisher":{"@id":"https:\/\/cjays.eu\/#organization"},"alternateName":"Cjays","potentialAction":[{"@type":"SearchAction","target":{"@type":"EntryPoint","urlTemplate":"https:\/\/cjays.eu\/?s={search_term_string}"},"query-input":{"@type":"PropertyValueSpecification","valueRequired":true,"valueName":"search_term_string"}}],"inLanguage":"es"},{"@type":"Organization","@id":"https:\/\/cjays.eu\/#organization","name":"Cjays Lastechniek","alternateName":"Cjays","url":"https:\/\/cjays.eu\/","logo":{"@type":"ImageObject","inLanguage":"es","@id":"https:\/\/cjays.eu\/#\/schema\/logo\/image\/","url":"https:\/\/cjays.eu\/wp-content\/uploads\/2022\/01\/logo-cjays-e1643484777484.png","contentUrl":"https:\/\/cjays.eu\/wp-content\/uploads\/2022\/01\/logo-cjays-e1643484777484.png","width":500,"height":198,"caption":"Cjays Lastechniek"},"image":{"@id":"https:\/\/cjays.eu\/#\/schema\/logo\/image\/"},"sameAs":["https:\/\/www.facebook.com\/cjayslastechniek.nl","https:\/\/www.instagram.com\/cjays.lastechniek\/","https:\/\/www.youtube.com\/@cjayslastechniek2812"]}]}},"_links":{"self":[{"href":"https:\/\/cjays.eu\/es\/wp-json\/wp\/v2\/product\/280227","targetHints":{"allow":["GET"]}}],"collection":[{"href":"https:\/\/cjays.eu\/es\/wp-json\/wp\/v2\/product"}],"about":[{"href":"https:\/\/cjays.eu\/es\/wp-json\/wp\/v2\/types\/product"}],"replies":[{"embeddable":true,"href":"https:\/\/cjays.eu\/es\/wp-json\/wp\/v2\/comments?post=280227"}],"wp:featuredmedia":[{"embeddable":true,"href":"https:\/\/cjays.eu\/es\/wp-json\/wp\/v2\/media\/280218"}],"wp:attachment":[{"href":"https:\/\/cjays.eu\/es\/wp-json\/wp\/v2\/media?parent=280227"}],"wp:term":[{"taxonomy":"product_brand","embeddable":true,"href":"https:\/\/cjays.eu\/es\/wp-json\/wp\/v2\/product_brand?post=280227"},{"taxonomy":"product_cat","embeddable":true,"href":"https:\/\/cjays.eu\/es\/wp-json\/wp\/v2\/product_cat?post=280227"},{"taxonomy":"product_tag","embeddable":true,"href":"https:\/\/cjays.eu\/es\/wp-json\/wp\/v2\/product_tag?post=280227"}],"curies":[{"name":"wp","href":"https:\/\/api.w.org\/{rel}","templated":true}]}}