{"id":278521,"date":"2025-11-19T11:13:09","date_gmt":"2025-11-19T10:13:09","guid":{"rendered":"https:\/\/cjays.eu\/product\/parweld-xr944a-slijpkap\/"},"modified":"2025-11-19T11:32:15","modified_gmt":"2025-11-19T10:32:15","slug":"parweld-xr944a-slijpkap","status":"publish","type":"product","link":"https:\/\/cjays.eu\/es\/producto\/parweld-xr944a-slijpkap\/","title":{"rendered":"Parweld XR944A Casco de Amoladora"},"content":{"rendered":"<p>El PAPR Parweld XR944A ha sido dise\u00f1ado espec\u00edficamente para su uso en entornos con part\u00edculas. El dispositivo cuenta con una pantalla de estado de f\u00e1cil lectura y un motor silencioso sin escobillas con control de flujo de aire de dos velocidades.<\/p>\n<p>Adem\u00e1s, ofrece alertas sonoras y vibratorias para mayor seguridad. La c\u00f3moda correa est\u00e1 equipada con tirantes desmontables y la bater\u00eda de iones de litio extra\u00edble tiene una autonom\u00eda de hasta 11 horas. Con un peso de solo 1,1 kg, el PAPR es especialmente ligero y f\u00e1cil de manejar gracias a sus botones intuitivos.<\/p>\n<p>El kit PAPR incluye un filtro principal A1 P3, un prefiltro con carb\u00f3n activo y un colector de chispas met\u00e1lico para mejorar la filtraci\u00f3n. El sistema cumple con la certificaci\u00f3n TH3P seg\u00fan la norma europea EN 12941:1998 \/ A1:2004 \/ A2:2008 TH3P.<\/p>\n","protected":false},"excerpt":{"rendered":"<p><strong>La nueva Amoladora de Parweld XR944<\/strong><\/p>\n<ul>\n<li>Protege la cara y los ojos contra salpicaduras de l\u00edquidos, part\u00edculas de baja energ\u00eda y polvo (clase F).<\/li>\n<li>Ofrece una excelente visibilidad.<\/li>\n<li>La pantalla facial XR944H, de gran durabilidad, ofrece una protecci\u00f3n completa para la cabeza, la cara y los ojos, y est\u00e1 equipada con un sellado facial de tela suave y reemplazable.<\/li>\n<li>Diadema totalmente ajustable para un ajuste perfecto en cualquier aplicaci\u00f3n.<\/li>\n<li>La filtraci\u00f3n PAPR P3 ofrece protecci\u00f3n de nivel TH3P contra el polvo y el humo.<\/li>\n<li>Unidad sopladora de dos velocidades, suministrada de serie con bater\u00eda HD para una autonom\u00eda de hasta 11 horas.<\/li>\n<\/ul>\n<p>&nbsp;<\/p>\n<p><strong>\u00bbPero Cjays, tengo un XR943A. \u00bfTengo que comprar una unidad completamente nueva?\u00bb<\/strong><\/p>\n<p><strong>No<\/strong>, basta con comprar el casco de amoladora XR944H suelto si ya dispone de una unidad de sobrepresi\u00f3n.<br \/>\nLa manguera de aire del XR943A y el XR944A es id\u00e9ntica.<\/p>\n","protected":false},"featured_media":278514,"comment_status":"closed","ping_status":"closed","template":"","meta":[],"product_brand":[],"product_cat":[164,165,163,166,146],"product_tag":[],"class_list":{"0":"post-278521","1":"product","2":"type-product","3":"status-publish","4":"has-post-thumbnail","6":"product_cat-cascos-de-soldadura","7":"product_cat-cascos-de-soldadura-con-extraccion-de-aire","8":"product_cat-cascos-y-repuestos","9":"product_cat-parweld-es","10":"product_cat-todos-los-productos","11":"product_shipping_class-paquetes","13":"first","14":"onbackorder","15":"taxable","16":"shipping-taxable","17":"purchasable","18":"product-type-variable"},"yoast_head":"<!-- This site is optimized with the Yoast SEO plugin v27.4 - https:\/\/yoast.com\/product\/yoast-seo-wordpress\/ -->\n<title>Parweld XR944A Casco de Amoladora - Cjays Lastechniek | Gebruikte Lasapparaten<\/title>\n<meta name=\"description\" content=\"Parweld XR944A Casco de Amoladora %%excerpt\" \/>\n<meta name=\"robots\" content=\"index, follow, max-snippet:-1, max-image-preview:large, max-video-preview:-1\" \/>\n<link rel=\"canonical\" href=\"https:\/\/cjays.eu\/producto\/parweld-xr944a-slijpkap\/\" \/>\n<meta property=\"og:locale\" content=\"es_ES\" \/>\n<meta property=\"og:type\" content=\"article\" \/>\n<meta property=\"og:title\" content=\"Parweld XR944A Casco de Amoladora - Cjays Lastechniek | Gebruikte Lasapparaten\" \/>\n<meta property=\"og:description\" content=\"Parweld XR944A Casco de Amoladora %%excerpt\" \/>\n<meta property=\"og:url\" content=\"https:\/\/cjays.eu\/producto\/parweld-xr944a-slijpkap\/\" \/>\n<meta property=\"og:site_name\" content=\"Cjays Lastechniek | Gebruikte Lasapparaten\" \/>\n<meta property=\"article:publisher\" content=\"https:\/\/www.facebook.com\/cjayslastechniek.nl\" \/>\n<meta property=\"article:modified_time\" content=\"2025-11-19T10:32:15+00:00\" \/>\n<meta property=\"og:image\" content=\"https:\/\/cjays.eu\/wp-content\/uploads\/2025\/11\/3015.jpg\" \/>\n\t<meta property=\"og:image:width\" content=\"1000\" \/>\n\t<meta property=\"og:image:height\" content=\"900\" \/>\n\t<meta property=\"og:image:type\" content=\"image\/jpeg\" \/>\n<meta name=\"twitter:card\" content=\"summary_large_image\" \/>\n<meta name=\"twitter:label1\" content=\"Tiempo de lectura\" \/>\n\t<meta name=\"twitter:data1\" content=\"1 minuto\" \/>\n<script type=\"application\/ld+json\" class=\"yoast-schema-graph\">{\"@context\":\"https:\\\/\\\/schema.org\",\"@graph\":[{\"@type\":\"WebPage\",\"@id\":\"https:\\\/\\\/cjays.eu\\\/producto\\\/parweld-xr944a-slijpkap\\\/\",\"url\":\"https:\\\/\\\/cjays.eu\\\/producto\\\/parweld-xr944a-slijpkap\\\/\",\"name\":\"Parweld XR944A Casco de Amoladora - Cjays Lastechniek | Gebruikte Lasapparaten\",\"isPartOf\":{\"@id\":\"https:\\\/\\\/cjays.eu\\\/#website\"},\"primaryImageOfPage\":{\"@id\":\"https:\\\/\\\/cjays.eu\\\/producto\\\/parweld-xr944a-slijpkap\\\/#primaryimage\"},\"image\":{\"@id\":\"https:\\\/\\\/cjays.eu\\\/producto\\\/parweld-xr944a-slijpkap\\\/#primaryimage\"},\"thumbnailUrl\":\"https:\\\/\\\/cjays.eu\\\/wp-content\\\/uploads\\\/2025\\\/11\\\/3015.jpg\",\"datePublished\":\"2025-11-19T10:13:09+00:00\",\"dateModified\":\"2025-11-19T10:32:15+00:00\",\"description\":\"Parweld XR944A Casco de Amoladora %%excerpt\",\"breadcrumb\":{\"@id\":\"https:\\\/\\\/cjays.eu\\\/producto\\\/parweld-xr944a-slijpkap\\\/#breadcrumb\"},\"inLanguage\":\"es\",\"potentialAction\":[{\"@type\":\"ReadAction\",\"target\":[\"https:\\\/\\\/cjays.eu\\\/producto\\\/parweld-xr944a-slijpkap\\\/\"]}]},{\"@type\":\"ImageObject\",\"inLanguage\":\"es\",\"@id\":\"https:\\\/\\\/cjays.eu\\\/producto\\\/parweld-xr944a-slijpkap\\\/#primaryimage\",\"url\":\"https:\\\/\\\/cjays.eu\\\/wp-content\\\/uploads\\\/2025\\\/11\\\/3015.jpg\",\"contentUrl\":\"https:\\\/\\\/cjays.eu\\\/wp-content\\\/uploads\\\/2025\\\/11\\\/3015.jpg\",\"width\":1000,\"height\":900},{\"@type\":\"BreadcrumbList\",\"@id\":\"https:\\\/\\\/cjays.eu\\\/producto\\\/parweld-xr944a-slijpkap\\\/#breadcrumb\",\"itemListElement\":[{\"@type\":\"ListItem\",\"position\":1,\"name\":\"Home\",\"item\":\"https:\\\/\\\/cjays.eu\\\/\"},{\"@type\":\"ListItem\",\"position\":2,\"name\":\"Winkel\",\"item\":\"https:\\\/\\\/cjays.eu\\\/winkel\\\/\"},{\"@type\":\"ListItem\",\"position\":3,\"name\":\"Parweld XR944A Casco de Amoladora\"}]},{\"@type\":\"WebSite\",\"@id\":\"https:\\\/\\\/cjays.eu\\\/#website\",\"url\":\"https:\\\/\\\/cjays.eu\\\/\",\"name\":\"Cjays Lastechniek | Gebruikte Lasapparaten\",\"description\":\"Gebruikte &amp; Nieuwe Lasapparaten &amp; Lasbenodigdheden\",\"publisher\":{\"@id\":\"https:\\\/\\\/cjays.eu\\\/#organization\"},\"alternateName\":\"Cjays\",\"potentialAction\":[{\"@type\":\"SearchAction\",\"target\":{\"@type\":\"EntryPoint\",\"urlTemplate\":\"https:\\\/\\\/cjays.eu\\\/?s={search_term_string}\"},\"query-input\":{\"@type\":\"PropertyValueSpecification\",\"valueRequired\":true,\"valueName\":\"search_term_string\"}}],\"inLanguage\":\"es\"},{\"@type\":\"Organization\",\"@id\":\"https:\\\/\\\/cjays.eu\\\/#organization\",\"name\":\"Cjays Lastechniek\",\"alternateName\":\"Cjays\",\"url\":\"https:\\\/\\\/cjays.eu\\\/\",\"logo\":{\"@type\":\"ImageObject\",\"inLanguage\":\"es\",\"@id\":\"https:\\\/\\\/cjays.eu\\\/#\\\/schema\\\/logo\\\/image\\\/\",\"url\":\"https:\\\/\\\/cjays.eu\\\/wp-content\\\/uploads\\\/2022\\\/01\\\/logo-cjays-e1643484777484.png\",\"contentUrl\":\"https:\\\/\\\/cjays.eu\\\/wp-content\\\/uploads\\\/2022\\\/01\\\/logo-cjays-e1643484777484.png\",\"width\":500,\"height\":198,\"caption\":\"Cjays Lastechniek\"},\"image\":{\"@id\":\"https:\\\/\\\/cjays.eu\\\/#\\\/schema\\\/logo\\\/image\\\/\"},\"sameAs\":[\"https:\\\/\\\/www.facebook.com\\\/cjayslastechniek.nl\",\"https:\\\/\\\/www.instagram.com\\\/cjays.lastechniek\\\/\",\"https:\\\/\\\/www.youtube.com\\\/@cjayslastechniek2812\"]}]}<\/script>\n<!-- \/ Yoast SEO plugin. -->","yoast_head_json":{"title":"Parweld XR944A Casco de Amoladora - Cjays Lastechniek | Gebruikte Lasapparaten","description":"Parweld XR944A Casco de Amoladora %%excerpt","robots":{"index":"index","follow":"follow","max-snippet":"max-snippet:-1","max-image-preview":"max-image-preview:large","max-video-preview":"max-video-preview:-1"},"canonical":"https:\/\/cjays.eu\/producto\/parweld-xr944a-slijpkap\/","og_locale":"es_ES","og_type":"article","og_title":"Parweld XR944A Casco de Amoladora - Cjays Lastechniek | Gebruikte Lasapparaten","og_description":"Parweld XR944A Casco de Amoladora %%excerpt","og_url":"https:\/\/cjays.eu\/producto\/parweld-xr944a-slijpkap\/","og_site_name":"Cjays Lastechniek | Gebruikte Lasapparaten","article_publisher":"https:\/\/www.facebook.com\/cjayslastechniek.nl","article_modified_time":"2025-11-19T10:32:15+00:00","og_image":[{"width":1000,"height":900,"url":"https:\/\/cjays.eu\/wp-content\/uploads\/2025\/11\/3015.jpg","type":"image\/jpeg"}],"twitter_card":"summary_large_image","twitter_misc":{"Tiempo de lectura":"1 minuto"},"schema":{"@context":"https:\/\/schema.org","@graph":[{"@type":"WebPage","@id":"https:\/\/cjays.eu\/producto\/parweld-xr944a-slijpkap\/","url":"https:\/\/cjays.eu\/producto\/parweld-xr944a-slijpkap\/","name":"Parweld XR944A Casco de Amoladora - Cjays Lastechniek | Gebruikte Lasapparaten","isPartOf":{"@id":"https:\/\/cjays.eu\/#website"},"primaryImageOfPage":{"@id":"https:\/\/cjays.eu\/producto\/parweld-xr944a-slijpkap\/#primaryimage"},"image":{"@id":"https:\/\/cjays.eu\/producto\/parweld-xr944a-slijpkap\/#primaryimage"},"thumbnailUrl":"https:\/\/cjays.eu\/wp-content\/uploads\/2025\/11\/3015.jpg","datePublished":"2025-11-19T10:13:09+00:00","dateModified":"2025-11-19T10:32:15+00:00","description":"Parweld XR944A Casco de Amoladora %%excerpt","breadcrumb":{"@id":"https:\/\/cjays.eu\/producto\/parweld-xr944a-slijpkap\/#breadcrumb"},"inLanguage":"es","potentialAction":[{"@type":"ReadAction","target":["https:\/\/cjays.eu\/producto\/parweld-xr944a-slijpkap\/"]}]},{"@type":"ImageObject","inLanguage":"es","@id":"https:\/\/cjays.eu\/producto\/parweld-xr944a-slijpkap\/#primaryimage","url":"https:\/\/cjays.eu\/wp-content\/uploads\/2025\/11\/3015.jpg","contentUrl":"https:\/\/cjays.eu\/wp-content\/uploads\/2025\/11\/3015.jpg","width":1000,"height":900},{"@type":"BreadcrumbList","@id":"https:\/\/cjays.eu\/producto\/parweld-xr944a-slijpkap\/#breadcrumb","itemListElement":[{"@type":"ListItem","position":1,"name":"Home","item":"https:\/\/cjays.eu\/"},{"@type":"ListItem","position":2,"name":"Winkel","item":"https:\/\/cjays.eu\/winkel\/"},{"@type":"ListItem","position":3,"name":"Parweld XR944A Casco de Amoladora"}]},{"@type":"WebSite","@id":"https:\/\/cjays.eu\/#website","url":"https:\/\/cjays.eu\/","name":"Cjays Lastechniek | Gebruikte Lasapparaten","description":"Gebruikte &amp; Nieuwe Lasapparaten &amp; Lasbenodigdheden","publisher":{"@id":"https:\/\/cjays.eu\/#organization"},"alternateName":"Cjays","potentialAction":[{"@type":"SearchAction","target":{"@type":"EntryPoint","urlTemplate":"https:\/\/cjays.eu\/?s={search_term_string}"},"query-input":{"@type":"PropertyValueSpecification","valueRequired":true,"valueName":"search_term_string"}}],"inLanguage":"es"},{"@type":"Organization","@id":"https:\/\/cjays.eu\/#organization","name":"Cjays Lastechniek","alternateName":"Cjays","url":"https:\/\/cjays.eu\/","logo":{"@type":"ImageObject","inLanguage":"es","@id":"https:\/\/cjays.eu\/#\/schema\/logo\/image\/","url":"https:\/\/cjays.eu\/wp-content\/uploads\/2022\/01\/logo-cjays-e1643484777484.png","contentUrl":"https:\/\/cjays.eu\/wp-content\/uploads\/2022\/01\/logo-cjays-e1643484777484.png","width":500,"height":198,"caption":"Cjays Lastechniek"},"image":{"@id":"https:\/\/cjays.eu\/#\/schema\/logo\/image\/"},"sameAs":["https:\/\/www.facebook.com\/cjayslastechniek.nl","https:\/\/www.instagram.com\/cjays.lastechniek\/","https:\/\/www.youtube.com\/@cjayslastechniek2812"]}]}},"_links":{"self":[{"href":"https:\/\/cjays.eu\/es\/wp-json\/wp\/v2\/product\/278521","targetHints":{"allow":["GET"]}}],"collection":[{"href":"https:\/\/cjays.eu\/es\/wp-json\/wp\/v2\/product"}],"about":[{"href":"https:\/\/cjays.eu\/es\/wp-json\/wp\/v2\/types\/product"}],"replies":[{"embeddable":true,"href":"https:\/\/cjays.eu\/es\/wp-json\/wp\/v2\/comments?post=278521"}],"wp:featuredmedia":[{"embeddable":true,"href":"https:\/\/cjays.eu\/es\/wp-json\/wp\/v2\/media\/278514"}],"wp:attachment":[{"href":"https:\/\/cjays.eu\/es\/wp-json\/wp\/v2\/media?parent=278521"}],"wp:term":[{"taxonomy":"product_brand","embeddable":true,"href":"https:\/\/cjays.eu\/es\/wp-json\/wp\/v2\/product_brand?post=278521"},{"taxonomy":"product_cat","embeddable":true,"href":"https:\/\/cjays.eu\/es\/wp-json\/wp\/v2\/product_cat?post=278521"},{"taxonomy":"product_tag","embeddable":true,"href":"https:\/\/cjays.eu\/es\/wp-json\/wp\/v2\/product_tag?post=278521"}],"curies":[{"name":"wp","href":"https:\/\/api.w.org\/{rel}","templated":true}]}}