{"id":268796,"date":"2024-09-05T15:35:50","date_gmt":"2024-09-05T13:35:50","guid":{"rendered":"https:\/\/cjays.eu\/product\/otc-arxis-p503l\/"},"modified":"2024-11-01T08:45:24","modified_gmt":"2024-11-01T07:45:24","slug":"otc-arxis-p503l","status":"publish","type":"product","link":"https:\/\/cjays.eu\/es\/producto\/otc-arxis-p503l\/","title":{"rendered":"OTC ARXIS P403L &#8211; P503L"},"content":{"rendered":"<p><strong>El modelo ARXIS de gama alta<\/strong>, equipado con la \u00faltima generaci\u00f3n de chipsets Welbee, est\u00e1 dise\u00f1ado para clientes con las m\u00e1s altas exigencias de rendimiento en soldadura.<\/p>\n<p>Con su excepcional combinaci\u00f3n de altas velocidades de soldadura y m\u00e1xima eficiencia, el modelo ARXIS es la elecci\u00f3n ideal para los clientes que exigen lo mejor de sus equipos de soldadura, tanto si trabaja en proyectos de soldadura complejos manualmente como con sistemas rob\u00f3ticos automatizados.<\/p>\n<p><strong>OTC DAIHEN ha desarrollado<\/strong> el chip de control de soldadura \u00abWelbee\u00bb que ofrece un rendimiento de soldadura significativamente mejorado y funcionalidades de TI mejoradas.<\/p>\n<p>\u00abWelbee\u00bb proporciona un control preciso de la forma de onda al proporcionar una retroalimentaci\u00f3n exacta de la corriente y el voltaje de soldadura muestreados ultrarr\u00e1pidos, lo que da como resultado soldaduras de alta precisi\u00f3n y calidad. En conjunto, \u00abWelbee\u00bb representa un gran avance en la tecnolog\u00eda de soldadura, ofrece niveles de precisi\u00f3n y eficacia sin precedentes y est\u00e1 preparada para ECO Design.<\/p>\n<p><strong>La ARXIS<\/strong> es la \u00faltima generaci\u00f3n de m\u00e1quinas de soldar de OTC.<\/p>\n<p>Estas m\u00e1quinas inverter, con potencias de 300 a 500 amperios, son perfectas para la soldadura manual y automatizada en aplicaciones industriales de diversos sectores.<\/p>\n<p><strong>Una innovaci\u00f3n notable<\/strong> es la funci\u00f3n de calibrado r\u00e1pido de las m\u00e1quinas ARXIS. Gracias a la posibilidad de calibrar sin un dispositivo especial, el personal de mantenimiento o los usuarios pueden realizar la calibraci\u00f3n in situ sin tener que desmontar la fuente de alimentaci\u00f3n. Adem\u00e1s, la ARXIS ofrece una serie de interesantes ventajas:<\/p>\n<ul>\n<li>Mayor rendimiento con un l\u00edmite de alimentaci\u00f3n de hilo incrementado<\/li>\n<li>Puenteo de huecos mejorado<\/li>\n<li>Procesamiento inteligente de impulsos impulsado por inteligencia artificial (IA)<\/li>\n<li>Pantalla LCD personalizable<\/li>\n<\/ul>\n<p>Adem\u00e1s de las soldadoras ARXIS, OTC tambi\u00e9n ofrece las econ\u00f3micas soldadoras ARXIS P432E, P403E, P323E. Estos modelos son la opci\u00f3n perfecta para los soldadores profesionales. Aunque s\u00f3lo son adecuadas para la soldadura manual, ofrecen excelentes caracter\u00edsticas de soldadura tanto para acero como para acero inoxidable.<\/p>\n","protected":false},"excerpt":{"rendered":"<h4>La ARXIS: el nuevo est\u00e1ndar en soldadura MIG\/MAG<\/h4>\n<ul>\n<li>Soldadura a alta velocidad de chapas finas de acero inoxidable<\/li>\n<li>Visi\u00f3n \u00fanica de los cordones de soldadura gracias a las caracter\u00edsticas de soldadura de aluminio de OTC<\/li>\n<li>Modo de pulso de alta velocidad<\/li>\n<li>Mayor capacidad de puenteo de huecos<\/li>\n<li>Bajo nivel de salpicaduras M\u00e1xima reducci\u00f3n de las salpicaduras en todo el rango de corriente: reducci\u00f3n de las salpicaduras hasta un 80<\/li>\n<li>Panel LCD personalizable<\/li>\n<li>Mayor potencia con un l\u00edmite superior de velocidad de alimentaci\u00f3n del hilo de 18 a 22m\/min<\/li>\n<li>Proceso de pulsado inteligente controlado por Inteligencia Artificial (IA)<\/li>\n<\/ul>\n<p>30-500 AMP<br \/>\n60% @ 500 AMP<br \/>\n100% @ 430 AMP<br \/>\n400 Volt<\/p>\n","protected":false},"featured_media":268581,"comment_status":"closed","ping_status":"closed","template":"","meta":[],"product_brand":[],"product_cat":[468,510,128,4119,505,146],"product_tag":[],"class_list":{"0":"post-268796","1":"product","2":"type-product","3":"status-publish","4":"has-post-thumbnail","6":"product_cat-equipo-de-soldadura-mig-nuevo","7":"product_cat-incluye-caja-de-alimentacion-de-alambre","8":"product_cat-nuevo-equipo-de-soldadura","9":"product_cat-maquinas-de-otc-daihen-nuevas","10":"product_cat-pulse-es-es","11":"product_cat-todos-los-productos","13":"first","14":"instock","15":"taxable","16":"shipping-taxable","17":"product-type-simple"},"yoast_head":"<!-- This site is optimized with the Yoast SEO plugin v27.4 - https:\/\/yoast.com\/product\/yoast-seo-wordpress\/ -->\n<title>OTC ARXIS P403L - P503L - Cjays Lastechniek | Gebruikte Lasapparaten<\/title>\n<meta name=\"description\" content=\"OTC ARXIS P403L - P503L %%excerpt\" \/>\n<meta name=\"robots\" content=\"index, follow, max-snippet:-1, max-image-preview:large, max-video-preview:-1\" \/>\n<link rel=\"canonical\" href=\"https:\/\/cjays.eu\/producto\/otc-arxis-p503l\/\" \/>\n<meta property=\"og:locale\" content=\"es_ES\" \/>\n<meta property=\"og:type\" content=\"article\" \/>\n<meta property=\"og:title\" content=\"OTC ARXIS P403L - P503L - Cjays Lastechniek | Gebruikte Lasapparaten\" \/>\n<meta property=\"og:description\" content=\"OTC ARXIS P403L - P503L %%excerpt\" \/>\n<meta property=\"og:url\" content=\"https:\/\/cjays.eu\/producto\/otc-arxis-p503l\/\" \/>\n<meta property=\"og:site_name\" content=\"Cjays Lastechniek | Gebruikte Lasapparaten\" \/>\n<meta property=\"article:publisher\" content=\"https:\/\/www.facebook.com\/cjayslastechniek.nl\" \/>\n<meta property=\"article:modified_time\" content=\"2024-11-01T07:45:24+00:00\" \/>\n<meta property=\"og:image\" content=\"https:\/\/cjays.eu\/wp-content\/uploads\/2024\/09\/OTC-ARXIS-P503L-Cjays-scaled.jpeg\" \/>\n\t<meta property=\"og:image:width\" content=\"2560\" \/>\n\t<meta property=\"og:image:height\" content=\"2560\" \/>\n\t<meta property=\"og:image:type\" content=\"image\/jpeg\" \/>\n<meta name=\"twitter:card\" content=\"summary_large_image\" \/>\n<meta name=\"twitter:label1\" content=\"Tiempo de lectura\" \/>\n\t<meta name=\"twitter:data1\" content=\"2 minutos\" \/>\n<script type=\"application\/ld+json\" class=\"yoast-schema-graph\">{\"@context\":\"https:\\\/\\\/schema.org\",\"@graph\":[{\"@type\":\"WebPage\",\"@id\":\"https:\\\/\\\/cjays.eu\\\/producto\\\/otc-arxis-p503l\\\/\",\"url\":\"https:\\\/\\\/cjays.eu\\\/producto\\\/otc-arxis-p503l\\\/\",\"name\":\"OTC ARXIS P403L - P503L - Cjays Lastechniek | Gebruikte Lasapparaten\",\"isPartOf\":{\"@id\":\"https:\\\/\\\/cjays.eu\\\/#website\"},\"primaryImageOfPage\":{\"@id\":\"https:\\\/\\\/cjays.eu\\\/producto\\\/otc-arxis-p503l\\\/#primaryimage\"},\"image\":{\"@id\":\"https:\\\/\\\/cjays.eu\\\/producto\\\/otc-arxis-p503l\\\/#primaryimage\"},\"thumbnailUrl\":\"https:\\\/\\\/cjays.eu\\\/wp-content\\\/uploads\\\/2024\\\/09\\\/OTC-ARXIS-P503L-Cjays-scaled.jpeg\",\"datePublished\":\"2024-09-05T13:35:50+00:00\",\"dateModified\":\"2024-11-01T07:45:24+00:00\",\"description\":\"OTC ARXIS P403L - P503L %%excerpt\",\"breadcrumb\":{\"@id\":\"https:\\\/\\\/cjays.eu\\\/producto\\\/otc-arxis-p503l\\\/#breadcrumb\"},\"inLanguage\":\"es\",\"potentialAction\":[{\"@type\":\"ReadAction\",\"target\":[\"https:\\\/\\\/cjays.eu\\\/producto\\\/otc-arxis-p503l\\\/\"]}]},{\"@type\":\"ImageObject\",\"inLanguage\":\"es\",\"@id\":\"https:\\\/\\\/cjays.eu\\\/producto\\\/otc-arxis-p503l\\\/#primaryimage\",\"url\":\"https:\\\/\\\/cjays.eu\\\/wp-content\\\/uploads\\\/2024\\\/09\\\/OTC-ARXIS-P503L-Cjays-scaled.jpeg\",\"contentUrl\":\"https:\\\/\\\/cjays.eu\\\/wp-content\\\/uploads\\\/2024\\\/09\\\/OTC-ARXIS-P503L-Cjays-scaled.jpeg\",\"width\":2560,\"height\":2560},{\"@type\":\"BreadcrumbList\",\"@id\":\"https:\\\/\\\/cjays.eu\\\/producto\\\/otc-arxis-p503l\\\/#breadcrumb\",\"itemListElement\":[{\"@type\":\"ListItem\",\"position\":1,\"name\":\"Home\",\"item\":\"https:\\\/\\\/cjays.eu\\\/\"},{\"@type\":\"ListItem\",\"position\":2,\"name\":\"Winkel\",\"item\":\"https:\\\/\\\/cjays.eu\\\/winkel\\\/\"},{\"@type\":\"ListItem\",\"position\":3,\"name\":\"OTC ARXIS P403L &#8211; P503L\"}]},{\"@type\":\"WebSite\",\"@id\":\"https:\\\/\\\/cjays.eu\\\/#website\",\"url\":\"https:\\\/\\\/cjays.eu\\\/\",\"name\":\"Cjays Lastechniek | Gebruikte Lasapparaten\",\"description\":\"Gebruikte &amp; Nieuwe Lasapparaten &amp; Lasbenodigdheden\",\"publisher\":{\"@id\":\"https:\\\/\\\/cjays.eu\\\/#organization\"},\"alternateName\":\"Cjays\",\"potentialAction\":[{\"@type\":\"SearchAction\",\"target\":{\"@type\":\"EntryPoint\",\"urlTemplate\":\"https:\\\/\\\/cjays.eu\\\/?s={search_term_string}\"},\"query-input\":{\"@type\":\"PropertyValueSpecification\",\"valueRequired\":true,\"valueName\":\"search_term_string\"}}],\"inLanguage\":\"es\"},{\"@type\":\"Organization\",\"@id\":\"https:\\\/\\\/cjays.eu\\\/#organization\",\"name\":\"Cjays Lastechniek\",\"alternateName\":\"Cjays\",\"url\":\"https:\\\/\\\/cjays.eu\\\/\",\"logo\":{\"@type\":\"ImageObject\",\"inLanguage\":\"es\",\"@id\":\"https:\\\/\\\/cjays.eu\\\/#\\\/schema\\\/logo\\\/image\\\/\",\"url\":\"https:\\\/\\\/cjays.eu\\\/wp-content\\\/uploads\\\/2022\\\/01\\\/logo-cjays-e1643484777484.png\",\"contentUrl\":\"https:\\\/\\\/cjays.eu\\\/wp-content\\\/uploads\\\/2022\\\/01\\\/logo-cjays-e1643484777484.png\",\"width\":500,\"height\":198,\"caption\":\"Cjays Lastechniek\"},\"image\":{\"@id\":\"https:\\\/\\\/cjays.eu\\\/#\\\/schema\\\/logo\\\/image\\\/\"},\"sameAs\":[\"https:\\\/\\\/www.facebook.com\\\/cjayslastechniek.nl\",\"https:\\\/\\\/www.instagram.com\\\/cjays.lastechniek\\\/\",\"https:\\\/\\\/www.youtube.com\\\/@cjayslastechniek2812\"]}]}<\/script>\n<!-- \/ Yoast SEO plugin. -->","yoast_head_json":{"title":"OTC ARXIS P403L - P503L - Cjays Lastechniek | Gebruikte Lasapparaten","description":"OTC ARXIS P403L - P503L %%excerpt","robots":{"index":"index","follow":"follow","max-snippet":"max-snippet:-1","max-image-preview":"max-image-preview:large","max-video-preview":"max-video-preview:-1"},"canonical":"https:\/\/cjays.eu\/producto\/otc-arxis-p503l\/","og_locale":"es_ES","og_type":"article","og_title":"OTC ARXIS P403L - P503L - Cjays Lastechniek | Gebruikte Lasapparaten","og_description":"OTC ARXIS P403L - P503L %%excerpt","og_url":"https:\/\/cjays.eu\/producto\/otc-arxis-p503l\/","og_site_name":"Cjays Lastechniek | Gebruikte Lasapparaten","article_publisher":"https:\/\/www.facebook.com\/cjayslastechniek.nl","article_modified_time":"2024-11-01T07:45:24+00:00","og_image":[{"width":2560,"height":2560,"url":"https:\/\/cjays.eu\/wp-content\/uploads\/2024\/09\/OTC-ARXIS-P503L-Cjays-scaled.jpeg","type":"image\/jpeg"}],"twitter_card":"summary_large_image","twitter_misc":{"Tiempo de lectura":"2 minutos"},"schema":{"@context":"https:\/\/schema.org","@graph":[{"@type":"WebPage","@id":"https:\/\/cjays.eu\/producto\/otc-arxis-p503l\/","url":"https:\/\/cjays.eu\/producto\/otc-arxis-p503l\/","name":"OTC ARXIS P403L - P503L - Cjays Lastechniek | Gebruikte Lasapparaten","isPartOf":{"@id":"https:\/\/cjays.eu\/#website"},"primaryImageOfPage":{"@id":"https:\/\/cjays.eu\/producto\/otc-arxis-p503l\/#primaryimage"},"image":{"@id":"https:\/\/cjays.eu\/producto\/otc-arxis-p503l\/#primaryimage"},"thumbnailUrl":"https:\/\/cjays.eu\/wp-content\/uploads\/2024\/09\/OTC-ARXIS-P503L-Cjays-scaled.jpeg","datePublished":"2024-09-05T13:35:50+00:00","dateModified":"2024-11-01T07:45:24+00:00","description":"OTC ARXIS P403L - P503L %%excerpt","breadcrumb":{"@id":"https:\/\/cjays.eu\/producto\/otc-arxis-p503l\/#breadcrumb"},"inLanguage":"es","potentialAction":[{"@type":"ReadAction","target":["https:\/\/cjays.eu\/producto\/otc-arxis-p503l\/"]}]},{"@type":"ImageObject","inLanguage":"es","@id":"https:\/\/cjays.eu\/producto\/otc-arxis-p503l\/#primaryimage","url":"https:\/\/cjays.eu\/wp-content\/uploads\/2024\/09\/OTC-ARXIS-P503L-Cjays-scaled.jpeg","contentUrl":"https:\/\/cjays.eu\/wp-content\/uploads\/2024\/09\/OTC-ARXIS-P503L-Cjays-scaled.jpeg","width":2560,"height":2560},{"@type":"BreadcrumbList","@id":"https:\/\/cjays.eu\/producto\/otc-arxis-p503l\/#breadcrumb","itemListElement":[{"@type":"ListItem","position":1,"name":"Home","item":"https:\/\/cjays.eu\/"},{"@type":"ListItem","position":2,"name":"Winkel","item":"https:\/\/cjays.eu\/winkel\/"},{"@type":"ListItem","position":3,"name":"OTC ARXIS P403L &#8211; P503L"}]},{"@type":"WebSite","@id":"https:\/\/cjays.eu\/#website","url":"https:\/\/cjays.eu\/","name":"Cjays Lastechniek | Gebruikte Lasapparaten","description":"Gebruikte &amp; Nieuwe Lasapparaten &amp; Lasbenodigdheden","publisher":{"@id":"https:\/\/cjays.eu\/#organization"},"alternateName":"Cjays","potentialAction":[{"@type":"SearchAction","target":{"@type":"EntryPoint","urlTemplate":"https:\/\/cjays.eu\/?s={search_term_string}"},"query-input":{"@type":"PropertyValueSpecification","valueRequired":true,"valueName":"search_term_string"}}],"inLanguage":"es"},{"@type":"Organization","@id":"https:\/\/cjays.eu\/#organization","name":"Cjays Lastechniek","alternateName":"Cjays","url":"https:\/\/cjays.eu\/","logo":{"@type":"ImageObject","inLanguage":"es","@id":"https:\/\/cjays.eu\/#\/schema\/logo\/image\/","url":"https:\/\/cjays.eu\/wp-content\/uploads\/2022\/01\/logo-cjays-e1643484777484.png","contentUrl":"https:\/\/cjays.eu\/wp-content\/uploads\/2022\/01\/logo-cjays-e1643484777484.png","width":500,"height":198,"caption":"Cjays Lastechniek"},"image":{"@id":"https:\/\/cjays.eu\/#\/schema\/logo\/image\/"},"sameAs":["https:\/\/www.facebook.com\/cjayslastechniek.nl","https:\/\/www.instagram.com\/cjays.lastechniek\/","https:\/\/www.youtube.com\/@cjayslastechniek2812"]}]}},"_links":{"self":[{"href":"https:\/\/cjays.eu\/es\/wp-json\/wp\/v2\/product\/268796","targetHints":{"allow":["GET"]}}],"collection":[{"href":"https:\/\/cjays.eu\/es\/wp-json\/wp\/v2\/product"}],"about":[{"href":"https:\/\/cjays.eu\/es\/wp-json\/wp\/v2\/types\/product"}],"replies":[{"embeddable":true,"href":"https:\/\/cjays.eu\/es\/wp-json\/wp\/v2\/comments?post=268796"}],"wp:featuredmedia":[{"embeddable":true,"href":"https:\/\/cjays.eu\/es\/wp-json\/wp\/v2\/media\/268581"}],"wp:attachment":[{"href":"https:\/\/cjays.eu\/es\/wp-json\/wp\/v2\/media?parent=268796"}],"wp:term":[{"taxonomy":"product_brand","embeddable":true,"href":"https:\/\/cjays.eu\/es\/wp-json\/wp\/v2\/product_brand?post=268796"},{"taxonomy":"product_cat","embeddable":true,"href":"https:\/\/cjays.eu\/es\/wp-json\/wp\/v2\/product_cat?post=268796"},{"taxonomy":"product_tag","embeddable":true,"href":"https:\/\/cjays.eu\/es\/wp-json\/wp\/v2\/product_tag?post=268796"}],"curies":[{"name":"wp","href":"https:\/\/api.w.org\/{rel}","templated":true}]}}