{"id":266297,"date":"2024-06-21T11:49:09","date_gmt":"2024-06-21T09:49:09","guid":{"rendered":"https:\/\/cjays.eu\/product\/migatronic-centig-200-acdc\/"},"modified":"2025-10-22T16:43:30","modified_gmt":"2025-10-22T14:43:30","slug":"migatronic-centig-200-acdc","status":"publish","type":"product","link":"https:\/\/cjays.eu\/es\/producto\/migatronic-centig-200-acdc\/","title":{"rendered":"Migatronic CenTIG 200 (AC)DC"},"content":{"rendered":"<p><iframe loading=\"lazy\" title=\"Migatronic CenTIG 200 Tig-REP-Tack in Action!\" width=\"563\" height=\"1000\" src=\"https:\/\/www.youtube.com\/embed\/lS7tbua1jlg?feature=oembed\" frameborder=\"0\" allow=\"accelerometer; autoplay; clipboard-write; encrypted-media; gyroscope; picture-in-picture; web-share\" referrerpolicy=\"strict-origin-when-cross-origin\" allowfullscreen><\/iframe><\/p>\n<h2 class=\"brxe-heading feature-9__heading\">Ideal para diferentes aplicaciones:<\/h2>\n<p>Producci\u00f3n<br \/>\nCenTIG aumenta la producci\u00f3n gracias a su funcionamiento continuo, su soldadura vers\u00e1til para distintos materiales y su dise\u00f1o port\u00e1til. Esto garantiza un flujo de trabajo energ\u00e9ticamente eficiente, adaptable y racionalizado.<\/p>\n<p>Repare<br \/>\nCenTIG 200 ofrece una mayor eficacia de reparaci\u00f3n gracias a su soldadura continua de alto rendimiento para diversos materiales. Su versatilidad y facilidad de transporte para servicios in situ garantizan reparaciones precisas y de calidad.<\/p>\n<p>Montaje<br \/>\nCenTIG 200 aumenta la productividad y la calidad de la l\u00ednea de montaje con una soldadura continua y eficiente, versatilidad para m\u00faltiples componentes y un dise\u00f1o port\u00e1til que agiliza los procesos de montaje.<\/p>\n<div id=\"brxe-xiylff\" class=\"brxe-block card-feature-9__content-wrap\">Mantenimiento<br \/>\nCenTIG 200 agiliza la soldadura en mantenimiento con su soldadura continua, versatilidad para diferentes materiales y f\u00e1cil portabilidad para reparaciones in situ, mejorando la eficiencia y la fiabilidad de las tareas.<\/div>\n<div class=\"brxe-block card-feature-9__media-wrap\"><\/div>\n","protected":false},"excerpt":{"rendered":"<h1 id=\"brxe-nqaizd\" class=\"brxe-heading\">M\u00e1s potente y ligero de lo que cabr\u00eda esperar<\/h1>\n<p id=\"brxe-haxoyz\" class=\"brxe-text-basic lede-text\">CenTIG es una gama de \u00faltima generaci\u00f3n de soldadoras TIG monof\u00e1sicas profesionales que ofrecen un rendimiento inigualable a 200 amperios con un ciclo de trabajo del 100%.<\/p>\n<p>CenTIG encarna una poderosa fusi\u00f3n de rendimiento, movilidad y versatilidad, dise\u00f1ada para profesionales ocupados que exigen fiabilidad, flexibilidad y eficiencia en sus tareas de soldadura.<\/p>\n<h2 class=\"brxe-heading feature-container__feature-heading\">Soldar a 200 amperios sin parar<\/h2>\n<p class=\"brxe-text-basic feature-container__feature-text\">CenTIG est\u00e1 construida para durar, dise\u00f1ada para funcionar sin parar a pleno rendimiento con un ciclo de trabajo del 100%, eliminando la necesidad de pausas para enfriarse o reducir el desgaste.<\/p>\n<h2 class=\"brxe-heading feature-container__feature-heading\">Pesa lo mismo que su equipaje de mano<\/h2>\n<p class=\"brxe-text-basic feature-container__feature-text\">CenTIG establece un nuevo est\u00e1ndar de portabilidad en soldadura TIG, ofreciendo el modelo AC\/DC m\u00e1s ligero del mercado con 13,6 kg y una versi\u00f3n DC extraordinariamente ligera con 13 kg. Ambas est\u00e1n dise\u00f1adas para facilitar su transporte, lo que garantiza una soldadura de primera clase siempre accesible.<\/p>\n<h2 class=\"brxe-heading feature-container__feature-heading\">Viene como a ti te gusta<\/h2>\n<div class=\"brxe-block feature-container__feature-content-wrapper brx-animated\" data-interactions=\"[{&quot;id&quot;:&quot;vmdkcm&quot;,&quot;trigger&quot;:&quot;enterView&quot;,&quot;action&quot;:&quot;startAnimation&quot;,&quot;animationType&quot;:&quot;fadeInRight&quot;,&quot;runOnce&quot;:&quot;1&quot;,&quot;animationDuration&quot;:&quot;1s&quot;,&quot;animationDelay&quot;:&quot;.25s&quot;}]\" data-interaction-id=\"5518ff\" data-interaction-hidden-on-load=\"1\" data-animation-id=\"vmdkcm\">\n<p class=\"brxe-text-basic feature-container__feature-text\">CenTIG es vers\u00e1til, adecuada para todo, desde reparaciones hasta tareas de producci\u00f3n diarias. Elija entre los modelos de CC o CA\/CC, cada uno de ellos disponible con funci\u00f3n de pulsos y opciones de refrigeraci\u00f3n por aire o por agua. Adem\u00e1s, viene equipada con todas las funciones esenciales. Personal\u00edcela para que se adapte perfectamente a sus necesidades.<\/p>\n<\/div>\n<p>Si quieres mas informaci\u00f3n: <a href=\"https:\/\/centig.migatronic.com\/es\/\">https:\/\/centig.migatronic.com\/es\/<\/a><\/p>\n","protected":false},"featured_media":266278,"comment_status":"closed","ping_status":"closed","template":"","meta":[],"product_brand":[],"product_cat":[491,488,129,4123,128,482,146],"product_tag":[],"class_list":{"0":"post-266297","1":"product","2":"type-product","3":"status-publish","4":"has-post-thumbnail","6":"product_cat-ac-dc-es","7":"product_cat-dc-es","8":"product_cat-equipo-de-soldadura-tig-es","9":"product_cat-migatronic-es","10":"product_cat-nuevo-equipo-de-soldadura","11":"product_cat-refrigerado-por-agua","12":"product_cat-todos-los-productos","14":"first","15":"instock","16":"sale","17":"taxable","18":"shipping-taxable","19":"purchasable","20":"product-type-variable"},"yoast_head":"<!-- This site is optimized with the Yoast SEO plugin v27.4 - https:\/\/yoast.com\/product\/yoast-seo-wordpress\/ -->\n<title>Migatronic CenTIG 200 (AC)DC - Cjays Lastechniek | Gebruikte Lasapparaten<\/title>\n<meta name=\"description\" content=\"Migatronic CenTIG 200 (AC)DC %%excerpt\" \/>\n<meta name=\"robots\" content=\"index, follow, max-snippet:-1, max-image-preview:large, max-video-preview:-1\" \/>\n<link rel=\"canonical\" href=\"https:\/\/cjays.eu\/producto\/migatronic-centig-200-acdc\/\" \/>\n<meta property=\"og:locale\" content=\"es_ES\" \/>\n<meta property=\"og:type\" content=\"article\" \/>\n<meta property=\"og:title\" content=\"Migatronic CenTIG 200 (AC)DC - Cjays Lastechniek | Gebruikte Lasapparaten\" \/>\n<meta property=\"og:description\" content=\"Migatronic CenTIG 200 (AC)DC %%excerpt\" \/>\n<meta property=\"og:url\" content=\"https:\/\/cjays.eu\/producto\/migatronic-centig-200-acdc\/\" \/>\n<meta property=\"og:site_name\" content=\"Cjays Lastechniek | Gebruikte Lasapparaten\" \/>\n<meta property=\"article:publisher\" content=\"https:\/\/www.facebook.com\/cjayslastechniek.nl\" \/>\n<meta property=\"article:modified_time\" content=\"2025-10-22T14:43:30+00:00\" \/>\n<meta property=\"og:image\" content=\"https:\/\/cjays.eu\/wp-content\/uploads\/2024\/06\/CenTIG200_ACDC.png\" \/>\n\t<meta property=\"og:image:width\" content=\"800\" \/>\n\t<meta property=\"og:image:height\" content=\"800\" \/>\n\t<meta property=\"og:image:type\" content=\"image\/png\" \/>\n<meta name=\"twitter:card\" content=\"summary_large_image\" \/>\n<meta name=\"twitter:label1\" content=\"Tiempo de lectura\" \/>\n\t<meta name=\"twitter:data1\" content=\"1 minuto\" \/>\n<script type=\"application\/ld+json\" class=\"yoast-schema-graph\">{\"@context\":\"https:\\\/\\\/schema.org\",\"@graph\":[{\"@type\":\"WebPage\",\"@id\":\"https:\\\/\\\/cjays.eu\\\/producto\\\/migatronic-centig-200-acdc\\\/\",\"url\":\"https:\\\/\\\/cjays.eu\\\/producto\\\/migatronic-centig-200-acdc\\\/\",\"name\":\"Migatronic CenTIG 200 (AC)DC - Cjays Lastechniek | Gebruikte Lasapparaten\",\"isPartOf\":{\"@id\":\"https:\\\/\\\/cjays.eu\\\/#website\"},\"primaryImageOfPage\":{\"@id\":\"https:\\\/\\\/cjays.eu\\\/producto\\\/migatronic-centig-200-acdc\\\/#primaryimage\"},\"image\":{\"@id\":\"https:\\\/\\\/cjays.eu\\\/producto\\\/migatronic-centig-200-acdc\\\/#primaryimage\"},\"thumbnailUrl\":\"https:\\\/\\\/cjays.eu\\\/wp-content\\\/uploads\\\/2024\\\/06\\\/CenTIG200_ACDC.png\",\"datePublished\":\"2024-06-21T09:49:09+00:00\",\"dateModified\":\"2025-10-22T14:43:30+00:00\",\"description\":\"Migatronic CenTIG 200 (AC)DC %%excerpt\",\"breadcrumb\":{\"@id\":\"https:\\\/\\\/cjays.eu\\\/producto\\\/migatronic-centig-200-acdc\\\/#breadcrumb\"},\"inLanguage\":\"es\",\"potentialAction\":[{\"@type\":\"ReadAction\",\"target\":[\"https:\\\/\\\/cjays.eu\\\/producto\\\/migatronic-centig-200-acdc\\\/\"]}]},{\"@type\":\"ImageObject\",\"inLanguage\":\"es\",\"@id\":\"https:\\\/\\\/cjays.eu\\\/producto\\\/migatronic-centig-200-acdc\\\/#primaryimage\",\"url\":\"https:\\\/\\\/cjays.eu\\\/wp-content\\\/uploads\\\/2024\\\/06\\\/CenTIG200_ACDC.png\",\"contentUrl\":\"https:\\\/\\\/cjays.eu\\\/wp-content\\\/uploads\\\/2024\\\/06\\\/CenTIG200_ACDC.png\",\"width\":800,\"height\":800},{\"@type\":\"BreadcrumbList\",\"@id\":\"https:\\\/\\\/cjays.eu\\\/producto\\\/migatronic-centig-200-acdc\\\/#breadcrumb\",\"itemListElement\":[{\"@type\":\"ListItem\",\"position\":1,\"name\":\"Home\",\"item\":\"https:\\\/\\\/cjays.eu\\\/\"},{\"@type\":\"ListItem\",\"position\":2,\"name\":\"Winkel\",\"item\":\"https:\\\/\\\/cjays.eu\\\/winkel\\\/\"},{\"@type\":\"ListItem\",\"position\":3,\"name\":\"Migatronic CenTIG 200 (AC)DC\"}]},{\"@type\":\"WebSite\",\"@id\":\"https:\\\/\\\/cjays.eu\\\/#website\",\"url\":\"https:\\\/\\\/cjays.eu\\\/\",\"name\":\"Cjays Lastechniek | Gebruikte Lasapparaten\",\"description\":\"Gebruikte &amp; Nieuwe Lasapparaten &amp; Lasbenodigdheden\",\"publisher\":{\"@id\":\"https:\\\/\\\/cjays.eu\\\/#organization\"},\"alternateName\":\"Cjays\",\"potentialAction\":[{\"@type\":\"SearchAction\",\"target\":{\"@type\":\"EntryPoint\",\"urlTemplate\":\"https:\\\/\\\/cjays.eu\\\/?s={search_term_string}\"},\"query-input\":{\"@type\":\"PropertyValueSpecification\",\"valueRequired\":true,\"valueName\":\"search_term_string\"}}],\"inLanguage\":\"es\"},{\"@type\":\"Organization\",\"@id\":\"https:\\\/\\\/cjays.eu\\\/#organization\",\"name\":\"Cjays Lastechniek\",\"alternateName\":\"Cjays\",\"url\":\"https:\\\/\\\/cjays.eu\\\/\",\"logo\":{\"@type\":\"ImageObject\",\"inLanguage\":\"es\",\"@id\":\"https:\\\/\\\/cjays.eu\\\/#\\\/schema\\\/logo\\\/image\\\/\",\"url\":\"https:\\\/\\\/cjays.eu\\\/wp-content\\\/uploads\\\/2022\\\/01\\\/logo-cjays-e1643484777484.png\",\"contentUrl\":\"https:\\\/\\\/cjays.eu\\\/wp-content\\\/uploads\\\/2022\\\/01\\\/logo-cjays-e1643484777484.png\",\"width\":500,\"height\":198,\"caption\":\"Cjays Lastechniek\"},\"image\":{\"@id\":\"https:\\\/\\\/cjays.eu\\\/#\\\/schema\\\/logo\\\/image\\\/\"},\"sameAs\":[\"https:\\\/\\\/www.facebook.com\\\/cjayslastechniek.nl\",\"https:\\\/\\\/www.instagram.com\\\/cjays.lastechniek\\\/\",\"https:\\\/\\\/www.youtube.com\\\/@cjayslastechniek2812\"]}]}<\/script>\n<!-- \/ Yoast SEO plugin. -->","yoast_head_json":{"title":"Migatronic CenTIG 200 (AC)DC - Cjays Lastechniek | Gebruikte Lasapparaten","description":"Migatronic CenTIG 200 (AC)DC %%excerpt","robots":{"index":"index","follow":"follow","max-snippet":"max-snippet:-1","max-image-preview":"max-image-preview:large","max-video-preview":"max-video-preview:-1"},"canonical":"https:\/\/cjays.eu\/producto\/migatronic-centig-200-acdc\/","og_locale":"es_ES","og_type":"article","og_title":"Migatronic CenTIG 200 (AC)DC - Cjays Lastechniek | Gebruikte Lasapparaten","og_description":"Migatronic CenTIG 200 (AC)DC %%excerpt","og_url":"https:\/\/cjays.eu\/producto\/migatronic-centig-200-acdc\/","og_site_name":"Cjays Lastechniek | Gebruikte Lasapparaten","article_publisher":"https:\/\/www.facebook.com\/cjayslastechniek.nl","article_modified_time":"2025-10-22T14:43:30+00:00","og_image":[{"width":800,"height":800,"url":"https:\/\/cjays.eu\/wp-content\/uploads\/2024\/06\/CenTIG200_ACDC.png","type":"image\/png"}],"twitter_card":"summary_large_image","twitter_misc":{"Tiempo de lectura":"1 minuto"},"schema":{"@context":"https:\/\/schema.org","@graph":[{"@type":"WebPage","@id":"https:\/\/cjays.eu\/producto\/migatronic-centig-200-acdc\/","url":"https:\/\/cjays.eu\/producto\/migatronic-centig-200-acdc\/","name":"Migatronic CenTIG 200 (AC)DC - Cjays Lastechniek | Gebruikte Lasapparaten","isPartOf":{"@id":"https:\/\/cjays.eu\/#website"},"primaryImageOfPage":{"@id":"https:\/\/cjays.eu\/producto\/migatronic-centig-200-acdc\/#primaryimage"},"image":{"@id":"https:\/\/cjays.eu\/producto\/migatronic-centig-200-acdc\/#primaryimage"},"thumbnailUrl":"https:\/\/cjays.eu\/wp-content\/uploads\/2024\/06\/CenTIG200_ACDC.png","datePublished":"2024-06-21T09:49:09+00:00","dateModified":"2025-10-22T14:43:30+00:00","description":"Migatronic CenTIG 200 (AC)DC %%excerpt","breadcrumb":{"@id":"https:\/\/cjays.eu\/producto\/migatronic-centig-200-acdc\/#breadcrumb"},"inLanguage":"es","potentialAction":[{"@type":"ReadAction","target":["https:\/\/cjays.eu\/producto\/migatronic-centig-200-acdc\/"]}]},{"@type":"ImageObject","inLanguage":"es","@id":"https:\/\/cjays.eu\/producto\/migatronic-centig-200-acdc\/#primaryimage","url":"https:\/\/cjays.eu\/wp-content\/uploads\/2024\/06\/CenTIG200_ACDC.png","contentUrl":"https:\/\/cjays.eu\/wp-content\/uploads\/2024\/06\/CenTIG200_ACDC.png","width":800,"height":800},{"@type":"BreadcrumbList","@id":"https:\/\/cjays.eu\/producto\/migatronic-centig-200-acdc\/#breadcrumb","itemListElement":[{"@type":"ListItem","position":1,"name":"Home","item":"https:\/\/cjays.eu\/"},{"@type":"ListItem","position":2,"name":"Winkel","item":"https:\/\/cjays.eu\/winkel\/"},{"@type":"ListItem","position":3,"name":"Migatronic CenTIG 200 (AC)DC"}]},{"@type":"WebSite","@id":"https:\/\/cjays.eu\/#website","url":"https:\/\/cjays.eu\/","name":"Cjays Lastechniek | Gebruikte Lasapparaten","description":"Gebruikte &amp; Nieuwe Lasapparaten &amp; Lasbenodigdheden","publisher":{"@id":"https:\/\/cjays.eu\/#organization"},"alternateName":"Cjays","potentialAction":[{"@type":"SearchAction","target":{"@type":"EntryPoint","urlTemplate":"https:\/\/cjays.eu\/?s={search_term_string}"},"query-input":{"@type":"PropertyValueSpecification","valueRequired":true,"valueName":"search_term_string"}}],"inLanguage":"es"},{"@type":"Organization","@id":"https:\/\/cjays.eu\/#organization","name":"Cjays Lastechniek","alternateName":"Cjays","url":"https:\/\/cjays.eu\/","logo":{"@type":"ImageObject","inLanguage":"es","@id":"https:\/\/cjays.eu\/#\/schema\/logo\/image\/","url":"https:\/\/cjays.eu\/wp-content\/uploads\/2022\/01\/logo-cjays-e1643484777484.png","contentUrl":"https:\/\/cjays.eu\/wp-content\/uploads\/2022\/01\/logo-cjays-e1643484777484.png","width":500,"height":198,"caption":"Cjays Lastechniek"},"image":{"@id":"https:\/\/cjays.eu\/#\/schema\/logo\/image\/"},"sameAs":["https:\/\/www.facebook.com\/cjayslastechniek.nl","https:\/\/www.instagram.com\/cjays.lastechniek\/","https:\/\/www.youtube.com\/@cjayslastechniek2812"]}]}},"_links":{"self":[{"href":"https:\/\/cjays.eu\/es\/wp-json\/wp\/v2\/product\/266297","targetHints":{"allow":["GET"]}}],"collection":[{"href":"https:\/\/cjays.eu\/es\/wp-json\/wp\/v2\/product"}],"about":[{"href":"https:\/\/cjays.eu\/es\/wp-json\/wp\/v2\/types\/product"}],"replies":[{"embeddable":true,"href":"https:\/\/cjays.eu\/es\/wp-json\/wp\/v2\/comments?post=266297"}],"wp:featuredmedia":[{"embeddable":true,"href":"https:\/\/cjays.eu\/es\/wp-json\/wp\/v2\/media\/266278"}],"wp:attachment":[{"href":"https:\/\/cjays.eu\/es\/wp-json\/wp\/v2\/media?parent=266297"}],"wp:term":[{"taxonomy":"product_brand","embeddable":true,"href":"https:\/\/cjays.eu\/es\/wp-json\/wp\/v2\/product_brand?post=266297"},{"taxonomy":"product_cat","embeddable":true,"href":"https:\/\/cjays.eu\/es\/wp-json\/wp\/v2\/product_cat?post=266297"},{"taxonomy":"product_tag","embeddable":true,"href":"https:\/\/cjays.eu\/es\/wp-json\/wp\/v2\/product_tag?post=266297"}],"curies":[{"name":"wp","href":"https:\/\/api.w.org\/{rel}","templated":true}]}}