{"id":263482,"date":"2024-01-27T11:54:18","date_gmt":"2024-01-27T10:54:18","guid":{"rendered":"https:\/\/cjays.eu\/product\/migatronic-sigma-one\/"},"modified":"2024-02-05T10:59:25","modified_gmt":"2024-02-05T09:59:25","slug":"migatronic-sigma-one","status":"publish","type":"product","link":"https:\/\/cjays.eu\/es\/producto\/migatronic-sigma-one\/","title":{"rendered":"Migatronic Sigma One"},"content":{"rendered":"<h5>One hace el trabajo<\/h5>\n<p>El rendimiento potente y fiable de Sigma One satisface muchas necesidades diferentes en plantas de fabricaci\u00f3n profesionales: desde proyectos sencillos de soldadura y mantenimiento hasta soldadura continua en talleres con mucho trabajo. Util\u00edcela para acero al carbono, acero inoxidable y aluminio.<\/p>\n<h5>Soldadura m\u00e1s r\u00e1pida con pulsado<\/h5>\n<p>Mejore a\u00fan m\u00e1s la productividad con el proceso pulsado. El bajo aporte de calor y la soldadura pulsada sin salpicaduras reducen el riesgo de da\u00f1ar el acero. El proceso le ofrece un mejor control del ba\u00f1o de soldadura y una mejor soldadura.<\/p>\n<h5>Produzca soldaduras de alta calidad<\/h5>\n<p>Con Sigma One, obtendr\u00e1 los programas y funciones esenciales que necesita para producir soldaduras fuertes y de alta calidad. Su gran versatilidad le permite procesar una amplia gama de materiales y espesores.<\/p>\n<p>Podr\u00e1 aumentar la precisi\u00f3n y exactitud al soldar tanto capas base como capas adicionales. Sigma One puede ayudarle a tener \u00e9xito en sus proyectos de soldadura.<\/p>\n","protected":false},"excerpt":{"rendered":"<p>https:\/\/www.youtube.com\/watch?v=nkor-F-EuUY&amp;ab_channel=Cjayslastechniek<\/p>\n<h2>Sigma One de Migatronic<\/h2>\n<p>Elija entre el Sigma One 230 y 270 o el Sigma One 300\/400\/550<\/p>\n<h5>Un prop\u00f3sito. Soldadura.<\/h5>\n<p>Una robusta unidad de soldadura MIG\/MAG inverter. Dise\u00f1ada para trabajos ligeros y pesados en plantas de producci\u00f3n de todos los tama\u00f1os. Potente, sencilla y fiable.<\/p>\n<p>Alto ciclo de trabajo &#8211; horas de soldadura<br \/>\nProduce soldaduras de alta calidad<br \/>\nSoldadura m\u00e1s r\u00e1pida con pulsado<br \/>\nPara soldadura continua o uso ocasional<\/p>\n<p>Ampl\u00ede la m\u00e1quina con, por ejemplo, IGC, Pulse, etc.<br \/>\nSigma 300\/400\/550 Disponible en compacto, refrigerado por agua, o con paquete intermedio de hasta 30 metros (refrigerado por aire), o 20 metros (refrigerado por agua).<\/p>\n<p><a href=\"https:\/\/www.migatronic.com\/es\/productos-y-soluciones\/welding-machines\/sigma-one\/\">Haga clic aqu\u00ed para obtener m\u00e1s informaci\u00f3n.<\/a><\/p>\n","protected":false},"featured_media":263471,"comment_status":"closed","ping_status":"closed","template":"","meta":[],"product_brand":[],"product_cat":[472,468,510,4123,128,505,146],"product_tag":[],"class_list":{"0":"post-263482","1":"product","2":"type-product","3":"status-publish","4":"has-post-thumbnail","6":"product_cat-compacto","7":"product_cat-equipo-de-soldadura-mig-nuevo","8":"product_cat-incluye-caja-de-alimentacion-de-alambre","9":"product_cat-migatronic-es","10":"product_cat-nuevo-equipo-de-soldadura","11":"product_cat-pulse-es-es","12":"product_cat-todos-los-productos","14":"first","15":"instock","16":"taxable","17":"shipping-taxable","18":"product-type-simple"},"yoast_head":"<!-- This site is optimized with the Yoast SEO plugin v27.4 - https:\/\/yoast.com\/product\/yoast-seo-wordpress\/ -->\n<title>Migatronic Sigma One - Cjays Lastechniek | Gebruikte Lasapparaten<\/title>\n<meta name=\"description\" content=\"Migatronic Sigma One %%excerpt\" \/>\n<meta name=\"robots\" content=\"index, follow, max-snippet:-1, max-image-preview:large, max-video-preview:-1\" \/>\n<link rel=\"canonical\" href=\"https:\/\/cjays.eu\/es\/producto\/migatronic-sigma-one\/\" \/>\n<meta property=\"og:locale\" content=\"es_ES\" \/>\n<meta property=\"og:type\" content=\"article\" \/>\n<meta property=\"og:title\" content=\"Migatronic Sigma One - Cjays Lastechniek | Gebruikte Lasapparaten\" \/>\n<meta property=\"og:description\" content=\"Migatronic Sigma One %%excerpt\" \/>\n<meta property=\"og:url\" content=\"https:\/\/cjays.eu\/es\/producto\/migatronic-sigma-one\/\" \/>\n<meta property=\"og:site_name\" content=\"Cjays Lastechniek | Gebruikte Lasapparaten\" \/>\n<meta property=\"article:publisher\" content=\"https:\/\/www.facebook.com\/cjayslastechniek.nl\" \/>\n<meta property=\"article:modified_time\" content=\"2024-02-05T09:59:25+00:00\" \/>\n<meta property=\"og:image\" content=\"https:\/\/cjays.eu\/wp-content\/uploads\/2024\/01\/sigmaone_productpageimage-3.png\" \/>\n\t<meta property=\"og:image:width\" content=\"540\" \/>\n\t<meta property=\"og:image:height\" content=\"500\" \/>\n\t<meta property=\"og:image:type\" content=\"image\/png\" \/>\n<meta name=\"twitter:card\" content=\"summary_large_image\" \/>\n<meta name=\"twitter:label1\" content=\"Tiempo de lectura\" \/>\n\t<meta name=\"twitter:data1\" content=\"1 minuto\" \/>\n<script type=\"application\/ld+json\" class=\"yoast-schema-graph\">{\"@context\":\"https:\\\/\\\/schema.org\",\"@graph\":[{\"@type\":\"WebPage\",\"@id\":\"https:\\\/\\\/cjays.eu\\\/es\\\/producto\\\/migatronic-sigma-one\\\/\",\"url\":\"https:\\\/\\\/cjays.eu\\\/es\\\/producto\\\/migatronic-sigma-one\\\/\",\"name\":\"Migatronic Sigma One - Cjays Lastechniek | Gebruikte Lasapparaten\",\"isPartOf\":{\"@id\":\"https:\\\/\\\/cjays.eu\\\/#website\"},\"primaryImageOfPage\":{\"@id\":\"https:\\\/\\\/cjays.eu\\\/es\\\/producto\\\/migatronic-sigma-one\\\/#primaryimage\"},\"image\":{\"@id\":\"https:\\\/\\\/cjays.eu\\\/es\\\/producto\\\/migatronic-sigma-one\\\/#primaryimage\"},\"thumbnailUrl\":\"https:\\\/\\\/cjays.eu\\\/wp-content\\\/uploads\\\/2024\\\/01\\\/sigmaone_productpageimage-3.png\",\"datePublished\":\"2024-01-27T10:54:18+00:00\",\"dateModified\":\"2024-02-05T09:59:25+00:00\",\"description\":\"Migatronic Sigma One %%excerpt\",\"breadcrumb\":{\"@id\":\"https:\\\/\\\/cjays.eu\\\/es\\\/producto\\\/migatronic-sigma-one\\\/#breadcrumb\"},\"inLanguage\":\"es\",\"potentialAction\":[{\"@type\":\"ReadAction\",\"target\":[\"https:\\\/\\\/cjays.eu\\\/es\\\/producto\\\/migatronic-sigma-one\\\/\"]}]},{\"@type\":\"ImageObject\",\"inLanguage\":\"es\",\"@id\":\"https:\\\/\\\/cjays.eu\\\/es\\\/producto\\\/migatronic-sigma-one\\\/#primaryimage\",\"url\":\"https:\\\/\\\/cjays.eu\\\/wp-content\\\/uploads\\\/2024\\\/01\\\/sigmaone_productpageimage-3.png\",\"contentUrl\":\"https:\\\/\\\/cjays.eu\\\/wp-content\\\/uploads\\\/2024\\\/01\\\/sigmaone_productpageimage-3.png\",\"width\":540,\"height\":500},{\"@type\":\"BreadcrumbList\",\"@id\":\"https:\\\/\\\/cjays.eu\\\/es\\\/producto\\\/migatronic-sigma-one\\\/#breadcrumb\",\"itemListElement\":[{\"@type\":\"ListItem\",\"position\":1,\"name\":\"Home\",\"item\":\"https:\\\/\\\/cjays.eu\\\/\"},{\"@type\":\"ListItem\",\"position\":2,\"name\":\"Winkel\",\"item\":\"https:\\\/\\\/cjays.eu\\\/winkel\\\/\"},{\"@type\":\"ListItem\",\"position\":3,\"name\":\"Migatronic Sigma One\"}]},{\"@type\":\"WebSite\",\"@id\":\"https:\\\/\\\/cjays.eu\\\/#website\",\"url\":\"https:\\\/\\\/cjays.eu\\\/\",\"name\":\"Cjays Lastechniek | Gebruikte Lasapparaten\",\"description\":\"Gebruikte &amp; Nieuwe Lasapparaten &amp; Lasbenodigdheden\",\"publisher\":{\"@id\":\"https:\\\/\\\/cjays.eu\\\/#organization\"},\"alternateName\":\"Cjays\",\"potentialAction\":[{\"@type\":\"SearchAction\",\"target\":{\"@type\":\"EntryPoint\",\"urlTemplate\":\"https:\\\/\\\/cjays.eu\\\/?s={search_term_string}\"},\"query-input\":{\"@type\":\"PropertyValueSpecification\",\"valueRequired\":true,\"valueName\":\"search_term_string\"}}],\"inLanguage\":\"es\"},{\"@type\":\"Organization\",\"@id\":\"https:\\\/\\\/cjays.eu\\\/#organization\",\"name\":\"Cjays Lastechniek\",\"alternateName\":\"Cjays\",\"url\":\"https:\\\/\\\/cjays.eu\\\/\",\"logo\":{\"@type\":\"ImageObject\",\"inLanguage\":\"es\",\"@id\":\"https:\\\/\\\/cjays.eu\\\/#\\\/schema\\\/logo\\\/image\\\/\",\"url\":\"https:\\\/\\\/cjays.eu\\\/wp-content\\\/uploads\\\/2022\\\/01\\\/logo-cjays-e1643484777484.png\",\"contentUrl\":\"https:\\\/\\\/cjays.eu\\\/wp-content\\\/uploads\\\/2022\\\/01\\\/logo-cjays-e1643484777484.png\",\"width\":500,\"height\":198,\"caption\":\"Cjays Lastechniek\"},\"image\":{\"@id\":\"https:\\\/\\\/cjays.eu\\\/#\\\/schema\\\/logo\\\/image\\\/\"},\"sameAs\":[\"https:\\\/\\\/www.facebook.com\\\/cjayslastechniek.nl\",\"https:\\\/\\\/www.instagram.com\\\/cjays.lastechniek\\\/\",\"https:\\\/\\\/www.youtube.com\\\/@cjayslastechniek2812\"]}]}<\/script>\n<!-- \/ Yoast SEO plugin. -->","yoast_head_json":{"title":"Migatronic Sigma One - Cjays Lastechniek | Gebruikte Lasapparaten","description":"Migatronic Sigma One %%excerpt","robots":{"index":"index","follow":"follow","max-snippet":"max-snippet:-1","max-image-preview":"max-image-preview:large","max-video-preview":"max-video-preview:-1"},"canonical":"https:\/\/cjays.eu\/es\/producto\/migatronic-sigma-one\/","og_locale":"es_ES","og_type":"article","og_title":"Migatronic Sigma One - Cjays Lastechniek | Gebruikte Lasapparaten","og_description":"Migatronic Sigma One %%excerpt","og_url":"https:\/\/cjays.eu\/es\/producto\/migatronic-sigma-one\/","og_site_name":"Cjays Lastechniek | Gebruikte Lasapparaten","article_publisher":"https:\/\/www.facebook.com\/cjayslastechniek.nl","article_modified_time":"2024-02-05T09:59:25+00:00","og_image":[{"width":540,"height":500,"url":"https:\/\/cjays.eu\/wp-content\/uploads\/2024\/01\/sigmaone_productpageimage-3.png","type":"image\/png"}],"twitter_card":"summary_large_image","twitter_misc":{"Tiempo de lectura":"1 minuto"},"schema":{"@context":"https:\/\/schema.org","@graph":[{"@type":"WebPage","@id":"https:\/\/cjays.eu\/es\/producto\/migatronic-sigma-one\/","url":"https:\/\/cjays.eu\/es\/producto\/migatronic-sigma-one\/","name":"Migatronic Sigma One - Cjays Lastechniek | Gebruikte Lasapparaten","isPartOf":{"@id":"https:\/\/cjays.eu\/#website"},"primaryImageOfPage":{"@id":"https:\/\/cjays.eu\/es\/producto\/migatronic-sigma-one\/#primaryimage"},"image":{"@id":"https:\/\/cjays.eu\/es\/producto\/migatronic-sigma-one\/#primaryimage"},"thumbnailUrl":"https:\/\/cjays.eu\/wp-content\/uploads\/2024\/01\/sigmaone_productpageimage-3.png","datePublished":"2024-01-27T10:54:18+00:00","dateModified":"2024-02-05T09:59:25+00:00","description":"Migatronic Sigma One %%excerpt","breadcrumb":{"@id":"https:\/\/cjays.eu\/es\/producto\/migatronic-sigma-one\/#breadcrumb"},"inLanguage":"es","potentialAction":[{"@type":"ReadAction","target":["https:\/\/cjays.eu\/es\/producto\/migatronic-sigma-one\/"]}]},{"@type":"ImageObject","inLanguage":"es","@id":"https:\/\/cjays.eu\/es\/producto\/migatronic-sigma-one\/#primaryimage","url":"https:\/\/cjays.eu\/wp-content\/uploads\/2024\/01\/sigmaone_productpageimage-3.png","contentUrl":"https:\/\/cjays.eu\/wp-content\/uploads\/2024\/01\/sigmaone_productpageimage-3.png","width":540,"height":500},{"@type":"BreadcrumbList","@id":"https:\/\/cjays.eu\/es\/producto\/migatronic-sigma-one\/#breadcrumb","itemListElement":[{"@type":"ListItem","position":1,"name":"Home","item":"https:\/\/cjays.eu\/"},{"@type":"ListItem","position":2,"name":"Winkel","item":"https:\/\/cjays.eu\/winkel\/"},{"@type":"ListItem","position":3,"name":"Migatronic Sigma One"}]},{"@type":"WebSite","@id":"https:\/\/cjays.eu\/#website","url":"https:\/\/cjays.eu\/","name":"Cjays Lastechniek | Gebruikte Lasapparaten","description":"Gebruikte &amp; Nieuwe Lasapparaten &amp; Lasbenodigdheden","publisher":{"@id":"https:\/\/cjays.eu\/#organization"},"alternateName":"Cjays","potentialAction":[{"@type":"SearchAction","target":{"@type":"EntryPoint","urlTemplate":"https:\/\/cjays.eu\/?s={search_term_string}"},"query-input":{"@type":"PropertyValueSpecification","valueRequired":true,"valueName":"search_term_string"}}],"inLanguage":"es"},{"@type":"Organization","@id":"https:\/\/cjays.eu\/#organization","name":"Cjays Lastechniek","alternateName":"Cjays","url":"https:\/\/cjays.eu\/","logo":{"@type":"ImageObject","inLanguage":"es","@id":"https:\/\/cjays.eu\/#\/schema\/logo\/image\/","url":"https:\/\/cjays.eu\/wp-content\/uploads\/2022\/01\/logo-cjays-e1643484777484.png","contentUrl":"https:\/\/cjays.eu\/wp-content\/uploads\/2022\/01\/logo-cjays-e1643484777484.png","width":500,"height":198,"caption":"Cjays Lastechniek"},"image":{"@id":"https:\/\/cjays.eu\/#\/schema\/logo\/image\/"},"sameAs":["https:\/\/www.facebook.com\/cjayslastechniek.nl","https:\/\/www.instagram.com\/cjays.lastechniek\/","https:\/\/www.youtube.com\/@cjayslastechniek2812"]}]}},"_links":{"self":[{"href":"https:\/\/cjays.eu\/es\/wp-json\/wp\/v2\/product\/263482","targetHints":{"allow":["GET"]}}],"collection":[{"href":"https:\/\/cjays.eu\/es\/wp-json\/wp\/v2\/product"}],"about":[{"href":"https:\/\/cjays.eu\/es\/wp-json\/wp\/v2\/types\/product"}],"replies":[{"embeddable":true,"href":"https:\/\/cjays.eu\/es\/wp-json\/wp\/v2\/comments?post=263482"}],"wp:featuredmedia":[{"embeddable":true,"href":"https:\/\/cjays.eu\/es\/wp-json\/wp\/v2\/media\/263471"}],"wp:attachment":[{"href":"https:\/\/cjays.eu\/es\/wp-json\/wp\/v2\/media?parent=263482"}],"wp:term":[{"taxonomy":"product_brand","embeddable":true,"href":"https:\/\/cjays.eu\/es\/wp-json\/wp\/v2\/product_brand?post=263482"},{"taxonomy":"product_cat","embeddable":true,"href":"https:\/\/cjays.eu\/es\/wp-json\/wp\/v2\/product_cat?post=263482"},{"taxonomy":"product_tag","embeddable":true,"href":"https:\/\/cjays.eu\/es\/wp-json\/wp\/v2\/product_tag?post=263482"}],"curies":[{"name":"wp","href":"https:\/\/api.w.org\/{rel}","templated":true}]}}