{"id":262830,"date":"2023-12-22T10:21:30","date_gmt":"2023-12-22T09:21:30","guid":{"rendered":"https:\/\/cjays.eu\/product\/otc-dt-300-pii\/"},"modified":"2024-10-05T10:28:50","modified_gmt":"2024-10-05T08:28:50","slug":"otc-dt-300-piii","status":"publish","type":"product","link":"https:\/\/cjays.eu\/es\/producto\/otc-dt-300-piii\/","title":{"rendered":"OTC DT 300 PIII"},"content":{"rendered":"<p><a href=\"https:\/\/otc-daihen.com\/product-page\/1971\/\">DT-300PIII | OTC DAIHEN EUROPE GmbH (otc-daihen.com)<\/a><\/p>\n<p>La OTC DT300 PIII es una soldadora TIG CC de alta calidad conocida por su precisi\u00f3n, eficacia y calidad de acabado.<\/p>\n<p>&nbsp;<\/p>\n<p><strong>Potencia y control<\/strong><br \/>\nLa unidad ofrece una potencia robusta, lo que la hace adecuada para una amplia gama de aplicaciones de soldadura. La m\u00e1quina ofrece un control preciso del proceso de soldadura, garantizando unos resultados de alta calidad.<\/p>\n<p><strong>Portabilidad<\/strong><br \/>\nA pesar de su potente potencia, la DT300 PIII est\u00e1 dise\u00f1ada para ser m\u00f3vil, lo que facilita su transporte y uso en diferentes lugares.<\/p>\n<p><strong>Funciones avanzadas<\/strong><br \/>\nLa m\u00e1quina cuenta con funciones avanzadas como la salida de CC pulsada, que ayuda a crear soldaduras m\u00e1s limpias y uniformes. Esto es especialmente \u00fatil cuando se sueldan materiales finos.<\/p>\n<p><strong>Interfaz f\u00e1cil de usar<\/strong><br \/>\nEl panel de control digital est\u00e1 dise\u00f1ado para facilitar su uso, incluso en entornos industriales dif\u00edciles. Esto hace que sea accesible tanto para soldadores experimentados como para reci\u00e9n llegados a la soldadura TIG.<\/p>\n<p><strong>Fiabilidad<\/strong><br \/>\nConstruido con un robusto inversor IGBT de 80 kHz, el DT300 PIII garantiza una estabilidad y fiabilidad extremas del arco, incluso con amperajes bajos.<\/p>\n<p>En general, la OTC DT300 PIII combina potencia, precisi\u00f3n y movilidad, lo que la convierte en una excelente elecci\u00f3n para una gran variedad de tareas de soldadura.<\/p>\n","protected":false},"excerpt":{"rendered":"<p>Soldadora TIG de CC pulsada repleta de nuevas tecnolog\u00edas<\/p>\n<ul>\n<li>Tama\u00f1o compacto y peso ligero<\/li>\n<li>Arranque instant\u00e1neo del arco y arco estable<\/li>\n<li>Funcionamiento sencillo<\/li>\n<li>M\u00e1quina a prueba de polvo<\/li>\n<\/ul>\n","protected":false},"featured_media":267387,"comment_status":"closed","ping_status":"closed","template":"","meta":[],"product_brand":[],"product_cat":[488,129,128,4119,482,146],"product_tag":[1941,4149,2122,4150,4151,4152,4153,4066,3269,4154,2192,2357],"class_list":{"0":"post-262830","1":"product","2":"type-product","3":"status-publish","4":"has-post-thumbnail","6":"product_cat-dc-es","7":"product_cat-equipo-de-soldadura-tig-es","8":"product_cat-nuevo-equipo-de-soldadura","9":"product_cat-maquinas-de-otc-daihen-nuevas","10":"product_cat-refrigerado-por-agua","11":"product_cat-todos-los-productos","12":"product_tag-8-meter-toorts-es","13":"product_tag-betrouwbaar-es","14":"product_tag-dc-es","15":"product_tag-gebruiksvriendelijk-es","16":"product_tag-hoogwaardig-es","17":"product_tag-kwaliteit-es","18":"product_tag-mobiel-es","19":"product_tag-otc-es","20":"product_tag-pulse-es","21":"product_tag-robuust-es","22":"product_tag-synergisch-es","23":"product_tag-watergekoeld-es","24":"product_shipping_class-150kg-grote-machines","26":"first","27":"onbackorder","28":"taxable","29":"shipping-taxable","30":"product-type-simple"},"yoast_head":"<!-- This site is optimized with the Yoast SEO plugin v27.4 - https:\/\/yoast.com\/product\/yoast-seo-wordpress\/ -->\n<title>OTC DT 300 PIII - Cjays Lastechniek | Gebruikte Lasapparaten<\/title>\n<meta name=\"description\" content=\"OTC DT 300 PIII %%excerpt\" \/>\n<meta name=\"robots\" content=\"index, follow, max-snippet:-1, max-image-preview:large, max-video-preview:-1\" \/>\n<link rel=\"canonical\" href=\"https:\/\/cjays.eu\/es\/producto\/otc-dt-300-piii\/\" \/>\n<meta property=\"og:locale\" content=\"es_ES\" \/>\n<meta property=\"og:type\" content=\"article\" \/>\n<meta property=\"og:title\" content=\"OTC DT 300 PIII - Cjays Lastechniek | Gebruikte Lasapparaten\" \/>\n<meta property=\"og:description\" content=\"OTC DT 300 PIII %%excerpt\" \/>\n<meta property=\"og:url\" content=\"https:\/\/cjays.eu\/es\/producto\/otc-dt-300-piii\/\" \/>\n<meta property=\"og:site_name\" content=\"Cjays Lastechniek | Gebruikte Lasapparaten\" \/>\n<meta property=\"article:publisher\" content=\"https:\/\/www.facebook.com\/cjayslastechniek.nl\" \/>\n<meta property=\"article:modified_time\" content=\"2024-10-05T08:28:50+00:00\" \/>\n<meta property=\"og:image\" content=\"https:\/\/cjays.eu\/wp-content\/uploads\/2023\/12\/OTC-DT300-PIII-Cjays.jpg\" \/>\n\t<meta property=\"og:image:width\" content=\"1278\" \/>\n\t<meta property=\"og:image:height\" content=\"1280\" \/>\n\t<meta property=\"og:image:type\" content=\"image\/jpeg\" \/>\n<meta name=\"twitter:card\" content=\"summary_large_image\" \/>\n<meta name=\"twitter:label1\" content=\"Tiempo de lectura\" \/>\n\t<meta name=\"twitter:data1\" content=\"2 minutos\" \/>\n<script type=\"application\/ld+json\" class=\"yoast-schema-graph\">{\"@context\":\"https:\\\/\\\/schema.org\",\"@graph\":[{\"@type\":\"WebPage\",\"@id\":\"https:\\\/\\\/cjays.eu\\\/es\\\/producto\\\/otc-dt-300-piii\\\/\",\"url\":\"https:\\\/\\\/cjays.eu\\\/es\\\/producto\\\/otc-dt-300-piii\\\/\",\"name\":\"OTC DT 300 PIII - Cjays Lastechniek | Gebruikte Lasapparaten\",\"isPartOf\":{\"@id\":\"https:\\\/\\\/cjays.eu\\\/#website\"},\"primaryImageOfPage\":{\"@id\":\"https:\\\/\\\/cjays.eu\\\/es\\\/producto\\\/otc-dt-300-piii\\\/#primaryimage\"},\"image\":{\"@id\":\"https:\\\/\\\/cjays.eu\\\/es\\\/producto\\\/otc-dt-300-piii\\\/#primaryimage\"},\"thumbnailUrl\":\"https:\\\/\\\/cjays.eu\\\/wp-content\\\/uploads\\\/2023\\\/12\\\/OTC-DT300-PIII-Cjays.jpg\",\"datePublished\":\"2023-12-22T09:21:30+00:00\",\"dateModified\":\"2024-10-05T08:28:50+00:00\",\"description\":\"OTC DT 300 PIII %%excerpt\",\"breadcrumb\":{\"@id\":\"https:\\\/\\\/cjays.eu\\\/es\\\/producto\\\/otc-dt-300-piii\\\/#breadcrumb\"},\"inLanguage\":\"es\",\"potentialAction\":[{\"@type\":\"ReadAction\",\"target\":[\"https:\\\/\\\/cjays.eu\\\/es\\\/producto\\\/otc-dt-300-piii\\\/\"]}]},{\"@type\":\"ImageObject\",\"inLanguage\":\"es\",\"@id\":\"https:\\\/\\\/cjays.eu\\\/es\\\/producto\\\/otc-dt-300-piii\\\/#primaryimage\",\"url\":\"https:\\\/\\\/cjays.eu\\\/wp-content\\\/uploads\\\/2023\\\/12\\\/OTC-DT300-PIII-Cjays.jpg\",\"contentUrl\":\"https:\\\/\\\/cjays.eu\\\/wp-content\\\/uploads\\\/2023\\\/12\\\/OTC-DT300-PIII-Cjays.jpg\",\"width\":1278,\"height\":1280},{\"@type\":\"BreadcrumbList\",\"@id\":\"https:\\\/\\\/cjays.eu\\\/es\\\/producto\\\/otc-dt-300-piii\\\/#breadcrumb\",\"itemListElement\":[{\"@type\":\"ListItem\",\"position\":1,\"name\":\"Home\",\"item\":\"https:\\\/\\\/cjays.eu\\\/\"},{\"@type\":\"ListItem\",\"position\":2,\"name\":\"Winkel\",\"item\":\"https:\\\/\\\/cjays.eu\\\/winkel\\\/\"},{\"@type\":\"ListItem\",\"position\":3,\"name\":\"OTC DT 300 PIII\"}]},{\"@type\":\"WebSite\",\"@id\":\"https:\\\/\\\/cjays.eu\\\/#website\",\"url\":\"https:\\\/\\\/cjays.eu\\\/\",\"name\":\"Cjays Lastechniek | Gebruikte Lasapparaten\",\"description\":\"Gebruikte &amp; Nieuwe Lasapparaten &amp; Lasbenodigdheden\",\"publisher\":{\"@id\":\"https:\\\/\\\/cjays.eu\\\/#organization\"},\"alternateName\":\"Cjays\",\"potentialAction\":[{\"@type\":\"SearchAction\",\"target\":{\"@type\":\"EntryPoint\",\"urlTemplate\":\"https:\\\/\\\/cjays.eu\\\/?s={search_term_string}\"},\"query-input\":{\"@type\":\"PropertyValueSpecification\",\"valueRequired\":true,\"valueName\":\"search_term_string\"}}],\"inLanguage\":\"es\"},{\"@type\":\"Organization\",\"@id\":\"https:\\\/\\\/cjays.eu\\\/#organization\",\"name\":\"Cjays Lastechniek\",\"alternateName\":\"Cjays\",\"url\":\"https:\\\/\\\/cjays.eu\\\/\",\"logo\":{\"@type\":\"ImageObject\",\"inLanguage\":\"es\",\"@id\":\"https:\\\/\\\/cjays.eu\\\/#\\\/schema\\\/logo\\\/image\\\/\",\"url\":\"https:\\\/\\\/cjays.eu\\\/wp-content\\\/uploads\\\/2022\\\/01\\\/logo-cjays-e1643484777484.png\",\"contentUrl\":\"https:\\\/\\\/cjays.eu\\\/wp-content\\\/uploads\\\/2022\\\/01\\\/logo-cjays-e1643484777484.png\",\"width\":500,\"height\":198,\"caption\":\"Cjays Lastechniek\"},\"image\":{\"@id\":\"https:\\\/\\\/cjays.eu\\\/#\\\/schema\\\/logo\\\/image\\\/\"},\"sameAs\":[\"https:\\\/\\\/www.facebook.com\\\/cjayslastechniek.nl\",\"https:\\\/\\\/www.instagram.com\\\/cjays.lastechniek\\\/\",\"https:\\\/\\\/www.youtube.com\\\/@cjayslastechniek2812\"]}]}<\/script>\n<!-- \/ Yoast SEO plugin. -->","yoast_head_json":{"title":"OTC DT 300 PIII - Cjays Lastechniek | Gebruikte Lasapparaten","description":"OTC DT 300 PIII %%excerpt","robots":{"index":"index","follow":"follow","max-snippet":"max-snippet:-1","max-image-preview":"max-image-preview:large","max-video-preview":"max-video-preview:-1"},"canonical":"https:\/\/cjays.eu\/es\/producto\/otc-dt-300-piii\/","og_locale":"es_ES","og_type":"article","og_title":"OTC DT 300 PIII - Cjays Lastechniek | Gebruikte Lasapparaten","og_description":"OTC DT 300 PIII %%excerpt","og_url":"https:\/\/cjays.eu\/es\/producto\/otc-dt-300-piii\/","og_site_name":"Cjays Lastechniek | Gebruikte Lasapparaten","article_publisher":"https:\/\/www.facebook.com\/cjayslastechniek.nl","article_modified_time":"2024-10-05T08:28:50+00:00","og_image":[{"width":1278,"height":1280,"url":"https:\/\/cjays.eu\/wp-content\/uploads\/2023\/12\/OTC-DT300-PIII-Cjays.jpg","type":"image\/jpeg"}],"twitter_card":"summary_large_image","twitter_misc":{"Tiempo de lectura":"2 minutos"},"schema":{"@context":"https:\/\/schema.org","@graph":[{"@type":"WebPage","@id":"https:\/\/cjays.eu\/es\/producto\/otc-dt-300-piii\/","url":"https:\/\/cjays.eu\/es\/producto\/otc-dt-300-piii\/","name":"OTC DT 300 PIII - Cjays Lastechniek | Gebruikte Lasapparaten","isPartOf":{"@id":"https:\/\/cjays.eu\/#website"},"primaryImageOfPage":{"@id":"https:\/\/cjays.eu\/es\/producto\/otc-dt-300-piii\/#primaryimage"},"image":{"@id":"https:\/\/cjays.eu\/es\/producto\/otc-dt-300-piii\/#primaryimage"},"thumbnailUrl":"https:\/\/cjays.eu\/wp-content\/uploads\/2023\/12\/OTC-DT300-PIII-Cjays.jpg","datePublished":"2023-12-22T09:21:30+00:00","dateModified":"2024-10-05T08:28:50+00:00","description":"OTC DT 300 PIII %%excerpt","breadcrumb":{"@id":"https:\/\/cjays.eu\/es\/producto\/otc-dt-300-piii\/#breadcrumb"},"inLanguage":"es","potentialAction":[{"@type":"ReadAction","target":["https:\/\/cjays.eu\/es\/producto\/otc-dt-300-piii\/"]}]},{"@type":"ImageObject","inLanguage":"es","@id":"https:\/\/cjays.eu\/es\/producto\/otc-dt-300-piii\/#primaryimage","url":"https:\/\/cjays.eu\/wp-content\/uploads\/2023\/12\/OTC-DT300-PIII-Cjays.jpg","contentUrl":"https:\/\/cjays.eu\/wp-content\/uploads\/2023\/12\/OTC-DT300-PIII-Cjays.jpg","width":1278,"height":1280},{"@type":"BreadcrumbList","@id":"https:\/\/cjays.eu\/es\/producto\/otc-dt-300-piii\/#breadcrumb","itemListElement":[{"@type":"ListItem","position":1,"name":"Home","item":"https:\/\/cjays.eu\/"},{"@type":"ListItem","position":2,"name":"Winkel","item":"https:\/\/cjays.eu\/winkel\/"},{"@type":"ListItem","position":3,"name":"OTC DT 300 PIII"}]},{"@type":"WebSite","@id":"https:\/\/cjays.eu\/#website","url":"https:\/\/cjays.eu\/","name":"Cjays Lastechniek | Gebruikte Lasapparaten","description":"Gebruikte &amp; Nieuwe Lasapparaten &amp; Lasbenodigdheden","publisher":{"@id":"https:\/\/cjays.eu\/#organization"},"alternateName":"Cjays","potentialAction":[{"@type":"SearchAction","target":{"@type":"EntryPoint","urlTemplate":"https:\/\/cjays.eu\/?s={search_term_string}"},"query-input":{"@type":"PropertyValueSpecification","valueRequired":true,"valueName":"search_term_string"}}],"inLanguage":"es"},{"@type":"Organization","@id":"https:\/\/cjays.eu\/#organization","name":"Cjays Lastechniek","alternateName":"Cjays","url":"https:\/\/cjays.eu\/","logo":{"@type":"ImageObject","inLanguage":"es","@id":"https:\/\/cjays.eu\/#\/schema\/logo\/image\/","url":"https:\/\/cjays.eu\/wp-content\/uploads\/2022\/01\/logo-cjays-e1643484777484.png","contentUrl":"https:\/\/cjays.eu\/wp-content\/uploads\/2022\/01\/logo-cjays-e1643484777484.png","width":500,"height":198,"caption":"Cjays Lastechniek"},"image":{"@id":"https:\/\/cjays.eu\/#\/schema\/logo\/image\/"},"sameAs":["https:\/\/www.facebook.com\/cjayslastechniek.nl","https:\/\/www.instagram.com\/cjays.lastechniek\/","https:\/\/www.youtube.com\/@cjayslastechniek2812"]}]}},"_links":{"self":[{"href":"https:\/\/cjays.eu\/es\/wp-json\/wp\/v2\/product\/262830","targetHints":{"allow":["GET"]}}],"collection":[{"href":"https:\/\/cjays.eu\/es\/wp-json\/wp\/v2\/product"}],"about":[{"href":"https:\/\/cjays.eu\/es\/wp-json\/wp\/v2\/types\/product"}],"replies":[{"embeddable":true,"href":"https:\/\/cjays.eu\/es\/wp-json\/wp\/v2\/comments?post=262830"}],"wp:featuredmedia":[{"embeddable":true,"href":"https:\/\/cjays.eu\/es\/wp-json\/wp\/v2\/media\/267387"}],"wp:attachment":[{"href":"https:\/\/cjays.eu\/es\/wp-json\/wp\/v2\/media?parent=262830"}],"wp:term":[{"taxonomy":"product_brand","embeddable":true,"href":"https:\/\/cjays.eu\/es\/wp-json\/wp\/v2\/product_brand?post=262830"},{"taxonomy":"product_cat","embeddable":true,"href":"https:\/\/cjays.eu\/es\/wp-json\/wp\/v2\/product_cat?post=262830"},{"taxonomy":"product_tag","embeddable":true,"href":"https:\/\/cjays.eu\/es\/wp-json\/wp\/v2\/product_tag?post=262830"}],"curies":[{"name":"wp","href":"https:\/\/api.w.org\/{rel}","templated":true}]}}