{"id":256934,"date":"2023-03-24T10:41:50","date_gmt":"2023-03-24T09:41:50","guid":{"rendered":"https:\/\/cjays.eu\/product\/lorch-apr-900\/"},"modified":"2023-03-24T10:56:40","modified_gmt":"2023-03-24T09:56:40","slug":"lorch-apr-900","status":"publish","type":"product","link":"https:\/\/cjays.eu\/es\/producto\/lorch-apr-900\/","title":{"rendered":"Lorch APR 900"},"content":{"rendered":"<p>Muchos soldadores sueldan por pasi\u00f3n y convicci\u00f3n. Disfrutar del trabajo es importante, no cabe duda. Pero no hay que olvidar el aspecto de la seguridad. La soldadura produce humo, calor, radiaci\u00f3n UV y luz intensa. Eso est\u00e1 en la naturaleza de las cosas. Sin embargo, los soldadores no tienen por qu\u00e9 exponerse a estos peligros para la salud.<\/p>\n<p>Se necesita una protecci\u00f3n especial para los ojos, la cara y las v\u00edas respiratorias. Los cascos de soldadura APR 900 se han desarrollado con el objetivo de proporcionar a los soldadores la mejor protecci\u00f3n posible y un alto nivel de confort. Los pantallas no s\u00f3lo constan de un casete de auto-oscurecimiento a un nivel de referencia absoluto, sino que tambi\u00e9n incluyen muchas otras soluciones pr\u00e1cticas y detalladas que se combinan de forma absolutamente armoniosa en un concepto global. La familia APR 900 ofrece exactamente la protecci\u00f3n adecuada para las tareas de soldadura individuales. Y como la seguridad no debe ser un privilegio, los cascos de soldador APR 900 de Lorch convencen con una inmejorable relaci\u00f3n calidad-precio.<\/p>\n","protected":false},"excerpt":{"rendered":"<h1 class=\"display-3 text-black text-pre-line\">TU PANTALLA: LA APR 900.<br \/>\n<span class=\"h3 text-primary\">Flexible. Segura. Individual.<\/span><\/h1>\n<p>Gracias a su innovador dise\u00f1o, la nueva careta de soldador APR 900 ofrece un confort \u00f3ptimo en la soldadura y proporciona una protecci\u00f3n fiable en cada tarea y procedimiento. El cassette antideslumbrante de alta gama garantiza una visi\u00f3n cristalina de colores r\u00e1pidos. Los niveles de protecci\u00f3n disponibles del 3 al 14 permiten al soldador utilizar todos los procedimientos habituales. El visor de inserci\u00f3n externa puede sustituirse mediante un sencillo mecanismo de bloqueo. La c\u00f3moda cinta para la cabeza garantiza una excelente comodidad de uso. Pero eso no es todo:<\/p>\n<p class=\"text-dark text-pre-line \">Seguridad Desde cualquier \u00e1ngulo de visi\u00f3n, ya sea por encima de la cabeza, tumbado o de lado, y para todos los procesos de soldadura. Oscurecimiento fiable a tu gusto.<\/p>\n","protected":false},"featured_media":256919,"comment_status":"closed","ping_status":"closed","template":"","meta":[],"product_brand":[],"product_cat":[164,163,241,146],"product_tag":[],"class_list":{"0":"post-256934","1":"product","2":"type-product","3":"status-publish","4":"has-post-thumbnail","6":"product_cat-cascos-de-soldadura","7":"product_cat-cascos-y-repuestos","8":"product_cat-diverso","9":"product_cat-todos-los-productos","10":"product_shipping_class-paquetes","12":"first","13":"instock","14":"taxable","15":"shipping-taxable","16":"purchasable","17":"product-type-variable"},"yoast_head":"<!-- This site is optimized with the Yoast SEO plugin v27.4 - https:\/\/yoast.com\/product\/yoast-seo-wordpress\/ -->\n<title>Lorch APR 900 - Cjays Lastechniek | Gebruikte Lasapparaten<\/title>\n<meta name=\"description\" content=\"Lorch APR 900 %%excerpt\" \/>\n<meta name=\"robots\" content=\"index, follow, max-snippet:-1, max-image-preview:large, max-video-preview:-1\" \/>\n<link rel=\"canonical\" href=\"https:\/\/cjays.eu\/es\/producto\/lorch-apr-900\/\" \/>\n<meta property=\"og:locale\" content=\"es_ES\" \/>\n<meta property=\"og:type\" content=\"article\" \/>\n<meta property=\"og:title\" content=\"Lorch APR 900 - Cjays Lastechniek | Gebruikte Lasapparaten\" \/>\n<meta property=\"og:description\" content=\"Lorch APR 900 %%excerpt\" \/>\n<meta property=\"og:url\" content=\"https:\/\/cjays.eu\/es\/producto\/lorch-apr-900\/\" \/>\n<meta property=\"og:site_name\" content=\"Cjays Lastechniek | Gebruikte Lasapparaten\" \/>\n<meta property=\"article:publisher\" content=\"https:\/\/www.facebook.com\/cjayslastechniek.nl\" \/>\n<meta property=\"article:modified_time\" content=\"2023-03-24T09:56:40+00:00\" \/>\n<meta property=\"og:image\" content=\"https:\/\/cjays.eu\/wp-content\/uploads\/2023\/03\/APR-XF-No-Background-3.png\" \/>\n\t<meta property=\"og:image:width\" content=\"1393\" \/>\n\t<meta property=\"og:image:height\" content=\"1114\" \/>\n\t<meta property=\"og:image:type\" content=\"image\/png\" \/>\n<meta name=\"twitter:card\" content=\"summary_large_image\" \/>\n<meta name=\"twitter:label1\" content=\"Tiempo de lectura\" \/>\n\t<meta name=\"twitter:data1\" content=\"1 minuto\" \/>\n<script type=\"application\/ld+json\" class=\"yoast-schema-graph\">{\"@context\":\"https:\\\/\\\/schema.org\",\"@graph\":[{\"@type\":\"WebPage\",\"@id\":\"https:\\\/\\\/cjays.eu\\\/es\\\/producto\\\/lorch-apr-900\\\/\",\"url\":\"https:\\\/\\\/cjays.eu\\\/es\\\/producto\\\/lorch-apr-900\\\/\",\"name\":\"Lorch APR 900 - Cjays Lastechniek | Gebruikte Lasapparaten\",\"isPartOf\":{\"@id\":\"https:\\\/\\\/cjays.eu\\\/#website\"},\"primaryImageOfPage\":{\"@id\":\"https:\\\/\\\/cjays.eu\\\/es\\\/producto\\\/lorch-apr-900\\\/#primaryimage\"},\"image\":{\"@id\":\"https:\\\/\\\/cjays.eu\\\/es\\\/producto\\\/lorch-apr-900\\\/#primaryimage\"},\"thumbnailUrl\":\"https:\\\/\\\/cjays.eu\\\/wp-content\\\/uploads\\\/2023\\\/03\\\/APR-XF-No-Background-3.png\",\"datePublished\":\"2023-03-24T09:41:50+00:00\",\"dateModified\":\"2023-03-24T09:56:40+00:00\",\"description\":\"Lorch APR 900 %%excerpt\",\"breadcrumb\":{\"@id\":\"https:\\\/\\\/cjays.eu\\\/es\\\/producto\\\/lorch-apr-900\\\/#breadcrumb\"},\"inLanguage\":\"es\",\"potentialAction\":[{\"@type\":\"ReadAction\",\"target\":[\"https:\\\/\\\/cjays.eu\\\/es\\\/producto\\\/lorch-apr-900\\\/\"]}]},{\"@type\":\"ImageObject\",\"inLanguage\":\"es\",\"@id\":\"https:\\\/\\\/cjays.eu\\\/es\\\/producto\\\/lorch-apr-900\\\/#primaryimage\",\"url\":\"https:\\\/\\\/cjays.eu\\\/wp-content\\\/uploads\\\/2023\\\/03\\\/APR-XF-No-Background-3.png\",\"contentUrl\":\"https:\\\/\\\/cjays.eu\\\/wp-content\\\/uploads\\\/2023\\\/03\\\/APR-XF-No-Background-3.png\",\"width\":1393,\"height\":1114},{\"@type\":\"BreadcrumbList\",\"@id\":\"https:\\\/\\\/cjays.eu\\\/es\\\/producto\\\/lorch-apr-900\\\/#breadcrumb\",\"itemListElement\":[{\"@type\":\"ListItem\",\"position\":1,\"name\":\"Home\",\"item\":\"https:\\\/\\\/cjays.eu\\\/\"},{\"@type\":\"ListItem\",\"position\":2,\"name\":\"Winkel\",\"item\":\"https:\\\/\\\/cjays.eu\\\/winkel\\\/\"},{\"@type\":\"ListItem\",\"position\":3,\"name\":\"Lorch APR 900\"}]},{\"@type\":\"WebSite\",\"@id\":\"https:\\\/\\\/cjays.eu\\\/#website\",\"url\":\"https:\\\/\\\/cjays.eu\\\/\",\"name\":\"Cjays Lastechniek | Gebruikte Lasapparaten\",\"description\":\"Gebruikte &amp; Nieuwe Lasapparaten &amp; Lasbenodigdheden\",\"publisher\":{\"@id\":\"https:\\\/\\\/cjays.eu\\\/#organization\"},\"alternateName\":\"Cjays\",\"potentialAction\":[{\"@type\":\"SearchAction\",\"target\":{\"@type\":\"EntryPoint\",\"urlTemplate\":\"https:\\\/\\\/cjays.eu\\\/?s={search_term_string}\"},\"query-input\":{\"@type\":\"PropertyValueSpecification\",\"valueRequired\":true,\"valueName\":\"search_term_string\"}}],\"inLanguage\":\"es\"},{\"@type\":\"Organization\",\"@id\":\"https:\\\/\\\/cjays.eu\\\/#organization\",\"name\":\"Cjays Lastechniek\",\"alternateName\":\"Cjays\",\"url\":\"https:\\\/\\\/cjays.eu\\\/\",\"logo\":{\"@type\":\"ImageObject\",\"inLanguage\":\"es\",\"@id\":\"https:\\\/\\\/cjays.eu\\\/#\\\/schema\\\/logo\\\/image\\\/\",\"url\":\"https:\\\/\\\/cjays.eu\\\/wp-content\\\/uploads\\\/2022\\\/01\\\/logo-cjays-e1643484777484.png\",\"contentUrl\":\"https:\\\/\\\/cjays.eu\\\/wp-content\\\/uploads\\\/2022\\\/01\\\/logo-cjays-e1643484777484.png\",\"width\":500,\"height\":198,\"caption\":\"Cjays Lastechniek\"},\"image\":{\"@id\":\"https:\\\/\\\/cjays.eu\\\/#\\\/schema\\\/logo\\\/image\\\/\"},\"sameAs\":[\"https:\\\/\\\/www.facebook.com\\\/cjayslastechniek.nl\",\"https:\\\/\\\/www.instagram.com\\\/cjays.lastechniek\\\/\",\"https:\\\/\\\/www.youtube.com\\\/@cjayslastechniek2812\"]}]}<\/script>\n<!-- \/ Yoast SEO plugin. -->","yoast_head_json":{"title":"Lorch APR 900 - Cjays Lastechniek | Gebruikte Lasapparaten","description":"Lorch APR 900 %%excerpt","robots":{"index":"index","follow":"follow","max-snippet":"max-snippet:-1","max-image-preview":"max-image-preview:large","max-video-preview":"max-video-preview:-1"},"canonical":"https:\/\/cjays.eu\/es\/producto\/lorch-apr-900\/","og_locale":"es_ES","og_type":"article","og_title":"Lorch APR 900 - Cjays Lastechniek | Gebruikte Lasapparaten","og_description":"Lorch APR 900 %%excerpt","og_url":"https:\/\/cjays.eu\/es\/producto\/lorch-apr-900\/","og_site_name":"Cjays Lastechniek | Gebruikte Lasapparaten","article_publisher":"https:\/\/www.facebook.com\/cjayslastechniek.nl","article_modified_time":"2023-03-24T09:56:40+00:00","og_image":[{"width":1393,"height":1114,"url":"https:\/\/cjays.eu\/wp-content\/uploads\/2023\/03\/APR-XF-No-Background-3.png","type":"image\/png"}],"twitter_card":"summary_large_image","twitter_misc":{"Tiempo de lectura":"1 minuto"},"schema":{"@context":"https:\/\/schema.org","@graph":[{"@type":"WebPage","@id":"https:\/\/cjays.eu\/es\/producto\/lorch-apr-900\/","url":"https:\/\/cjays.eu\/es\/producto\/lorch-apr-900\/","name":"Lorch APR 900 - Cjays Lastechniek | Gebruikte Lasapparaten","isPartOf":{"@id":"https:\/\/cjays.eu\/#website"},"primaryImageOfPage":{"@id":"https:\/\/cjays.eu\/es\/producto\/lorch-apr-900\/#primaryimage"},"image":{"@id":"https:\/\/cjays.eu\/es\/producto\/lorch-apr-900\/#primaryimage"},"thumbnailUrl":"https:\/\/cjays.eu\/wp-content\/uploads\/2023\/03\/APR-XF-No-Background-3.png","datePublished":"2023-03-24T09:41:50+00:00","dateModified":"2023-03-24T09:56:40+00:00","description":"Lorch APR 900 %%excerpt","breadcrumb":{"@id":"https:\/\/cjays.eu\/es\/producto\/lorch-apr-900\/#breadcrumb"},"inLanguage":"es","potentialAction":[{"@type":"ReadAction","target":["https:\/\/cjays.eu\/es\/producto\/lorch-apr-900\/"]}]},{"@type":"ImageObject","inLanguage":"es","@id":"https:\/\/cjays.eu\/es\/producto\/lorch-apr-900\/#primaryimage","url":"https:\/\/cjays.eu\/wp-content\/uploads\/2023\/03\/APR-XF-No-Background-3.png","contentUrl":"https:\/\/cjays.eu\/wp-content\/uploads\/2023\/03\/APR-XF-No-Background-3.png","width":1393,"height":1114},{"@type":"BreadcrumbList","@id":"https:\/\/cjays.eu\/es\/producto\/lorch-apr-900\/#breadcrumb","itemListElement":[{"@type":"ListItem","position":1,"name":"Home","item":"https:\/\/cjays.eu\/"},{"@type":"ListItem","position":2,"name":"Winkel","item":"https:\/\/cjays.eu\/winkel\/"},{"@type":"ListItem","position":3,"name":"Lorch APR 900"}]},{"@type":"WebSite","@id":"https:\/\/cjays.eu\/#website","url":"https:\/\/cjays.eu\/","name":"Cjays Lastechniek | Gebruikte Lasapparaten","description":"Gebruikte &amp; Nieuwe Lasapparaten &amp; Lasbenodigdheden","publisher":{"@id":"https:\/\/cjays.eu\/#organization"},"alternateName":"Cjays","potentialAction":[{"@type":"SearchAction","target":{"@type":"EntryPoint","urlTemplate":"https:\/\/cjays.eu\/?s={search_term_string}"},"query-input":{"@type":"PropertyValueSpecification","valueRequired":true,"valueName":"search_term_string"}}],"inLanguage":"es"},{"@type":"Organization","@id":"https:\/\/cjays.eu\/#organization","name":"Cjays Lastechniek","alternateName":"Cjays","url":"https:\/\/cjays.eu\/","logo":{"@type":"ImageObject","inLanguage":"es","@id":"https:\/\/cjays.eu\/#\/schema\/logo\/image\/","url":"https:\/\/cjays.eu\/wp-content\/uploads\/2022\/01\/logo-cjays-e1643484777484.png","contentUrl":"https:\/\/cjays.eu\/wp-content\/uploads\/2022\/01\/logo-cjays-e1643484777484.png","width":500,"height":198,"caption":"Cjays Lastechniek"},"image":{"@id":"https:\/\/cjays.eu\/#\/schema\/logo\/image\/"},"sameAs":["https:\/\/www.facebook.com\/cjayslastechniek.nl","https:\/\/www.instagram.com\/cjays.lastechniek\/","https:\/\/www.youtube.com\/@cjayslastechniek2812"]}]}},"_links":{"self":[{"href":"https:\/\/cjays.eu\/es\/wp-json\/wp\/v2\/product\/256934","targetHints":{"allow":["GET"]}}],"collection":[{"href":"https:\/\/cjays.eu\/es\/wp-json\/wp\/v2\/product"}],"about":[{"href":"https:\/\/cjays.eu\/es\/wp-json\/wp\/v2\/types\/product"}],"replies":[{"embeddable":true,"href":"https:\/\/cjays.eu\/es\/wp-json\/wp\/v2\/comments?post=256934"}],"wp:featuredmedia":[{"embeddable":true,"href":"https:\/\/cjays.eu\/es\/wp-json\/wp\/v2\/media\/256919"}],"wp:attachment":[{"href":"https:\/\/cjays.eu\/es\/wp-json\/wp\/v2\/media?parent=256934"}],"wp:term":[{"taxonomy":"product_brand","embeddable":true,"href":"https:\/\/cjays.eu\/es\/wp-json\/wp\/v2\/product_brand?post=256934"},{"taxonomy":"product_cat","embeddable":true,"href":"https:\/\/cjays.eu\/es\/wp-json\/wp\/v2\/product_cat?post=256934"},{"taxonomy":"product_tag","embeddable":true,"href":"https:\/\/cjays.eu\/es\/wp-json\/wp\/v2\/product_tag?post=256934"}],"curies":[{"name":"wp","href":"https:\/\/api.w.org\/{rel}","templated":true}]}}