{"id":254949,"date":"2022-11-17T11:48:17","date_gmt":"2022-11-17T10:48:17","guid":{"rendered":"https:\/\/cjays.eu\/product\/parweld-xts-204-2\/"},"modified":"2022-11-17T11:56:22","modified_gmt":"2022-11-17T10:56:22","slug":"parweld-xts-204-2","status":"publish","type":"product","link":"https:\/\/cjays.eu\/es\/producto\/parweld-xts-204-2\/","title":{"rendered":"Parweld XTS 204"},"content":{"rendered":"<h1>Parweld XTS 204<\/h1>\n<p>La Parweld XTS 204 MMA es una unidad de soldadura compacta y fiable gracias a la \u00faltima tecnolog\u00eda. Ideal para aplicaciones cotidianas (incluyendo la soldadura: escaleras, vallas de jard\u00edn, remolques, bancos de trabajo, &#8230;. ) .<\/p>\n<p><strong>La m\u00e1quina incorpora la funci\u00f3n Hot start, Arc force y Anti-sticking.<\/strong><\/p>\n<p><strong>Arranque en caliente:<\/strong> Ayuda a facilitar el inicio de la soldadura aumentando la corriente de soldadura.<\/p>\n<p><strong>Fuerza del arco:<\/strong> Evita que los electrodos se peguen a la pieza y mantiene el arco de soldadura estable. Es una funci\u00f3n \u00fatil para los soldadores principiantes.<br \/>\nSi los electrodos se siguen pegando a la pieza, es f\u00e1cil eliminarlos gracias a la funci\u00f3n antiadherente incorporada.<\/p>\n<p>Se pueden utilizar electrodos con di\u00e1metros de 1,6mm &#8211; 2,0mm &#8211; 2,5mm &#8211; 3,25mm y 4,0mm.<\/p>\n<p>El dispositivo es f\u00e1cil de ajustar mediante el mando de control de potencia. La pantalla digital permite mostrar tanto el amperaje ajustado como el real durante la soldadura. A trav\u00e9s del selector de la m\u00e1quina, puede elegir entre la soldadura MMA y la soldadura TIG (lift-tig).<\/p>\n<p>El MMA es un proceso de soldadura muy vers\u00e1til que puede utilizarse para muchas aplicaciones. Como la soldadura MMA es un proceso relativamente f\u00e1cil de aprender, tambi\u00e9n es adecuada para personas con poca o ninguna experiencia en soldadura.<\/p>\n<p>Soldadura MMA<\/p>\n<p>Soldadura TIG con ascensor<\/p>\n<p>Si desea realizar una soldadura TIG DC ocasional, tambi\u00e9n puede utilizar la XTS 204MMA para este fin. Con la instalaci\u00f3n de una antorcha TIG y la conexi\u00f3n del gas de protecci\u00f3n adecuado, puede empezar a soldar con TIG el acero y el acero inoxidable. \u00a0La antorcha TIG y el gas de protecci\u00f3n est\u00e1n siempre disponibles como opciones.<\/p>\n<p>El tipo de antorcha TIG que se puede utilizar con la m\u00e1quina es una WP17V (con macho) de 4 u 8 metros de longitud.<\/p>\n<p>La XTS 204MMA utiliza la funci\u00f3n Lift-TIG, que ayuda a proteger los electrodos de tungsteno al inicio de la soldadura TIG. Coloque la aguja de tungsteno en un \u00e1ngulo de 70\u00b0 sobre la pieza y mueva la antorcha de tungsteno para que quede perpendicular a la pieza. Retire suavemente la aguja de tungsteno de la pieza y se iniciar\u00e1 el arco de soldadura. Lift-TIG protege los electrodos de tungsteno al iniciar la soldadura TIG.<\/p>\n<p>(Nota: Tendr\u00e1 que limpiar el tungsteno a menudo, ya que arrastrar\u00e1 la suciedad del material al tungsteno con \u00e9l al iniciar el arco con Lift Tig).<\/p>\n","protected":false},"excerpt":{"rendered":"<p>El XTS 204MMA funciona con 230V monof\u00e1sicos (enchufe est\u00e1ndar de casa\/jard\u00edn), a 50\/60Hz.<\/p>\n<p>Ciclo de trabajo 200A @ 25%, 120A @ 60% y 100A @100%, con un fusible T de 20A.<\/p>\n<p>Se trata de un modelo compacto y port\u00e1til con asa de transporte que s\u00f3lo pesa 4,8 kg.<\/p>\n<p>Ideal para:<\/p>\n<p>Producci\u00f3n industrial ligera<br \/>\nProducci\u00f3n de metales<br \/>\nMantenimiento y reparaci\u00f3n<br \/>\nAgricultura<br \/>\nBricolaje<br \/>\nFormaci\u00f3n<\/p>\n","protected":false},"featured_media":229089,"comment_status":"closed","ping_status":"closed","template":"","meta":[],"product_brand":[],"product_cat":[461,128,4118,146],"product_tag":[],"class_list":{"0":"post-254949","1":"product","2":"type-product","3":"status-publish","4":"has-post-thumbnail","6":"product_cat-equipo-de-soldadura-electrodos-es","7":"product_cat-nuevo-equipo-de-soldadura","8":"product_cat-parweld-2-es","9":"product_cat-todos-los-productos","10":"product_shipping_class-kleine-machines-europa-es","12":"first","13":"instock","14":"taxable","15":"shipping-taxable","16":"purchasable","17":"product-type-simple"},"yoast_head":"<!-- This site is optimized with the Yoast SEO plugin v27.4 - https:\/\/yoast.com\/product\/yoast-seo-wordpress\/ -->\n<title>Parweld XTS 204 - Cjays Lastechniek | Gebruikte Lasapparaten<\/title>\n<meta name=\"description\" content=\"Parweld XTS 204 %%excerpt\" \/>\n<meta name=\"robots\" content=\"index, follow, max-snippet:-1, max-image-preview:large, max-video-preview:-1\" \/>\n<link rel=\"canonical\" href=\"https:\/\/cjays.eu\/es\/producto\/parweld-xts-204-2\/\" \/>\n<meta property=\"og:locale\" content=\"es_ES\" \/>\n<meta property=\"og:type\" content=\"article\" \/>\n<meta property=\"og:title\" content=\"Parweld XTS 204 - Cjays Lastechniek | Gebruikte Lasapparaten\" \/>\n<meta property=\"og:description\" content=\"Parweld XTS 204 %%excerpt\" \/>\n<meta property=\"og:url\" content=\"https:\/\/cjays.eu\/es\/producto\/parweld-xts-204-2\/\" \/>\n<meta property=\"og:site_name\" content=\"Cjays Lastechniek | Gebruikte Lasapparaten\" \/>\n<meta property=\"article:publisher\" content=\"https:\/\/www.facebook.com\/cjayslastechniek.nl\" \/>\n<meta property=\"article:modified_time\" content=\"2022-11-17T10:56:22+00:00\" \/>\n<meta property=\"og:image\" content=\"https:\/\/cjays.eu\/wp-content\/uploads\/2022\/02\/Parweld-XTS204.jpg\" \/>\n\t<meta property=\"og:image:width\" content=\"1440\" \/>\n\t<meta property=\"og:image:height\" content=\"1920\" \/>\n\t<meta property=\"og:image:type\" content=\"image\/jpeg\" \/>\n<meta name=\"twitter:card\" content=\"summary_large_image\" \/>\n<meta name=\"twitter:label1\" content=\"Tiempo de lectura\" \/>\n\t<meta name=\"twitter:data1\" content=\"2 minutos\" \/>\n<script type=\"application\/ld+json\" class=\"yoast-schema-graph\">{\"@context\":\"https:\\\/\\\/schema.org\",\"@graph\":[{\"@type\":\"WebPage\",\"@id\":\"https:\\\/\\\/cjays.eu\\\/es\\\/producto\\\/parweld-xts-204-2\\\/\",\"url\":\"https:\\\/\\\/cjays.eu\\\/es\\\/producto\\\/parweld-xts-204-2\\\/\",\"name\":\"Parweld XTS 204 - Cjays Lastechniek | Gebruikte Lasapparaten\",\"isPartOf\":{\"@id\":\"https:\\\/\\\/cjays.eu\\\/#website\"},\"primaryImageOfPage\":{\"@id\":\"https:\\\/\\\/cjays.eu\\\/es\\\/producto\\\/parweld-xts-204-2\\\/#primaryimage\"},\"image\":{\"@id\":\"https:\\\/\\\/cjays.eu\\\/es\\\/producto\\\/parweld-xts-204-2\\\/#primaryimage\"},\"thumbnailUrl\":\"https:\\\/\\\/cjays.eu\\\/wp-content\\\/uploads\\\/2022\\\/02\\\/Parweld-XTS204.jpg\",\"datePublished\":\"2022-11-17T10:48:17+00:00\",\"dateModified\":\"2022-11-17T10:56:22+00:00\",\"description\":\"Parweld XTS 204 %%excerpt\",\"breadcrumb\":{\"@id\":\"https:\\\/\\\/cjays.eu\\\/es\\\/producto\\\/parweld-xts-204-2\\\/#breadcrumb\"},\"inLanguage\":\"es\",\"potentialAction\":[{\"@type\":\"ReadAction\",\"target\":[\"https:\\\/\\\/cjays.eu\\\/es\\\/producto\\\/parweld-xts-204-2\\\/\"]}]},{\"@type\":\"ImageObject\",\"inLanguage\":\"es\",\"@id\":\"https:\\\/\\\/cjays.eu\\\/es\\\/producto\\\/parweld-xts-204-2\\\/#primaryimage\",\"url\":\"https:\\\/\\\/cjays.eu\\\/wp-content\\\/uploads\\\/2022\\\/02\\\/Parweld-XTS204.jpg\",\"contentUrl\":\"https:\\\/\\\/cjays.eu\\\/wp-content\\\/uploads\\\/2022\\\/02\\\/Parweld-XTS204.jpg\",\"width\":1440,\"height\":1920},{\"@type\":\"BreadcrumbList\",\"@id\":\"https:\\\/\\\/cjays.eu\\\/es\\\/producto\\\/parweld-xts-204-2\\\/#breadcrumb\",\"itemListElement\":[{\"@type\":\"ListItem\",\"position\":1,\"name\":\"Home\",\"item\":\"https:\\\/\\\/cjays.eu\\\/\"},{\"@type\":\"ListItem\",\"position\":2,\"name\":\"Winkel\",\"item\":\"https:\\\/\\\/cjays.eu\\\/winkel\\\/\"},{\"@type\":\"ListItem\",\"position\":3,\"name\":\"Parweld XTS 204\"}]},{\"@type\":\"WebSite\",\"@id\":\"https:\\\/\\\/cjays.eu\\\/#website\",\"url\":\"https:\\\/\\\/cjays.eu\\\/\",\"name\":\"Cjays Lastechniek | Gebruikte Lasapparaten\",\"description\":\"Gebruikte &amp; Nieuwe Lasapparaten &amp; Lasbenodigdheden\",\"publisher\":{\"@id\":\"https:\\\/\\\/cjays.eu\\\/#organization\"},\"alternateName\":\"Cjays\",\"potentialAction\":[{\"@type\":\"SearchAction\",\"target\":{\"@type\":\"EntryPoint\",\"urlTemplate\":\"https:\\\/\\\/cjays.eu\\\/?s={search_term_string}\"},\"query-input\":{\"@type\":\"PropertyValueSpecification\",\"valueRequired\":true,\"valueName\":\"search_term_string\"}}],\"inLanguage\":\"es\"},{\"@type\":\"Organization\",\"@id\":\"https:\\\/\\\/cjays.eu\\\/#organization\",\"name\":\"Cjays Lastechniek\",\"alternateName\":\"Cjays\",\"url\":\"https:\\\/\\\/cjays.eu\\\/\",\"logo\":{\"@type\":\"ImageObject\",\"inLanguage\":\"es\",\"@id\":\"https:\\\/\\\/cjays.eu\\\/#\\\/schema\\\/logo\\\/image\\\/\",\"url\":\"https:\\\/\\\/cjays.eu\\\/wp-content\\\/uploads\\\/2022\\\/01\\\/logo-cjays-e1643484777484.png\",\"contentUrl\":\"https:\\\/\\\/cjays.eu\\\/wp-content\\\/uploads\\\/2022\\\/01\\\/logo-cjays-e1643484777484.png\",\"width\":500,\"height\":198,\"caption\":\"Cjays Lastechniek\"},\"image\":{\"@id\":\"https:\\\/\\\/cjays.eu\\\/#\\\/schema\\\/logo\\\/image\\\/\"},\"sameAs\":[\"https:\\\/\\\/www.facebook.com\\\/cjayslastechniek.nl\",\"https:\\\/\\\/www.instagram.com\\\/cjays.lastechniek\\\/\",\"https:\\\/\\\/www.youtube.com\\\/@cjayslastechniek2812\"]}]}<\/script>\n<!-- \/ Yoast SEO plugin. -->","yoast_head_json":{"title":"Parweld XTS 204 - Cjays Lastechniek | Gebruikte Lasapparaten","description":"Parweld XTS 204 %%excerpt","robots":{"index":"index","follow":"follow","max-snippet":"max-snippet:-1","max-image-preview":"max-image-preview:large","max-video-preview":"max-video-preview:-1"},"canonical":"https:\/\/cjays.eu\/es\/producto\/parweld-xts-204-2\/","og_locale":"es_ES","og_type":"article","og_title":"Parweld XTS 204 - Cjays Lastechniek | Gebruikte Lasapparaten","og_description":"Parweld XTS 204 %%excerpt","og_url":"https:\/\/cjays.eu\/es\/producto\/parweld-xts-204-2\/","og_site_name":"Cjays Lastechniek | Gebruikte Lasapparaten","article_publisher":"https:\/\/www.facebook.com\/cjayslastechniek.nl","article_modified_time":"2022-11-17T10:56:22+00:00","og_image":[{"width":1440,"height":1920,"url":"https:\/\/cjays.eu\/wp-content\/uploads\/2022\/02\/Parweld-XTS204.jpg","type":"image\/jpeg"}],"twitter_card":"summary_large_image","twitter_misc":{"Tiempo de lectura":"2 minutos"},"schema":{"@context":"https:\/\/schema.org","@graph":[{"@type":"WebPage","@id":"https:\/\/cjays.eu\/es\/producto\/parweld-xts-204-2\/","url":"https:\/\/cjays.eu\/es\/producto\/parweld-xts-204-2\/","name":"Parweld XTS 204 - Cjays Lastechniek | Gebruikte Lasapparaten","isPartOf":{"@id":"https:\/\/cjays.eu\/#website"},"primaryImageOfPage":{"@id":"https:\/\/cjays.eu\/es\/producto\/parweld-xts-204-2\/#primaryimage"},"image":{"@id":"https:\/\/cjays.eu\/es\/producto\/parweld-xts-204-2\/#primaryimage"},"thumbnailUrl":"https:\/\/cjays.eu\/wp-content\/uploads\/2022\/02\/Parweld-XTS204.jpg","datePublished":"2022-11-17T10:48:17+00:00","dateModified":"2022-11-17T10:56:22+00:00","description":"Parweld XTS 204 %%excerpt","breadcrumb":{"@id":"https:\/\/cjays.eu\/es\/producto\/parweld-xts-204-2\/#breadcrumb"},"inLanguage":"es","potentialAction":[{"@type":"ReadAction","target":["https:\/\/cjays.eu\/es\/producto\/parweld-xts-204-2\/"]}]},{"@type":"ImageObject","inLanguage":"es","@id":"https:\/\/cjays.eu\/es\/producto\/parweld-xts-204-2\/#primaryimage","url":"https:\/\/cjays.eu\/wp-content\/uploads\/2022\/02\/Parweld-XTS204.jpg","contentUrl":"https:\/\/cjays.eu\/wp-content\/uploads\/2022\/02\/Parweld-XTS204.jpg","width":1440,"height":1920},{"@type":"BreadcrumbList","@id":"https:\/\/cjays.eu\/es\/producto\/parweld-xts-204-2\/#breadcrumb","itemListElement":[{"@type":"ListItem","position":1,"name":"Home","item":"https:\/\/cjays.eu\/"},{"@type":"ListItem","position":2,"name":"Winkel","item":"https:\/\/cjays.eu\/winkel\/"},{"@type":"ListItem","position":3,"name":"Parweld XTS 204"}]},{"@type":"WebSite","@id":"https:\/\/cjays.eu\/#website","url":"https:\/\/cjays.eu\/","name":"Cjays Lastechniek | Gebruikte Lasapparaten","description":"Gebruikte &amp; Nieuwe Lasapparaten &amp; Lasbenodigdheden","publisher":{"@id":"https:\/\/cjays.eu\/#organization"},"alternateName":"Cjays","potentialAction":[{"@type":"SearchAction","target":{"@type":"EntryPoint","urlTemplate":"https:\/\/cjays.eu\/?s={search_term_string}"},"query-input":{"@type":"PropertyValueSpecification","valueRequired":true,"valueName":"search_term_string"}}],"inLanguage":"es"},{"@type":"Organization","@id":"https:\/\/cjays.eu\/#organization","name":"Cjays Lastechniek","alternateName":"Cjays","url":"https:\/\/cjays.eu\/","logo":{"@type":"ImageObject","inLanguage":"es","@id":"https:\/\/cjays.eu\/#\/schema\/logo\/image\/","url":"https:\/\/cjays.eu\/wp-content\/uploads\/2022\/01\/logo-cjays-e1643484777484.png","contentUrl":"https:\/\/cjays.eu\/wp-content\/uploads\/2022\/01\/logo-cjays-e1643484777484.png","width":500,"height":198,"caption":"Cjays Lastechniek"},"image":{"@id":"https:\/\/cjays.eu\/#\/schema\/logo\/image\/"},"sameAs":["https:\/\/www.facebook.com\/cjayslastechniek.nl","https:\/\/www.instagram.com\/cjays.lastechniek\/","https:\/\/www.youtube.com\/@cjayslastechniek2812"]}]}},"_links":{"self":[{"href":"https:\/\/cjays.eu\/es\/wp-json\/wp\/v2\/product\/254949","targetHints":{"allow":["GET"]}}],"collection":[{"href":"https:\/\/cjays.eu\/es\/wp-json\/wp\/v2\/product"}],"about":[{"href":"https:\/\/cjays.eu\/es\/wp-json\/wp\/v2\/types\/product"}],"replies":[{"embeddable":true,"href":"https:\/\/cjays.eu\/es\/wp-json\/wp\/v2\/comments?post=254949"}],"wp:featuredmedia":[{"embeddable":true,"href":"https:\/\/cjays.eu\/es\/wp-json\/wp\/v2\/media\/229089"}],"wp:attachment":[{"href":"https:\/\/cjays.eu\/es\/wp-json\/wp\/v2\/media?parent=254949"}],"wp:term":[{"taxonomy":"product_brand","embeddable":true,"href":"https:\/\/cjays.eu\/es\/wp-json\/wp\/v2\/product_brand?post=254949"},{"taxonomy":"product_cat","embeddable":true,"href":"https:\/\/cjays.eu\/es\/wp-json\/wp\/v2\/product_cat?post=254949"},{"taxonomy":"product_tag","embeddable":true,"href":"https:\/\/cjays.eu\/es\/wp-json\/wp\/v2\/product_tag?post=254949"}],"curies":[{"name":"wp","href":"https:\/\/api.w.org\/{rel}","templated":true}]}}