{"id":254209,"date":"2022-10-11T12:11:29","date_gmt":"2022-10-11T10:11:29","guid":{"rendered":"https:\/\/cjays.eu\/product\/mg2-15kg-staal-lasdraad-2\/"},"modified":"2025-02-20T10:37:02","modified_gmt":"2025-02-20T09:37:02","slug":"mg2-15kg-staal-lasdraad-2","status":"publish","type":"product","link":"https:\/\/cjays.eu\/es\/producto\/mg2-15kg-staal-lasdraad-2\/","title":{"rendered":"MG2 SG2 15kg Hilo de Soldadura Acero"},"content":{"rendered":"<p>Magmaweld MG2 es un hilo no aleado para la soldadura MIG\/MAG de aceros estructurales generales, tuber\u00edas y aceros fundidos utilizando CO2 o gases de protecci\u00f3n mixtos. Se utiliza generalmente en la construcci\u00f3n de acero, la construcci\u00f3n naval, la ingenier\u00eda mec\u00e1nica, la construcci\u00f3n de tanques, la construcci\u00f3n de calderas y la industria del autom\u00f3vil. Un fino revestimiento de cobre aumenta la conductividad el\u00e9ctrica y protege el cable de la corrosi\u00f3n.<\/p>\n","protected":false},"excerpt":{"rendered":"<p>Magmaweld MG2 es un hilo no aleado para la soldadura MIG\/MAG de aceros estructurales generales, tuber\u00edas y aceros fundidos utilizando CO2 o gases de protecci\u00f3n mixtos.<span class=\"excerpt-hellip\"> [\u2026]<\/span><\/p>\n","protected":false},"featured_media":1338,"comment_status":"closed","ping_status":"closed","template":"","meta":[],"product_brand":[],"product_cat":[401,199,223,146],"product_tag":[],"class_list":{"0":"post-254209","1":"product","2":"type-product","3":"status-publish","4":"has-post-thumbnail","6":"product_cat-alambre-de-soldadura-mig","7":"product_cat-consumibles","8":"product_cat-suministros-de-soldadura","9":"product_cat-todos-los-productos","10":"product_shipping_class-paquetes","12":"first","13":"instock","14":"taxable","15":"shipping-taxable","16":"purchasable","17":"product-type-variable"},"yoast_head":"<!-- This site is optimized with the Yoast SEO plugin v27.4 - https:\/\/yoast.com\/product\/yoast-seo-wordpress\/ -->\n<title>MG2 SG2 15kg Hilo de Soldadura Acero - Cjays Lastechniek | Gebruikte Lasapparaten<\/title>\n<meta name=\"description\" content=\"MG2 SG2 15kg Hilo de Soldadura Acero %%excerpt\" \/>\n<meta name=\"robots\" content=\"index, follow, max-snippet:-1, max-image-preview:large, max-video-preview:-1\" \/>\n<link rel=\"canonical\" href=\"https:\/\/cjays.eu\/es\/producto\/mg2-15kg-staal-lasdraad-2\/\" \/>\n<meta property=\"og:locale\" content=\"es_ES\" \/>\n<meta property=\"og:type\" content=\"article\" \/>\n<meta property=\"og:title\" content=\"MG2 SG2 15kg Hilo de Soldadura Acero - Cjays Lastechniek | Gebruikte Lasapparaten\" \/>\n<meta property=\"og:description\" content=\"MG2 SG2 15kg Hilo de Soldadura Acero %%excerpt\" \/>\n<meta property=\"og:url\" content=\"https:\/\/cjays.eu\/es\/producto\/mg2-15kg-staal-lasdraad-2\/\" \/>\n<meta property=\"og:site_name\" content=\"Cjays Lastechniek | Gebruikte Lasapparaten\" \/>\n<meta property=\"article:publisher\" content=\"https:\/\/www.facebook.com\/cjayslastechniek.nl\" \/>\n<meta property=\"article:modified_time\" content=\"2025-02-20T09:37:02+00:00\" \/>\n<meta property=\"og:image\" content=\"https:\/\/cjays.eu\/wp-content\/uploads\/2021\/12\/magmaweld-mg-2-k300ms-gaz-alti-kaynak-teli-0-8mm-15kg-1-600x600-1.jpg\" \/>\n\t<meta property=\"og:image:width\" content=\"600\" \/>\n\t<meta property=\"og:image:height\" content=\"600\" \/>\n\t<meta property=\"og:image:type\" content=\"image\/jpeg\" \/>\n<meta name=\"twitter:card\" content=\"summary_large_image\" \/>\n<meta name=\"twitter:label1\" content=\"Tiempo de lectura\" \/>\n\t<meta name=\"twitter:data1\" content=\"1 minuto\" \/>\n<script type=\"application\/ld+json\" class=\"yoast-schema-graph\">{\"@context\":\"https:\\\/\\\/schema.org\",\"@graph\":[{\"@type\":\"WebPage\",\"@id\":\"https:\\\/\\\/cjays.eu\\\/es\\\/producto\\\/mg2-15kg-staal-lasdraad-2\\\/\",\"url\":\"https:\\\/\\\/cjays.eu\\\/es\\\/producto\\\/mg2-15kg-staal-lasdraad-2\\\/\",\"name\":\"MG2 SG2 15kg Hilo de Soldadura Acero - Cjays Lastechniek | Gebruikte Lasapparaten\",\"isPartOf\":{\"@id\":\"https:\\\/\\\/cjays.eu\\\/#website\"},\"primaryImageOfPage\":{\"@id\":\"https:\\\/\\\/cjays.eu\\\/es\\\/producto\\\/mg2-15kg-staal-lasdraad-2\\\/#primaryimage\"},\"image\":{\"@id\":\"https:\\\/\\\/cjays.eu\\\/es\\\/producto\\\/mg2-15kg-staal-lasdraad-2\\\/#primaryimage\"},\"thumbnailUrl\":\"https:\\\/\\\/cjays.eu\\\/wp-content\\\/uploads\\\/2021\\\/12\\\/magmaweld-mg-2-k300ms-gaz-alti-kaynak-teli-0-8mm-15kg-1-600x600-1.jpg\",\"datePublished\":\"2022-10-11T10:11:29+00:00\",\"dateModified\":\"2025-02-20T09:37:02+00:00\",\"description\":\"MG2 SG2 15kg Hilo de Soldadura Acero %%excerpt\",\"breadcrumb\":{\"@id\":\"https:\\\/\\\/cjays.eu\\\/es\\\/producto\\\/mg2-15kg-staal-lasdraad-2\\\/#breadcrumb\"},\"inLanguage\":\"es\",\"potentialAction\":[{\"@type\":\"ReadAction\",\"target\":[\"https:\\\/\\\/cjays.eu\\\/es\\\/producto\\\/mg2-15kg-staal-lasdraad-2\\\/\"]}]},{\"@type\":\"ImageObject\",\"inLanguage\":\"es\",\"@id\":\"https:\\\/\\\/cjays.eu\\\/es\\\/producto\\\/mg2-15kg-staal-lasdraad-2\\\/#primaryimage\",\"url\":\"https:\\\/\\\/cjays.eu\\\/wp-content\\\/uploads\\\/2021\\\/12\\\/magmaweld-mg-2-k300ms-gaz-alti-kaynak-teli-0-8mm-15kg-1-600x600-1.jpg\",\"contentUrl\":\"https:\\\/\\\/cjays.eu\\\/wp-content\\\/uploads\\\/2021\\\/12\\\/magmaweld-mg-2-k300ms-gaz-alti-kaynak-teli-0-8mm-15kg-1-600x600-1.jpg\",\"width\":600,\"height\":600,\"caption\":\"MG3 5KG & 15KG Lasdraad\"},{\"@type\":\"BreadcrumbList\",\"@id\":\"https:\\\/\\\/cjays.eu\\\/es\\\/producto\\\/mg2-15kg-staal-lasdraad-2\\\/#breadcrumb\",\"itemListElement\":[{\"@type\":\"ListItem\",\"position\":1,\"name\":\"Home\",\"item\":\"https:\\\/\\\/cjays.eu\\\/\"},{\"@type\":\"ListItem\",\"position\":2,\"name\":\"Winkel\",\"item\":\"https:\\\/\\\/cjays.eu\\\/winkel\\\/\"},{\"@type\":\"ListItem\",\"position\":3,\"name\":\"MG2 SG2 15kg Hilo de Soldadura Acero\"}]},{\"@type\":\"WebSite\",\"@id\":\"https:\\\/\\\/cjays.eu\\\/#website\",\"url\":\"https:\\\/\\\/cjays.eu\\\/\",\"name\":\"Cjays Lastechniek | Gebruikte Lasapparaten\",\"description\":\"Gebruikte &amp; Nieuwe Lasapparaten &amp; Lasbenodigdheden\",\"publisher\":{\"@id\":\"https:\\\/\\\/cjays.eu\\\/#organization\"},\"alternateName\":\"Cjays\",\"potentialAction\":[{\"@type\":\"SearchAction\",\"target\":{\"@type\":\"EntryPoint\",\"urlTemplate\":\"https:\\\/\\\/cjays.eu\\\/?s={search_term_string}\"},\"query-input\":{\"@type\":\"PropertyValueSpecification\",\"valueRequired\":true,\"valueName\":\"search_term_string\"}}],\"inLanguage\":\"es\"},{\"@type\":\"Organization\",\"@id\":\"https:\\\/\\\/cjays.eu\\\/#organization\",\"name\":\"Cjays Lastechniek\",\"alternateName\":\"Cjays\",\"url\":\"https:\\\/\\\/cjays.eu\\\/\",\"logo\":{\"@type\":\"ImageObject\",\"inLanguage\":\"es\",\"@id\":\"https:\\\/\\\/cjays.eu\\\/#\\\/schema\\\/logo\\\/image\\\/\",\"url\":\"https:\\\/\\\/cjays.eu\\\/wp-content\\\/uploads\\\/2022\\\/01\\\/logo-cjays-e1643484777484.png\",\"contentUrl\":\"https:\\\/\\\/cjays.eu\\\/wp-content\\\/uploads\\\/2022\\\/01\\\/logo-cjays-e1643484777484.png\",\"width\":500,\"height\":198,\"caption\":\"Cjays Lastechniek\"},\"image\":{\"@id\":\"https:\\\/\\\/cjays.eu\\\/#\\\/schema\\\/logo\\\/image\\\/\"},\"sameAs\":[\"https:\\\/\\\/www.facebook.com\\\/cjayslastechniek.nl\",\"https:\\\/\\\/www.instagram.com\\\/cjays.lastechniek\\\/\",\"https:\\\/\\\/www.youtube.com\\\/@cjayslastechniek2812\"]}]}<\/script>\n<!-- \/ Yoast SEO plugin. -->","yoast_head_json":{"title":"MG2 SG2 15kg Hilo de Soldadura Acero - Cjays Lastechniek | Gebruikte Lasapparaten","description":"MG2 SG2 15kg Hilo de Soldadura Acero %%excerpt","robots":{"index":"index","follow":"follow","max-snippet":"max-snippet:-1","max-image-preview":"max-image-preview:large","max-video-preview":"max-video-preview:-1"},"canonical":"https:\/\/cjays.eu\/es\/producto\/mg2-15kg-staal-lasdraad-2\/","og_locale":"es_ES","og_type":"article","og_title":"MG2 SG2 15kg Hilo de Soldadura Acero - Cjays Lastechniek | Gebruikte Lasapparaten","og_description":"MG2 SG2 15kg Hilo de Soldadura Acero %%excerpt","og_url":"https:\/\/cjays.eu\/es\/producto\/mg2-15kg-staal-lasdraad-2\/","og_site_name":"Cjays Lastechniek | Gebruikte Lasapparaten","article_publisher":"https:\/\/www.facebook.com\/cjayslastechniek.nl","article_modified_time":"2025-02-20T09:37:02+00:00","og_image":[{"width":600,"height":600,"url":"https:\/\/cjays.eu\/wp-content\/uploads\/2021\/12\/magmaweld-mg-2-k300ms-gaz-alti-kaynak-teli-0-8mm-15kg-1-600x600-1.jpg","type":"image\/jpeg"}],"twitter_card":"summary_large_image","twitter_misc":{"Tiempo de lectura":"1 minuto"},"schema":{"@context":"https:\/\/schema.org","@graph":[{"@type":"WebPage","@id":"https:\/\/cjays.eu\/es\/producto\/mg2-15kg-staal-lasdraad-2\/","url":"https:\/\/cjays.eu\/es\/producto\/mg2-15kg-staal-lasdraad-2\/","name":"MG2 SG2 15kg Hilo de Soldadura Acero - Cjays Lastechniek | Gebruikte Lasapparaten","isPartOf":{"@id":"https:\/\/cjays.eu\/#website"},"primaryImageOfPage":{"@id":"https:\/\/cjays.eu\/es\/producto\/mg2-15kg-staal-lasdraad-2\/#primaryimage"},"image":{"@id":"https:\/\/cjays.eu\/es\/producto\/mg2-15kg-staal-lasdraad-2\/#primaryimage"},"thumbnailUrl":"https:\/\/cjays.eu\/wp-content\/uploads\/2021\/12\/magmaweld-mg-2-k300ms-gaz-alti-kaynak-teli-0-8mm-15kg-1-600x600-1.jpg","datePublished":"2022-10-11T10:11:29+00:00","dateModified":"2025-02-20T09:37:02+00:00","description":"MG2 SG2 15kg Hilo de Soldadura Acero %%excerpt","breadcrumb":{"@id":"https:\/\/cjays.eu\/es\/producto\/mg2-15kg-staal-lasdraad-2\/#breadcrumb"},"inLanguage":"es","potentialAction":[{"@type":"ReadAction","target":["https:\/\/cjays.eu\/es\/producto\/mg2-15kg-staal-lasdraad-2\/"]}]},{"@type":"ImageObject","inLanguage":"es","@id":"https:\/\/cjays.eu\/es\/producto\/mg2-15kg-staal-lasdraad-2\/#primaryimage","url":"https:\/\/cjays.eu\/wp-content\/uploads\/2021\/12\/magmaweld-mg-2-k300ms-gaz-alti-kaynak-teli-0-8mm-15kg-1-600x600-1.jpg","contentUrl":"https:\/\/cjays.eu\/wp-content\/uploads\/2021\/12\/magmaweld-mg-2-k300ms-gaz-alti-kaynak-teli-0-8mm-15kg-1-600x600-1.jpg","width":600,"height":600,"caption":"MG3 5KG & 15KG Lasdraad"},{"@type":"BreadcrumbList","@id":"https:\/\/cjays.eu\/es\/producto\/mg2-15kg-staal-lasdraad-2\/#breadcrumb","itemListElement":[{"@type":"ListItem","position":1,"name":"Home","item":"https:\/\/cjays.eu\/"},{"@type":"ListItem","position":2,"name":"Winkel","item":"https:\/\/cjays.eu\/winkel\/"},{"@type":"ListItem","position":3,"name":"MG2 SG2 15kg Hilo de Soldadura Acero"}]},{"@type":"WebSite","@id":"https:\/\/cjays.eu\/#website","url":"https:\/\/cjays.eu\/","name":"Cjays Lastechniek | Gebruikte Lasapparaten","description":"Gebruikte &amp; Nieuwe Lasapparaten &amp; Lasbenodigdheden","publisher":{"@id":"https:\/\/cjays.eu\/#organization"},"alternateName":"Cjays","potentialAction":[{"@type":"SearchAction","target":{"@type":"EntryPoint","urlTemplate":"https:\/\/cjays.eu\/?s={search_term_string}"},"query-input":{"@type":"PropertyValueSpecification","valueRequired":true,"valueName":"search_term_string"}}],"inLanguage":"es"},{"@type":"Organization","@id":"https:\/\/cjays.eu\/#organization","name":"Cjays Lastechniek","alternateName":"Cjays","url":"https:\/\/cjays.eu\/","logo":{"@type":"ImageObject","inLanguage":"es","@id":"https:\/\/cjays.eu\/#\/schema\/logo\/image\/","url":"https:\/\/cjays.eu\/wp-content\/uploads\/2022\/01\/logo-cjays-e1643484777484.png","contentUrl":"https:\/\/cjays.eu\/wp-content\/uploads\/2022\/01\/logo-cjays-e1643484777484.png","width":500,"height":198,"caption":"Cjays Lastechniek"},"image":{"@id":"https:\/\/cjays.eu\/#\/schema\/logo\/image\/"},"sameAs":["https:\/\/www.facebook.com\/cjayslastechniek.nl","https:\/\/www.instagram.com\/cjays.lastechniek\/","https:\/\/www.youtube.com\/@cjayslastechniek2812"]}]}},"_links":{"self":[{"href":"https:\/\/cjays.eu\/es\/wp-json\/wp\/v2\/product\/254209","targetHints":{"allow":["GET"]}}],"collection":[{"href":"https:\/\/cjays.eu\/es\/wp-json\/wp\/v2\/product"}],"about":[{"href":"https:\/\/cjays.eu\/es\/wp-json\/wp\/v2\/types\/product"}],"replies":[{"embeddable":true,"href":"https:\/\/cjays.eu\/es\/wp-json\/wp\/v2\/comments?post=254209"}],"wp:featuredmedia":[{"embeddable":true,"href":"https:\/\/cjays.eu\/es\/wp-json\/wp\/v2\/media\/1338"}],"wp:attachment":[{"href":"https:\/\/cjays.eu\/es\/wp-json\/wp\/v2\/media?parent=254209"}],"wp:term":[{"taxonomy":"product_brand","embeddable":true,"href":"https:\/\/cjays.eu\/es\/wp-json\/wp\/v2\/product_brand?post=254209"},{"taxonomy":"product_cat","embeddable":true,"href":"https:\/\/cjays.eu\/es\/wp-json\/wp\/v2\/product_cat?post=254209"},{"taxonomy":"product_tag","embeddable":true,"href":"https:\/\/cjays.eu\/es\/wp-json\/wp\/v2\/product_tag?post=254209"}],"curies":[{"name":"wp","href":"https:\/\/api.w.org\/{rel}","templated":true}]}}