{"id":253291,"date":"2022-09-13T11:45:08","date_gmt":"2022-09-13T09:45:08","guid":{"rendered":"https:\/\/cjays.eu\/product\/parweld-xtm221-di-5-in-1\/"},"modified":"2024-09-26T12:53:34","modified_gmt":"2024-09-26T10:53:34","slug":"parweld-xtm221-di-5-in-1","status":"publish","type":"product","link":"https:\/\/cjays.eu\/es\/producto\/parweld-xtm221-di-5-in-1\/","title":{"rendered":"Parweld XTM221 Di 5-en-1"},"content":{"rendered":"<p><iframe loading=\"lazy\" title=\"XTM 221Di User Interface Functions\" width=\"1220\" height=\"686\" src=\"https:\/\/www.youtube.com\/embed\/ejrxCB2lkPU?feature=oembed\" frameborder=\"0\" allow=\"accelerometer; autoplay; clipboard-write; encrypted-media; gyroscope; picture-in-picture; web-share\" referrerpolicy=\"strict-origin-when-cross-origin\" allowfullscreen><\/iframe><\/p>\n<p>INFORMACI\u00d3N T\u00c9CNICA<\/p>\n<p>Par\u00e1metro Valor<br \/>\nTipo de m\u00e1quina Inverter MIG\/TIG\/MMA<br \/>\nCortadora de plasma<br \/>\nBobina de soldadura 300mm (15kg), 200mm (5kg)<br \/>\nAlimentaci\u00f3n de alambre 4 rodillos<br \/>\nEspesor del hilo 0,6 &#8211; 0,8 &#8211; 0,9 &#8211; 1,0mm<br \/>\nTensi\u00f3n primaria 110V \/ 230V (conmutaci\u00f3n inteligente)<br \/>\nCorriente m\u00e1xima de soldadura 200A (1 x 240V)<br \/>\nFusible 16A T (240V) &#8211; 32A T (110V)<br \/>\nProgramas de plasma Corte est\u00e1ndar<br \/>\nCorte de chapas perforadas<br \/>\nRanurado<br \/>\nCortes en producci\u00f3n (plasma) 12 mm<br \/>\nCortes ocasionales (plasma) 20 mm<br \/>\nKVA 3,7<br \/>\nTama\u00f1o del generador 7 KVA<br \/>\nClase de aislamiento IP23S<br \/>\nDimensiones (mm) 615 x 275 x 495<br \/>\nPeso (kg) 27,8<\/p>\n<p>CC &#8211; 230V CA &#8211; 230V<br \/>\nTiempo de encendido a 40\u00b0C &#8211; 10 min<\/p>\n<p>MIG 200A @ 30%<br \/>\n140A @ 60%<br \/>\n110A @ 100%<\/p>\n<p>TIG 200A @ 25%<br \/>\n130A @ 60%<br \/>\n100A @ 100% 200A @ 30%<br \/>\n140A @ 60%<br \/>\n110A @ 100%<br \/>\nPLASMA 40A @ 30%<br \/>\n28A @ 60%<br \/>\n22A @ 100%<\/p>\n<p>MMA 200A @ 30%<br \/>\n140A @ 60%<br \/>\n100A @ 100% 200A @ 25%<br \/>\n130A @ 60%<br \/>\n100A @ 100%<\/p>\n<p>&nbsp;<\/p>\n<p>A trav\u00e9s de la selecci\u00f3n de procesos, elija entre:<\/p>\n<p>MIG SYN: soldadura MIG sin\u00e9rgica con configuraci\u00f3n sencilla y r\u00e1pida<br \/>\nMIG MAN: soldadura MIG de configuraci\u00f3n manual<br \/>\nSoldadura TIG: AC &amp; DC<br \/>\nSoldadura MMA: 60xx &amp; 70xx<br \/>\nCorte por plasma<\/p>\n","protected":false},"excerpt":{"rendered":"<h4><strong>Siempre la soldadora adecuada a mano. Puede utilizarse en cualquier lugar y con la mayor facilidad de uso.<\/strong><\/h4>\n<p><strong>MMA CA\/CC<\/strong><\/p>\n<p><strong>MIG<\/strong><\/p>\n<p><strong>TIG DC CON ELEVADOR TIG O HF<\/strong><br \/>\n<strong>TIG AC CON HF<\/strong><\/p>\n<p><strong>CORTE PLASMA<\/strong><\/p>\n<p>Especificaciones generales<\/p>\n<p>Con 1 pulsaci\u00f3n del bot\u00f3n de la antorcha, es posible cambiar entre soldadura MIG, TIG y corte por plasma.<br \/>\nLa XTM221Di dispone de 3 puntos de conexi\u00f3n traseros para la botella de gas y\/o aire comprimido necesarios.<br \/>\nFunciona con una fuente de alimentaci\u00f3n de 110 \/ 240 V.<br \/>\nCambio autom\u00e1tico de polaridad. No es necesario cambiar la conexi\u00f3n en la parte delantera de la m\u00e1quina.<br \/>\nGran pantalla en color de alta calidad con interfaz digital en varios idiomas (neerland\u00e9s, franc\u00e9s e ingl\u00e9s).<br \/>\nFunci\u00f3n de memoria para almacenar programas de soldadura.<br \/>\nVentilador con control t\u00e9rmico.<\/p>\n<p><strong>Soldadura MIG<\/strong><\/p>\n<p>La unidad puede configurarse para MIG sin\u00e9rgico o MIG manual.<br \/>\nEs posible soldar acero, acero inoxidable y aluminio.<br \/>\nTracci\u00f3n en las 4 ruedas para una alimentaci\u00f3n estable de la varilla de soldadura.<br \/>\nSoldadura MIG a partir de material de 0,9 mm de espesor.<br \/>\nDi\u00e1metro del hilo de soldadura: 0,6 mm &#8211; 0,8 mm &#8211; 0,9 mm &#8211; 1,0 mm.<br \/>\nPosibilidad de bobina de soldadura de 5kg o 15kg.<br \/>\nPosibilidad de antorcha de soldadura MIG con mando a distancia que permite controlar los par\u00e1metros directamente desde la antorcha (con o sin pantalla).<\/p>\n<p><strong>Soldadura TIG<\/strong><\/p>\n<p>La XTM221Di puede utilizarse tanto para soldadura CC, como CA con tig elevador y HF.<br \/>\nFunci\u00f3n Pulse TIG para un control superior del arco.<br \/>\nOpci\u00f3n entre ajuste manual o ajuste autom\u00e1tico.<br \/>\nSoldadura de acero, acero inoxidable y aluminio.<br \/>\nControl de corriente opcional en la antorcha con sistema de conmutaci\u00f3n PRO3MS (arriba\/abajo).<br \/>\nPedal opcional.<\/p>\n<p><strong>Corte por plasma<\/strong><\/p>\n<p>Acoplamiento r\u00e1pido independiente en la parte trasera de la m\u00e1quina para la conexi\u00f3n de aire comprimido.<br \/>\nFunciones de plasma: corte est\u00e1ndar, corte de chapa perforada y ranurado.<br \/>\nCortes en producci\u00f3n de 12 mm y ocasionalmente de 20 mm.<br \/>\nAntorchas de plasma posibles: XT4000 &#8211; 6 metros o Hypertherm\u00ae 70 &#8211; antorcha de 6 metros.<br \/>\nCiclo de trabajo 40A @ 30%, 28A @ 60%, 22A @ 100%.<\/p>\n<p>Incluye:<\/p>\n<p>Antorcha Mig de 4 metros<br \/>\nAntorcha Tig de 4 metros<br \/>\nAntorcha de plasma XT4000 de 6 metros<br \/>\n3 mangueras de gas (Mig, Tig y Plasma)<br \/>\n2 rodillos de arrastre: 0,8 &#8211; 1,0 MM para acero\/acero inoxidable<br \/>\nManual en l\u00ednea en ingl\u00e9s y holand\u00e9s<br \/>\nCertificado CE<\/p>\n","protected":false},"featured_media":253278,"comment_status":"closed","ping_status":"closed","template":"","meta":[],"product_brand":[],"product_cat":[472,468,128,4118,473,146],"product_tag":[],"class_list":{"0":"post-253291","1":"product","2":"type-product","3":"status-publish","4":"has-post-thumbnail","6":"product_cat-compacto","7":"product_cat-equipo-de-soldadura-mig-nuevo","8":"product_cat-nuevo-equipo-de-soldadura","9":"product_cat-parweld-2-es","10":"product_cat-portatil","11":"product_cat-todos-los-productos","12":"product_shipping_class-halve-pallet-es","14":"first","15":"onbackorder","16":"taxable","17":"shipping-taxable","18":"purchasable","19":"product-type-variable"},"yoast_head":"<!-- This site is optimized with the Yoast SEO plugin v27.5 - https:\/\/yoast.com\/product\/yoast-seo-wordpress\/ -->\n<title>Parweld XTM221 Di 5-en-1 - Cjays Lastechniek<\/title>\n<meta name=\"description\" content=\"Altijd de juiste lasmachine bij de hand. Overal inzetbaar en met het grootste gebruikscomfort.\u00a0MMA AC\/DC\u00a0MIG\u00a0TIG DC MET LIFT TIG OF HF\u00a0TIG AC MET HF.\" \/>\n<meta name=\"robots\" content=\"index, follow, max-snippet:-1, max-image-preview:large, max-video-preview:-1\" \/>\n<link rel=\"canonical\" href=\"https:\/\/cjays.eu\/es\/producto\/parweld-xtm221-di-5-in-1\/\" \/>\n<meta property=\"og:locale\" content=\"es_ES\" \/>\n<meta property=\"og:type\" content=\"article\" \/>\n<meta property=\"og:title\" content=\"Parweld XTM221 Di 5-en-1 - Cjays Lastechniek\" \/>\n<meta property=\"og:description\" content=\"Altijd de juiste lasmachine bij de hand. Overal inzetbaar en met het grootste gebruikscomfort.\u00a0MMA AC\/DC\u00a0MIG\u00a0TIG DC MET LIFT TIG OF HF\u00a0TIG AC MET HF.\" \/>\n<meta property=\"og:url\" content=\"https:\/\/cjays.eu\/es\/producto\/parweld-xtm221-di-5-in-1\/\" \/>\n<meta property=\"og:site_name\" content=\"Cjays Lastechniek | Gebruikte Lasapparaten\" \/>\n<meta property=\"article:publisher\" content=\"https:\/\/www.facebook.com\/cjayslastechniek.nl\" \/>\n<meta property=\"article:modified_time\" content=\"2024-09-26T10:53:34+00:00\" \/>\n<meta property=\"og:image\" content=\"https:\/\/cjays.eu\/wp-content\/uploads\/2022\/09\/Parweld-XTM221-Di-scaled.jpg\" \/>\n\t<meta property=\"og:image:width\" content=\"2560\" \/>\n\t<meta property=\"og:image:height\" content=\"2560\" \/>\n\t<meta property=\"og:image:type\" content=\"image\/jpeg\" \/>\n<meta name=\"twitter:card\" content=\"summary_large_image\" \/>\n<meta name=\"twitter:label1\" content=\"Tiempo de lectura\" \/>\n\t<meta name=\"twitter:data1\" content=\"1 minuto\" \/>\n<script type=\"application\/ld+json\" class=\"yoast-schema-graph\">{\"@context\":\"https:\\\/\\\/schema.org\",\"@graph\":[{\"@type\":\"WebPage\",\"@id\":\"https:\\\/\\\/cjays.eu\\\/es\\\/producto\\\/parweld-xtm221-di-5-in-1\\\/\",\"url\":\"https:\\\/\\\/cjays.eu\\\/es\\\/producto\\\/parweld-xtm221-di-5-in-1\\\/\",\"name\":\"Parweld XTM221 Di 5-en-1 - Cjays Lastechniek\",\"isPartOf\":{\"@id\":\"https:\\\/\\\/cjays.eu\\\/#website\"},\"primaryImageOfPage\":{\"@id\":\"https:\\\/\\\/cjays.eu\\\/es\\\/producto\\\/parweld-xtm221-di-5-in-1\\\/#primaryimage\"},\"image\":{\"@id\":\"https:\\\/\\\/cjays.eu\\\/es\\\/producto\\\/parweld-xtm221-di-5-in-1\\\/#primaryimage\"},\"thumbnailUrl\":\"https:\\\/\\\/cjays.eu\\\/wp-content\\\/uploads\\\/2022\\\/09\\\/Parweld-XTM221-Di-scaled.jpg\",\"datePublished\":\"2022-09-13T09:45:08+00:00\",\"dateModified\":\"2024-09-26T10:53:34+00:00\",\"description\":\"Altijd de juiste lasmachine bij de hand. Overal inzetbaar en met het grootste gebruikscomfort.\u00a0MMA AC\\\/DC\u00a0MIG\u00a0TIG DC MET LIFT TIG OF HF\u00a0TIG AC MET HF.\",\"breadcrumb\":{\"@id\":\"https:\\\/\\\/cjays.eu\\\/es\\\/producto\\\/parweld-xtm221-di-5-in-1\\\/#breadcrumb\"},\"inLanguage\":\"es\",\"potentialAction\":[{\"@type\":\"ReadAction\",\"target\":[\"https:\\\/\\\/cjays.eu\\\/es\\\/producto\\\/parweld-xtm221-di-5-in-1\\\/\"]}]},{\"@type\":\"ImageObject\",\"inLanguage\":\"es\",\"@id\":\"https:\\\/\\\/cjays.eu\\\/es\\\/producto\\\/parweld-xtm221-di-5-in-1\\\/#primaryimage\",\"url\":\"https:\\\/\\\/cjays.eu\\\/wp-content\\\/uploads\\\/2022\\\/09\\\/Parweld-XTM221-Di-scaled.jpg\",\"contentUrl\":\"https:\\\/\\\/cjays.eu\\\/wp-content\\\/uploads\\\/2022\\\/09\\\/Parweld-XTM221-Di-scaled.jpg\",\"width\":2560,\"height\":2560},{\"@type\":\"BreadcrumbList\",\"@id\":\"https:\\\/\\\/cjays.eu\\\/es\\\/producto\\\/parweld-xtm221-di-5-in-1\\\/#breadcrumb\",\"itemListElement\":[{\"@type\":\"ListItem\",\"position\":1,\"name\":\"Home\",\"item\":\"https:\\\/\\\/cjays.eu\\\/\"},{\"@type\":\"ListItem\",\"position\":2,\"name\":\"Winkel\",\"item\":\"https:\\\/\\\/cjays.eu\\\/winkel\\\/\"},{\"@type\":\"ListItem\",\"position\":3,\"name\":\"Parweld XTM221 Di 5-en-1\"}]},{\"@type\":\"WebSite\",\"@id\":\"https:\\\/\\\/cjays.eu\\\/#website\",\"url\":\"https:\\\/\\\/cjays.eu\\\/\",\"name\":\"Cjays Lastechniek | Gebruikte Lasapparaten\",\"description\":\"Gebruikte &amp; Nieuwe Lasapparaten &amp; Lasbenodigdheden\",\"publisher\":{\"@id\":\"https:\\\/\\\/cjays.eu\\\/#organization\"},\"alternateName\":\"Cjays\",\"potentialAction\":[{\"@type\":\"SearchAction\",\"target\":{\"@type\":\"EntryPoint\",\"urlTemplate\":\"https:\\\/\\\/cjays.eu\\\/?s={search_term_string}\"},\"query-input\":{\"@type\":\"PropertyValueSpecification\",\"valueRequired\":true,\"valueName\":\"search_term_string\"}}],\"inLanguage\":\"es\"},{\"@type\":\"Organization\",\"@id\":\"https:\\\/\\\/cjays.eu\\\/#organization\",\"name\":\"Cjays Lastechniek\",\"alternateName\":\"Cjays\",\"url\":\"https:\\\/\\\/cjays.eu\\\/\",\"logo\":{\"@type\":\"ImageObject\",\"inLanguage\":\"es\",\"@id\":\"https:\\\/\\\/cjays.eu\\\/#\\\/schema\\\/logo\\\/image\\\/\",\"url\":\"https:\\\/\\\/cjays.eu\\\/wp-content\\\/uploads\\\/2022\\\/01\\\/logo-cjays-e1643484777484.png\",\"contentUrl\":\"https:\\\/\\\/cjays.eu\\\/wp-content\\\/uploads\\\/2022\\\/01\\\/logo-cjays-e1643484777484.png\",\"width\":500,\"height\":198,\"caption\":\"Cjays Lastechniek\"},\"image\":{\"@id\":\"https:\\\/\\\/cjays.eu\\\/#\\\/schema\\\/logo\\\/image\\\/\"},\"sameAs\":[\"https:\\\/\\\/www.facebook.com\\\/cjayslastechniek.nl\",\"https:\\\/\\\/www.instagram.com\\\/cjays.lastechniek\\\/\",\"https:\\\/\\\/www.youtube.com\\\/@cjayslastechniek2812\"]}]}<\/script>\n<!-- \/ Yoast SEO plugin. -->","yoast_head_json":{"title":"Parweld XTM221 Di 5-en-1 - Cjays Lastechniek","description":"Altijd de juiste lasmachine bij de hand. Overal inzetbaar en met het grootste gebruikscomfort.\u00a0MMA AC\/DC\u00a0MIG\u00a0TIG DC MET LIFT TIG OF HF\u00a0TIG AC MET HF.","robots":{"index":"index","follow":"follow","max-snippet":"max-snippet:-1","max-image-preview":"max-image-preview:large","max-video-preview":"max-video-preview:-1"},"canonical":"https:\/\/cjays.eu\/es\/producto\/parweld-xtm221-di-5-in-1\/","og_locale":"es_ES","og_type":"article","og_title":"Parweld XTM221 Di 5-en-1 - Cjays Lastechniek","og_description":"Altijd de juiste lasmachine bij de hand. Overal inzetbaar en met het grootste gebruikscomfort.\u00a0MMA AC\/DC\u00a0MIG\u00a0TIG DC MET LIFT TIG OF HF\u00a0TIG AC MET HF.","og_url":"https:\/\/cjays.eu\/es\/producto\/parweld-xtm221-di-5-in-1\/","og_site_name":"Cjays Lastechniek | Gebruikte Lasapparaten","article_publisher":"https:\/\/www.facebook.com\/cjayslastechniek.nl","article_modified_time":"2024-09-26T10:53:34+00:00","og_image":[{"width":2560,"height":2560,"url":"https:\/\/cjays.eu\/wp-content\/uploads\/2022\/09\/Parweld-XTM221-Di-scaled.jpg","type":"image\/jpeg"}],"twitter_card":"summary_large_image","twitter_misc":{"Tiempo de lectura":"1 minuto"},"schema":{"@context":"https:\/\/schema.org","@graph":[{"@type":"WebPage","@id":"https:\/\/cjays.eu\/es\/producto\/parweld-xtm221-di-5-in-1\/","url":"https:\/\/cjays.eu\/es\/producto\/parweld-xtm221-di-5-in-1\/","name":"Parweld XTM221 Di 5-en-1 - Cjays Lastechniek","isPartOf":{"@id":"https:\/\/cjays.eu\/#website"},"primaryImageOfPage":{"@id":"https:\/\/cjays.eu\/es\/producto\/parweld-xtm221-di-5-in-1\/#primaryimage"},"image":{"@id":"https:\/\/cjays.eu\/es\/producto\/parweld-xtm221-di-5-in-1\/#primaryimage"},"thumbnailUrl":"https:\/\/cjays.eu\/wp-content\/uploads\/2022\/09\/Parweld-XTM221-Di-scaled.jpg","datePublished":"2022-09-13T09:45:08+00:00","dateModified":"2024-09-26T10:53:34+00:00","description":"Altijd de juiste lasmachine bij de hand. Overal inzetbaar en met het grootste gebruikscomfort.\u00a0MMA AC\/DC\u00a0MIG\u00a0TIG DC MET LIFT TIG OF HF\u00a0TIG AC MET HF.","breadcrumb":{"@id":"https:\/\/cjays.eu\/es\/producto\/parweld-xtm221-di-5-in-1\/#breadcrumb"},"inLanguage":"es","potentialAction":[{"@type":"ReadAction","target":["https:\/\/cjays.eu\/es\/producto\/parweld-xtm221-di-5-in-1\/"]}]},{"@type":"ImageObject","inLanguage":"es","@id":"https:\/\/cjays.eu\/es\/producto\/parweld-xtm221-di-5-in-1\/#primaryimage","url":"https:\/\/cjays.eu\/wp-content\/uploads\/2022\/09\/Parweld-XTM221-Di-scaled.jpg","contentUrl":"https:\/\/cjays.eu\/wp-content\/uploads\/2022\/09\/Parweld-XTM221-Di-scaled.jpg","width":2560,"height":2560},{"@type":"BreadcrumbList","@id":"https:\/\/cjays.eu\/es\/producto\/parweld-xtm221-di-5-in-1\/#breadcrumb","itemListElement":[{"@type":"ListItem","position":1,"name":"Home","item":"https:\/\/cjays.eu\/"},{"@type":"ListItem","position":2,"name":"Winkel","item":"https:\/\/cjays.eu\/winkel\/"},{"@type":"ListItem","position":3,"name":"Parweld XTM221 Di 5-en-1"}]},{"@type":"WebSite","@id":"https:\/\/cjays.eu\/#website","url":"https:\/\/cjays.eu\/","name":"Cjays Lastechniek | Gebruikte Lasapparaten","description":"Gebruikte &amp; Nieuwe Lasapparaten &amp; Lasbenodigdheden","publisher":{"@id":"https:\/\/cjays.eu\/#organization"},"alternateName":"Cjays","potentialAction":[{"@type":"SearchAction","target":{"@type":"EntryPoint","urlTemplate":"https:\/\/cjays.eu\/?s={search_term_string}"},"query-input":{"@type":"PropertyValueSpecification","valueRequired":true,"valueName":"search_term_string"}}],"inLanguage":"es"},{"@type":"Organization","@id":"https:\/\/cjays.eu\/#organization","name":"Cjays Lastechniek","alternateName":"Cjays","url":"https:\/\/cjays.eu\/","logo":{"@type":"ImageObject","inLanguage":"es","@id":"https:\/\/cjays.eu\/#\/schema\/logo\/image\/","url":"https:\/\/cjays.eu\/wp-content\/uploads\/2022\/01\/logo-cjays-e1643484777484.png","contentUrl":"https:\/\/cjays.eu\/wp-content\/uploads\/2022\/01\/logo-cjays-e1643484777484.png","width":500,"height":198,"caption":"Cjays Lastechniek"},"image":{"@id":"https:\/\/cjays.eu\/#\/schema\/logo\/image\/"},"sameAs":["https:\/\/www.facebook.com\/cjayslastechniek.nl","https:\/\/www.instagram.com\/cjays.lastechniek\/","https:\/\/www.youtube.com\/@cjayslastechniek2812"]}]}},"_links":{"self":[{"href":"https:\/\/cjays.eu\/es\/wp-json\/wp\/v2\/product\/253291","targetHints":{"allow":["GET"]}}],"collection":[{"href":"https:\/\/cjays.eu\/es\/wp-json\/wp\/v2\/product"}],"about":[{"href":"https:\/\/cjays.eu\/es\/wp-json\/wp\/v2\/types\/product"}],"replies":[{"embeddable":true,"href":"https:\/\/cjays.eu\/es\/wp-json\/wp\/v2\/comments?post=253291"}],"wp:featuredmedia":[{"embeddable":true,"href":"https:\/\/cjays.eu\/es\/wp-json\/wp\/v2\/media\/253278"}],"wp:attachment":[{"href":"https:\/\/cjays.eu\/es\/wp-json\/wp\/v2\/media?parent=253291"}],"wp:term":[{"taxonomy":"product_brand","embeddable":true,"href":"https:\/\/cjays.eu\/es\/wp-json\/wp\/v2\/product_brand?post=253291"},{"taxonomy":"product_cat","embeddable":true,"href":"https:\/\/cjays.eu\/es\/wp-json\/wp\/v2\/product_cat?post=253291"},{"taxonomy":"product_tag","embeddable":true,"href":"https:\/\/cjays.eu\/es\/wp-json\/wp\/v2\/product_tag?post=253291"}],"curies":[{"name":"wp","href":"https:\/\/api.w.org\/{rel}","templated":true}]}}