{"id":251989,"date":"2022-07-15T12:54:38","date_gmt":"2022-07-15T10:54:38","guid":{"rendered":"https:\/\/cjays.eu\/product\/migatronic-rallymig-161i\/"},"modified":"2024-12-12T09:07:37","modified_gmt":"2024-12-12T08:07:37","slug":"migatronic-rallymig-161i","status":"publish","type":"product","link":"https:\/\/cjays.eu\/es\/producto\/migatronic-rallymig-161i\/","title":{"rendered":"Migatronic RallyMig 161i"},"content":{"rendered":"<p><iframe loading=\"lazy\" title=\"Migatronic RallyMig presented by Make it Extreme!\" width=\"1220\" height=\"686\" src=\"https:\/\/www.youtube.com\/embed\/rsRIb7uvtK0?start=1&#038;feature=oembed\" frameborder=\"0\" allow=\"accelerometer; autoplay; clipboard-write; encrypted-media; gyroscope; picture-in-picture; web-share\" referrerpolicy=\"strict-origin-when-cross-origin\" allowfullscreen><\/iframe><\/p>\n<p><strong>M\u00e1quina inversora multiproceso de una sola etapa, dise\u00f1ada para llevarle a cualquier sitio<\/strong><br \/>\nLa RallyMIG es la m\u00e1quina de soldadura m\u00e1s completa con procesos de soldadura MIG\/MAG, MMA y TIG. Util\u00edcelo para todos los trabajos de soldadura en acero dulce, acero inoxidable y aluminio.<\/p>\n<p><strong>Cuenta con procesos de soldadura MIG\/MAG, MMA y Lift TIG.<\/strong><br \/>\n<strong>Port\u00e1til<\/strong><br \/>\n<strong>Programas de soldadura sin\u00e9rgica<\/strong><br \/>\n<strong>Panel de control intuitivo, f\u00e1cil de manejar<\/strong><br \/>\nEste vers\u00e1til soldador es ideal para cualquier garaje y taller bien equipado, dadas sus caracter\u00edsticas de soldadura multiproceso. Es la soldadora ideal para el profesional, que necesita diferentes procesos de soldadura para peque\u00f1as reparaciones, tanto en el interior como en el exterior.<\/p>\n<p><strong>F\u00e1cil de manejar, perfecto para llevar<\/strong><br \/>\nRallyMIG es peque\u00f1o y port\u00e1til. Gracias a su robusta asa de transporte, es f\u00e1cil de llevar. RallyMIG es perfecto para soldar en el lugar. La polaridad inversa est\u00e1ndar &#8211; para soldar con hilo innershield (sin gas) &#8211; hace que sea menos complicado soldar al aire libre. \u00a1Vaya a cualquier parte en la aventura de la soldadura con su RallyMIG!<\/p>\n<p><strong>Panel de control intuitivo con programas de soldadura sin\u00e9rgicos<\/strong><br \/>\nEl panel de control intuitivo hace que la m\u00e1quina sea f\u00e1cil de usar y de manejar. Dispone de programas de soldadura sin\u00e9rgicos: si se gira un mando, la m\u00e1quina ajusta autom\u00e1ticamente todos los dem\u00e1s par\u00e1metros de soldadura.<\/p>\n<p><strong>Prep\u00e1rese para las tareas de soldadura de ma\u00f1ana<\/strong><br \/>\nTen siempre a mano la \u00faltima actualizaci\u00f3n de software a trav\u00e9s de tu tarjeta SD. Satisfaga las demandas futuras y est\u00e9 preparado para cualquier trabajo de soldadura. Su RallyMIG no quedar\u00e1 obsoleto.<\/p>\n<p><strong>M\u00e1xima flexibilidad<\/strong><br \/>\nLa Migatronic RallyMig 161i viene con un mango de linterna ergon\u00f3mico con un giro de 360\u00b0. Esto garantiza una mayor comodidad y una mayor flexibilidad al realizar posiciones de soldadura m\u00e1s dif\u00edciles.<\/p>\n<p><strong>Garantizar el m\u00e1ximo aprovechamiento de la energ\u00eda<\/strong><\/p>\n<p>La RallyMIG est\u00e1 equipada con PFC (correcci\u00f3n del factor de potencia), lo que le permite soldar con un cable de red largo.<br \/>\nEl PFC garantiza el m\u00e1ximo aprovechamiento de la fuente de alimentaci\u00f3n y permite soldar con una corriente de soldadura aproximadamente un 25% superior utilizando s\u00f3lo fusibles de red de 16 A.<\/p>\n","protected":false},"excerpt":{"rendered":"<ul>\n<li><strong>160 Amp.<\/strong><\/li>\n<li><strong>230 voltios<\/strong><\/li>\n<li>Tensi\u00f3n de conexi\u00f3n 1\u00d7230 V<\/li>\n<li>Tensi\u00f3n de conexi\u00f3n 16 A<\/li>\n<li>Rango de corriente 20-160 A<\/li>\n<li>Tiempo de encendido: MIG 20\u00b0C 160 A 40% 145 A 60% 135 A 100%<\/li>\n<li>Clase de protecci\u00f3n IP 23<\/li>\n<li>Tensi\u00f3n abierta 75 V<\/li>\n<li>Dimensiones L x A x H, cm 45 x 23 x 37 cm<\/li>\n<li>Peso 13 kg<\/li>\n<li>Norma EN 60974-1\/-10<\/li>\n<\/ul>\n<p><strong>La unidad se suministra de serie con una antorcha Mig fija y 3 metros de cable de tierra. Con esta m\u00e1quina se puede soldar acero, acero inoxidable, aluminio (sin pulso) y Cusi. Para soldar aluminio y Cusi, necesitas el kit de aluminio.<\/strong><\/p>\n<p><a href=\"https:\/\/www.migatronic.com\/en\/products-and-solutions\/welding-machines\/rallymig\/\">https:\/\/www.migatronic.com\/en\/products-and-solutions\/welding-machines\/rallymig\/<\/a><\/p>\n","protected":false},"featured_media":263823,"comment_status":"closed","ping_status":"closed","template":"","meta":[],"product_brand":[],"product_cat":[468,4123,128,473,146],"product_tag":[],"class_list":{"0":"post-251989","1":"product","2":"type-product","3":"status-publish","4":"has-post-thumbnail","6":"product_cat-equipo-de-soldadura-mig-nuevo","7":"product_cat-migatronic-es","8":"product_cat-nuevo-equipo-de-soldadura","9":"product_cat-portatil","10":"product_cat-todos-los-productos","11":"product_shipping_class-kleine-machines-europa-es","13":"first","14":"onbackorder","15":"sale","16":"taxable","17":"shipping-taxable","18":"purchasable","19":"product-type-simple"},"yoast_head":"<!-- This site is optimized with the Yoast SEO plugin v27.4 - https:\/\/yoast.com\/product\/yoast-seo-wordpress\/ -->\n<title>Migatronic RallyMig 161i - Cjays Lastechniek | Gebruikte Lasapparaten<\/title>\n<meta name=\"description\" content=\"Migatronic RallyMig 161i %%excerpt\" \/>\n<meta name=\"robots\" content=\"index, follow, max-snippet:-1, max-image-preview:large, max-video-preview:-1\" \/>\n<link rel=\"canonical\" href=\"https:\/\/cjays.eu\/es\/producto\/migatronic-rallymig-161i\/\" \/>\n<meta property=\"og:locale\" content=\"es_ES\" \/>\n<meta property=\"og:type\" content=\"article\" \/>\n<meta property=\"og:title\" content=\"Migatronic RallyMig 161i - Cjays Lastechniek | Gebruikte Lasapparaten\" \/>\n<meta property=\"og:description\" content=\"Migatronic RallyMig 161i %%excerpt\" \/>\n<meta property=\"og:url\" content=\"https:\/\/cjays.eu\/es\/producto\/migatronic-rallymig-161i\/\" \/>\n<meta property=\"og:site_name\" content=\"Cjays Lastechniek | Gebruikte Lasapparaten\" \/>\n<meta property=\"article:publisher\" content=\"https:\/\/www.facebook.com\/cjayslastechniek.nl\" \/>\n<meta property=\"article:modified_time\" content=\"2024-12-12T08:07:37+00:00\" \/>\n<meta property=\"og:image\" content=\"https:\/\/cjays.eu\/wp-content\/uploads\/2022\/07\/RallyMig_161i.png\" \/>\n\t<meta property=\"og:image:width\" content=\"800\" \/>\n\t<meta property=\"og:image:height\" content=\"800\" \/>\n\t<meta property=\"og:image:type\" content=\"image\/png\" \/>\n<meta name=\"twitter:card\" content=\"summary_large_image\" \/>\n<meta name=\"twitter:label1\" content=\"Tiempo de lectura\" \/>\n\t<meta name=\"twitter:data1\" content=\"2 minutos\" \/>\n<script type=\"application\/ld+json\" class=\"yoast-schema-graph\">{\"@context\":\"https:\\\/\\\/schema.org\",\"@graph\":[{\"@type\":\"WebPage\",\"@id\":\"https:\\\/\\\/cjays.eu\\\/es\\\/producto\\\/migatronic-rallymig-161i\\\/\",\"url\":\"https:\\\/\\\/cjays.eu\\\/es\\\/producto\\\/migatronic-rallymig-161i\\\/\",\"name\":\"Migatronic RallyMig 161i - Cjays Lastechniek | Gebruikte Lasapparaten\",\"isPartOf\":{\"@id\":\"https:\\\/\\\/cjays.eu\\\/#website\"},\"primaryImageOfPage\":{\"@id\":\"https:\\\/\\\/cjays.eu\\\/es\\\/producto\\\/migatronic-rallymig-161i\\\/#primaryimage\"},\"image\":{\"@id\":\"https:\\\/\\\/cjays.eu\\\/es\\\/producto\\\/migatronic-rallymig-161i\\\/#primaryimage\"},\"thumbnailUrl\":\"https:\\\/\\\/cjays.eu\\\/wp-content\\\/uploads\\\/2022\\\/07\\\/RallyMig_161i.png\",\"datePublished\":\"2022-07-15T10:54:38+00:00\",\"dateModified\":\"2024-12-12T08:07:37+00:00\",\"description\":\"Migatronic RallyMig 161i %%excerpt\",\"breadcrumb\":{\"@id\":\"https:\\\/\\\/cjays.eu\\\/es\\\/producto\\\/migatronic-rallymig-161i\\\/#breadcrumb\"},\"inLanguage\":\"es\",\"potentialAction\":[{\"@type\":\"ReadAction\",\"target\":[\"https:\\\/\\\/cjays.eu\\\/es\\\/producto\\\/migatronic-rallymig-161i\\\/\"]}]},{\"@type\":\"ImageObject\",\"inLanguage\":\"es\",\"@id\":\"https:\\\/\\\/cjays.eu\\\/es\\\/producto\\\/migatronic-rallymig-161i\\\/#primaryimage\",\"url\":\"https:\\\/\\\/cjays.eu\\\/wp-content\\\/uploads\\\/2022\\\/07\\\/RallyMig_161i.png\",\"contentUrl\":\"https:\\\/\\\/cjays.eu\\\/wp-content\\\/uploads\\\/2022\\\/07\\\/RallyMig_161i.png\",\"width\":800,\"height\":800},{\"@type\":\"BreadcrumbList\",\"@id\":\"https:\\\/\\\/cjays.eu\\\/es\\\/producto\\\/migatronic-rallymig-161i\\\/#breadcrumb\",\"itemListElement\":[{\"@type\":\"ListItem\",\"position\":1,\"name\":\"Home\",\"item\":\"https:\\\/\\\/cjays.eu\\\/\"},{\"@type\":\"ListItem\",\"position\":2,\"name\":\"Winkel\",\"item\":\"https:\\\/\\\/cjays.eu\\\/winkel\\\/\"},{\"@type\":\"ListItem\",\"position\":3,\"name\":\"Migatronic RallyMig 161i\"}]},{\"@type\":\"WebSite\",\"@id\":\"https:\\\/\\\/cjays.eu\\\/#website\",\"url\":\"https:\\\/\\\/cjays.eu\\\/\",\"name\":\"Cjays Lastechniek | Gebruikte Lasapparaten\",\"description\":\"Gebruikte &amp; Nieuwe Lasapparaten &amp; Lasbenodigdheden\",\"publisher\":{\"@id\":\"https:\\\/\\\/cjays.eu\\\/#organization\"},\"alternateName\":\"Cjays\",\"potentialAction\":[{\"@type\":\"SearchAction\",\"target\":{\"@type\":\"EntryPoint\",\"urlTemplate\":\"https:\\\/\\\/cjays.eu\\\/?s={search_term_string}\"},\"query-input\":{\"@type\":\"PropertyValueSpecification\",\"valueRequired\":true,\"valueName\":\"search_term_string\"}}],\"inLanguage\":\"es\"},{\"@type\":\"Organization\",\"@id\":\"https:\\\/\\\/cjays.eu\\\/#organization\",\"name\":\"Cjays Lastechniek\",\"alternateName\":\"Cjays\",\"url\":\"https:\\\/\\\/cjays.eu\\\/\",\"logo\":{\"@type\":\"ImageObject\",\"inLanguage\":\"es\",\"@id\":\"https:\\\/\\\/cjays.eu\\\/#\\\/schema\\\/logo\\\/image\\\/\",\"url\":\"https:\\\/\\\/cjays.eu\\\/wp-content\\\/uploads\\\/2022\\\/01\\\/logo-cjays-e1643484777484.png\",\"contentUrl\":\"https:\\\/\\\/cjays.eu\\\/wp-content\\\/uploads\\\/2022\\\/01\\\/logo-cjays-e1643484777484.png\",\"width\":500,\"height\":198,\"caption\":\"Cjays Lastechniek\"},\"image\":{\"@id\":\"https:\\\/\\\/cjays.eu\\\/#\\\/schema\\\/logo\\\/image\\\/\"},\"sameAs\":[\"https:\\\/\\\/www.facebook.com\\\/cjayslastechniek.nl\",\"https:\\\/\\\/www.instagram.com\\\/cjays.lastechniek\\\/\",\"https:\\\/\\\/www.youtube.com\\\/@cjayslastechniek2812\"]}]}<\/script>\n<!-- \/ Yoast SEO plugin. -->","yoast_head_json":{"title":"Migatronic RallyMig 161i - Cjays Lastechniek | Gebruikte Lasapparaten","description":"Migatronic RallyMig 161i %%excerpt","robots":{"index":"index","follow":"follow","max-snippet":"max-snippet:-1","max-image-preview":"max-image-preview:large","max-video-preview":"max-video-preview:-1"},"canonical":"https:\/\/cjays.eu\/es\/producto\/migatronic-rallymig-161i\/","og_locale":"es_ES","og_type":"article","og_title":"Migatronic RallyMig 161i - Cjays Lastechniek | Gebruikte Lasapparaten","og_description":"Migatronic RallyMig 161i %%excerpt","og_url":"https:\/\/cjays.eu\/es\/producto\/migatronic-rallymig-161i\/","og_site_name":"Cjays Lastechniek | Gebruikte Lasapparaten","article_publisher":"https:\/\/www.facebook.com\/cjayslastechniek.nl","article_modified_time":"2024-12-12T08:07:37+00:00","og_image":[{"width":800,"height":800,"url":"https:\/\/cjays.eu\/wp-content\/uploads\/2022\/07\/RallyMig_161i.png","type":"image\/png"}],"twitter_card":"summary_large_image","twitter_misc":{"Tiempo de lectura":"2 minutos"},"schema":{"@context":"https:\/\/schema.org","@graph":[{"@type":"WebPage","@id":"https:\/\/cjays.eu\/es\/producto\/migatronic-rallymig-161i\/","url":"https:\/\/cjays.eu\/es\/producto\/migatronic-rallymig-161i\/","name":"Migatronic RallyMig 161i - Cjays Lastechniek | Gebruikte Lasapparaten","isPartOf":{"@id":"https:\/\/cjays.eu\/#website"},"primaryImageOfPage":{"@id":"https:\/\/cjays.eu\/es\/producto\/migatronic-rallymig-161i\/#primaryimage"},"image":{"@id":"https:\/\/cjays.eu\/es\/producto\/migatronic-rallymig-161i\/#primaryimage"},"thumbnailUrl":"https:\/\/cjays.eu\/wp-content\/uploads\/2022\/07\/RallyMig_161i.png","datePublished":"2022-07-15T10:54:38+00:00","dateModified":"2024-12-12T08:07:37+00:00","description":"Migatronic RallyMig 161i %%excerpt","breadcrumb":{"@id":"https:\/\/cjays.eu\/es\/producto\/migatronic-rallymig-161i\/#breadcrumb"},"inLanguage":"es","potentialAction":[{"@type":"ReadAction","target":["https:\/\/cjays.eu\/es\/producto\/migatronic-rallymig-161i\/"]}]},{"@type":"ImageObject","inLanguage":"es","@id":"https:\/\/cjays.eu\/es\/producto\/migatronic-rallymig-161i\/#primaryimage","url":"https:\/\/cjays.eu\/wp-content\/uploads\/2022\/07\/RallyMig_161i.png","contentUrl":"https:\/\/cjays.eu\/wp-content\/uploads\/2022\/07\/RallyMig_161i.png","width":800,"height":800},{"@type":"BreadcrumbList","@id":"https:\/\/cjays.eu\/es\/producto\/migatronic-rallymig-161i\/#breadcrumb","itemListElement":[{"@type":"ListItem","position":1,"name":"Home","item":"https:\/\/cjays.eu\/"},{"@type":"ListItem","position":2,"name":"Winkel","item":"https:\/\/cjays.eu\/winkel\/"},{"@type":"ListItem","position":3,"name":"Migatronic RallyMig 161i"}]},{"@type":"WebSite","@id":"https:\/\/cjays.eu\/#website","url":"https:\/\/cjays.eu\/","name":"Cjays Lastechniek | Gebruikte Lasapparaten","description":"Gebruikte &amp; Nieuwe Lasapparaten &amp; Lasbenodigdheden","publisher":{"@id":"https:\/\/cjays.eu\/#organization"},"alternateName":"Cjays","potentialAction":[{"@type":"SearchAction","target":{"@type":"EntryPoint","urlTemplate":"https:\/\/cjays.eu\/?s={search_term_string}"},"query-input":{"@type":"PropertyValueSpecification","valueRequired":true,"valueName":"search_term_string"}}],"inLanguage":"es"},{"@type":"Organization","@id":"https:\/\/cjays.eu\/#organization","name":"Cjays Lastechniek","alternateName":"Cjays","url":"https:\/\/cjays.eu\/","logo":{"@type":"ImageObject","inLanguage":"es","@id":"https:\/\/cjays.eu\/#\/schema\/logo\/image\/","url":"https:\/\/cjays.eu\/wp-content\/uploads\/2022\/01\/logo-cjays-e1643484777484.png","contentUrl":"https:\/\/cjays.eu\/wp-content\/uploads\/2022\/01\/logo-cjays-e1643484777484.png","width":500,"height":198,"caption":"Cjays Lastechniek"},"image":{"@id":"https:\/\/cjays.eu\/#\/schema\/logo\/image\/"},"sameAs":["https:\/\/www.facebook.com\/cjayslastechniek.nl","https:\/\/www.instagram.com\/cjays.lastechniek\/","https:\/\/www.youtube.com\/@cjayslastechniek2812"]}]}},"_links":{"self":[{"href":"https:\/\/cjays.eu\/es\/wp-json\/wp\/v2\/product\/251989","targetHints":{"allow":["GET"]}}],"collection":[{"href":"https:\/\/cjays.eu\/es\/wp-json\/wp\/v2\/product"}],"about":[{"href":"https:\/\/cjays.eu\/es\/wp-json\/wp\/v2\/types\/product"}],"replies":[{"embeddable":true,"href":"https:\/\/cjays.eu\/es\/wp-json\/wp\/v2\/comments?post=251989"}],"wp:featuredmedia":[{"embeddable":true,"href":"https:\/\/cjays.eu\/es\/wp-json\/wp\/v2\/media\/263823"}],"wp:attachment":[{"href":"https:\/\/cjays.eu\/es\/wp-json\/wp\/v2\/media?parent=251989"}],"wp:term":[{"taxonomy":"product_brand","embeddable":true,"href":"https:\/\/cjays.eu\/es\/wp-json\/wp\/v2\/product_brand?post=251989"},{"taxonomy":"product_cat","embeddable":true,"href":"https:\/\/cjays.eu\/es\/wp-json\/wp\/v2\/product_cat?post=251989"},{"taxonomy":"product_tag","embeddable":true,"href":"https:\/\/cjays.eu\/es\/wp-json\/wp\/v2\/product_tag?post=251989"}],"curies":[{"name":"wp","href":"https:\/\/api.w.org\/{rel}","templated":true}]}}