{"id":250096,"date":"2022-04-12T16:17:22","date_gmt":"2022-04-12T14:17:22","guid":{"rendered":"https:\/\/cjays.eu\/product\/alsi12-tig-lasdraad\/"},"modified":"2024-12-17T11:24:36","modified_gmt":"2024-12-17T10:24:36","slug":"alsi12-tig-lasdraad","status":"publish","type":"product","link":"https:\/\/cjays.eu\/es\/producto\/alsi12-tig-lasdraad\/","title":{"rendered":"Alambre Tig Aluminium AlSi12"},"content":{"rendered":"","protected":false},"excerpt":{"rendered":"<p>Esta aleaci\u00f3n de aluminio con alto contenido de silicio est\u00e1 dise\u00f1ada para soldar piezas de aluminio fundido, generalmente la mayor\u00eda de las aleaciones de fundici\u00f3n contienen un alto porcentaje de silicio para mejorar la delgadez para la fundici\u00f3n y evitar las agallas de fundici\u00f3n.<\/p>\n","protected":false},"featured_media":271317,"comment_status":"closed","ping_status":"closed","template":"","meta":[],"product_brand":[],"product_cat":[198,199,223,146],"product_tag":[],"class_list":{"0":"post-250096","1":"product","2":"type-product","3":"status-publish","4":"has-post-thumbnail","6":"product_cat-alambre-de-relleno-tig","7":"product_cat-consumibles","8":"product_cat-suministros-de-soldadura","9":"product_cat-todos-los-productos","10":"product_shipping_class-paquetes","12":"first","13":"onbackorder","14":"taxable","15":"shipping-taxable","16":"purchasable","17":"product-type-variable"},"yoast_head":"<!-- This site is optimized with the Yoast SEO plugin v27.4 - https:\/\/yoast.com\/product\/yoast-seo-wordpress\/ -->\n<title>Alambre Tig Aluminium AlSi12 - Cjays Lastechniek | Gebruikte Lasapparaten<\/title>\n<meta name=\"description\" content=\"Alambre Tig Aluminium AlSi12 %%excerpt\" \/>\n<meta name=\"robots\" content=\"index, follow, max-snippet:-1, max-image-preview:large, max-video-preview:-1\" \/>\n<link rel=\"canonical\" href=\"https:\/\/cjays.eu\/es\/producto\/alsi12-tig-lasdraad\/\" \/>\n<meta property=\"og:locale\" content=\"es_ES\" \/>\n<meta property=\"og:type\" content=\"article\" \/>\n<meta property=\"og:title\" content=\"Alambre Tig Aluminium AlSi12 - Cjays Lastechniek | Gebruikte Lasapparaten\" \/>\n<meta property=\"og:description\" content=\"Alambre Tig Aluminium AlSi12 %%excerpt\" \/>\n<meta property=\"og:url\" content=\"https:\/\/cjays.eu\/es\/producto\/alsi12-tig-lasdraad\/\" \/>\n<meta property=\"og:site_name\" content=\"Cjays Lastechniek | Gebruikte Lasapparaten\" \/>\n<meta property=\"article:publisher\" content=\"https:\/\/www.facebook.com\/cjayslastechniek.nl\" \/>\n<meta property=\"article:modified_time\" content=\"2024-12-17T10:24:36+00:00\" \/>\n<meta property=\"og:image\" content=\"https:\/\/cjays.eu\/wp-content\/uploads\/2024\/09\/TAL-1024x717.png\" \/>\n\t<meta property=\"og:image:width\" content=\"1024\" \/>\n\t<meta property=\"og:image:height\" content=\"717\" \/>\n\t<meta property=\"og:image:type\" content=\"image\/png\" \/>\n<meta name=\"twitter:card\" content=\"summary_large_image\" \/>\n<meta name=\"twitter:label1\" content=\"Tiempo de lectura\" \/>\n\t<meta name=\"twitter:data1\" content=\"1 minuto\" \/>\n<script type=\"application\/ld+json\" class=\"yoast-schema-graph\">{\"@context\":\"https:\\\/\\\/schema.org\",\"@graph\":[{\"@type\":\"WebPage\",\"@id\":\"https:\\\/\\\/cjays.eu\\\/es\\\/producto\\\/alsi12-tig-lasdraad\\\/\",\"url\":\"https:\\\/\\\/cjays.eu\\\/es\\\/producto\\\/alsi12-tig-lasdraad\\\/\",\"name\":\"Alambre Tig Aluminium AlSi12 - Cjays Lastechniek | Gebruikte Lasapparaten\",\"isPartOf\":{\"@id\":\"https:\\\/\\\/cjays.eu\\\/#website\"},\"primaryImageOfPage\":{\"@id\":\"https:\\\/\\\/cjays.eu\\\/es\\\/producto\\\/alsi12-tig-lasdraad\\\/#primaryimage\"},\"image\":{\"@id\":\"https:\\\/\\\/cjays.eu\\\/es\\\/producto\\\/alsi12-tig-lasdraad\\\/#primaryimage\"},\"thumbnailUrl\":\"https:\\\/\\\/cjays.eu\\\/wp-content\\\/uploads\\\/2024\\\/09\\\/TAL.png\",\"datePublished\":\"2022-04-12T14:17:22+00:00\",\"dateModified\":\"2024-12-17T10:24:36+00:00\",\"description\":\"Alambre Tig Aluminium AlSi12 %%excerpt\",\"breadcrumb\":{\"@id\":\"https:\\\/\\\/cjays.eu\\\/es\\\/producto\\\/alsi12-tig-lasdraad\\\/#breadcrumb\"},\"inLanguage\":\"es\",\"potentialAction\":[{\"@type\":\"ReadAction\",\"target\":[\"https:\\\/\\\/cjays.eu\\\/es\\\/producto\\\/alsi12-tig-lasdraad\\\/\"]}]},{\"@type\":\"ImageObject\",\"inLanguage\":\"es\",\"@id\":\"https:\\\/\\\/cjays.eu\\\/es\\\/producto\\\/alsi12-tig-lasdraad\\\/#primaryimage\",\"url\":\"https:\\\/\\\/cjays.eu\\\/wp-content\\\/uploads\\\/2024\\\/09\\\/TAL.png\",\"contentUrl\":\"https:\\\/\\\/cjays.eu\\\/wp-content\\\/uploads\\\/2024\\\/09\\\/TAL.png\",\"width\":2482,\"height\":1738},{\"@type\":\"BreadcrumbList\",\"@id\":\"https:\\\/\\\/cjays.eu\\\/es\\\/producto\\\/alsi12-tig-lasdraad\\\/#breadcrumb\",\"itemListElement\":[{\"@type\":\"ListItem\",\"position\":1,\"name\":\"Home\",\"item\":\"https:\\\/\\\/cjays.eu\\\/\"},{\"@type\":\"ListItem\",\"position\":2,\"name\":\"Winkel\",\"item\":\"https:\\\/\\\/cjays.eu\\\/winkel\\\/\"},{\"@type\":\"ListItem\",\"position\":3,\"name\":\"Alambre Tig Aluminium AlSi12\"}]},{\"@type\":\"WebSite\",\"@id\":\"https:\\\/\\\/cjays.eu\\\/#website\",\"url\":\"https:\\\/\\\/cjays.eu\\\/\",\"name\":\"Cjays Lastechniek | Gebruikte Lasapparaten\",\"description\":\"Gebruikte &amp; Nieuwe Lasapparaten &amp; Lasbenodigdheden\",\"publisher\":{\"@id\":\"https:\\\/\\\/cjays.eu\\\/#organization\"},\"alternateName\":\"Cjays\",\"potentialAction\":[{\"@type\":\"SearchAction\",\"target\":{\"@type\":\"EntryPoint\",\"urlTemplate\":\"https:\\\/\\\/cjays.eu\\\/?s={search_term_string}\"},\"query-input\":{\"@type\":\"PropertyValueSpecification\",\"valueRequired\":true,\"valueName\":\"search_term_string\"}}],\"inLanguage\":\"es\"},{\"@type\":\"Organization\",\"@id\":\"https:\\\/\\\/cjays.eu\\\/#organization\",\"name\":\"Cjays Lastechniek\",\"alternateName\":\"Cjays\",\"url\":\"https:\\\/\\\/cjays.eu\\\/\",\"logo\":{\"@type\":\"ImageObject\",\"inLanguage\":\"es\",\"@id\":\"https:\\\/\\\/cjays.eu\\\/#\\\/schema\\\/logo\\\/image\\\/\",\"url\":\"https:\\\/\\\/cjays.eu\\\/wp-content\\\/uploads\\\/2022\\\/01\\\/logo-cjays-e1643484777484.png\",\"contentUrl\":\"https:\\\/\\\/cjays.eu\\\/wp-content\\\/uploads\\\/2022\\\/01\\\/logo-cjays-e1643484777484.png\",\"width\":500,\"height\":198,\"caption\":\"Cjays Lastechniek\"},\"image\":{\"@id\":\"https:\\\/\\\/cjays.eu\\\/#\\\/schema\\\/logo\\\/image\\\/\"},\"sameAs\":[\"https:\\\/\\\/www.facebook.com\\\/cjayslastechniek.nl\",\"https:\\\/\\\/www.instagram.com\\\/cjays.lastechniek\\\/\",\"https:\\\/\\\/www.youtube.com\\\/@cjayslastechniek2812\"]}]}<\/script>\n<!-- \/ Yoast SEO plugin. -->","yoast_head_json":{"title":"Alambre Tig Aluminium AlSi12 - Cjays Lastechniek | Gebruikte Lasapparaten","description":"Alambre Tig Aluminium AlSi12 %%excerpt","robots":{"index":"index","follow":"follow","max-snippet":"max-snippet:-1","max-image-preview":"max-image-preview:large","max-video-preview":"max-video-preview:-1"},"canonical":"https:\/\/cjays.eu\/es\/producto\/alsi12-tig-lasdraad\/","og_locale":"es_ES","og_type":"article","og_title":"Alambre Tig Aluminium AlSi12 - Cjays Lastechniek | Gebruikte Lasapparaten","og_description":"Alambre Tig Aluminium AlSi12 %%excerpt","og_url":"https:\/\/cjays.eu\/es\/producto\/alsi12-tig-lasdraad\/","og_site_name":"Cjays Lastechniek | Gebruikte Lasapparaten","article_publisher":"https:\/\/www.facebook.com\/cjayslastechniek.nl","article_modified_time":"2024-12-17T10:24:36+00:00","og_image":[{"width":1024,"height":717,"url":"https:\/\/cjays.eu\/wp-content\/uploads\/2024\/09\/TAL-1024x717.png","type":"image\/png"}],"twitter_card":"summary_large_image","twitter_misc":{"Tiempo de lectura":"1 minuto"},"schema":{"@context":"https:\/\/schema.org","@graph":[{"@type":"WebPage","@id":"https:\/\/cjays.eu\/es\/producto\/alsi12-tig-lasdraad\/","url":"https:\/\/cjays.eu\/es\/producto\/alsi12-tig-lasdraad\/","name":"Alambre Tig Aluminium AlSi12 - Cjays Lastechniek | Gebruikte Lasapparaten","isPartOf":{"@id":"https:\/\/cjays.eu\/#website"},"primaryImageOfPage":{"@id":"https:\/\/cjays.eu\/es\/producto\/alsi12-tig-lasdraad\/#primaryimage"},"image":{"@id":"https:\/\/cjays.eu\/es\/producto\/alsi12-tig-lasdraad\/#primaryimage"},"thumbnailUrl":"https:\/\/cjays.eu\/wp-content\/uploads\/2024\/09\/TAL.png","datePublished":"2022-04-12T14:17:22+00:00","dateModified":"2024-12-17T10:24:36+00:00","description":"Alambre Tig Aluminium AlSi12 %%excerpt","breadcrumb":{"@id":"https:\/\/cjays.eu\/es\/producto\/alsi12-tig-lasdraad\/#breadcrumb"},"inLanguage":"es","potentialAction":[{"@type":"ReadAction","target":["https:\/\/cjays.eu\/es\/producto\/alsi12-tig-lasdraad\/"]}]},{"@type":"ImageObject","inLanguage":"es","@id":"https:\/\/cjays.eu\/es\/producto\/alsi12-tig-lasdraad\/#primaryimage","url":"https:\/\/cjays.eu\/wp-content\/uploads\/2024\/09\/TAL.png","contentUrl":"https:\/\/cjays.eu\/wp-content\/uploads\/2024\/09\/TAL.png","width":2482,"height":1738},{"@type":"BreadcrumbList","@id":"https:\/\/cjays.eu\/es\/producto\/alsi12-tig-lasdraad\/#breadcrumb","itemListElement":[{"@type":"ListItem","position":1,"name":"Home","item":"https:\/\/cjays.eu\/"},{"@type":"ListItem","position":2,"name":"Winkel","item":"https:\/\/cjays.eu\/winkel\/"},{"@type":"ListItem","position":3,"name":"Alambre Tig Aluminium AlSi12"}]},{"@type":"WebSite","@id":"https:\/\/cjays.eu\/#website","url":"https:\/\/cjays.eu\/","name":"Cjays Lastechniek | Gebruikte Lasapparaten","description":"Gebruikte &amp; Nieuwe Lasapparaten &amp; Lasbenodigdheden","publisher":{"@id":"https:\/\/cjays.eu\/#organization"},"alternateName":"Cjays","potentialAction":[{"@type":"SearchAction","target":{"@type":"EntryPoint","urlTemplate":"https:\/\/cjays.eu\/?s={search_term_string}"},"query-input":{"@type":"PropertyValueSpecification","valueRequired":true,"valueName":"search_term_string"}}],"inLanguage":"es"},{"@type":"Organization","@id":"https:\/\/cjays.eu\/#organization","name":"Cjays Lastechniek","alternateName":"Cjays","url":"https:\/\/cjays.eu\/","logo":{"@type":"ImageObject","inLanguage":"es","@id":"https:\/\/cjays.eu\/#\/schema\/logo\/image\/","url":"https:\/\/cjays.eu\/wp-content\/uploads\/2022\/01\/logo-cjays-e1643484777484.png","contentUrl":"https:\/\/cjays.eu\/wp-content\/uploads\/2022\/01\/logo-cjays-e1643484777484.png","width":500,"height":198,"caption":"Cjays Lastechniek"},"image":{"@id":"https:\/\/cjays.eu\/#\/schema\/logo\/image\/"},"sameAs":["https:\/\/www.facebook.com\/cjayslastechniek.nl","https:\/\/www.instagram.com\/cjays.lastechniek\/","https:\/\/www.youtube.com\/@cjayslastechniek2812"]}]}},"_links":{"self":[{"href":"https:\/\/cjays.eu\/es\/wp-json\/wp\/v2\/product\/250096","targetHints":{"allow":["GET"]}}],"collection":[{"href":"https:\/\/cjays.eu\/es\/wp-json\/wp\/v2\/product"}],"about":[{"href":"https:\/\/cjays.eu\/es\/wp-json\/wp\/v2\/types\/product"}],"replies":[{"embeddable":true,"href":"https:\/\/cjays.eu\/es\/wp-json\/wp\/v2\/comments?post=250096"}],"wp:featuredmedia":[{"embeddable":true,"href":"https:\/\/cjays.eu\/es\/wp-json\/wp\/v2\/media\/271317"}],"wp:attachment":[{"href":"https:\/\/cjays.eu\/es\/wp-json\/wp\/v2\/media?parent=250096"}],"wp:term":[{"taxonomy":"product_brand","embeddable":true,"href":"https:\/\/cjays.eu\/es\/wp-json\/wp\/v2\/product_brand?post=250096"},{"taxonomy":"product_cat","embeddable":true,"href":"https:\/\/cjays.eu\/es\/wp-json\/wp\/v2\/product_cat?post=250096"},{"taxonomy":"product_tag","embeddable":true,"href":"https:\/\/cjays.eu\/es\/wp-json\/wp\/v2\/product_tag?post=250096"}],"curies":[{"name":"wp","href":"https:\/\/api.w.org\/{rel}","templated":true}]}}