{"id":225983,"date":"2021-12-30T20:16:22","date_gmt":"2021-12-30T20:16:22","guid":{"rendered":"https:\/\/cjays.eu\/product\/parweld-xtp-40\/"},"modified":"2022-04-26T11:00:35","modified_gmt":"2022-04-26T09:00:35","slug":"parweld-xtp-40","status":"publish","type":"product","link":"https:\/\/cjays.eu\/es\/product\/parweld-xtp-40\/","title":{"rendered":"Parweld XTP 40 Cortadora de Plasma"},"content":{"rendered":"<p><strong>Cortadora de plasma Parweld XTP 40<\/strong><\/p>\n<p>Salida ajustable<br \/>\nLa corriente de ajuste continuo de la Parweld XTP 40 permite trabajar con la corriente de corte correcta, lo que se traduce en un m\u00ednimo de escoria de corte. Esto hasta espesores de chapa de 12 mm.<\/p>\n<p>Antorcha de plasma XT4000<br \/>\nEl dise\u00f1o de esta antorcha garantiza una larga vida \u00fatil de las piezas de desgaste. Comienzo perfecto gracias al arco piloto.<\/p>\n<p>Al no utilizar el encendido por HF, no hay peligro para los componentes electr\u00f3nicos.<\/p>\n<p>La linterna est\u00e1 equipada con un conector central.<\/p>\n<p>F\u00e1cil de usar<br \/>\nEl XTP 40 puede utilizarse en un grupo de potencia. La unidad puede soportar una fluctuaci\u00f3n de tensi\u00f3n de +\/-10%.<\/p>\n<p>La m\u00e1quina est\u00e1 alojada en una carcasa met\u00e1lica con correa de hombro integrada.<\/p>\n<p>Caracter\u00edsticas principales<\/p>\n<p>Peso ligero 12,6 kg<br \/>\n40A @ 40% ciclo de trabajo<br \/>\nF\u00e1cil de usar<br \/>\nConmutaci\u00f3n inteligente a dos tensiones 110 &#8211; 240V<br \/>\nIdeal para cortar mallas met\u00e1licas<br \/>\nCorta 12 mm en la producci\u00f3n<br \/>\nCorta ocasionalmente 17mm<br \/>\nIncluye antorcha de plasma XT4000 de 6 metros y cable de tierra de 3 metros<br \/>\nProtecci\u00f3n autom\u00e1tica contra sobretensi\u00f3n y sobrecorriente<br \/>\nRegulador de presi\u00f3n de aire incorporado<br \/>\n2 a\u00f1os de garant\u00eda de mantenimiento<br \/>\nFabricado para cumplir con IP23S, ISO\/IEC 60974-1, ISO\/IEC 60974-6 y RoHS<\/p>\n<p>El XTP 40 es ideal para<\/p>\n<p>Aplicaciones industriales ligeras<br \/>\nMantenimiento<br \/>\nAgricultura y bricolaje<br \/>\nHVAC<br \/>\nTrabajo in situ<\/p>\n","protected":false},"excerpt":{"rendered":"<p><strong>Cortadora de plasma Parweld XTP 40<\/strong><\/p>\n<p>Salida ajustable<br \/>\nLa corriente de ajuste continuo de la Parweld XTP 40 permite trabajar con la corriente de corte correcta, lo que se traduce en un m\u00ednimo de escoria de corte. Esto hasta espesores de chapa de 12 mm.<\/p>\n<p>Antorcha de plasma XT4000<br \/>\nEl dise\u00f1o de esta antorcha garantiza una larga vida \u00fatil de las piezas de desgaste. Comienzo perfecto gracias al arco piloto.<\/p>\n<p>Al no utilizar el encendido por HF, no hay peligro para los componentes electr\u00f3nicos.<\/p>\n<p>La linterna est\u00e1 equipada con un conector central.<\/p>\n<p>F\u00e1cil de usar<br \/>\nEl XTP 40 puede utilizarse en un grupo de potencia. La unidad puede soportar una fluctuaci\u00f3n de tensi\u00f3n de +\/-10%.<\/p>\n<p>La m\u00e1quina est\u00e1 alojada en una carcasa met\u00e1lica con correa de hombro integrada.<\/p>\n<p>Caracter\u00edsticas principales<\/p>\n<p>Peso ligero 12,6 kg<br \/>\n40A @ 40% ciclo de trabajo<br \/>\nF\u00e1cil de usar<br \/>\nConmutaci\u00f3n inteligente a dos tensiones 110 &#8211; 240V<br \/>\nIdeal para cortar mallas met\u00e1licas<br \/>\nCorta 12 mm en la producci\u00f3n<br \/>\nCorta ocasionalmente 17mm<br \/>\nIncluye antorcha de plasma XT4000 de 6 metros y cable de tierra de 3 metros<br \/>\nProtecci\u00f3n autom\u00e1tica contra sobretensi\u00f3n y sobrecorriente<br \/>\nRegulador de presi\u00f3n de aire incorporado<br \/>\n2 a\u00f1os de garant\u00eda de mantenimiento<br \/>\nFabricado para cumplir con IP23S, ISO\/IEC 60974-1, ISO\/IEC 60974-6 y RoHS<\/p>\n<p>El XTP 40 es ideal para<\/p>\n<p>Aplicaciones industriales ligeras<br \/>\nMantenimiento<br \/>\nAgricultura y bricolaje<br \/>\nHVAC<br \/>\nTrabajo in situ<\/p>\n","protected":false},"featured_media":2380,"comment_status":"open","ping_status":"closed","template":"","meta":[],"product_brand":[],"product_cat":[502,128,493,146],"product_tag":[],"class_list":{"0":"post-225983","1":"product","2":"type-product","3":"status-publish","4":"has-post-thumbnail","6":"product_cat-cortadoras-de-plasma-nuevo","7":"product_cat-nuevo-equipo-de-soldadura","8":"product_cat-sin-compresor","9":"product_cat-todos-los-productos","10":"product_shipping_class-kleine-machines-europa-es","12":"first","13":"instock","14":"taxable","15":"shipping-taxable","16":"purchasable","17":"product-type-simple"},"yoast_head":"<!-- This site is optimized with the Yoast SEO plugin v27.6 - https:\/\/yoast.com\/product\/yoast-seo-wordpress\/ -->\n<title>Parweld XTP 40 | Nieuwe lasmachine<\/title>\n<meta name=\"description\" content=\"Parweld XTP 40\" \/>\n<meta name=\"robots\" content=\"index, follow, max-snippet:-1, max-image-preview:large, max-video-preview:-1\" \/>\n<link rel=\"canonical\" href=\"https:\/\/cjays.eu\/es\/product\/parweld-xtp-40\/\" \/>\n<meta property=\"og:locale\" content=\"es_ES\" \/>\n<meta property=\"og:type\" content=\"article\" \/>\n<meta property=\"og:title\" content=\"Parweld XTP 40 | Nieuwe lasmachine\" \/>\n<meta property=\"og:description\" content=\"Parweld XTP 40\" \/>\n<meta property=\"og:url\" content=\"https:\/\/cjays.eu\/es\/product\/parweld-xtp-40\/\" \/>\n<meta property=\"og:site_name\" content=\"Cjays Lastechniek | Gebruikte Lasapparaten\" \/>\n<meta property=\"article:publisher\" content=\"https:\/\/www.facebook.com\/cjayslastechniek.nl\" \/>\n<meta property=\"article:modified_time\" content=\"2022-04-26T09:00:35+00:00\" \/>\n<meta property=\"og:image\" content=\"https:\/\/cjays.eu\/wp-content\/uploads\/2021\/12\/nla_pl_snej_2-600x600-1.png\" \/>\n\t<meta property=\"og:image:width\" content=\"600\" \/>\n\t<meta property=\"og:image:height\" content=\"600\" \/>\n\t<meta property=\"og:image:type\" content=\"image\/png\" \/>\n<meta name=\"twitter:card\" content=\"summary_large_image\" \/>\n<meta name=\"twitter:label1\" content=\"Tiempo de lectura\" \/>\n\t<meta name=\"twitter:data1\" content=\"1 minuto\" \/>\n<script type=\"application\/ld+json\" class=\"yoast-schema-graph\">{\"@context\":\"https:\\\/\\\/schema.org\",\"@graph\":[{\"@type\":\"WebPage\",\"@id\":\"https:\\\/\\\/cjays.eu\\\/es\\\/product\\\/parweld-xtp-40\\\/\",\"url\":\"https:\\\/\\\/cjays.eu\\\/es\\\/product\\\/parweld-xtp-40\\\/\",\"name\":\"Parweld XTP 40 | Nieuwe lasmachine\",\"isPartOf\":{\"@id\":\"https:\\\/\\\/cjays.eu\\\/es\\\/#website\"},\"primaryImageOfPage\":{\"@id\":\"https:\\\/\\\/cjays.eu\\\/es\\\/product\\\/parweld-xtp-40\\\/#primaryimage\"},\"image\":{\"@id\":\"https:\\\/\\\/cjays.eu\\\/es\\\/product\\\/parweld-xtp-40\\\/#primaryimage\"},\"thumbnailUrl\":\"https:\\\/\\\/cjays.eu\\\/wp-content\\\/uploads\\\/2021\\\/12\\\/nla_pl_snej_2-600x600-1.png\",\"datePublished\":\"2021-12-30T20:16:22+00:00\",\"dateModified\":\"2022-04-26T09:00:35+00:00\",\"description\":\"Parweld XTP 40\",\"breadcrumb\":{\"@id\":\"https:\\\/\\\/cjays.eu\\\/es\\\/product\\\/parweld-xtp-40\\\/#breadcrumb\"},\"inLanguage\":\"es\",\"potentialAction\":[{\"@type\":\"ReadAction\",\"target\":[\"https:\\\/\\\/cjays.eu\\\/es\\\/product\\\/parweld-xtp-40\\\/\"]}]},{\"@type\":\"ImageObject\",\"inLanguage\":\"es\",\"@id\":\"https:\\\/\\\/cjays.eu\\\/es\\\/product\\\/parweld-xtp-40\\\/#primaryimage\",\"url\":\"https:\\\/\\\/cjays.eu\\\/wp-content\\\/uploads\\\/2021\\\/12\\\/nla_pl_snej_2-600x600-1.png\",\"contentUrl\":\"https:\\\/\\\/cjays.eu\\\/wp-content\\\/uploads\\\/2021\\\/12\\\/nla_pl_snej_2-600x600-1.png\",\"width\":600,\"height\":600,\"caption\":\"Parweld XTP 40\"},{\"@type\":\"BreadcrumbList\",\"@id\":\"https:\\\/\\\/cjays.eu\\\/es\\\/product\\\/parweld-xtp-40\\\/#breadcrumb\",\"itemListElement\":[{\"@type\":\"ListItem\",\"position\":1,\"name\":\"Home\",\"item\":\"https:\\\/\\\/cjays.eu\\\/es\\\/\"},{\"@type\":\"ListItem\",\"position\":2,\"name\":\"Tienda\",\"item\":\"https:\\\/\\\/cjays.eu\\\/es\\\/winkel\\\/\"},{\"@type\":\"ListItem\",\"position\":3,\"name\":\"Parweld XTP 40 Cortadora de Plasma\"}]},{\"@type\":\"WebSite\",\"@id\":\"https:\\\/\\\/cjays.eu\\\/es\\\/#website\",\"url\":\"https:\\\/\\\/cjays.eu\\\/es\\\/\",\"name\":\"Cjays Lastechniek | Gebruikte Lasapparaten\",\"description\":\"Gebruikte &amp; Nieuwe Lasapparaten &amp; Lasbenodigdheden\",\"publisher\":{\"@id\":\"https:\\\/\\\/cjays.eu\\\/es\\\/#organization\"},\"alternateName\":\"Cjays\",\"potentialAction\":[{\"@type\":\"SearchAction\",\"target\":{\"@type\":\"EntryPoint\",\"urlTemplate\":\"https:\\\/\\\/cjays.eu\\\/es\\\/?s={search_term_string}\"},\"query-input\":{\"@type\":\"PropertyValueSpecification\",\"valueRequired\":true,\"valueName\":\"search_term_string\"}}],\"inLanguage\":\"es\"},{\"@type\":\"Organization\",\"@id\":\"https:\\\/\\\/cjays.eu\\\/es\\\/#organization\",\"name\":\"Cjays Lastechniek\",\"alternateName\":\"Cjays\",\"url\":\"https:\\\/\\\/cjays.eu\\\/es\\\/\",\"logo\":{\"@type\":\"ImageObject\",\"inLanguage\":\"es\",\"@id\":\"https:\\\/\\\/cjays.eu\\\/es\\\/#\\\/schema\\\/logo\\\/image\\\/\",\"url\":\"https:\\\/\\\/cjays.eu\\\/wp-content\\\/uploads\\\/2022\\\/01\\\/logo-cjays-e1643484777484.png\",\"contentUrl\":\"https:\\\/\\\/cjays.eu\\\/wp-content\\\/uploads\\\/2022\\\/01\\\/logo-cjays-e1643484777484.png\",\"width\":500,\"height\":198,\"caption\":\"Cjays Lastechniek\"},\"image\":{\"@id\":\"https:\\\/\\\/cjays.eu\\\/es\\\/#\\\/schema\\\/logo\\\/image\\\/\"},\"sameAs\":[\"https:\\\/\\\/www.facebook.com\\\/cjayslastechniek.nl\",\"https:\\\/\\\/www.instagram.com\\\/cjays.lastechniek\\\/\",\"https:\\\/\\\/www.youtube.com\\\/@cjayslastechniek2812\"]}]}<\/script>\n<!-- \/ Yoast SEO plugin. -->","yoast_head_json":{"title":"Parweld XTP 40 | Nieuwe lasmachine","description":"Parweld XTP 40","robots":{"index":"index","follow":"follow","max-snippet":"max-snippet:-1","max-image-preview":"max-image-preview:large","max-video-preview":"max-video-preview:-1"},"canonical":"https:\/\/cjays.eu\/es\/product\/parweld-xtp-40\/","og_locale":"es_ES","og_type":"article","og_title":"Parweld XTP 40 | Nieuwe lasmachine","og_description":"Parweld XTP 40","og_url":"https:\/\/cjays.eu\/es\/product\/parweld-xtp-40\/","og_site_name":"Cjays Lastechniek | Gebruikte Lasapparaten","article_publisher":"https:\/\/www.facebook.com\/cjayslastechniek.nl","article_modified_time":"2022-04-26T09:00:35+00:00","og_image":[{"width":600,"height":600,"url":"https:\/\/cjays.eu\/wp-content\/uploads\/2021\/12\/nla_pl_snej_2-600x600-1.png","type":"image\/png"}],"twitter_card":"summary_large_image","twitter_misc":{"Tiempo de lectura":"1 minuto"},"schema":{"@context":"https:\/\/schema.org","@graph":[{"@type":"WebPage","@id":"https:\/\/cjays.eu\/es\/product\/parweld-xtp-40\/","url":"https:\/\/cjays.eu\/es\/product\/parweld-xtp-40\/","name":"Parweld XTP 40 | Nieuwe lasmachine","isPartOf":{"@id":"https:\/\/cjays.eu\/es\/#website"},"primaryImageOfPage":{"@id":"https:\/\/cjays.eu\/es\/product\/parweld-xtp-40\/#primaryimage"},"image":{"@id":"https:\/\/cjays.eu\/es\/product\/parweld-xtp-40\/#primaryimage"},"thumbnailUrl":"https:\/\/cjays.eu\/wp-content\/uploads\/2021\/12\/nla_pl_snej_2-600x600-1.png","datePublished":"2021-12-30T20:16:22+00:00","dateModified":"2022-04-26T09:00:35+00:00","description":"Parweld XTP 40","breadcrumb":{"@id":"https:\/\/cjays.eu\/es\/product\/parweld-xtp-40\/#breadcrumb"},"inLanguage":"es","potentialAction":[{"@type":"ReadAction","target":["https:\/\/cjays.eu\/es\/product\/parweld-xtp-40\/"]}]},{"@type":"ImageObject","inLanguage":"es","@id":"https:\/\/cjays.eu\/es\/product\/parweld-xtp-40\/#primaryimage","url":"https:\/\/cjays.eu\/wp-content\/uploads\/2021\/12\/nla_pl_snej_2-600x600-1.png","contentUrl":"https:\/\/cjays.eu\/wp-content\/uploads\/2021\/12\/nla_pl_snej_2-600x600-1.png","width":600,"height":600,"caption":"Parweld XTP 40"},{"@type":"BreadcrumbList","@id":"https:\/\/cjays.eu\/es\/product\/parweld-xtp-40\/#breadcrumb","itemListElement":[{"@type":"ListItem","position":1,"name":"Home","item":"https:\/\/cjays.eu\/es\/"},{"@type":"ListItem","position":2,"name":"Tienda","item":"https:\/\/cjays.eu\/es\/winkel\/"},{"@type":"ListItem","position":3,"name":"Parweld XTP 40 Cortadora de Plasma"}]},{"@type":"WebSite","@id":"https:\/\/cjays.eu\/es\/#website","url":"https:\/\/cjays.eu\/es\/","name":"Cjays Lastechniek | Gebruikte Lasapparaten","description":"Gebruikte &amp; Nieuwe Lasapparaten &amp; Lasbenodigdheden","publisher":{"@id":"https:\/\/cjays.eu\/es\/#organization"},"alternateName":"Cjays","potentialAction":[{"@type":"SearchAction","target":{"@type":"EntryPoint","urlTemplate":"https:\/\/cjays.eu\/es\/?s={search_term_string}"},"query-input":{"@type":"PropertyValueSpecification","valueRequired":true,"valueName":"search_term_string"}}],"inLanguage":"es"},{"@type":"Organization","@id":"https:\/\/cjays.eu\/es\/#organization","name":"Cjays Lastechniek","alternateName":"Cjays","url":"https:\/\/cjays.eu\/es\/","logo":{"@type":"ImageObject","inLanguage":"es","@id":"https:\/\/cjays.eu\/es\/#\/schema\/logo\/image\/","url":"https:\/\/cjays.eu\/wp-content\/uploads\/2022\/01\/logo-cjays-e1643484777484.png","contentUrl":"https:\/\/cjays.eu\/wp-content\/uploads\/2022\/01\/logo-cjays-e1643484777484.png","width":500,"height":198,"caption":"Cjays Lastechniek"},"image":{"@id":"https:\/\/cjays.eu\/es\/#\/schema\/logo\/image\/"},"sameAs":["https:\/\/www.facebook.com\/cjayslastechniek.nl","https:\/\/www.instagram.com\/cjays.lastechniek\/","https:\/\/www.youtube.com\/@cjayslastechniek2812"]}]}},"_links":{"self":[{"href":"https:\/\/cjays.eu\/es\/wp-json\/wp\/v2\/product\/225983","targetHints":{"allow":["GET"]}}],"collection":[{"href":"https:\/\/cjays.eu\/es\/wp-json\/wp\/v2\/product"}],"about":[{"href":"https:\/\/cjays.eu\/es\/wp-json\/wp\/v2\/types\/product"}],"replies":[{"embeddable":true,"href":"https:\/\/cjays.eu\/es\/wp-json\/wp\/v2\/comments?post=225983"}],"wp:featuredmedia":[{"embeddable":true,"href":"https:\/\/cjays.eu\/es\/wp-json\/wp\/v2\/media\/2380"}],"wp:attachment":[{"href":"https:\/\/cjays.eu\/es\/wp-json\/wp\/v2\/media?parent=225983"}],"wp:term":[{"taxonomy":"product_brand","embeddable":true,"href":"https:\/\/cjays.eu\/es\/wp-json\/wp\/v2\/product_brand?post=225983"},{"taxonomy":"product_cat","embeddable":true,"href":"https:\/\/cjays.eu\/es\/wp-json\/wp\/v2\/product_cat?post=225983"},{"taxonomy":"product_tag","embeddable":true,"href":"https:\/\/cjays.eu\/es\/wp-json\/wp\/v2\/product_tag?post=225983"}],"curies":[{"name":"wp","href":"https:\/\/api.w.org\/{rel}","templated":true}]}}