{"id":225942,"date":"2021-12-30T21:10:33","date_gmt":"2021-12-30T21:10:33","guid":{"rendered":"https:\/\/cjays.eu\/product\/parweld-xtm-201i\/"},"modified":"2022-08-12T21:00:12","modified_gmt":"2022-08-12T19:00:12","slug":"parweld-xtm-201i","status":"publish","type":"product","link":"https:\/\/cjays.eu\/es\/product\/parweld-xtm-201i\/","title":{"rendered":"Parweld XTM 201i"},"content":{"rendered":"<p>Parweld XTM 201i<\/p>\n<p><strong>El dispositivo de soldadura Parweld XTM 201i XTM MIG INVERTER<\/strong><\/p>\n<p>UNIDAD DE ALAMBRE: 2 rollos<br \/>\nINAL\u00c1MBRICO: 200mm (5kg)<br \/>\nTENSI\u00d3N: 13,5V &#8211; 26,5V<br \/>\nCLASE DE AISLAMIENTO: IP23S<br \/>\nVELOCIDAD DE CIRCULACI\u00d3N DEL HILO: 2-18m\/min<br \/>\nPESO (KG) : 12<br \/>\nDIMENSIONES (MM): 465 x 214 x 356<br \/>\nESPESOR DEL HILO: 0,6 &#8211; 1,0mm<br \/>\nCORRIENTE DE SOLDADURA: 200A<br \/>\nFusible de red: 20A T Tensi\u00f3n de red: 1 x 240V &#8211; 50\/60Hz TIPO DE M\u00c1QUINA: Inversor<br \/>\nCICLO DE TRABAJO: 200A @ 30% &#8211; 110A @ 100%<br \/>\nESTILO: Port\u00e1til<br \/>\nPOTENCIA (KVA): 10,35<\/p>\n<p>&nbsp;<\/p>\n<p>Gracias a la estable salida de corriente continua, puede estar seguro de que las propiedades de soldadura son excelentes, lo que permite soldar con facilidad materiales de hasta 5 mm. Los par\u00e1metros de soldadura se pueden ajustar con precisi\u00f3n.<\/p>\n<p>Dispositivo de soldadura port\u00e1til<\/p>\n<p>Un dispositivo port\u00e1til que puede utilizarse en cualquier lugar y que sigue teniendo un acoplamiento Euro y un punto de conexi\u00f3n de masa 35\/50, lo que hace que el transporte de la m\u00e1quina de soldar sea a\u00fan m\u00e1s f\u00e1cil y seguro.<\/p>\n<p>Pantallas digitales<\/p>\n<p>Las dos pantallas digitales facilitan el ajuste y la lectura.<br \/>\nUna pantalla muestra siempre la tensi\u00f3n, mientras que la segunda puede mostrar tanto la corriente de soldadura como la velocidad del hilo. Se pueden utilizar hilos de soldadura de 0,6 a 1,0 mm.<\/p>\n<p>F\u00e1cil de usar<\/p>\n<p>El XTM 200i puede utilizarse en un solo grupo de potencia. La unidad puede soportar una fluctuaci\u00f3n de tensi\u00f3n de +\/-15%. M\u00e1quina MIG Inverter ligera y port\u00e1til.<br \/>\nAdecuado para la producci\u00f3n industrial ligera, el mantenimiento, la reparaci\u00f3n, la formaci\u00f3n, la agricultura, el bricolaje, la chapa y el trabajo in situ.<\/p>\n","protected":false},"excerpt":{"rendered":"<p>1 x 230V Voltaje<br \/>\n200A @ 30% Ciclo de trabajo<br \/>\nCompacto y port\u00e1til<br \/>\nPantalla digital d\u00fao<br \/>\nHilo de soldadura Mig m\u00e1x. 5kg (D200)<br \/>\nFunci\u00f3n de conmutaci\u00f3n 2T\/4T, bot\u00f3n independiente<br \/>\n2 a\u00f1os de garant\u00eda de mantenimiento<br \/>\nFabricado seg\u00fan IP23S, ISO\/IEC 60974-1, ISO\/IEC 60974-6 y compatible con RoHS<\/p>\n<p>Incluye una linterna de 3 metros de tipo 250 y un cable de tierra de 3 metros.<br \/>\nCon esta maquina se puede soldar Acero\u00a0 Acero inoxidable.<\/p>\n","protected":false},"featured_media":271801,"comment_status":"open","ping_status":"closed","template":"","meta":[],"product_brand":[],"product_cat":[468,128,4118,473,146],"product_tag":[],"class_list":{"0":"post-225942","1":"product","2":"type-product","3":"status-publish","4":"has-post-thumbnail","6":"product_cat-equipo-de-soldadura-mig-nuevo","7":"product_cat-nuevo-equipo-de-soldadura","8":"product_cat-parweld-2-es","9":"product_cat-portatil","10":"product_cat-todos-los-productos","11":"product_shipping_class-kleine-machines-europa-es","13":"first","14":"onbackorder","15":"taxable","16":"shipping-taxable","17":"purchasable","18":"product-type-simple"},"yoast_head":"<!-- This site is optimized with the Yoast SEO plugin v27.5 - https:\/\/yoast.com\/product\/yoast-seo-wordpress\/ -->\n<title>Parweld XTM 201i | 230 Volt | 200 Amp\u00e8re | Cjays Lastechniek<\/title>\n<meta name=\"description\" content=\"Parweld XTM 201i. Draagbaar 200 amp\u00e8re machine op 230 Volt. Geschikt voor hobby, plaatwerk, doe-het-zelf, en huis tuin en keuken.\" \/>\n<meta name=\"robots\" content=\"index, follow, max-snippet:-1, max-image-preview:large, max-video-preview:-1\" \/>\n<link rel=\"canonical\" href=\"https:\/\/cjays.eu\/es\/product\/parweld-xtm-201i\/\" \/>\n<meta property=\"og:locale\" content=\"es_ES\" \/>\n<meta property=\"og:type\" content=\"article\" \/>\n<meta property=\"og:title\" content=\"Parweld XTM 201i | 230 Volt | 200 Amp\u00e8re | Cjays Lastechniek\" \/>\n<meta property=\"og:description\" content=\"Parweld XTM 201i. Draagbaar 200 amp\u00e8re machine op 230 Volt. Geschikt voor hobby, plaatwerk, doe-het-zelf, en huis tuin en keuken.\" \/>\n<meta property=\"og:url\" content=\"https:\/\/cjays.eu\/es\/product\/parweld-xtm-201i\/\" \/>\n<meta property=\"og:site_name\" content=\"Cjays Lastechniek | Gebruikte Lasapparaten\" \/>\n<meta property=\"article:publisher\" content=\"https:\/\/www.facebook.com\/cjayslastechniek.nl\" \/>\n<meta property=\"article:modified_time\" content=\"2022-08-12T19:00:12+00:00\" \/>\n<meta property=\"og:image\" content=\"https:\/\/cjays.eu\/wp-content\/uploads\/2023\/08\/XTM201i-Cjays-scaled.jpeg\" \/>\n\t<meta property=\"og:image:width\" content=\"2560\" \/>\n\t<meta property=\"og:image:height\" content=\"2560\" \/>\n\t<meta property=\"og:image:type\" content=\"image\/jpeg\" \/>\n<meta name=\"twitter:card\" content=\"summary_large_image\" \/>\n<meta name=\"twitter:label1\" content=\"Tiempo de lectura\" \/>\n\t<meta name=\"twitter:data1\" content=\"1 minuto\" \/>\n<script type=\"application\/ld+json\" class=\"yoast-schema-graph\">{\"@context\":\"https:\\\/\\\/schema.org\",\"@graph\":[{\"@type\":\"WebPage\",\"@id\":\"https:\\\/\\\/cjays.eu\\\/es\\\/product\\\/parweld-xtm-201i\\\/\",\"url\":\"https:\\\/\\\/cjays.eu\\\/es\\\/product\\\/parweld-xtm-201i\\\/\",\"name\":\"Parweld XTM 201i | 230 Volt | 200 Amp\u00e8re | Cjays Lastechniek\",\"isPartOf\":{\"@id\":\"https:\\\/\\\/cjays.eu\\\/es\\\/#website\"},\"primaryImageOfPage\":{\"@id\":\"https:\\\/\\\/cjays.eu\\\/es\\\/product\\\/parweld-xtm-201i\\\/#primaryimage\"},\"image\":{\"@id\":\"https:\\\/\\\/cjays.eu\\\/es\\\/product\\\/parweld-xtm-201i\\\/#primaryimage\"},\"thumbnailUrl\":\"https:\\\/\\\/cjays.eu\\\/wp-content\\\/uploads\\\/2023\\\/08\\\/XTM201i-Cjays-scaled.jpeg\",\"datePublished\":\"2021-12-30T21:10:33+00:00\",\"dateModified\":\"2022-08-12T19:00:12+00:00\",\"description\":\"Parweld XTM 201i. Draagbaar 200 amp\u00e8re machine op 230 Volt. Geschikt voor hobby, plaatwerk, doe-het-zelf, en huis tuin en keuken.\",\"breadcrumb\":{\"@id\":\"https:\\\/\\\/cjays.eu\\\/es\\\/product\\\/parweld-xtm-201i\\\/#breadcrumb\"},\"inLanguage\":\"es\",\"potentialAction\":[{\"@type\":\"ReadAction\",\"target\":[\"https:\\\/\\\/cjays.eu\\\/es\\\/product\\\/parweld-xtm-201i\\\/\"]}]},{\"@type\":\"ImageObject\",\"inLanguage\":\"es\",\"@id\":\"https:\\\/\\\/cjays.eu\\\/es\\\/product\\\/parweld-xtm-201i\\\/#primaryimage\",\"url\":\"https:\\\/\\\/cjays.eu\\\/wp-content\\\/uploads\\\/2023\\\/08\\\/XTM201i-Cjays-scaled.jpeg\",\"contentUrl\":\"https:\\\/\\\/cjays.eu\\\/wp-content\\\/uploads\\\/2023\\\/08\\\/XTM201i-Cjays-scaled.jpeg\",\"width\":2560,\"height\":2560},{\"@type\":\"BreadcrumbList\",\"@id\":\"https:\\\/\\\/cjays.eu\\\/es\\\/product\\\/parweld-xtm-201i\\\/#breadcrumb\",\"itemListElement\":[{\"@type\":\"ListItem\",\"position\":1,\"name\":\"Home\",\"item\":\"https:\\\/\\\/cjays.eu\\\/es\\\/\"},{\"@type\":\"ListItem\",\"position\":2,\"name\":\"Tienda\",\"item\":\"https:\\\/\\\/cjays.eu\\\/es\\\/winkel\\\/\"},{\"@type\":\"ListItem\",\"position\":3,\"name\":\"Parweld XTM 201i\"}]},{\"@type\":\"WebSite\",\"@id\":\"https:\\\/\\\/cjays.eu\\\/es\\\/#website\",\"url\":\"https:\\\/\\\/cjays.eu\\\/es\\\/\",\"name\":\"Cjays Lastechniek | Gebruikte Lasapparaten\",\"description\":\"Gebruikte &amp; Nieuwe Lasapparaten &amp; Lasbenodigdheden\",\"publisher\":{\"@id\":\"https:\\\/\\\/cjays.eu\\\/es\\\/#organization\"},\"alternateName\":\"Cjays\",\"potentialAction\":[{\"@type\":\"SearchAction\",\"target\":{\"@type\":\"EntryPoint\",\"urlTemplate\":\"https:\\\/\\\/cjays.eu\\\/es\\\/?s={search_term_string}\"},\"query-input\":{\"@type\":\"PropertyValueSpecification\",\"valueRequired\":true,\"valueName\":\"search_term_string\"}}],\"inLanguage\":\"es\"},{\"@type\":\"Organization\",\"@id\":\"https:\\\/\\\/cjays.eu\\\/es\\\/#organization\",\"name\":\"Cjays Lastechniek\",\"alternateName\":\"Cjays\",\"url\":\"https:\\\/\\\/cjays.eu\\\/es\\\/\",\"logo\":{\"@type\":\"ImageObject\",\"inLanguage\":\"es\",\"@id\":\"https:\\\/\\\/cjays.eu\\\/es\\\/#\\\/schema\\\/logo\\\/image\\\/\",\"url\":\"https:\\\/\\\/cjays.eu\\\/wp-content\\\/uploads\\\/2022\\\/01\\\/logo-cjays-e1643484777484.png\",\"contentUrl\":\"https:\\\/\\\/cjays.eu\\\/wp-content\\\/uploads\\\/2022\\\/01\\\/logo-cjays-e1643484777484.png\",\"width\":500,\"height\":198,\"caption\":\"Cjays Lastechniek\"},\"image\":{\"@id\":\"https:\\\/\\\/cjays.eu\\\/es\\\/#\\\/schema\\\/logo\\\/image\\\/\"},\"sameAs\":[\"https:\\\/\\\/www.facebook.com\\\/cjayslastechniek.nl\",\"https:\\\/\\\/www.instagram.com\\\/cjays.lastechniek\\\/\",\"https:\\\/\\\/www.youtube.com\\\/@cjayslastechniek2812\"]}]}<\/script>\n<!-- \/ Yoast SEO plugin. -->","yoast_head_json":{"title":"Parweld XTM 201i | 230 Volt | 200 Amp\u00e8re | Cjays Lastechniek","description":"Parweld XTM 201i. Draagbaar 200 amp\u00e8re machine op 230 Volt. Geschikt voor hobby, plaatwerk, doe-het-zelf, en huis tuin en keuken.","robots":{"index":"index","follow":"follow","max-snippet":"max-snippet:-1","max-image-preview":"max-image-preview:large","max-video-preview":"max-video-preview:-1"},"canonical":"https:\/\/cjays.eu\/es\/product\/parweld-xtm-201i\/","og_locale":"es_ES","og_type":"article","og_title":"Parweld XTM 201i | 230 Volt | 200 Amp\u00e8re | Cjays Lastechniek","og_description":"Parweld XTM 201i. Draagbaar 200 amp\u00e8re machine op 230 Volt. Geschikt voor hobby, plaatwerk, doe-het-zelf, en huis tuin en keuken.","og_url":"https:\/\/cjays.eu\/es\/product\/parweld-xtm-201i\/","og_site_name":"Cjays Lastechniek | Gebruikte Lasapparaten","article_publisher":"https:\/\/www.facebook.com\/cjayslastechniek.nl","article_modified_time":"2022-08-12T19:00:12+00:00","og_image":[{"width":2560,"height":2560,"url":"https:\/\/cjays.eu\/wp-content\/uploads\/2023\/08\/XTM201i-Cjays-scaled.jpeg","type":"image\/jpeg"}],"twitter_card":"summary_large_image","twitter_misc":{"Tiempo de lectura":"1 minuto"},"schema":{"@context":"https:\/\/schema.org","@graph":[{"@type":"WebPage","@id":"https:\/\/cjays.eu\/es\/product\/parweld-xtm-201i\/","url":"https:\/\/cjays.eu\/es\/product\/parweld-xtm-201i\/","name":"Parweld XTM 201i | 230 Volt | 200 Amp\u00e8re | Cjays Lastechniek","isPartOf":{"@id":"https:\/\/cjays.eu\/es\/#website"},"primaryImageOfPage":{"@id":"https:\/\/cjays.eu\/es\/product\/parweld-xtm-201i\/#primaryimage"},"image":{"@id":"https:\/\/cjays.eu\/es\/product\/parweld-xtm-201i\/#primaryimage"},"thumbnailUrl":"https:\/\/cjays.eu\/wp-content\/uploads\/2023\/08\/XTM201i-Cjays-scaled.jpeg","datePublished":"2021-12-30T21:10:33+00:00","dateModified":"2022-08-12T19:00:12+00:00","description":"Parweld XTM 201i. Draagbaar 200 amp\u00e8re machine op 230 Volt. Geschikt voor hobby, plaatwerk, doe-het-zelf, en huis tuin en keuken.","breadcrumb":{"@id":"https:\/\/cjays.eu\/es\/product\/parweld-xtm-201i\/#breadcrumb"},"inLanguage":"es","potentialAction":[{"@type":"ReadAction","target":["https:\/\/cjays.eu\/es\/product\/parweld-xtm-201i\/"]}]},{"@type":"ImageObject","inLanguage":"es","@id":"https:\/\/cjays.eu\/es\/product\/parweld-xtm-201i\/#primaryimage","url":"https:\/\/cjays.eu\/wp-content\/uploads\/2023\/08\/XTM201i-Cjays-scaled.jpeg","contentUrl":"https:\/\/cjays.eu\/wp-content\/uploads\/2023\/08\/XTM201i-Cjays-scaled.jpeg","width":2560,"height":2560},{"@type":"BreadcrumbList","@id":"https:\/\/cjays.eu\/es\/product\/parweld-xtm-201i\/#breadcrumb","itemListElement":[{"@type":"ListItem","position":1,"name":"Home","item":"https:\/\/cjays.eu\/es\/"},{"@type":"ListItem","position":2,"name":"Tienda","item":"https:\/\/cjays.eu\/es\/winkel\/"},{"@type":"ListItem","position":3,"name":"Parweld XTM 201i"}]},{"@type":"WebSite","@id":"https:\/\/cjays.eu\/es\/#website","url":"https:\/\/cjays.eu\/es\/","name":"Cjays Lastechniek | Gebruikte Lasapparaten","description":"Gebruikte &amp; Nieuwe Lasapparaten &amp; Lasbenodigdheden","publisher":{"@id":"https:\/\/cjays.eu\/es\/#organization"},"alternateName":"Cjays","potentialAction":[{"@type":"SearchAction","target":{"@type":"EntryPoint","urlTemplate":"https:\/\/cjays.eu\/es\/?s={search_term_string}"},"query-input":{"@type":"PropertyValueSpecification","valueRequired":true,"valueName":"search_term_string"}}],"inLanguage":"es"},{"@type":"Organization","@id":"https:\/\/cjays.eu\/es\/#organization","name":"Cjays Lastechniek","alternateName":"Cjays","url":"https:\/\/cjays.eu\/es\/","logo":{"@type":"ImageObject","inLanguage":"es","@id":"https:\/\/cjays.eu\/es\/#\/schema\/logo\/image\/","url":"https:\/\/cjays.eu\/wp-content\/uploads\/2022\/01\/logo-cjays-e1643484777484.png","contentUrl":"https:\/\/cjays.eu\/wp-content\/uploads\/2022\/01\/logo-cjays-e1643484777484.png","width":500,"height":198,"caption":"Cjays Lastechniek"},"image":{"@id":"https:\/\/cjays.eu\/es\/#\/schema\/logo\/image\/"},"sameAs":["https:\/\/www.facebook.com\/cjayslastechniek.nl","https:\/\/www.instagram.com\/cjays.lastechniek\/","https:\/\/www.youtube.com\/@cjayslastechniek2812"]}]}},"_links":{"self":[{"href":"https:\/\/cjays.eu\/es\/wp-json\/wp\/v2\/product\/225942","targetHints":{"allow":["GET"]}}],"collection":[{"href":"https:\/\/cjays.eu\/es\/wp-json\/wp\/v2\/product"}],"about":[{"href":"https:\/\/cjays.eu\/es\/wp-json\/wp\/v2\/types\/product"}],"replies":[{"embeddable":true,"href":"https:\/\/cjays.eu\/es\/wp-json\/wp\/v2\/comments?post=225942"}],"wp:featuredmedia":[{"embeddable":true,"href":"https:\/\/cjays.eu\/es\/wp-json\/wp\/v2\/media\/271801"}],"wp:attachment":[{"href":"https:\/\/cjays.eu\/es\/wp-json\/wp\/v2\/media?parent=225942"}],"wp:term":[{"taxonomy":"product_brand","embeddable":true,"href":"https:\/\/cjays.eu\/es\/wp-json\/wp\/v2\/product_brand?post=225942"},{"taxonomy":"product_cat","embeddable":true,"href":"https:\/\/cjays.eu\/es\/wp-json\/wp\/v2\/product_cat?post=225942"},{"taxonomy":"product_tag","embeddable":true,"href":"https:\/\/cjays.eu\/es\/wp-json\/wp\/v2\/product_tag?post=225942"}],"curies":[{"name":"wp","href":"https:\/\/api.w.org\/{rel}","templated":true}]}}