{"id":225841,"date":"2021-12-31T07:27:05","date_gmt":"2021-12-31T07:27:05","guid":{"rendered":"https:\/\/cjays.eu\/product\/lorch-s3-mobile-speedpulse-xt\/"},"modified":"2022-09-07T13:54:50","modified_gmt":"2022-09-07T11:54:50","slug":"lorch-s3-mobile-speedpulse-xt","status":"publish","type":"product","link":"https:\/\/cjays.eu\/es\/producto\/lorch-s3-mobile-speedpulse-xt\/","title":{"rendered":"Lorch S3 Mobile Speedpulse XT"},"content":{"rendered":"<h3>Lorch S3 Mobile SpeedPulse XT<\/h3>\n<p>El control din\u00e1mico permite por primera vez ajustar el arco de forma flexible a las diferentes tareas, posiciones de soldadura y preferencias individuales del soldador, tambi\u00e9n para los sistemas de pulso. La caracter\u00edstica del arco puede ajustarse directamente de duro a suave mediante un controlador.<\/p>\n<p>Dado que la Lorch S3 mobile Pulse XT con su juego de ruedas de carro es a la vez port\u00e1til y m\u00f3vil, usted siempre permanece flexible.<\/p>\n<p>Con las actualizaciones opcionales de velocidad Lorch (proceso completo) SpeedUp, SpeedRoot y SpeedCold, as\u00ed como con los modelos est\u00e1ndar SpeedPulse, SpeedPulse XT, SpeedTwinPulse, TwinPulse XT, SpeedArc y SpeedArc XT, ahora podr\u00e1 soldar a\u00fan m\u00e1s r\u00e1pido.<\/p>\n<p>La tecnolog\u00eda de procesadores m\u00e1s avanzada garantiza una interacci\u00f3n \u00f3ptima de todos los par\u00e1metros y componentes que intervienen en el proceso de soldadura. De este modo, se consiguen los mejores valores absolutos en el ciclo de trabajo y la m\u00e1xima productividad.<\/p>\n<p>La Lorch S3 mobile Pulse XT suelda con gas mezclado con Arg\u00f3n-CO\u2082, as\u00ed como con 100% de CO\u2082, por lo que es muy adecuada para su uso internacional.<\/p>\n<p>Rango de soldadura (en A) 25-320<br \/>\nID 100% 40\u02daC (en A) 250<br \/>\nID 60% 40\u02daC (en A) 280<br \/>\nID a corriente m\u00e1xima 40\u02daC (en %) 40%<br \/>\nFusible de red (en A) 16<br \/>\nPeso (en kg) 34<\/p>\n","protected":false},"excerpt":{"rendered":"<p>https:\/\/www.youtube.com\/watch?v=kon_S65v8k8&amp;ab_channel=Cjayslastechniek<\/p>\n<p>Con la Lorch S3 mobile Pulse XT soldar\u00e1 conforme a la norma EN 1090 gracias al control sin\u00e9rgico y al ajuste autom\u00e1tico. En combinaci\u00f3n con el paquete de prestaciones Lorch EN 1090 disponible adicionalmente, estar\u00e1 equipado para todas las tareas de soldadura.<\/p>\n<p><strong>Cada m\u00e1quina de soldar de la serie S de Lorch puede configurarse libremente para adaptarse de forma \u00f3ptima a sus tareas de soldadura.<\/strong><\/p>\n<p>Disponible en:<\/p>\n<p>S3 Mobile SpeedPulse XT.<br \/>\nS3 Mobile SpeedPulse XT Proceso completo.<br \/>\nRefrigeraci\u00f3n por aire, incluyendo 4 metros de soplete ML 3800 Powermaster.<br \/>\nRefrigerado por agua, incluye antorcha MW 5500 Powermaster de 4 metros y carro de soldadura.<\/p>\n","protected":false},"featured_media":257028,"comment_status":"open","ping_status":"closed","template":"","meta":[],"product_brand":[],"product_cat":[472,468,128,473,505,146],"product_tag":[],"class_list":{"0":"post-225841","1":"product","2":"type-product","3":"status-publish","4":"has-post-thumbnail","6":"product_cat-compacto","7":"product_cat-equipo-de-soldadura-mig-nuevo","8":"product_cat-nuevo-equipo-de-soldadura","9":"product_cat-portatil","10":"product_cat-pulse-es-es","11":"product_cat-todos-los-productos","13":"first","14":"instock","15":"taxable","16":"shipping-taxable","17":"product-type-simple"},"yoast_head":"<!-- This site is optimized with the Yoast SEO plugin v27.4 - https:\/\/yoast.com\/product\/yoast-seo-wordpress\/ -->\n<title>Lorch S3 Mobile Speedpulse XT | Mig Lassen<\/title>\n<meta name=\"description\" content=\"Omdat de Lorch S3 mobile Pulse XT met zijn trolley-wielenset zowel draagbaar als verrijdbaar is, blijft u altijd flexibel.\" \/>\n<meta name=\"robots\" content=\"index, follow, max-snippet:-1, max-image-preview:large, max-video-preview:-1\" \/>\n<link rel=\"canonical\" href=\"https:\/\/cjays.eu\/es\/producto\/lorch-s3-mobile-speedpulse-xt\/\" \/>\n<meta property=\"og:locale\" content=\"es_ES\" \/>\n<meta property=\"og:type\" content=\"article\" \/>\n<meta property=\"og:title\" content=\"Lorch S3 Mobile Speedpulse XT | Mig Lassen\" \/>\n<meta property=\"og:description\" content=\"Omdat de Lorch S3 mobile Pulse XT met zijn trolley-wielenset zowel draagbaar als verrijdbaar is, blijft u altijd flexibel.\" \/>\n<meta property=\"og:url\" content=\"https:\/\/cjays.eu\/es\/producto\/lorch-s3-mobile-speedpulse-xt\/\" \/>\n<meta property=\"og:site_name\" content=\"Cjays Lastechniek | Gebruikte Lasapparaten\" \/>\n<meta property=\"article:publisher\" content=\"https:\/\/www.facebook.com\/cjayslastechniek.nl\" \/>\n<meta property=\"article:modified_time\" content=\"2022-09-07T11:54:50+00:00\" \/>\n<meta property=\"og:image\" content=\"https:\/\/cjays.eu\/wp-content\/uploads\/2021\/12\/lorch-s3-mobile-synergic-speedpulse-xt-1025-p-1.jpg\" \/>\n\t<meta property=\"og:image:width\" content=\"512\" \/>\n\t<meta property=\"og:image:height\" content=\"384\" \/>\n\t<meta property=\"og:image:type\" content=\"image\/jpeg\" \/>\n<meta name=\"twitter:card\" content=\"summary_large_image\" \/>\n<meta name=\"twitter:label1\" content=\"Tiempo de lectura\" \/>\n\t<meta name=\"twitter:data1\" content=\"1 minuto\" \/>\n<script type=\"application\/ld+json\" class=\"yoast-schema-graph\">{\"@context\":\"https:\\\/\\\/schema.org\",\"@graph\":[{\"@type\":\"WebPage\",\"@id\":\"https:\\\/\\\/cjays.eu\\\/es\\\/producto\\\/lorch-s3-mobile-speedpulse-xt\\\/\",\"url\":\"https:\\\/\\\/cjays.eu\\\/es\\\/producto\\\/lorch-s3-mobile-speedpulse-xt\\\/\",\"name\":\"Lorch S3 Mobile Speedpulse XT | Mig Lassen\",\"isPartOf\":{\"@id\":\"https:\\\/\\\/cjays.eu\\\/#website\"},\"primaryImageOfPage\":{\"@id\":\"https:\\\/\\\/cjays.eu\\\/es\\\/producto\\\/lorch-s3-mobile-speedpulse-xt\\\/#primaryimage\"},\"image\":{\"@id\":\"https:\\\/\\\/cjays.eu\\\/es\\\/producto\\\/lorch-s3-mobile-speedpulse-xt\\\/#primaryimage\"},\"thumbnailUrl\":\"https:\\\/\\\/cjays.eu\\\/wp-content\\\/uploads\\\/2021\\\/12\\\/lorch-s3-mobile-synergic-speedpulse-xt-1025-p-1.jpg\",\"datePublished\":\"2021-12-31T07:27:05+00:00\",\"dateModified\":\"2022-09-07T11:54:50+00:00\",\"description\":\"Omdat de Lorch S3 mobile Pulse XT met zijn trolley-wielenset zowel draagbaar als verrijdbaar is, blijft u altijd flexibel.\",\"breadcrumb\":{\"@id\":\"https:\\\/\\\/cjays.eu\\\/es\\\/producto\\\/lorch-s3-mobile-speedpulse-xt\\\/#breadcrumb\"},\"inLanguage\":\"es\",\"potentialAction\":[{\"@type\":\"ReadAction\",\"target\":[\"https:\\\/\\\/cjays.eu\\\/es\\\/producto\\\/lorch-s3-mobile-speedpulse-xt\\\/\"]}]},{\"@type\":\"ImageObject\",\"inLanguage\":\"es\",\"@id\":\"https:\\\/\\\/cjays.eu\\\/es\\\/producto\\\/lorch-s3-mobile-speedpulse-xt\\\/#primaryimage\",\"url\":\"https:\\\/\\\/cjays.eu\\\/wp-content\\\/uploads\\\/2021\\\/12\\\/lorch-s3-mobile-synergic-speedpulse-xt-1025-p-1.jpg\",\"contentUrl\":\"https:\\\/\\\/cjays.eu\\\/wp-content\\\/uploads\\\/2021\\\/12\\\/lorch-s3-mobile-synergic-speedpulse-xt-1025-p-1.jpg\",\"width\":512,\"height\":384},{\"@type\":\"BreadcrumbList\",\"@id\":\"https:\\\/\\\/cjays.eu\\\/es\\\/producto\\\/lorch-s3-mobile-speedpulse-xt\\\/#breadcrumb\",\"itemListElement\":[{\"@type\":\"ListItem\",\"position\":1,\"name\":\"Home\",\"item\":\"https:\\\/\\\/cjays.eu\\\/\"},{\"@type\":\"ListItem\",\"position\":2,\"name\":\"Winkel\",\"item\":\"https:\\\/\\\/cjays.eu\\\/winkel\\\/\"},{\"@type\":\"ListItem\",\"position\":3,\"name\":\"Lorch S3 Mobile Speedpulse XT\"}]},{\"@type\":\"WebSite\",\"@id\":\"https:\\\/\\\/cjays.eu\\\/#website\",\"url\":\"https:\\\/\\\/cjays.eu\\\/\",\"name\":\"Cjays Lastechniek | Gebruikte Lasapparaten\",\"description\":\"Gebruikte &amp; Nieuwe Lasapparaten &amp; Lasbenodigdheden\",\"publisher\":{\"@id\":\"https:\\\/\\\/cjays.eu\\\/#organization\"},\"alternateName\":\"Cjays\",\"potentialAction\":[{\"@type\":\"SearchAction\",\"target\":{\"@type\":\"EntryPoint\",\"urlTemplate\":\"https:\\\/\\\/cjays.eu\\\/?s={search_term_string}\"},\"query-input\":{\"@type\":\"PropertyValueSpecification\",\"valueRequired\":true,\"valueName\":\"search_term_string\"}}],\"inLanguage\":\"es\"},{\"@type\":\"Organization\",\"@id\":\"https:\\\/\\\/cjays.eu\\\/#organization\",\"name\":\"Cjays Lastechniek\",\"alternateName\":\"Cjays\",\"url\":\"https:\\\/\\\/cjays.eu\\\/\",\"logo\":{\"@type\":\"ImageObject\",\"inLanguage\":\"es\",\"@id\":\"https:\\\/\\\/cjays.eu\\\/#\\\/schema\\\/logo\\\/image\\\/\",\"url\":\"https:\\\/\\\/cjays.eu\\\/wp-content\\\/uploads\\\/2022\\\/01\\\/logo-cjays-e1643484777484.png\",\"contentUrl\":\"https:\\\/\\\/cjays.eu\\\/wp-content\\\/uploads\\\/2022\\\/01\\\/logo-cjays-e1643484777484.png\",\"width\":500,\"height\":198,\"caption\":\"Cjays Lastechniek\"},\"image\":{\"@id\":\"https:\\\/\\\/cjays.eu\\\/#\\\/schema\\\/logo\\\/image\\\/\"},\"sameAs\":[\"https:\\\/\\\/www.facebook.com\\\/cjayslastechniek.nl\",\"https:\\\/\\\/www.instagram.com\\\/cjays.lastechniek\\\/\",\"https:\\\/\\\/www.youtube.com\\\/@cjayslastechniek2812\"]}]}<\/script>\n<!-- \/ Yoast SEO plugin. -->","yoast_head_json":{"title":"Lorch S3 Mobile Speedpulse XT | Mig Lassen","description":"Omdat de Lorch S3 mobile Pulse XT met zijn trolley-wielenset zowel draagbaar als verrijdbaar is, blijft u altijd flexibel.","robots":{"index":"index","follow":"follow","max-snippet":"max-snippet:-1","max-image-preview":"max-image-preview:large","max-video-preview":"max-video-preview:-1"},"canonical":"https:\/\/cjays.eu\/es\/producto\/lorch-s3-mobile-speedpulse-xt\/","og_locale":"es_ES","og_type":"article","og_title":"Lorch S3 Mobile Speedpulse XT | Mig Lassen","og_description":"Omdat de Lorch S3 mobile Pulse XT met zijn trolley-wielenset zowel draagbaar als verrijdbaar is, blijft u altijd flexibel.","og_url":"https:\/\/cjays.eu\/es\/producto\/lorch-s3-mobile-speedpulse-xt\/","og_site_name":"Cjays Lastechniek | Gebruikte Lasapparaten","article_publisher":"https:\/\/www.facebook.com\/cjayslastechniek.nl","article_modified_time":"2022-09-07T11:54:50+00:00","og_image":[{"width":512,"height":384,"url":"https:\/\/cjays.eu\/wp-content\/uploads\/2021\/12\/lorch-s3-mobile-synergic-speedpulse-xt-1025-p-1.jpg","type":"image\/jpeg"}],"twitter_card":"summary_large_image","twitter_misc":{"Tiempo de lectura":"1 minuto"},"schema":{"@context":"https:\/\/schema.org","@graph":[{"@type":"WebPage","@id":"https:\/\/cjays.eu\/es\/producto\/lorch-s3-mobile-speedpulse-xt\/","url":"https:\/\/cjays.eu\/es\/producto\/lorch-s3-mobile-speedpulse-xt\/","name":"Lorch S3 Mobile Speedpulse XT | Mig Lassen","isPartOf":{"@id":"https:\/\/cjays.eu\/#website"},"primaryImageOfPage":{"@id":"https:\/\/cjays.eu\/es\/producto\/lorch-s3-mobile-speedpulse-xt\/#primaryimage"},"image":{"@id":"https:\/\/cjays.eu\/es\/producto\/lorch-s3-mobile-speedpulse-xt\/#primaryimage"},"thumbnailUrl":"https:\/\/cjays.eu\/wp-content\/uploads\/2021\/12\/lorch-s3-mobile-synergic-speedpulse-xt-1025-p-1.jpg","datePublished":"2021-12-31T07:27:05+00:00","dateModified":"2022-09-07T11:54:50+00:00","description":"Omdat de Lorch S3 mobile Pulse XT met zijn trolley-wielenset zowel draagbaar als verrijdbaar is, blijft u altijd flexibel.","breadcrumb":{"@id":"https:\/\/cjays.eu\/es\/producto\/lorch-s3-mobile-speedpulse-xt\/#breadcrumb"},"inLanguage":"es","potentialAction":[{"@type":"ReadAction","target":["https:\/\/cjays.eu\/es\/producto\/lorch-s3-mobile-speedpulse-xt\/"]}]},{"@type":"ImageObject","inLanguage":"es","@id":"https:\/\/cjays.eu\/es\/producto\/lorch-s3-mobile-speedpulse-xt\/#primaryimage","url":"https:\/\/cjays.eu\/wp-content\/uploads\/2021\/12\/lorch-s3-mobile-synergic-speedpulse-xt-1025-p-1.jpg","contentUrl":"https:\/\/cjays.eu\/wp-content\/uploads\/2021\/12\/lorch-s3-mobile-synergic-speedpulse-xt-1025-p-1.jpg","width":512,"height":384},{"@type":"BreadcrumbList","@id":"https:\/\/cjays.eu\/es\/producto\/lorch-s3-mobile-speedpulse-xt\/#breadcrumb","itemListElement":[{"@type":"ListItem","position":1,"name":"Home","item":"https:\/\/cjays.eu\/"},{"@type":"ListItem","position":2,"name":"Winkel","item":"https:\/\/cjays.eu\/winkel\/"},{"@type":"ListItem","position":3,"name":"Lorch S3 Mobile Speedpulse XT"}]},{"@type":"WebSite","@id":"https:\/\/cjays.eu\/#website","url":"https:\/\/cjays.eu\/","name":"Cjays Lastechniek | Gebruikte Lasapparaten","description":"Gebruikte &amp; Nieuwe Lasapparaten &amp; Lasbenodigdheden","publisher":{"@id":"https:\/\/cjays.eu\/#organization"},"alternateName":"Cjays","potentialAction":[{"@type":"SearchAction","target":{"@type":"EntryPoint","urlTemplate":"https:\/\/cjays.eu\/?s={search_term_string}"},"query-input":{"@type":"PropertyValueSpecification","valueRequired":true,"valueName":"search_term_string"}}],"inLanguage":"es"},{"@type":"Organization","@id":"https:\/\/cjays.eu\/#organization","name":"Cjays Lastechniek","alternateName":"Cjays","url":"https:\/\/cjays.eu\/","logo":{"@type":"ImageObject","inLanguage":"es","@id":"https:\/\/cjays.eu\/#\/schema\/logo\/image\/","url":"https:\/\/cjays.eu\/wp-content\/uploads\/2022\/01\/logo-cjays-e1643484777484.png","contentUrl":"https:\/\/cjays.eu\/wp-content\/uploads\/2022\/01\/logo-cjays-e1643484777484.png","width":500,"height":198,"caption":"Cjays Lastechniek"},"image":{"@id":"https:\/\/cjays.eu\/#\/schema\/logo\/image\/"},"sameAs":["https:\/\/www.facebook.com\/cjayslastechniek.nl","https:\/\/www.instagram.com\/cjays.lastechniek\/","https:\/\/www.youtube.com\/@cjayslastechniek2812"]}]}},"_links":{"self":[{"href":"https:\/\/cjays.eu\/es\/wp-json\/wp\/v2\/product\/225841","targetHints":{"allow":["GET"]}}],"collection":[{"href":"https:\/\/cjays.eu\/es\/wp-json\/wp\/v2\/product"}],"about":[{"href":"https:\/\/cjays.eu\/es\/wp-json\/wp\/v2\/types\/product"}],"replies":[{"embeddable":true,"href":"https:\/\/cjays.eu\/es\/wp-json\/wp\/v2\/comments?post=225841"}],"wp:featuredmedia":[{"embeddable":true,"href":"https:\/\/cjays.eu\/es\/wp-json\/wp\/v2\/media\/257028"}],"wp:attachment":[{"href":"https:\/\/cjays.eu\/es\/wp-json\/wp\/v2\/media?parent=225841"}],"wp:term":[{"taxonomy":"product_brand","embeddable":true,"href":"https:\/\/cjays.eu\/es\/wp-json\/wp\/v2\/product_brand?post=225841"},{"taxonomy":"product_cat","embeddable":true,"href":"https:\/\/cjays.eu\/es\/wp-json\/wp\/v2\/product_cat?post=225841"},{"taxonomy":"product_tag","embeddable":true,"href":"https:\/\/cjays.eu\/es\/wp-json\/wp\/v2\/product_tag?post=225841"}],"curies":[{"name":"wp","href":"https:\/\/api.w.org\/{rel}","templated":true}]}}