{"id":279942,"date":"2026-03-19T10:39:48","date_gmt":"2026-03-19T09:39:48","guid":{"rendered":"https:\/\/cjays.eu\/product\/ess-ecomag-414-excl-btw\/"},"modified":"2026-03-21T10:13:14","modified_gmt":"2026-03-21T09:13:14","slug":"ess-ecomag-414-excl-btw","status":"publish","type":"product","link":"https:\/\/cjays.eu\/de\/produkt\/ess-ecomag-414-excl-btw\/","title":{"rendered":"Gebraucht &#8211; ESS EcoMag 414 &#8211; Zzgl. MwSt."},"content":{"rendered":"<p><iframe loading=\"lazy\" title=\"Used ESS Ecomag 414 - Cjays Lastechniek\" width=\"563\" height=\"1000\" src=\"https:\/\/www.youtube.com\/embed\/cfQEIvN7d0s?feature=oembed\" frameborder=\"0\" allow=\"accelerometer; autoplay; clipboard-write; encrypted-media; gyroscope; picture-in-picture; web-share\" referrerpolicy=\"strict-origin-when-cross-origin\" allowfullscreen><\/iframe><\/p>\n<p><strong>Besichtigung nur nach Vereinbarung m\u00f6glich.<\/strong><\/p>\n<p><strong>Auf gebrauchte Ger\u00e4te gew\u00e4hren wir Ihnen 3 Monate Garantie (Ausgenommen Inzahlungnahmen) (<\/strong><a href=\"https:\/\/cjays.eu\/de\/geschaeftsbedingungen\/\">siehe Bedingungen<\/a><strong>).<\/strong><\/p>\n<p><strong>Wir k\u00f6nnen Ihnen verschiedene Arten von Maschinen anbieten, wie zum Beispiel:<br \/>\n<\/strong>Neu, gebraucht, Mig\/Mag, Co2, Tig, Pulse, Ac\/Dc, Synergic, Wassergek\u00fchlt, Elektrode, und Plasma.<\/p>\n<p><strong>Beispiele f\u00fcr Marken:<br \/>\nOTC, Migatronic, Miller, Fronius, Kemppi, Parweld, Tico, Helvi, Lorch, Rehm, Selco, Carl Cloos, Cebora, Esab, Saf, EWM, Kemper.<\/strong><\/p>\n<ul>\n<li>Alle Ger\u00e4te wurden gewartet und sind zu 100% Betriebsbereit<\/li>\n<li>Die Bilder oben zeigen die eigentliche Maschine.<\/li>\n<li>Probeschwei\u00dfen ist nat\u00fcrlich kein Problem.<\/li>\n<li>Ein video auf Anfrage von ein ger\u00e4t ist kein problem<\/li>\n<li>M\u00f6glicherweise geliefert mit Schwei\u00dfdraht \/ Schwei\u00dfhelme \/ Kledung<\/li>\n<li>Die Ausr\u00fcstung kann zu Ihnen gebracht werden.<\/li>\n<li>Eine Inzahlungnahme ist ebenfalls m\u00f6glich.<\/li>\n<li>Auch f\u00fcr die Reparatur Ihres alten Schwei\u00dfger\u00e4tes sind wir die richtige Adresse.<\/li>\n<\/ul>\n","protected":false},"excerpt":{"rendered":"<p>ESS EcoMag 414 &#8211; Wassergek\u00fchltes MIG\/MAG<\/p>\n<p><strong>Bitte beachten Sie: Dieses Ger\u00e4t betrifft eine\u00a0<\/strong><a href=\"https:\/\/cjays.eu\/de\/gebrauchtmaschinengarantie\/\"><strong>Inzahlungsnahmen<\/strong><\/a><strong>.<\/strong><\/p>\n<p>General\u00fcberholt, gepr\u00fcft, gewartet und sofort einsatzbereit.<\/p>\n<p>Specificaties:<\/p>\n<ul>\n<li>40-400 AMP<\/li>\n<li>380 Volt<\/li>\n<li>Wasserk\u00fchlung<\/li>\n<li>2\/4 Takt \/ 4 Rollen antrieb<\/li>\n<li>Stufenlos einstellbar<\/li>\n<\/ul>\n<p>Inklusive PRO5000 Schwei\u00dfbrenner, massekabel mit klemme, gasleitung, und +- 5 meter Zwischenpakket.<\/p>\n","protected":false},"featured_media":279870,"comment_status":"closed","ping_status":"closed","template":"","meta":[],"product_brand":[],"product_cat":[144,110,109,4069],"product_tag":[],"class_list":{"0":"post-279942","1":"product","2":"type-product","3":"status-publish","4":"has-post-thumbnail","6":"product_cat-alle-produkte","7":"product_cat-gebrauchte-mig-schweissgerate","8":"product_cat-gebrauchte-schweissgeraete","9":"product_cat-inzahlungnahme","10":"product_shipping_class-150-kg-de","12":"first","13":"instock","14":"taxable","15":"shipping-taxable","16":"purchasable","17":"product-type-simple"},"yoast_head":"<!-- This site is optimized with the Yoast SEO plugin v27.4 - https:\/\/yoast.com\/product\/yoast-seo-wordpress\/ -->\n<title>Gebraucht - ESS EcoMag 414 - Zzgl. MwSt. - Cjays Lastechniek | Gebruikte Lasapparaten<\/title>\n<meta name=\"description\" content=\"Gebraucht - ESS EcoMag 414 - Zzgl. MwSt. %%excerpt\" \/>\n<meta name=\"robots\" content=\"index, follow, max-snippet:-1, max-image-preview:large, max-video-preview:-1\" \/>\n<link rel=\"canonical\" href=\"https:\/\/cjays.eu\/de\/produkt\/ess-ecomag-414-excl-btw\/\" \/>\n<meta property=\"og:locale\" content=\"de_DE\" \/>\n<meta property=\"og:type\" content=\"article\" \/>\n<meta property=\"og:title\" content=\"Gebraucht - ESS EcoMag 414 - Zzgl. MwSt. - Cjays Lastechniek | Gebruikte Lasapparaten\" \/>\n<meta property=\"og:description\" content=\"Gebraucht - ESS EcoMag 414 - Zzgl. MwSt. %%excerpt\" \/>\n<meta property=\"og:url\" content=\"https:\/\/cjays.eu\/de\/produkt\/ess-ecomag-414-excl-btw\/\" \/>\n<meta property=\"og:site_name\" content=\"Cjays Lastechniek | Gebruikte Lasapparaten\" \/>\n<meta property=\"article:publisher\" content=\"https:\/\/www.facebook.com\/cjayslastechniek.nl\" \/>\n<meta property=\"article:modified_time\" content=\"2026-03-21T09:13:14+00:00\" \/>\n<meta property=\"og:image\" content=\"https:\/\/cjays.eu\/wp-content\/uploads\/2026\/03\/ess-ecomag-414-Cjays-scaled.jpeg\" \/>\n\t<meta property=\"og:image:width\" content=\"2560\" \/>\n\t<meta property=\"og:image:height\" content=\"2560\" \/>\n\t<meta property=\"og:image:type\" content=\"image\/jpeg\" \/>\n<meta name=\"twitter:card\" content=\"summary_large_image\" \/>\n<meta name=\"twitter:label1\" content=\"Gesch\u00e4tzte Lesezeit\" \/>\n\t<meta name=\"twitter:data1\" content=\"1 minute\" \/>\n<script type=\"application\/ld+json\" class=\"yoast-schema-graph\">{\"@context\":\"https:\\\/\\\/schema.org\",\"@graph\":[{\"@type\":\"WebPage\",\"@id\":\"https:\\\/\\\/cjays.eu\\\/de\\\/produkt\\\/ess-ecomag-414-excl-btw\\\/\",\"url\":\"https:\\\/\\\/cjays.eu\\\/de\\\/produkt\\\/ess-ecomag-414-excl-btw\\\/\",\"name\":\"Gebraucht - ESS EcoMag 414 - Zzgl. MwSt. - Cjays Lastechniek | Gebruikte Lasapparaten\",\"isPartOf\":{\"@id\":\"https:\\\/\\\/cjays.eu\\\/#website\"},\"primaryImageOfPage\":{\"@id\":\"https:\\\/\\\/cjays.eu\\\/de\\\/produkt\\\/ess-ecomag-414-excl-btw\\\/#primaryimage\"},\"image\":{\"@id\":\"https:\\\/\\\/cjays.eu\\\/de\\\/produkt\\\/ess-ecomag-414-excl-btw\\\/#primaryimage\"},\"thumbnailUrl\":\"https:\\\/\\\/cjays.eu\\\/wp-content\\\/uploads\\\/2026\\\/03\\\/ess-ecomag-414-Cjays-scaled.jpeg\",\"datePublished\":\"2026-03-19T09:39:48+00:00\",\"dateModified\":\"2026-03-21T09:13:14+00:00\",\"description\":\"Gebraucht - ESS EcoMag 414 - Zzgl. MwSt. %%excerpt\",\"breadcrumb\":{\"@id\":\"https:\\\/\\\/cjays.eu\\\/de\\\/produkt\\\/ess-ecomag-414-excl-btw\\\/#breadcrumb\"},\"inLanguage\":\"de-DE\",\"potentialAction\":[{\"@type\":\"ReadAction\",\"target\":[\"https:\\\/\\\/cjays.eu\\\/de\\\/produkt\\\/ess-ecomag-414-excl-btw\\\/\"]}]},{\"@type\":\"ImageObject\",\"inLanguage\":\"de-DE\",\"@id\":\"https:\\\/\\\/cjays.eu\\\/de\\\/produkt\\\/ess-ecomag-414-excl-btw\\\/#primaryimage\",\"url\":\"https:\\\/\\\/cjays.eu\\\/wp-content\\\/uploads\\\/2026\\\/03\\\/ess-ecomag-414-Cjays-scaled.jpeg\",\"contentUrl\":\"https:\\\/\\\/cjays.eu\\\/wp-content\\\/uploads\\\/2026\\\/03\\\/ess-ecomag-414-Cjays-scaled.jpeg\",\"width\":2560,\"height\":2560},{\"@type\":\"BreadcrumbList\",\"@id\":\"https:\\\/\\\/cjays.eu\\\/de\\\/produkt\\\/ess-ecomag-414-excl-btw\\\/#breadcrumb\",\"itemListElement\":[{\"@type\":\"ListItem\",\"position\":1,\"name\":\"Home\",\"item\":\"https:\\\/\\\/cjays.eu\\\/\"},{\"@type\":\"ListItem\",\"position\":2,\"name\":\"Winkel\",\"item\":\"https:\\\/\\\/cjays.eu\\\/winkel\\\/\"},{\"@type\":\"ListItem\",\"position\":3,\"name\":\"Gebraucht &#8211; ESS EcoMag 414 &#8211; Zzgl. MwSt.\"}]},{\"@type\":\"WebSite\",\"@id\":\"https:\\\/\\\/cjays.eu\\\/#website\",\"url\":\"https:\\\/\\\/cjays.eu\\\/\",\"name\":\"Cjays Lastechniek | Gebruikte Lasapparaten\",\"description\":\"Gebruikte &amp; Nieuwe Lasapparaten &amp; Lasbenodigdheden\",\"publisher\":{\"@id\":\"https:\\\/\\\/cjays.eu\\\/#organization\"},\"alternateName\":\"Cjays\",\"potentialAction\":[{\"@type\":\"SearchAction\",\"target\":{\"@type\":\"EntryPoint\",\"urlTemplate\":\"https:\\\/\\\/cjays.eu\\\/?s={search_term_string}\"},\"query-input\":{\"@type\":\"PropertyValueSpecification\",\"valueRequired\":true,\"valueName\":\"search_term_string\"}}],\"inLanguage\":\"de-DE\"},{\"@type\":\"Organization\",\"@id\":\"https:\\\/\\\/cjays.eu\\\/#organization\",\"name\":\"Cjays Lastechniek\",\"alternateName\":\"Cjays\",\"url\":\"https:\\\/\\\/cjays.eu\\\/\",\"logo\":{\"@type\":\"ImageObject\",\"inLanguage\":\"de-DE\",\"@id\":\"https:\\\/\\\/cjays.eu\\\/#\\\/schema\\\/logo\\\/image\\\/\",\"url\":\"https:\\\/\\\/cjays.eu\\\/wp-content\\\/uploads\\\/2022\\\/01\\\/logo-cjays-e1643484777484.png\",\"contentUrl\":\"https:\\\/\\\/cjays.eu\\\/wp-content\\\/uploads\\\/2022\\\/01\\\/logo-cjays-e1643484777484.png\",\"width\":500,\"height\":198,\"caption\":\"Cjays Lastechniek\"},\"image\":{\"@id\":\"https:\\\/\\\/cjays.eu\\\/#\\\/schema\\\/logo\\\/image\\\/\"},\"sameAs\":[\"https:\\\/\\\/www.facebook.com\\\/cjayslastechniek.nl\",\"https:\\\/\\\/www.instagram.com\\\/cjays.lastechniek\\\/\",\"https:\\\/\\\/www.youtube.com\\\/@cjayslastechniek2812\"]}]}<\/script>\n<!-- \/ Yoast SEO plugin. -->","yoast_head_json":{"title":"Gebraucht - ESS EcoMag 414 - Zzgl. MwSt. - Cjays Lastechniek | Gebruikte Lasapparaten","description":"Gebraucht - ESS EcoMag 414 - Zzgl. MwSt. %%excerpt","robots":{"index":"index","follow":"follow","max-snippet":"max-snippet:-1","max-image-preview":"max-image-preview:large","max-video-preview":"max-video-preview:-1"},"canonical":"https:\/\/cjays.eu\/de\/produkt\/ess-ecomag-414-excl-btw\/","og_locale":"de_DE","og_type":"article","og_title":"Gebraucht - ESS EcoMag 414 - Zzgl. MwSt. - Cjays Lastechniek | Gebruikte Lasapparaten","og_description":"Gebraucht - ESS EcoMag 414 - Zzgl. MwSt. %%excerpt","og_url":"https:\/\/cjays.eu\/de\/produkt\/ess-ecomag-414-excl-btw\/","og_site_name":"Cjays Lastechniek | Gebruikte Lasapparaten","article_publisher":"https:\/\/www.facebook.com\/cjayslastechniek.nl","article_modified_time":"2026-03-21T09:13:14+00:00","og_image":[{"width":2560,"height":2560,"url":"https:\/\/cjays.eu\/wp-content\/uploads\/2026\/03\/ess-ecomag-414-Cjays-scaled.jpeg","type":"image\/jpeg"}],"twitter_card":"summary_large_image","twitter_misc":{"Gesch\u00e4tzte Lesezeit":"1 minute"},"schema":{"@context":"https:\/\/schema.org","@graph":[{"@type":"WebPage","@id":"https:\/\/cjays.eu\/de\/produkt\/ess-ecomag-414-excl-btw\/","url":"https:\/\/cjays.eu\/de\/produkt\/ess-ecomag-414-excl-btw\/","name":"Gebraucht - ESS EcoMag 414 - Zzgl. MwSt. - Cjays Lastechniek | Gebruikte Lasapparaten","isPartOf":{"@id":"https:\/\/cjays.eu\/#website"},"primaryImageOfPage":{"@id":"https:\/\/cjays.eu\/de\/produkt\/ess-ecomag-414-excl-btw\/#primaryimage"},"image":{"@id":"https:\/\/cjays.eu\/de\/produkt\/ess-ecomag-414-excl-btw\/#primaryimage"},"thumbnailUrl":"https:\/\/cjays.eu\/wp-content\/uploads\/2026\/03\/ess-ecomag-414-Cjays-scaled.jpeg","datePublished":"2026-03-19T09:39:48+00:00","dateModified":"2026-03-21T09:13:14+00:00","description":"Gebraucht - ESS EcoMag 414 - Zzgl. MwSt. %%excerpt","breadcrumb":{"@id":"https:\/\/cjays.eu\/de\/produkt\/ess-ecomag-414-excl-btw\/#breadcrumb"},"inLanguage":"de-DE","potentialAction":[{"@type":"ReadAction","target":["https:\/\/cjays.eu\/de\/produkt\/ess-ecomag-414-excl-btw\/"]}]},{"@type":"ImageObject","inLanguage":"de-DE","@id":"https:\/\/cjays.eu\/de\/produkt\/ess-ecomag-414-excl-btw\/#primaryimage","url":"https:\/\/cjays.eu\/wp-content\/uploads\/2026\/03\/ess-ecomag-414-Cjays-scaled.jpeg","contentUrl":"https:\/\/cjays.eu\/wp-content\/uploads\/2026\/03\/ess-ecomag-414-Cjays-scaled.jpeg","width":2560,"height":2560},{"@type":"BreadcrumbList","@id":"https:\/\/cjays.eu\/de\/produkt\/ess-ecomag-414-excl-btw\/#breadcrumb","itemListElement":[{"@type":"ListItem","position":1,"name":"Home","item":"https:\/\/cjays.eu\/"},{"@type":"ListItem","position":2,"name":"Winkel","item":"https:\/\/cjays.eu\/winkel\/"},{"@type":"ListItem","position":3,"name":"Gebraucht &#8211; ESS EcoMag 414 &#8211; Zzgl. MwSt."}]},{"@type":"WebSite","@id":"https:\/\/cjays.eu\/#website","url":"https:\/\/cjays.eu\/","name":"Cjays Lastechniek | Gebruikte Lasapparaten","description":"Gebruikte &amp; Nieuwe Lasapparaten &amp; Lasbenodigdheden","publisher":{"@id":"https:\/\/cjays.eu\/#organization"},"alternateName":"Cjays","potentialAction":[{"@type":"SearchAction","target":{"@type":"EntryPoint","urlTemplate":"https:\/\/cjays.eu\/?s={search_term_string}"},"query-input":{"@type":"PropertyValueSpecification","valueRequired":true,"valueName":"search_term_string"}}],"inLanguage":"de-DE"},{"@type":"Organization","@id":"https:\/\/cjays.eu\/#organization","name":"Cjays Lastechniek","alternateName":"Cjays","url":"https:\/\/cjays.eu\/","logo":{"@type":"ImageObject","inLanguage":"de-DE","@id":"https:\/\/cjays.eu\/#\/schema\/logo\/image\/","url":"https:\/\/cjays.eu\/wp-content\/uploads\/2022\/01\/logo-cjays-e1643484777484.png","contentUrl":"https:\/\/cjays.eu\/wp-content\/uploads\/2022\/01\/logo-cjays-e1643484777484.png","width":500,"height":198,"caption":"Cjays Lastechniek"},"image":{"@id":"https:\/\/cjays.eu\/#\/schema\/logo\/image\/"},"sameAs":["https:\/\/www.facebook.com\/cjayslastechniek.nl","https:\/\/www.instagram.com\/cjays.lastechniek\/","https:\/\/www.youtube.com\/@cjayslastechniek2812"]}]}},"_links":{"self":[{"href":"https:\/\/cjays.eu\/de\/wp-json\/wp\/v2\/product\/279942","targetHints":{"allow":["GET"]}}],"collection":[{"href":"https:\/\/cjays.eu\/de\/wp-json\/wp\/v2\/product"}],"about":[{"href":"https:\/\/cjays.eu\/de\/wp-json\/wp\/v2\/types\/product"}],"replies":[{"embeddable":true,"href":"https:\/\/cjays.eu\/de\/wp-json\/wp\/v2\/comments?post=279942"}],"wp:featuredmedia":[{"embeddable":true,"href":"https:\/\/cjays.eu\/de\/wp-json\/wp\/v2\/media\/279870"}],"wp:attachment":[{"href":"https:\/\/cjays.eu\/de\/wp-json\/wp\/v2\/media?parent=279942"}],"wp:term":[{"taxonomy":"product_brand","embeddable":true,"href":"https:\/\/cjays.eu\/de\/wp-json\/wp\/v2\/product_brand?post=279942"},{"taxonomy":"product_cat","embeddable":true,"href":"https:\/\/cjays.eu\/de\/wp-json\/wp\/v2\/product_cat?post=279942"},{"taxonomy":"product_tag","embeddable":true,"href":"https:\/\/cjays.eu\/de\/wp-json\/wp\/v2\/product_tag?post=279942"}],"curies":[{"name":"wp","href":"https:\/\/api.w.org\/{rel}","templated":true}]}}