{"id":276231,"date":"2025-05-30T10:44:43","date_gmt":"2025-05-30T08:44:43","guid":{"rendered":"https:\/\/cjays.eu\/product\/kolarc-xm350-pulse-compact-watergekoeld\/"},"modified":"2025-05-30T10:57:38","modified_gmt":"2025-05-30T08:57:38","slug":"kolarc-xm350-pulse-compact-watergekoeld","status":"publish","type":"product","link":"https:\/\/cjays.eu\/de\/produkt\/kolarc-xm350-pulse-compact-watergekoeld\/","title":{"rendered":"Kolarc XM350 Puls Kompact Wassergek\u00fchlt"},"content":{"rendered":"<p><iframe loading=\"lazy\" title=\"Kolarc\" width=\"1220\" height=\"686\" src=\"https:\/\/www.youtube.com\/embed\/asq96T2kDNE?feature=oembed\" frameborder=\"0\" allow=\"accelerometer; autoplay; clipboard-write; encrypted-media; gyroscope; picture-in-picture; web-share\" referrerpolicy=\"strict-origin-when-cross-origin\" allowfullscreen><\/iframe><\/p>\n<p><strong>Auf gebrauchte Ger\u00e4te gew\u00e4hren wir Ihnen 3 Monate Garantie (Ausgenommen Inzahlungnahmen) (<\/strong><a href=\"https:\/\/cjays.eu\/de\/geschaeftsbedingungen\/\">siehe Bedingungen<\/a><strong>).<\/strong><\/p>\n<p><strong>Wir k\u00f6nnen Ihnen verschiedene Arten von Maschinen anbieten, wie zum Beispiel:<br \/>\n<\/strong>Neu, gebraucht, Mig\/Mag, Co2, Tig, Pulse, Ac\/Dc, Synergic, Wassergek\u00fchlt, Elektrode, und Plasma.<\/p>\n<p><strong>Beispiele f\u00fcr Marken:<br \/>\nOTC, Migatronic, Miller, Fronius, Kemppi, Parweld, Tico, Helvi, Lorch, Rehm, Selco, Carl Cloos, Cebora, Esab, Saf, EWM, Kemper.<\/strong><\/p>\n<ul>\n<li>Alle Ger\u00e4te wurden gewartet und sind zu 100% Betriebsbereit<\/li>\n<li>Die Bilder oben zeigen die eigentliche Maschine.<\/li>\n<li>Probeschwei\u00dfen ist nat\u00fcrlich kein Problem.<\/li>\n<li>Ein video auf Anfrage von ein ger\u00e4t ist kein problem<\/li>\n<li>M\u00f6glicherweise geliefert mit Schwei\u00dfdraht \/ Schwei\u00dfhelme \/ Kledung<\/li>\n<li>Die Ausr\u00fcstung kann zu Ihnen gebracht werden.<\/li>\n<li>Eine Inzahlungnahme ist ebenfalls m\u00f6glich.<\/li>\n<li>Auch f\u00fcr die Reparatur Ihres alten Schwei\u00dfger\u00e4tes sind wir die richtige Adresse.<\/li>\n<\/ul>\n","protected":false},"excerpt":{"rendered":"<p>Zu verkauf:<\/p>\n<ul>\n<li><a href=\"https:\/\/kolarc.com\/en\/xm320-c\/\">Kolarc XM350CW<\/a><\/li>\n<li>350A 40% ED<\/li>\n<li>300A 60% ED<\/li>\n<li>250A 100% ED<\/li>\n<li>400 Volt +- 10%<\/li>\n<li>Wassergek\u00fchlt<\/li>\n<li>Puls<\/li>\n<li>Doppel Puls<\/li>\n<li><a href=\"https:\/\/kolarc.com\/en\/xroot-en\/\">XRoot<\/a><\/li>\n<li><a href=\"https:\/\/kolarc.com\/en\/xdeep-en\/\">XDeep<\/a><\/li>\n<li><a href=\"https:\/\/kolarc.com\/en\/position-en\/\">Position<\/a><\/li>\n<li><a href=\"https:\/\/kolarc.com\/en\/xstabil-en\/\">XStabil<\/a><\/li>\n<li><a href=\"https:\/\/kolarc.com\/en\/xcold-en\/\">XCold<\/a><\/li>\n<li>406 Fest programme<\/li>\n<li>Programma speicher<\/li>\n<li>4 Rollen antrieb<\/li>\n<li>Neu<\/li>\n<\/ul>\n<p>Inklusive 4 Meter PRO5000 MIG\/MAG Schwei\u00dfbrenner, 50mm\u00b2 5 Meter Massekabel, und Gasleitung.<\/p>\n","protected":false},"featured_media":276228,"comment_status":"closed","ping_status":"closed","template":"","meta":[],"product_brand":[],"product_cat":[144,470,467,134,4117,508],"product_tag":[],"class_list":{"0":"post-276231","1":"product","2":"type-product","3":"status-publish","4":"has-post-thumbnail","6":"product_cat-alle-produkte","7":"product_cat-kompakt","8":"product_cat-mig-schweisgerate-neu","9":"product_cat-neue-schweisgerate","10":"product_cat-parweld-2-de","11":"product_cat-pulse-de-de","12":"product_shipping_class-150-kg-de","14":"first","15":"onbackorder","16":"taxable","17":"shipping-taxable","18":"purchasable","19":"product-type-simple"},"yoast_head":"<!-- This site is optimized with the Yoast SEO plugin v27.4 - https:\/\/yoast.com\/product\/yoast-seo-wordpress\/ -->\n<title>Kolarc XM350 Puls Kompact Wassergek\u00fchlt - Cjays Lastechniek | Gebruikte Lasapparaten<\/title>\n<meta name=\"description\" content=\"Kolarc XM350 Puls Kompact Wassergek\u00fchlt %%excerpt\" \/>\n<meta name=\"robots\" content=\"index, follow, max-snippet:-1, max-image-preview:large, max-video-preview:-1\" \/>\n<link rel=\"canonical\" href=\"https:\/\/cjays.eu\/de\/produkt\/kolarc-xm350-pulse-compact-watergekoeld\/\" \/>\n<meta property=\"og:locale\" content=\"de_DE\" \/>\n<meta property=\"og:type\" content=\"article\" \/>\n<meta property=\"og:title\" content=\"Kolarc XM350 Puls Kompact Wassergek\u00fchlt - Cjays Lastechniek | Gebruikte Lasapparaten\" \/>\n<meta property=\"og:description\" content=\"Kolarc XM350 Puls Kompact Wassergek\u00fchlt %%excerpt\" \/>\n<meta property=\"og:url\" content=\"https:\/\/cjays.eu\/de\/produkt\/kolarc-xm350-pulse-compact-watergekoeld\/\" \/>\n<meta property=\"og:site_name\" content=\"Cjays Lastechniek | Gebruikte Lasapparaten\" \/>\n<meta property=\"article:publisher\" content=\"https:\/\/www.facebook.com\/cjayslastechniek.nl\" \/>\n<meta property=\"article:modified_time\" content=\"2025-05-30T08:57:38+00:00\" \/>\n<meta property=\"og:image\" content=\"https:\/\/cjays.eu\/wp-content\/uploads\/2025\/05\/2899.jpeg\" \/>\n\t<meta property=\"og:image:width\" content=\"555\" \/>\n\t<meta property=\"og:image:height\" content=\"500\" \/>\n\t<meta property=\"og:image:type\" content=\"image\/jpeg\" \/>\n<meta name=\"twitter:card\" content=\"summary_large_image\" \/>\n<meta name=\"twitter:label1\" content=\"Gesch\u00e4tzte Lesezeit\" \/>\n\t<meta name=\"twitter:data1\" content=\"1 minute\" \/>\n<script type=\"application\/ld+json\" class=\"yoast-schema-graph\">{\"@context\":\"https:\\\/\\\/schema.org\",\"@graph\":[{\"@type\":\"WebPage\",\"@id\":\"https:\\\/\\\/cjays.eu\\\/de\\\/produkt\\\/kolarc-xm350-pulse-compact-watergekoeld\\\/\",\"url\":\"https:\\\/\\\/cjays.eu\\\/de\\\/produkt\\\/kolarc-xm350-pulse-compact-watergekoeld\\\/\",\"name\":\"Kolarc XM350 Puls Kompact Wassergek\u00fchlt - Cjays Lastechniek | Gebruikte Lasapparaten\",\"isPartOf\":{\"@id\":\"https:\\\/\\\/cjays.eu\\\/#website\"},\"primaryImageOfPage\":{\"@id\":\"https:\\\/\\\/cjays.eu\\\/de\\\/produkt\\\/kolarc-xm350-pulse-compact-watergekoeld\\\/#primaryimage\"},\"image\":{\"@id\":\"https:\\\/\\\/cjays.eu\\\/de\\\/produkt\\\/kolarc-xm350-pulse-compact-watergekoeld\\\/#primaryimage\"},\"thumbnailUrl\":\"https:\\\/\\\/cjays.eu\\\/wp-content\\\/uploads\\\/2025\\\/05\\\/2899.jpeg\",\"datePublished\":\"2025-05-30T08:44:43+00:00\",\"dateModified\":\"2025-05-30T08:57:38+00:00\",\"description\":\"Kolarc XM350 Puls Kompact Wassergek\u00fchlt %%excerpt\",\"breadcrumb\":{\"@id\":\"https:\\\/\\\/cjays.eu\\\/de\\\/produkt\\\/kolarc-xm350-pulse-compact-watergekoeld\\\/#breadcrumb\"},\"inLanguage\":\"de-DE\",\"potentialAction\":[{\"@type\":\"ReadAction\",\"target\":[\"https:\\\/\\\/cjays.eu\\\/de\\\/produkt\\\/kolarc-xm350-pulse-compact-watergekoeld\\\/\"]}]},{\"@type\":\"ImageObject\",\"inLanguage\":\"de-DE\",\"@id\":\"https:\\\/\\\/cjays.eu\\\/de\\\/produkt\\\/kolarc-xm350-pulse-compact-watergekoeld\\\/#primaryimage\",\"url\":\"https:\\\/\\\/cjays.eu\\\/wp-content\\\/uploads\\\/2025\\\/05\\\/2899.jpeg\",\"contentUrl\":\"https:\\\/\\\/cjays.eu\\\/wp-content\\\/uploads\\\/2025\\\/05\\\/2899.jpeg\",\"width\":555,\"height\":500},{\"@type\":\"BreadcrumbList\",\"@id\":\"https:\\\/\\\/cjays.eu\\\/de\\\/produkt\\\/kolarc-xm350-pulse-compact-watergekoeld\\\/#breadcrumb\",\"itemListElement\":[{\"@type\":\"ListItem\",\"position\":1,\"name\":\"Home\",\"item\":\"https:\\\/\\\/cjays.eu\\\/\"},{\"@type\":\"ListItem\",\"position\":2,\"name\":\"Winkel\",\"item\":\"https:\\\/\\\/cjays.eu\\\/winkel\\\/\"},{\"@type\":\"ListItem\",\"position\":3,\"name\":\"Kolarc XM350 Puls Kompact Wassergek\u00fchlt\"}]},{\"@type\":\"WebSite\",\"@id\":\"https:\\\/\\\/cjays.eu\\\/#website\",\"url\":\"https:\\\/\\\/cjays.eu\\\/\",\"name\":\"Cjays Lastechniek | Gebruikte Lasapparaten\",\"description\":\"Gebruikte &amp; Nieuwe Lasapparaten &amp; Lasbenodigdheden\",\"publisher\":{\"@id\":\"https:\\\/\\\/cjays.eu\\\/#organization\"},\"alternateName\":\"Cjays\",\"potentialAction\":[{\"@type\":\"SearchAction\",\"target\":{\"@type\":\"EntryPoint\",\"urlTemplate\":\"https:\\\/\\\/cjays.eu\\\/?s={search_term_string}\"},\"query-input\":{\"@type\":\"PropertyValueSpecification\",\"valueRequired\":true,\"valueName\":\"search_term_string\"}}],\"inLanguage\":\"de-DE\"},{\"@type\":\"Organization\",\"@id\":\"https:\\\/\\\/cjays.eu\\\/#organization\",\"name\":\"Cjays Lastechniek\",\"alternateName\":\"Cjays\",\"url\":\"https:\\\/\\\/cjays.eu\\\/\",\"logo\":{\"@type\":\"ImageObject\",\"inLanguage\":\"de-DE\",\"@id\":\"https:\\\/\\\/cjays.eu\\\/#\\\/schema\\\/logo\\\/image\\\/\",\"url\":\"https:\\\/\\\/cjays.eu\\\/wp-content\\\/uploads\\\/2022\\\/01\\\/logo-cjays-e1643484777484.png\",\"contentUrl\":\"https:\\\/\\\/cjays.eu\\\/wp-content\\\/uploads\\\/2022\\\/01\\\/logo-cjays-e1643484777484.png\",\"width\":500,\"height\":198,\"caption\":\"Cjays Lastechniek\"},\"image\":{\"@id\":\"https:\\\/\\\/cjays.eu\\\/#\\\/schema\\\/logo\\\/image\\\/\"},\"sameAs\":[\"https:\\\/\\\/www.facebook.com\\\/cjayslastechniek.nl\",\"https:\\\/\\\/www.instagram.com\\\/cjays.lastechniek\\\/\",\"https:\\\/\\\/www.youtube.com\\\/@cjayslastechniek2812\"]}]}<\/script>\n<!-- \/ Yoast SEO plugin. -->","yoast_head_json":{"title":"Kolarc XM350 Puls Kompact Wassergek\u00fchlt - Cjays Lastechniek | Gebruikte Lasapparaten","description":"Kolarc XM350 Puls Kompact Wassergek\u00fchlt %%excerpt","robots":{"index":"index","follow":"follow","max-snippet":"max-snippet:-1","max-image-preview":"max-image-preview:large","max-video-preview":"max-video-preview:-1"},"canonical":"https:\/\/cjays.eu\/de\/produkt\/kolarc-xm350-pulse-compact-watergekoeld\/","og_locale":"de_DE","og_type":"article","og_title":"Kolarc XM350 Puls Kompact Wassergek\u00fchlt - Cjays Lastechniek | Gebruikte Lasapparaten","og_description":"Kolarc XM350 Puls Kompact Wassergek\u00fchlt %%excerpt","og_url":"https:\/\/cjays.eu\/de\/produkt\/kolarc-xm350-pulse-compact-watergekoeld\/","og_site_name":"Cjays Lastechniek | Gebruikte Lasapparaten","article_publisher":"https:\/\/www.facebook.com\/cjayslastechniek.nl","article_modified_time":"2025-05-30T08:57:38+00:00","og_image":[{"width":555,"height":500,"url":"https:\/\/cjays.eu\/wp-content\/uploads\/2025\/05\/2899.jpeg","type":"image\/jpeg"}],"twitter_card":"summary_large_image","twitter_misc":{"Gesch\u00e4tzte Lesezeit":"1 minute"},"schema":{"@context":"https:\/\/schema.org","@graph":[{"@type":"WebPage","@id":"https:\/\/cjays.eu\/de\/produkt\/kolarc-xm350-pulse-compact-watergekoeld\/","url":"https:\/\/cjays.eu\/de\/produkt\/kolarc-xm350-pulse-compact-watergekoeld\/","name":"Kolarc XM350 Puls Kompact Wassergek\u00fchlt - Cjays Lastechniek | Gebruikte Lasapparaten","isPartOf":{"@id":"https:\/\/cjays.eu\/#website"},"primaryImageOfPage":{"@id":"https:\/\/cjays.eu\/de\/produkt\/kolarc-xm350-pulse-compact-watergekoeld\/#primaryimage"},"image":{"@id":"https:\/\/cjays.eu\/de\/produkt\/kolarc-xm350-pulse-compact-watergekoeld\/#primaryimage"},"thumbnailUrl":"https:\/\/cjays.eu\/wp-content\/uploads\/2025\/05\/2899.jpeg","datePublished":"2025-05-30T08:44:43+00:00","dateModified":"2025-05-30T08:57:38+00:00","description":"Kolarc XM350 Puls Kompact Wassergek\u00fchlt %%excerpt","breadcrumb":{"@id":"https:\/\/cjays.eu\/de\/produkt\/kolarc-xm350-pulse-compact-watergekoeld\/#breadcrumb"},"inLanguage":"de-DE","potentialAction":[{"@type":"ReadAction","target":["https:\/\/cjays.eu\/de\/produkt\/kolarc-xm350-pulse-compact-watergekoeld\/"]}]},{"@type":"ImageObject","inLanguage":"de-DE","@id":"https:\/\/cjays.eu\/de\/produkt\/kolarc-xm350-pulse-compact-watergekoeld\/#primaryimage","url":"https:\/\/cjays.eu\/wp-content\/uploads\/2025\/05\/2899.jpeg","contentUrl":"https:\/\/cjays.eu\/wp-content\/uploads\/2025\/05\/2899.jpeg","width":555,"height":500},{"@type":"BreadcrumbList","@id":"https:\/\/cjays.eu\/de\/produkt\/kolarc-xm350-pulse-compact-watergekoeld\/#breadcrumb","itemListElement":[{"@type":"ListItem","position":1,"name":"Home","item":"https:\/\/cjays.eu\/"},{"@type":"ListItem","position":2,"name":"Winkel","item":"https:\/\/cjays.eu\/winkel\/"},{"@type":"ListItem","position":3,"name":"Kolarc XM350 Puls Kompact Wassergek\u00fchlt"}]},{"@type":"WebSite","@id":"https:\/\/cjays.eu\/#website","url":"https:\/\/cjays.eu\/","name":"Cjays Lastechniek | Gebruikte Lasapparaten","description":"Gebruikte &amp; Nieuwe Lasapparaten &amp; Lasbenodigdheden","publisher":{"@id":"https:\/\/cjays.eu\/#organization"},"alternateName":"Cjays","potentialAction":[{"@type":"SearchAction","target":{"@type":"EntryPoint","urlTemplate":"https:\/\/cjays.eu\/?s={search_term_string}"},"query-input":{"@type":"PropertyValueSpecification","valueRequired":true,"valueName":"search_term_string"}}],"inLanguage":"de-DE"},{"@type":"Organization","@id":"https:\/\/cjays.eu\/#organization","name":"Cjays Lastechniek","alternateName":"Cjays","url":"https:\/\/cjays.eu\/","logo":{"@type":"ImageObject","inLanguage":"de-DE","@id":"https:\/\/cjays.eu\/#\/schema\/logo\/image\/","url":"https:\/\/cjays.eu\/wp-content\/uploads\/2022\/01\/logo-cjays-e1643484777484.png","contentUrl":"https:\/\/cjays.eu\/wp-content\/uploads\/2022\/01\/logo-cjays-e1643484777484.png","width":500,"height":198,"caption":"Cjays Lastechniek"},"image":{"@id":"https:\/\/cjays.eu\/#\/schema\/logo\/image\/"},"sameAs":["https:\/\/www.facebook.com\/cjayslastechniek.nl","https:\/\/www.instagram.com\/cjays.lastechniek\/","https:\/\/www.youtube.com\/@cjayslastechniek2812"]}]}},"_links":{"self":[{"href":"https:\/\/cjays.eu\/de\/wp-json\/wp\/v2\/product\/276231","targetHints":{"allow":["GET"]}}],"collection":[{"href":"https:\/\/cjays.eu\/de\/wp-json\/wp\/v2\/product"}],"about":[{"href":"https:\/\/cjays.eu\/de\/wp-json\/wp\/v2\/types\/product"}],"replies":[{"embeddable":true,"href":"https:\/\/cjays.eu\/de\/wp-json\/wp\/v2\/comments?post=276231"}],"wp:featuredmedia":[{"embeddable":true,"href":"https:\/\/cjays.eu\/de\/wp-json\/wp\/v2\/media\/276228"}],"wp:attachment":[{"href":"https:\/\/cjays.eu\/de\/wp-json\/wp\/v2\/media?parent=276231"}],"wp:term":[{"taxonomy":"product_brand","embeddable":true,"href":"https:\/\/cjays.eu\/de\/wp-json\/wp\/v2\/product_brand?post=276231"},{"taxonomy":"product_cat","embeddable":true,"href":"https:\/\/cjays.eu\/de\/wp-json\/wp\/v2\/product_cat?post=276231"},{"taxonomy":"product_tag","embeddable":true,"href":"https:\/\/cjays.eu\/de\/wp-json\/wp\/v2\/product_tag?post=276231"}],"curies":[{"name":"wp","href":"https:\/\/api.w.org\/{rel}","templated":true}]}}