{"id":274668,"date":"2025-03-20T13:54:05","date_gmt":"2025-03-20T12:54:05","guid":{"rendered":"https:\/\/cjays.eu\/product\/rvs-309lsi-tig-lasdraad\/"},"modified":"2025-03-20T14:01:40","modified_gmt":"2025-03-20T13:01:40","slug":"rvs-309lsi-tig-lasdraad","status":"publish","type":"product","link":"https:\/\/cjays.eu\/de\/produkt\/rvs-309lsi-tig-lasdraad\/","title":{"rendered":"Edelstahl 309LSi Wig F\u00fclldraht"},"content":{"rendered":"","protected":false},"excerpt":{"rendered":"<p>Austenitisch-ferritische Drahtelektrode f\u00fcr das WIG-Schwei\u00dfen von nichtrostenden St\u00e4hlen an un- oder niedriglegierten St\u00e4hlen bei Betriebstemperaturen bis zu 300\u00b0C. Der niedrige Kohlenstoffgehalt erh\u00f6ht die Best\u00e4ndigkeit gegen interkristalline Korrosion. Geeignet auch als Pufferschicht auf Kohlenstoffstahl vor dem Schwei\u00dfen mit 308 und 308 L, um eine 304- und 304L-Oberfl\u00e4chenschicht zu erreichen. Der h\u00f6here Siliziumgehalt verbessert die Schwei\u00dfeigenschaften, wie z. B. die Benetzung und ein glatteres Aussehen der Schwei\u00dfraupe.<\/p>\n","protected":false},"featured_media":223723,"comment_status":"closed","ping_status":"closed","template":"","meta":[],"product_brand":[],"product_cat":[144,217,194,195],"product_tag":[],"class_list":{"0":"post-274668","1":"product","2":"type-product","3":"status-publish","4":"has-post-thumbnail","6":"product_cat-alle-produkte","7":"product_cat-schweiszubehor","8":"product_cat-tig-fulldraht","9":"product_cat-verbrauchsmaterial","10":"product_shipping_class-paketten-de","12":"first","13":"onbackorder","14":"taxable","15":"shipping-taxable","16":"purchasable","17":"product-type-variable"},"yoast_head":"<!-- This site is optimized with the Yoast SEO plugin v27.4 - https:\/\/yoast.com\/product\/yoast-seo-wordpress\/ -->\n<title>Edelstahl 309LSi Wig F\u00fclldraht - Cjays Lastechniek | Gebruikte Lasapparaten<\/title>\n<meta name=\"description\" content=\"Edelstahl 309LSi Wig F\u00fclldraht %%excerpt\" \/>\n<meta name=\"robots\" content=\"index, follow, max-snippet:-1, max-image-preview:large, max-video-preview:-1\" \/>\n<link rel=\"canonical\" href=\"https:\/\/cjays.eu\/de\/produkt\/rvs-309lsi-tig-lasdraad\/\" \/>\n<meta property=\"og:locale\" content=\"de_DE\" \/>\n<meta property=\"og:type\" content=\"article\" \/>\n<meta property=\"og:title\" content=\"Edelstahl 309LSi Wig F\u00fclldraht - Cjays Lastechniek | Gebruikte Lasapparaten\" \/>\n<meta property=\"og:description\" content=\"Edelstahl 309LSi Wig F\u00fclldraht %%excerpt\" \/>\n<meta property=\"og:url\" content=\"https:\/\/cjays.eu\/de\/produkt\/rvs-309lsi-tig-lasdraad\/\" \/>\n<meta property=\"og:site_name\" content=\"Cjays Lastechniek | Gebruikte Lasapparaten\" \/>\n<meta property=\"article:publisher\" content=\"https:\/\/www.facebook.com\/cjayslastechniek.nl\" \/>\n<meta property=\"article:modified_time\" content=\"2025-03-20T13:01:40+00:00\" \/>\n<meta property=\"og:image\" content=\"https:\/\/cjays.eu\/wp-content\/uploads\/2022\/01\/RVS-316LSI-Tig-Toevoegdraad.jpg\" \/>\n\t<meta property=\"og:image:width\" content=\"650\" \/>\n\t<meta property=\"og:image:height\" content=\"650\" \/>\n\t<meta property=\"og:image:type\" content=\"image\/jpeg\" \/>\n<meta name=\"twitter:card\" content=\"summary_large_image\" \/>\n<meta name=\"twitter:label1\" content=\"Gesch\u00e4tzte Lesezeit\" \/>\n\t<meta name=\"twitter:data1\" content=\"1 minute\" \/>\n<script type=\"application\/ld+json\" class=\"yoast-schema-graph\">{\"@context\":\"https:\\\/\\\/schema.org\",\"@graph\":[{\"@type\":\"WebPage\",\"@id\":\"https:\\\/\\\/cjays.eu\\\/de\\\/produkt\\\/rvs-309lsi-tig-lasdraad\\\/\",\"url\":\"https:\\\/\\\/cjays.eu\\\/de\\\/produkt\\\/rvs-309lsi-tig-lasdraad\\\/\",\"name\":\"Edelstahl 309LSi Wig F\u00fclldraht - Cjays Lastechniek | Gebruikte Lasapparaten\",\"isPartOf\":{\"@id\":\"https:\\\/\\\/cjays.eu\\\/#website\"},\"primaryImageOfPage\":{\"@id\":\"https:\\\/\\\/cjays.eu\\\/de\\\/produkt\\\/rvs-309lsi-tig-lasdraad\\\/#primaryimage\"},\"image\":{\"@id\":\"https:\\\/\\\/cjays.eu\\\/de\\\/produkt\\\/rvs-309lsi-tig-lasdraad\\\/#primaryimage\"},\"thumbnailUrl\":\"https:\\\/\\\/cjays.eu\\\/wp-content\\\/uploads\\\/2022\\\/01\\\/RVS-316LSI-Tig-Toevoegdraad.jpg\",\"datePublished\":\"2025-03-20T12:54:05+00:00\",\"dateModified\":\"2025-03-20T13:01:40+00:00\",\"description\":\"Edelstahl 309LSi Wig F\u00fclldraht %%excerpt\",\"breadcrumb\":{\"@id\":\"https:\\\/\\\/cjays.eu\\\/de\\\/produkt\\\/rvs-309lsi-tig-lasdraad\\\/#breadcrumb\"},\"inLanguage\":\"de-DE\",\"potentialAction\":[{\"@type\":\"ReadAction\",\"target\":[\"https:\\\/\\\/cjays.eu\\\/de\\\/produkt\\\/rvs-309lsi-tig-lasdraad\\\/\"]}]},{\"@type\":\"ImageObject\",\"inLanguage\":\"de-DE\",\"@id\":\"https:\\\/\\\/cjays.eu\\\/de\\\/produkt\\\/rvs-309lsi-tig-lasdraad\\\/#primaryimage\",\"url\":\"https:\\\/\\\/cjays.eu\\\/wp-content\\\/uploads\\\/2022\\\/01\\\/RVS-316LSI-Tig-Toevoegdraad.jpg\",\"contentUrl\":\"https:\\\/\\\/cjays.eu\\\/wp-content\\\/uploads\\\/2022\\\/01\\\/RVS-316LSI-Tig-Toevoegdraad.jpg\",\"width\":650,\"height\":650,\"caption\":\"RVS 316LSI Tig Toevoegdraad\"},{\"@type\":\"BreadcrumbList\",\"@id\":\"https:\\\/\\\/cjays.eu\\\/de\\\/produkt\\\/rvs-309lsi-tig-lasdraad\\\/#breadcrumb\",\"itemListElement\":[{\"@type\":\"ListItem\",\"position\":1,\"name\":\"Home\",\"item\":\"https:\\\/\\\/cjays.eu\\\/\"},{\"@type\":\"ListItem\",\"position\":2,\"name\":\"Winkel\",\"item\":\"https:\\\/\\\/cjays.eu\\\/winkel\\\/\"},{\"@type\":\"ListItem\",\"position\":3,\"name\":\"Edelstahl 309LSi Wig F\u00fclldraht\"}]},{\"@type\":\"WebSite\",\"@id\":\"https:\\\/\\\/cjays.eu\\\/#website\",\"url\":\"https:\\\/\\\/cjays.eu\\\/\",\"name\":\"Cjays Lastechniek | Gebruikte Lasapparaten\",\"description\":\"Gebruikte &amp; Nieuwe Lasapparaten &amp; Lasbenodigdheden\",\"publisher\":{\"@id\":\"https:\\\/\\\/cjays.eu\\\/#organization\"},\"alternateName\":\"Cjays\",\"potentialAction\":[{\"@type\":\"SearchAction\",\"target\":{\"@type\":\"EntryPoint\",\"urlTemplate\":\"https:\\\/\\\/cjays.eu\\\/?s={search_term_string}\"},\"query-input\":{\"@type\":\"PropertyValueSpecification\",\"valueRequired\":true,\"valueName\":\"search_term_string\"}}],\"inLanguage\":\"de-DE\"},{\"@type\":\"Organization\",\"@id\":\"https:\\\/\\\/cjays.eu\\\/#organization\",\"name\":\"Cjays Lastechniek\",\"alternateName\":\"Cjays\",\"url\":\"https:\\\/\\\/cjays.eu\\\/\",\"logo\":{\"@type\":\"ImageObject\",\"inLanguage\":\"de-DE\",\"@id\":\"https:\\\/\\\/cjays.eu\\\/#\\\/schema\\\/logo\\\/image\\\/\",\"url\":\"https:\\\/\\\/cjays.eu\\\/wp-content\\\/uploads\\\/2022\\\/01\\\/logo-cjays-e1643484777484.png\",\"contentUrl\":\"https:\\\/\\\/cjays.eu\\\/wp-content\\\/uploads\\\/2022\\\/01\\\/logo-cjays-e1643484777484.png\",\"width\":500,\"height\":198,\"caption\":\"Cjays Lastechniek\"},\"image\":{\"@id\":\"https:\\\/\\\/cjays.eu\\\/#\\\/schema\\\/logo\\\/image\\\/\"},\"sameAs\":[\"https:\\\/\\\/www.facebook.com\\\/cjayslastechniek.nl\",\"https:\\\/\\\/www.instagram.com\\\/cjays.lastechniek\\\/\",\"https:\\\/\\\/www.youtube.com\\\/@cjayslastechniek2812\"]}]}<\/script>\n<!-- \/ Yoast SEO plugin. -->","yoast_head_json":{"title":"Edelstahl 309LSi Wig F\u00fclldraht - Cjays Lastechniek | Gebruikte Lasapparaten","description":"Edelstahl 309LSi Wig F\u00fclldraht %%excerpt","robots":{"index":"index","follow":"follow","max-snippet":"max-snippet:-1","max-image-preview":"max-image-preview:large","max-video-preview":"max-video-preview:-1"},"canonical":"https:\/\/cjays.eu\/de\/produkt\/rvs-309lsi-tig-lasdraad\/","og_locale":"de_DE","og_type":"article","og_title":"Edelstahl 309LSi Wig F\u00fclldraht - Cjays Lastechniek | Gebruikte Lasapparaten","og_description":"Edelstahl 309LSi Wig F\u00fclldraht %%excerpt","og_url":"https:\/\/cjays.eu\/de\/produkt\/rvs-309lsi-tig-lasdraad\/","og_site_name":"Cjays Lastechniek | Gebruikte Lasapparaten","article_publisher":"https:\/\/www.facebook.com\/cjayslastechniek.nl","article_modified_time":"2025-03-20T13:01:40+00:00","og_image":[{"width":650,"height":650,"url":"https:\/\/cjays.eu\/wp-content\/uploads\/2022\/01\/RVS-316LSI-Tig-Toevoegdraad.jpg","type":"image\/jpeg"}],"twitter_card":"summary_large_image","twitter_misc":{"Gesch\u00e4tzte Lesezeit":"1 minute"},"schema":{"@context":"https:\/\/schema.org","@graph":[{"@type":"WebPage","@id":"https:\/\/cjays.eu\/de\/produkt\/rvs-309lsi-tig-lasdraad\/","url":"https:\/\/cjays.eu\/de\/produkt\/rvs-309lsi-tig-lasdraad\/","name":"Edelstahl 309LSi Wig F\u00fclldraht - Cjays Lastechniek | Gebruikte Lasapparaten","isPartOf":{"@id":"https:\/\/cjays.eu\/#website"},"primaryImageOfPage":{"@id":"https:\/\/cjays.eu\/de\/produkt\/rvs-309lsi-tig-lasdraad\/#primaryimage"},"image":{"@id":"https:\/\/cjays.eu\/de\/produkt\/rvs-309lsi-tig-lasdraad\/#primaryimage"},"thumbnailUrl":"https:\/\/cjays.eu\/wp-content\/uploads\/2022\/01\/RVS-316LSI-Tig-Toevoegdraad.jpg","datePublished":"2025-03-20T12:54:05+00:00","dateModified":"2025-03-20T13:01:40+00:00","description":"Edelstahl 309LSi Wig F\u00fclldraht %%excerpt","breadcrumb":{"@id":"https:\/\/cjays.eu\/de\/produkt\/rvs-309lsi-tig-lasdraad\/#breadcrumb"},"inLanguage":"de-DE","potentialAction":[{"@type":"ReadAction","target":["https:\/\/cjays.eu\/de\/produkt\/rvs-309lsi-tig-lasdraad\/"]}]},{"@type":"ImageObject","inLanguage":"de-DE","@id":"https:\/\/cjays.eu\/de\/produkt\/rvs-309lsi-tig-lasdraad\/#primaryimage","url":"https:\/\/cjays.eu\/wp-content\/uploads\/2022\/01\/RVS-316LSI-Tig-Toevoegdraad.jpg","contentUrl":"https:\/\/cjays.eu\/wp-content\/uploads\/2022\/01\/RVS-316LSI-Tig-Toevoegdraad.jpg","width":650,"height":650,"caption":"RVS 316LSI Tig Toevoegdraad"},{"@type":"BreadcrumbList","@id":"https:\/\/cjays.eu\/de\/produkt\/rvs-309lsi-tig-lasdraad\/#breadcrumb","itemListElement":[{"@type":"ListItem","position":1,"name":"Home","item":"https:\/\/cjays.eu\/"},{"@type":"ListItem","position":2,"name":"Winkel","item":"https:\/\/cjays.eu\/winkel\/"},{"@type":"ListItem","position":3,"name":"Edelstahl 309LSi Wig F\u00fclldraht"}]},{"@type":"WebSite","@id":"https:\/\/cjays.eu\/#website","url":"https:\/\/cjays.eu\/","name":"Cjays Lastechniek | Gebruikte Lasapparaten","description":"Gebruikte &amp; Nieuwe Lasapparaten &amp; Lasbenodigdheden","publisher":{"@id":"https:\/\/cjays.eu\/#organization"},"alternateName":"Cjays","potentialAction":[{"@type":"SearchAction","target":{"@type":"EntryPoint","urlTemplate":"https:\/\/cjays.eu\/?s={search_term_string}"},"query-input":{"@type":"PropertyValueSpecification","valueRequired":true,"valueName":"search_term_string"}}],"inLanguage":"de-DE"},{"@type":"Organization","@id":"https:\/\/cjays.eu\/#organization","name":"Cjays Lastechniek","alternateName":"Cjays","url":"https:\/\/cjays.eu\/","logo":{"@type":"ImageObject","inLanguage":"de-DE","@id":"https:\/\/cjays.eu\/#\/schema\/logo\/image\/","url":"https:\/\/cjays.eu\/wp-content\/uploads\/2022\/01\/logo-cjays-e1643484777484.png","contentUrl":"https:\/\/cjays.eu\/wp-content\/uploads\/2022\/01\/logo-cjays-e1643484777484.png","width":500,"height":198,"caption":"Cjays Lastechniek"},"image":{"@id":"https:\/\/cjays.eu\/#\/schema\/logo\/image\/"},"sameAs":["https:\/\/www.facebook.com\/cjayslastechniek.nl","https:\/\/www.instagram.com\/cjays.lastechniek\/","https:\/\/www.youtube.com\/@cjayslastechniek2812"]}]}},"_links":{"self":[{"href":"https:\/\/cjays.eu\/de\/wp-json\/wp\/v2\/product\/274668","targetHints":{"allow":["GET"]}}],"collection":[{"href":"https:\/\/cjays.eu\/de\/wp-json\/wp\/v2\/product"}],"about":[{"href":"https:\/\/cjays.eu\/de\/wp-json\/wp\/v2\/types\/product"}],"replies":[{"embeddable":true,"href":"https:\/\/cjays.eu\/de\/wp-json\/wp\/v2\/comments?post=274668"}],"wp:featuredmedia":[{"embeddable":true,"href":"https:\/\/cjays.eu\/de\/wp-json\/wp\/v2\/media\/223723"}],"wp:attachment":[{"href":"https:\/\/cjays.eu\/de\/wp-json\/wp\/v2\/media?parent=274668"}],"wp:term":[{"taxonomy":"product_brand","embeddable":true,"href":"https:\/\/cjays.eu\/de\/wp-json\/wp\/v2\/product_brand?post=274668"},{"taxonomy":"product_cat","embeddable":true,"href":"https:\/\/cjays.eu\/de\/wp-json\/wp\/v2\/product_cat?post=274668"},{"taxonomy":"product_tag","embeddable":true,"href":"https:\/\/cjays.eu\/de\/wp-json\/wp\/v2\/product_tag?post=274668"}],"curies":[{"name":"wp","href":"https:\/\/api.w.org\/{rel}","templated":true}]}}