{"id":273012,"date":"2025-02-10T09:03:02","date_gmt":"2025-02-10T08:03:02","guid":{"rendered":"https:\/\/cjays.eu\/product\/otc-dtx-202-dc-pulse\/"},"modified":"2025-05-13T14:39:07","modified_gmt":"2025-05-13T12:39:07","slug":"otc-dtx-202-dc-pulse","status":"publish","type":"product","link":"https:\/\/cjays.eu\/de\/produkt\/otc-dtx-202-dc-pulse\/","title":{"rendered":"OTC DTX 202 DC Pulse"},"content":{"rendered":"<p>OTC DTX 202 DC Pulse<\/p>\n<ul>\n<li>Hervorragende Lichtbogenz\u00fcndeigenschaften aufgrund der hohen Frequenz des HF-Z\u00fcndens<\/li>\n<li>Hohe Leistung bei d\u00fcnnen Blechen<\/li>\n<li>Niedriger Energieverbrauch und hohe Effizienz<\/li>\n<li>Gegen St\u00f6\u00dfe gesch\u00fctztes Bedienfeld<\/li>\n<li>Abgewinkeltes Bedienfeld an der Vorderseite, leicht ablesbar und einstellbar und aus jeder Richtung gut sichtbar<\/li>\n<li>Schutzart IP 23<\/li>\n<li>Die Verwendung von WIG Up\/Down-Brennern erm\u00f6glicht die Fernsteuerung der Schwei\u00dfparameter direkt vom Brenner aus<\/li>\n<\/ul>\n","protected":false},"excerpt":{"rendered":"<p>OTC DTX 202 DC Pulse<\/p>\n<p>5-200 AMP<br \/>\nPulse<br \/>\n7,5kg<br \/>\n60% @ 140 A<br \/>\n100% @ 120 A<\/p>\n","protected":false},"featured_media":268676,"comment_status":"closed","ping_status":"closed","template":"","meta":[],"product_brand":[],"product_cat":[144,487,134,4120,135],"product_tag":[],"class_list":{"0":"post-273012","1":"product","2":"type-product","3":"status-publish","4":"has-post-thumbnail","6":"product_cat-alle-produkte","7":"product_cat-dc-de","8":"product_cat-neue-schweisgerate","9":"product_cat-neues-otc-daihen-schweissgeraete","10":"product_cat-tig-schweisgerate-de","11":"product_shipping_class-kleine-machines-europa-de","13":"first","14":"onbackorder","15":"taxable","16":"shipping-taxable","17":"product-type-variable"},"yoast_head":"<!-- This site is optimized with the Yoast SEO plugin v27.4 - https:\/\/yoast.com\/product\/yoast-seo-wordpress\/ -->\n<title>OTC DTX 202 DC Pulse - Cjays Lastechniek | Gebruikte Lasapparaten<\/title>\n<meta name=\"description\" content=\"OTC DTX 202 DC Pulse Die Verwendung von WIG Up\/Down-Brennern erm\u00f6glicht die Fernsteuerung der Schwei\u00dfparameter direkt vom Brenner aus - info@cjays.nl\" \/>\n<meta name=\"robots\" content=\"index, follow, max-snippet:-1, max-image-preview:large, max-video-preview:-1\" \/>\n<link rel=\"canonical\" href=\"https:\/\/cjays.eu\/de\/produkt\/otc-dtx-202-dc-pulse\/\" \/>\n<meta property=\"og:locale\" content=\"de_DE\" \/>\n<meta property=\"og:type\" content=\"article\" \/>\n<meta property=\"og:title\" content=\"OTC DTX 202 DC Pulse - Cjays Lastechniek | Gebruikte Lasapparaten\" \/>\n<meta property=\"og:description\" content=\"OTC DTX 202 DC Pulse Die Verwendung von WIG Up\/Down-Brennern erm\u00f6glicht die Fernsteuerung der Schwei\u00dfparameter direkt vom Brenner aus - info@cjays.nl\" \/>\n<meta property=\"og:url\" content=\"https:\/\/cjays.eu\/de\/produkt\/otc-dtx-202-dc-pulse\/\" \/>\n<meta property=\"og:site_name\" content=\"Cjays Lastechniek | Gebruikte Lasapparaten\" \/>\n<meta property=\"article:publisher\" content=\"https:\/\/www.facebook.com\/cjayslastechniek.nl\" \/>\n<meta property=\"article:modified_time\" content=\"2025-05-13T12:39:07+00:00\" \/>\n<meta property=\"og:image\" content=\"https:\/\/cjays.eu\/wp-content\/uploads\/2024\/09\/OTC-DTX202-Cjays-scaled.jpeg\" \/>\n\t<meta property=\"og:image:width\" content=\"2560\" \/>\n\t<meta property=\"og:image:height\" content=\"2560\" \/>\n\t<meta property=\"og:image:type\" content=\"image\/jpeg\" \/>\n<meta name=\"twitter:card\" content=\"summary_large_image\" \/>\n<meta name=\"twitter:label1\" content=\"Gesch\u00e4tzte Lesezeit\" \/>\n\t<meta name=\"twitter:data1\" content=\"1 minute\" \/>\n<script type=\"application\/ld+json\" class=\"yoast-schema-graph\">{\"@context\":\"https:\\\/\\\/schema.org\",\"@graph\":[{\"@type\":\"WebPage\",\"@id\":\"https:\\\/\\\/cjays.eu\\\/de\\\/produkt\\\/otc-dtx-202-dc-pulse\\\/\",\"url\":\"https:\\\/\\\/cjays.eu\\\/de\\\/produkt\\\/otc-dtx-202-dc-pulse\\\/\",\"name\":\"OTC DTX 202 DC Pulse - Cjays Lastechniek | Gebruikte Lasapparaten\",\"isPartOf\":{\"@id\":\"https:\\\/\\\/cjays.eu\\\/#website\"},\"primaryImageOfPage\":{\"@id\":\"https:\\\/\\\/cjays.eu\\\/de\\\/produkt\\\/otc-dtx-202-dc-pulse\\\/#primaryimage\"},\"image\":{\"@id\":\"https:\\\/\\\/cjays.eu\\\/de\\\/produkt\\\/otc-dtx-202-dc-pulse\\\/#primaryimage\"},\"thumbnailUrl\":\"https:\\\/\\\/cjays.eu\\\/wp-content\\\/uploads\\\/2024\\\/09\\\/OTC-DTX202-Cjays-scaled.jpeg\",\"datePublished\":\"2025-02-10T08:03:02+00:00\",\"dateModified\":\"2025-05-13T12:39:07+00:00\",\"description\":\"OTC DTX 202 DC Pulse Die Verwendung von WIG Up\\\/Down-Brennern erm\u00f6glicht die Fernsteuerung der Schwei\u00dfparameter direkt vom Brenner aus - info@cjays.nl\",\"breadcrumb\":{\"@id\":\"https:\\\/\\\/cjays.eu\\\/de\\\/produkt\\\/otc-dtx-202-dc-pulse\\\/#breadcrumb\"},\"inLanguage\":\"de-DE\",\"potentialAction\":[{\"@type\":\"ReadAction\",\"target\":[\"https:\\\/\\\/cjays.eu\\\/de\\\/produkt\\\/otc-dtx-202-dc-pulse\\\/\"]}]},{\"@type\":\"ImageObject\",\"inLanguage\":\"de-DE\",\"@id\":\"https:\\\/\\\/cjays.eu\\\/de\\\/produkt\\\/otc-dtx-202-dc-pulse\\\/#primaryimage\",\"url\":\"https:\\\/\\\/cjays.eu\\\/wp-content\\\/uploads\\\/2024\\\/09\\\/OTC-DTX202-Cjays-scaled.jpeg\",\"contentUrl\":\"https:\\\/\\\/cjays.eu\\\/wp-content\\\/uploads\\\/2024\\\/09\\\/OTC-DTX202-Cjays-scaled.jpeg\",\"width\":2560,\"height\":2560},{\"@type\":\"BreadcrumbList\",\"@id\":\"https:\\\/\\\/cjays.eu\\\/de\\\/produkt\\\/otc-dtx-202-dc-pulse\\\/#breadcrumb\",\"itemListElement\":[{\"@type\":\"ListItem\",\"position\":1,\"name\":\"Home\",\"item\":\"https:\\\/\\\/cjays.eu\\\/\"},{\"@type\":\"ListItem\",\"position\":2,\"name\":\"Winkel\",\"item\":\"https:\\\/\\\/cjays.eu\\\/winkel\\\/\"},{\"@type\":\"ListItem\",\"position\":3,\"name\":\"OTC DTX 202 DC Pulse\"}]},{\"@type\":\"WebSite\",\"@id\":\"https:\\\/\\\/cjays.eu\\\/#website\",\"url\":\"https:\\\/\\\/cjays.eu\\\/\",\"name\":\"Cjays Lastechniek | Gebruikte Lasapparaten\",\"description\":\"Gebruikte &amp; Nieuwe Lasapparaten &amp; Lasbenodigdheden\",\"publisher\":{\"@id\":\"https:\\\/\\\/cjays.eu\\\/#organization\"},\"alternateName\":\"Cjays\",\"potentialAction\":[{\"@type\":\"SearchAction\",\"target\":{\"@type\":\"EntryPoint\",\"urlTemplate\":\"https:\\\/\\\/cjays.eu\\\/?s={search_term_string}\"},\"query-input\":{\"@type\":\"PropertyValueSpecification\",\"valueRequired\":true,\"valueName\":\"search_term_string\"}}],\"inLanguage\":\"de-DE\"},{\"@type\":\"Organization\",\"@id\":\"https:\\\/\\\/cjays.eu\\\/#organization\",\"name\":\"Cjays Lastechniek\",\"alternateName\":\"Cjays\",\"url\":\"https:\\\/\\\/cjays.eu\\\/\",\"logo\":{\"@type\":\"ImageObject\",\"inLanguage\":\"de-DE\",\"@id\":\"https:\\\/\\\/cjays.eu\\\/#\\\/schema\\\/logo\\\/image\\\/\",\"url\":\"https:\\\/\\\/cjays.eu\\\/wp-content\\\/uploads\\\/2022\\\/01\\\/logo-cjays-e1643484777484.png\",\"contentUrl\":\"https:\\\/\\\/cjays.eu\\\/wp-content\\\/uploads\\\/2022\\\/01\\\/logo-cjays-e1643484777484.png\",\"width\":500,\"height\":198,\"caption\":\"Cjays Lastechniek\"},\"image\":{\"@id\":\"https:\\\/\\\/cjays.eu\\\/#\\\/schema\\\/logo\\\/image\\\/\"},\"sameAs\":[\"https:\\\/\\\/www.facebook.com\\\/cjayslastechniek.nl\",\"https:\\\/\\\/www.instagram.com\\\/cjays.lastechniek\\\/\",\"https:\\\/\\\/www.youtube.com\\\/@cjayslastechniek2812\"]}]}<\/script>\n<!-- \/ Yoast SEO plugin. -->","yoast_head_json":{"title":"OTC DTX 202 DC Pulse - Cjays Lastechniek | Gebruikte Lasapparaten","description":"OTC DTX 202 DC Pulse Die Verwendung von WIG Up\/Down-Brennern erm\u00f6glicht die Fernsteuerung der Schwei\u00dfparameter direkt vom Brenner aus - info@cjays.nl","robots":{"index":"index","follow":"follow","max-snippet":"max-snippet:-1","max-image-preview":"max-image-preview:large","max-video-preview":"max-video-preview:-1"},"canonical":"https:\/\/cjays.eu\/de\/produkt\/otc-dtx-202-dc-pulse\/","og_locale":"de_DE","og_type":"article","og_title":"OTC DTX 202 DC Pulse - Cjays Lastechniek | Gebruikte Lasapparaten","og_description":"OTC DTX 202 DC Pulse Die Verwendung von WIG Up\/Down-Brennern erm\u00f6glicht die Fernsteuerung der Schwei\u00dfparameter direkt vom Brenner aus - info@cjays.nl","og_url":"https:\/\/cjays.eu\/de\/produkt\/otc-dtx-202-dc-pulse\/","og_site_name":"Cjays Lastechniek | Gebruikte Lasapparaten","article_publisher":"https:\/\/www.facebook.com\/cjayslastechniek.nl","article_modified_time":"2025-05-13T12:39:07+00:00","og_image":[{"width":2560,"height":2560,"url":"https:\/\/cjays.eu\/wp-content\/uploads\/2024\/09\/OTC-DTX202-Cjays-scaled.jpeg","type":"image\/jpeg"}],"twitter_card":"summary_large_image","twitter_misc":{"Gesch\u00e4tzte Lesezeit":"1 minute"},"schema":{"@context":"https:\/\/schema.org","@graph":[{"@type":"WebPage","@id":"https:\/\/cjays.eu\/de\/produkt\/otc-dtx-202-dc-pulse\/","url":"https:\/\/cjays.eu\/de\/produkt\/otc-dtx-202-dc-pulse\/","name":"OTC DTX 202 DC Pulse - Cjays Lastechniek | Gebruikte Lasapparaten","isPartOf":{"@id":"https:\/\/cjays.eu\/#website"},"primaryImageOfPage":{"@id":"https:\/\/cjays.eu\/de\/produkt\/otc-dtx-202-dc-pulse\/#primaryimage"},"image":{"@id":"https:\/\/cjays.eu\/de\/produkt\/otc-dtx-202-dc-pulse\/#primaryimage"},"thumbnailUrl":"https:\/\/cjays.eu\/wp-content\/uploads\/2024\/09\/OTC-DTX202-Cjays-scaled.jpeg","datePublished":"2025-02-10T08:03:02+00:00","dateModified":"2025-05-13T12:39:07+00:00","description":"OTC DTX 202 DC Pulse Die Verwendung von WIG Up\/Down-Brennern erm\u00f6glicht die Fernsteuerung der Schwei\u00dfparameter direkt vom Brenner aus - info@cjays.nl","breadcrumb":{"@id":"https:\/\/cjays.eu\/de\/produkt\/otc-dtx-202-dc-pulse\/#breadcrumb"},"inLanguage":"de-DE","potentialAction":[{"@type":"ReadAction","target":["https:\/\/cjays.eu\/de\/produkt\/otc-dtx-202-dc-pulse\/"]}]},{"@type":"ImageObject","inLanguage":"de-DE","@id":"https:\/\/cjays.eu\/de\/produkt\/otc-dtx-202-dc-pulse\/#primaryimage","url":"https:\/\/cjays.eu\/wp-content\/uploads\/2024\/09\/OTC-DTX202-Cjays-scaled.jpeg","contentUrl":"https:\/\/cjays.eu\/wp-content\/uploads\/2024\/09\/OTC-DTX202-Cjays-scaled.jpeg","width":2560,"height":2560},{"@type":"BreadcrumbList","@id":"https:\/\/cjays.eu\/de\/produkt\/otc-dtx-202-dc-pulse\/#breadcrumb","itemListElement":[{"@type":"ListItem","position":1,"name":"Home","item":"https:\/\/cjays.eu\/"},{"@type":"ListItem","position":2,"name":"Winkel","item":"https:\/\/cjays.eu\/winkel\/"},{"@type":"ListItem","position":3,"name":"OTC DTX 202 DC Pulse"}]},{"@type":"WebSite","@id":"https:\/\/cjays.eu\/#website","url":"https:\/\/cjays.eu\/","name":"Cjays Lastechniek | Gebruikte Lasapparaten","description":"Gebruikte &amp; Nieuwe Lasapparaten &amp; Lasbenodigdheden","publisher":{"@id":"https:\/\/cjays.eu\/#organization"},"alternateName":"Cjays","potentialAction":[{"@type":"SearchAction","target":{"@type":"EntryPoint","urlTemplate":"https:\/\/cjays.eu\/?s={search_term_string}"},"query-input":{"@type":"PropertyValueSpecification","valueRequired":true,"valueName":"search_term_string"}}],"inLanguage":"de-DE"},{"@type":"Organization","@id":"https:\/\/cjays.eu\/#organization","name":"Cjays Lastechniek","alternateName":"Cjays","url":"https:\/\/cjays.eu\/","logo":{"@type":"ImageObject","inLanguage":"de-DE","@id":"https:\/\/cjays.eu\/#\/schema\/logo\/image\/","url":"https:\/\/cjays.eu\/wp-content\/uploads\/2022\/01\/logo-cjays-e1643484777484.png","contentUrl":"https:\/\/cjays.eu\/wp-content\/uploads\/2022\/01\/logo-cjays-e1643484777484.png","width":500,"height":198,"caption":"Cjays Lastechniek"},"image":{"@id":"https:\/\/cjays.eu\/#\/schema\/logo\/image\/"},"sameAs":["https:\/\/www.facebook.com\/cjayslastechniek.nl","https:\/\/www.instagram.com\/cjays.lastechniek\/","https:\/\/www.youtube.com\/@cjayslastechniek2812"]}]}},"_links":{"self":[{"href":"https:\/\/cjays.eu\/de\/wp-json\/wp\/v2\/product\/273012","targetHints":{"allow":["GET"]}}],"collection":[{"href":"https:\/\/cjays.eu\/de\/wp-json\/wp\/v2\/product"}],"about":[{"href":"https:\/\/cjays.eu\/de\/wp-json\/wp\/v2\/types\/product"}],"replies":[{"embeddable":true,"href":"https:\/\/cjays.eu\/de\/wp-json\/wp\/v2\/comments?post=273012"}],"wp:featuredmedia":[{"embeddable":true,"href":"https:\/\/cjays.eu\/de\/wp-json\/wp\/v2\/media\/268676"}],"wp:attachment":[{"href":"https:\/\/cjays.eu\/de\/wp-json\/wp\/v2\/media?parent=273012"}],"wp:term":[{"taxonomy":"product_brand","embeddable":true,"href":"https:\/\/cjays.eu\/de\/wp-json\/wp\/v2\/product_brand?post=273012"},{"taxonomy":"product_cat","embeddable":true,"href":"https:\/\/cjays.eu\/de\/wp-json\/wp\/v2\/product_cat?post=273012"},{"taxonomy":"product_tag","embeddable":true,"href":"https:\/\/cjays.eu\/de\/wp-json\/wp\/v2\/product_tag?post=273012"}],"curies":[{"name":"wp","href":"https:\/\/api.w.org\/{rel}","templated":true}]}}