{"id":272374,"date":"2025-01-10T10:22:02","date_gmt":"2025-01-10T09:22:02","guid":{"rendered":"https:\/\/cjays.eu\/product\/gas-flow-meter\/"},"modified":"2025-01-10T10:35:10","modified_gmt":"2025-01-10T09:35:10","slug":"gas-flow-meter","status":"publish","type":"product","link":"https:\/\/cjays.eu\/de\/produkt\/gas-flow-meter\/","title":{"rendered":"Gasdurchflussmesser"},"content":{"rendered":"<p>Gasdurchflussmesser<\/p>\n<p>\u00dcberpr\u00fcfen Sie die Liter pro Minute von Ihrem Mig- oder Tig-Schwei\u00dfbrenner.<\/p>\n<p>Diese Gasdurchflussmesser haben sich als genauer erwiesen als ein Druckminderer mit Durchflussmesser.<\/p>\n","protected":false},"excerpt":{"rendered":"<p>0 t\/m 30 Liter L\/PM<\/p>\n","protected":false},"featured_media":272378,"comment_status":"closed","ping_status":"closed","template":"","meta":[],"product_brand":[],"product_cat":[144,171,217,173,172],"product_tag":[],"class_list":{"0":"post-272374","1":"product","2":"type-product","3":"status-publish","4":"has-post-thumbnail","6":"product_cat-alle-produkte","7":"product_cat-mig-zubehor","8":"product_cat-schweiszubehor","9":"product_cat-taschenlampen-zubehor","10":"product_cat-tig-zubehor","11":"product_shipping_class-paketten-de","13":"first","14":"instock","15":"taxable","16":"shipping-taxable","17":"purchasable","18":"product-type-simple"},"yoast_head":"<!-- This site is optimized with the Yoast SEO plugin v27.4 - https:\/\/yoast.com\/product\/yoast-seo-wordpress\/ -->\n<title>Gasdurchflussmesser - Cjays Lastechniek | Gebruikte Lasapparaten<\/title>\n<meta name=\"description\" content=\"Gasdurchflussmesser Diese Gasdurchflussmesser haben sich als genauer erwiesen als ein Druckminderer mit Durchflussmesser.\" \/>\n<meta name=\"robots\" content=\"index, follow, max-snippet:-1, max-image-preview:large, max-video-preview:-1\" \/>\n<link rel=\"canonical\" href=\"https:\/\/cjays.eu\/de\/produkt\/gas-flow-meter\/\" \/>\n<meta property=\"og:locale\" content=\"de_DE\" \/>\n<meta property=\"og:type\" content=\"article\" \/>\n<meta property=\"og:title\" content=\"Gasdurchflussmesser - Cjays Lastechniek | Gebruikte Lasapparaten\" \/>\n<meta property=\"og:description\" content=\"Gasdurchflussmesser Diese Gasdurchflussmesser haben sich als genauer erwiesen als ein Druckminderer mit Durchflussmesser.\" \/>\n<meta property=\"og:url\" content=\"https:\/\/cjays.eu\/de\/produkt\/gas-flow-meter\/\" \/>\n<meta property=\"og:site_name\" content=\"Cjays Lastechniek | Gebruikte Lasapparaten\" \/>\n<meta property=\"article:publisher\" content=\"https:\/\/www.facebook.com\/cjayslastechniek.nl\" \/>\n<meta property=\"article:modified_time\" content=\"2025-01-10T09:35:10+00:00\" \/>\n<meta property=\"og:image\" content=\"https:\/\/cjays.eu\/wp-content\/uploads\/2025\/01\/Gasflowtester-1.jpg\" \/>\n\t<meta property=\"og:image:width\" content=\"1000\" \/>\n\t<meta property=\"og:image:height\" content=\"900\" \/>\n\t<meta property=\"og:image:type\" content=\"image\/jpeg\" \/>\n<meta name=\"twitter:card\" content=\"summary_large_image\" \/>\n<meta name=\"twitter:label1\" content=\"Gesch\u00e4tzte Lesezeit\" \/>\n\t<meta name=\"twitter:data1\" content=\"1 minute\" \/>\n<script type=\"application\/ld+json\" class=\"yoast-schema-graph\">{\"@context\":\"https:\\\/\\\/schema.org\",\"@graph\":[{\"@type\":\"WebPage\",\"@id\":\"https:\\\/\\\/cjays.eu\\\/de\\\/produkt\\\/gas-flow-meter\\\/\",\"url\":\"https:\\\/\\\/cjays.eu\\\/de\\\/produkt\\\/gas-flow-meter\\\/\",\"name\":\"Gasdurchflussmesser - Cjays Lastechniek | Gebruikte Lasapparaten\",\"isPartOf\":{\"@id\":\"https:\\\/\\\/cjays.eu\\\/#website\"},\"primaryImageOfPage\":{\"@id\":\"https:\\\/\\\/cjays.eu\\\/de\\\/produkt\\\/gas-flow-meter\\\/#primaryimage\"},\"image\":{\"@id\":\"https:\\\/\\\/cjays.eu\\\/de\\\/produkt\\\/gas-flow-meter\\\/#primaryimage\"},\"thumbnailUrl\":\"https:\\\/\\\/cjays.eu\\\/wp-content\\\/uploads\\\/2025\\\/01\\\/Gasflowtester-1.jpg\",\"datePublished\":\"2025-01-10T09:22:02+00:00\",\"dateModified\":\"2025-01-10T09:35:10+00:00\",\"description\":\"Gasdurchflussmesser Diese Gasdurchflussmesser haben sich als genauer erwiesen als ein Druckminderer mit Durchflussmesser.\",\"breadcrumb\":{\"@id\":\"https:\\\/\\\/cjays.eu\\\/de\\\/produkt\\\/gas-flow-meter\\\/#breadcrumb\"},\"inLanguage\":\"de-DE\",\"potentialAction\":[{\"@type\":\"ReadAction\",\"target\":[\"https:\\\/\\\/cjays.eu\\\/de\\\/produkt\\\/gas-flow-meter\\\/\"]}]},{\"@type\":\"ImageObject\",\"inLanguage\":\"de-DE\",\"@id\":\"https:\\\/\\\/cjays.eu\\\/de\\\/produkt\\\/gas-flow-meter\\\/#primaryimage\",\"url\":\"https:\\\/\\\/cjays.eu\\\/wp-content\\\/uploads\\\/2025\\\/01\\\/Gasflowtester-1.jpg\",\"contentUrl\":\"https:\\\/\\\/cjays.eu\\\/wp-content\\\/uploads\\\/2025\\\/01\\\/Gasflowtester-1.jpg\",\"width\":1000,\"height\":900},{\"@type\":\"BreadcrumbList\",\"@id\":\"https:\\\/\\\/cjays.eu\\\/de\\\/produkt\\\/gas-flow-meter\\\/#breadcrumb\",\"itemListElement\":[{\"@type\":\"ListItem\",\"position\":1,\"name\":\"Home\",\"item\":\"https:\\\/\\\/cjays.eu\\\/\"},{\"@type\":\"ListItem\",\"position\":2,\"name\":\"Winkel\",\"item\":\"https:\\\/\\\/cjays.eu\\\/winkel\\\/\"},{\"@type\":\"ListItem\",\"position\":3,\"name\":\"Gasdurchflussmesser\"}]},{\"@type\":\"WebSite\",\"@id\":\"https:\\\/\\\/cjays.eu\\\/#website\",\"url\":\"https:\\\/\\\/cjays.eu\\\/\",\"name\":\"Cjays Lastechniek | Gebruikte Lasapparaten\",\"description\":\"Gebruikte &amp; Nieuwe Lasapparaten &amp; Lasbenodigdheden\",\"publisher\":{\"@id\":\"https:\\\/\\\/cjays.eu\\\/#organization\"},\"alternateName\":\"Cjays\",\"potentialAction\":[{\"@type\":\"SearchAction\",\"target\":{\"@type\":\"EntryPoint\",\"urlTemplate\":\"https:\\\/\\\/cjays.eu\\\/?s={search_term_string}\"},\"query-input\":{\"@type\":\"PropertyValueSpecification\",\"valueRequired\":true,\"valueName\":\"search_term_string\"}}],\"inLanguage\":\"de-DE\"},{\"@type\":\"Organization\",\"@id\":\"https:\\\/\\\/cjays.eu\\\/#organization\",\"name\":\"Cjays Lastechniek\",\"alternateName\":\"Cjays\",\"url\":\"https:\\\/\\\/cjays.eu\\\/\",\"logo\":{\"@type\":\"ImageObject\",\"inLanguage\":\"de-DE\",\"@id\":\"https:\\\/\\\/cjays.eu\\\/#\\\/schema\\\/logo\\\/image\\\/\",\"url\":\"https:\\\/\\\/cjays.eu\\\/wp-content\\\/uploads\\\/2022\\\/01\\\/logo-cjays-e1643484777484.png\",\"contentUrl\":\"https:\\\/\\\/cjays.eu\\\/wp-content\\\/uploads\\\/2022\\\/01\\\/logo-cjays-e1643484777484.png\",\"width\":500,\"height\":198,\"caption\":\"Cjays Lastechniek\"},\"image\":{\"@id\":\"https:\\\/\\\/cjays.eu\\\/#\\\/schema\\\/logo\\\/image\\\/\"},\"sameAs\":[\"https:\\\/\\\/www.facebook.com\\\/cjayslastechniek.nl\",\"https:\\\/\\\/www.instagram.com\\\/cjays.lastechniek\\\/\",\"https:\\\/\\\/www.youtube.com\\\/@cjayslastechniek2812\"]}]}<\/script>\n<!-- \/ Yoast SEO plugin. -->","yoast_head_json":{"title":"Gasdurchflussmesser - Cjays Lastechniek | Gebruikte Lasapparaten","description":"Gasdurchflussmesser Diese Gasdurchflussmesser haben sich als genauer erwiesen als ein Druckminderer mit Durchflussmesser.","robots":{"index":"index","follow":"follow","max-snippet":"max-snippet:-1","max-image-preview":"max-image-preview:large","max-video-preview":"max-video-preview:-1"},"canonical":"https:\/\/cjays.eu\/de\/produkt\/gas-flow-meter\/","og_locale":"de_DE","og_type":"article","og_title":"Gasdurchflussmesser - Cjays Lastechniek | Gebruikte Lasapparaten","og_description":"Gasdurchflussmesser Diese Gasdurchflussmesser haben sich als genauer erwiesen als ein Druckminderer mit Durchflussmesser.","og_url":"https:\/\/cjays.eu\/de\/produkt\/gas-flow-meter\/","og_site_name":"Cjays Lastechniek | Gebruikte Lasapparaten","article_publisher":"https:\/\/www.facebook.com\/cjayslastechniek.nl","article_modified_time":"2025-01-10T09:35:10+00:00","og_image":[{"width":1000,"height":900,"url":"https:\/\/cjays.eu\/wp-content\/uploads\/2025\/01\/Gasflowtester-1.jpg","type":"image\/jpeg"}],"twitter_card":"summary_large_image","twitter_misc":{"Gesch\u00e4tzte Lesezeit":"1 minute"},"schema":{"@context":"https:\/\/schema.org","@graph":[{"@type":"WebPage","@id":"https:\/\/cjays.eu\/de\/produkt\/gas-flow-meter\/","url":"https:\/\/cjays.eu\/de\/produkt\/gas-flow-meter\/","name":"Gasdurchflussmesser - Cjays Lastechniek | Gebruikte Lasapparaten","isPartOf":{"@id":"https:\/\/cjays.eu\/#website"},"primaryImageOfPage":{"@id":"https:\/\/cjays.eu\/de\/produkt\/gas-flow-meter\/#primaryimage"},"image":{"@id":"https:\/\/cjays.eu\/de\/produkt\/gas-flow-meter\/#primaryimage"},"thumbnailUrl":"https:\/\/cjays.eu\/wp-content\/uploads\/2025\/01\/Gasflowtester-1.jpg","datePublished":"2025-01-10T09:22:02+00:00","dateModified":"2025-01-10T09:35:10+00:00","description":"Gasdurchflussmesser Diese Gasdurchflussmesser haben sich als genauer erwiesen als ein Druckminderer mit Durchflussmesser.","breadcrumb":{"@id":"https:\/\/cjays.eu\/de\/produkt\/gas-flow-meter\/#breadcrumb"},"inLanguage":"de-DE","potentialAction":[{"@type":"ReadAction","target":["https:\/\/cjays.eu\/de\/produkt\/gas-flow-meter\/"]}]},{"@type":"ImageObject","inLanguage":"de-DE","@id":"https:\/\/cjays.eu\/de\/produkt\/gas-flow-meter\/#primaryimage","url":"https:\/\/cjays.eu\/wp-content\/uploads\/2025\/01\/Gasflowtester-1.jpg","contentUrl":"https:\/\/cjays.eu\/wp-content\/uploads\/2025\/01\/Gasflowtester-1.jpg","width":1000,"height":900},{"@type":"BreadcrumbList","@id":"https:\/\/cjays.eu\/de\/produkt\/gas-flow-meter\/#breadcrumb","itemListElement":[{"@type":"ListItem","position":1,"name":"Home","item":"https:\/\/cjays.eu\/"},{"@type":"ListItem","position":2,"name":"Winkel","item":"https:\/\/cjays.eu\/winkel\/"},{"@type":"ListItem","position":3,"name":"Gasdurchflussmesser"}]},{"@type":"WebSite","@id":"https:\/\/cjays.eu\/#website","url":"https:\/\/cjays.eu\/","name":"Cjays Lastechniek | Gebruikte Lasapparaten","description":"Gebruikte &amp; Nieuwe Lasapparaten &amp; Lasbenodigdheden","publisher":{"@id":"https:\/\/cjays.eu\/#organization"},"alternateName":"Cjays","potentialAction":[{"@type":"SearchAction","target":{"@type":"EntryPoint","urlTemplate":"https:\/\/cjays.eu\/?s={search_term_string}"},"query-input":{"@type":"PropertyValueSpecification","valueRequired":true,"valueName":"search_term_string"}}],"inLanguage":"de-DE"},{"@type":"Organization","@id":"https:\/\/cjays.eu\/#organization","name":"Cjays Lastechniek","alternateName":"Cjays","url":"https:\/\/cjays.eu\/","logo":{"@type":"ImageObject","inLanguage":"de-DE","@id":"https:\/\/cjays.eu\/#\/schema\/logo\/image\/","url":"https:\/\/cjays.eu\/wp-content\/uploads\/2022\/01\/logo-cjays-e1643484777484.png","contentUrl":"https:\/\/cjays.eu\/wp-content\/uploads\/2022\/01\/logo-cjays-e1643484777484.png","width":500,"height":198,"caption":"Cjays Lastechniek"},"image":{"@id":"https:\/\/cjays.eu\/#\/schema\/logo\/image\/"},"sameAs":["https:\/\/www.facebook.com\/cjayslastechniek.nl","https:\/\/www.instagram.com\/cjays.lastechniek\/","https:\/\/www.youtube.com\/@cjayslastechniek2812"]}]}},"_links":{"self":[{"href":"https:\/\/cjays.eu\/de\/wp-json\/wp\/v2\/product\/272374","targetHints":{"allow":["GET"]}}],"collection":[{"href":"https:\/\/cjays.eu\/de\/wp-json\/wp\/v2\/product"}],"about":[{"href":"https:\/\/cjays.eu\/de\/wp-json\/wp\/v2\/types\/product"}],"replies":[{"embeddable":true,"href":"https:\/\/cjays.eu\/de\/wp-json\/wp\/v2\/comments?post=272374"}],"wp:featuredmedia":[{"embeddable":true,"href":"https:\/\/cjays.eu\/de\/wp-json\/wp\/v2\/media\/272378"}],"wp:attachment":[{"href":"https:\/\/cjays.eu\/de\/wp-json\/wp\/v2\/media?parent=272374"}],"wp:term":[{"taxonomy":"product_brand","embeddable":true,"href":"https:\/\/cjays.eu\/de\/wp-json\/wp\/v2\/product_brand?post=272374"},{"taxonomy":"product_cat","embeddable":true,"href":"https:\/\/cjays.eu\/de\/wp-json\/wp\/v2\/product_cat?post=272374"},{"taxonomy":"product_tag","embeddable":true,"href":"https:\/\/cjays.eu\/de\/wp-json\/wp\/v2\/product_tag?post=272374"}],"curies":[{"name":"wp","href":"https:\/\/api.w.org\/{rel}","templated":true}]}}