{"id":270903,"date":"2024-12-10T16:57:47","date_gmt":"2024-12-10T15:57:47","guid":{"rendered":"https:\/\/cjays.eu\/product\/ceweld-sg-corten-mig-lasdraad\/"},"modified":"2024-12-10T17:06:31","modified_gmt":"2024-12-10T16:06:31","slug":"ceweld-sg-corten-mig-lasdraad","status":"publish","type":"product","link":"https:\/\/cjays.eu\/de\/produkt\/ceweld-sg-corten-mig-lasdraad\/","title":{"rendered":"Ceweld SG Corten Mig Schwei\u00dfdraht"},"content":{"rendered":"<p>Anwendungen:<\/p>\n<p>CEWELD\u00ae SG Corten ist ein verkupferter Draht f\u00fcr das MIG\/MAG-Verfahren, der mit 0,8 % Ni \/ 0,4 % Cu Schwei\u00dfgut hergestellt wird und in salz- und schwefelhaltiger Umgebung eine bessere Korrosionsbest\u00e4ndigkeit als Baustahl aufweist. Er ist in erster Linie f\u00fcr das Schwei\u00dfen von witterungsbest\u00e4ndigen St\u00e4hlen wie CORten , Patinax vorgesehen, eignet sich aber auch f\u00fcr h\u00f6here Festigkeitswerte und niedrige Temperaturen im Kunstgewerbe, bei Br\u00fccken, \u00d6fen, dekorativen Teilen, Stahlkonstruktionen usw.<\/p>\n","protected":false},"excerpt":{"rendered":"<p>CEWELD\u00ae SG Corten ist extrem leicht zu schwei\u00dfen mit hervorragenden Schwei\u00dfeigenschaften. Schwei\u00dfbar mit Co2 und Mischgas. Durch den Zusatz von \u00a0Cu und Ni bietet diese Legierung hervorragende witterungsbest\u00e4ndige Eigenschaften mit sehr guten G\u00fctewerten.<\/p>\n<p><a href=\"https:\/\/certilas.com\/en\/product\/sg-corten\">SG Corten | Certilas: The filler metal specialist<\/a><\/p>\n<p>&nbsp;<\/p>\n","protected":false},"featured_media":280184,"comment_status":"closed","ping_status":"closed","template":"","meta":[],"product_brand":[],"product_cat":[144,400,217,195],"product_tag":[],"class_list":{"0":"post-270903","1":"product","2":"type-product","3":"status-publish","4":"has-post-thumbnail","6":"product_cat-alle-produkte","7":"product_cat-mig-schweisdraht","8":"product_cat-schweiszubehor","9":"product_cat-verbrauchsmaterial","10":"product_shipping_class-paketten-de","12":"first","13":"onbackorder","14":"taxable","15":"shipping-taxable","16":"purchasable","17":"product-type-variable"},"yoast_head":"<!-- This site is optimized with the Yoast SEO plugin v27.4 - https:\/\/yoast.com\/product\/yoast-seo-wordpress\/ -->\n<title>Ceweld SG Corten Mig Schwei\u00dfdraht - Cjays Lastechniek | Gebruikte Lasapparaten<\/title>\n<meta name=\"description\" content=\"Ceweld SG Corten Mig Schwei\u00dfdraht %%excerpt\" \/>\n<meta name=\"robots\" content=\"index, follow, max-snippet:-1, max-image-preview:large, max-video-preview:-1\" \/>\n<link rel=\"canonical\" href=\"https:\/\/cjays.eu\/produkt\/ceweld-sg-corten-mig-lasdraad\/\" \/>\n<meta property=\"og:locale\" content=\"de_DE\" \/>\n<meta property=\"og:type\" content=\"article\" \/>\n<meta property=\"og:title\" content=\"Ceweld SG Corten Mig Schwei\u00dfdraht - Cjays Lastechniek | Gebruikte Lasapparaten\" \/>\n<meta property=\"og:description\" content=\"Ceweld SG Corten Mig Schwei\u00dfdraht %%excerpt\" \/>\n<meta property=\"og:url\" content=\"https:\/\/cjays.eu\/produkt\/ceweld-sg-corten-mig-lasdraad\/\" \/>\n<meta property=\"og:site_name\" content=\"Cjays Lastechniek | Gebruikte Lasapparaten\" \/>\n<meta property=\"article:publisher\" content=\"https:\/\/www.facebook.com\/cjayslastechniek.nl\" \/>\n<meta property=\"article:modified_time\" content=\"2024-12-10T16:06:31+00:00\" \/>\n<meta property=\"og:image\" content=\"https:\/\/cjays.eu\/wp-content\/uploads\/2024\/12\/10757e1945700eba408dfd0a599a3992.jpg\" \/>\n\t<meta property=\"og:image:width\" content=\"1333\" \/>\n\t<meta property=\"og:image:height\" content=\"750\" \/>\n\t<meta property=\"og:image:type\" content=\"image\/jpeg\" \/>\n<meta name=\"twitter:card\" content=\"summary_large_image\" \/>\n<meta name=\"twitter:label1\" content=\"Gesch\u00e4tzte Lesezeit\" \/>\n\t<meta name=\"twitter:data1\" content=\"1 minute\" \/>\n<script type=\"application\/ld+json\" class=\"yoast-schema-graph\">{\"@context\":\"https:\\\/\\\/schema.org\",\"@graph\":[{\"@type\":\"WebPage\",\"@id\":\"https:\\\/\\\/cjays.eu\\\/produkt\\\/ceweld-sg-corten-mig-lasdraad\\\/\",\"url\":\"https:\\\/\\\/cjays.eu\\\/produkt\\\/ceweld-sg-corten-mig-lasdraad\\\/\",\"name\":\"Ceweld SG Corten Mig Schwei\u00dfdraht - Cjays Lastechniek | Gebruikte Lasapparaten\",\"isPartOf\":{\"@id\":\"https:\\\/\\\/cjays.eu\\\/#website\"},\"primaryImageOfPage\":{\"@id\":\"https:\\\/\\\/cjays.eu\\\/produkt\\\/ceweld-sg-corten-mig-lasdraad\\\/#primaryimage\"},\"image\":{\"@id\":\"https:\\\/\\\/cjays.eu\\\/produkt\\\/ceweld-sg-corten-mig-lasdraad\\\/#primaryimage\"},\"thumbnailUrl\":\"https:\\\/\\\/cjays.eu\\\/wp-content\\\/uploads\\\/2024\\\/12\\\/Screenshot-2026-04-10-100620.png\",\"datePublished\":\"2024-12-10T15:57:47+00:00\",\"dateModified\":\"2024-12-10T16:06:31+00:00\",\"description\":\"Ceweld SG Corten Mig Schwei\u00dfdraht %%excerpt\",\"breadcrumb\":{\"@id\":\"https:\\\/\\\/cjays.eu\\\/produkt\\\/ceweld-sg-corten-mig-lasdraad\\\/#breadcrumb\"},\"inLanguage\":\"de-DE\",\"potentialAction\":[{\"@type\":\"ReadAction\",\"target\":[\"https:\\\/\\\/cjays.eu\\\/produkt\\\/ceweld-sg-corten-mig-lasdraad\\\/\"]}]},{\"@type\":\"ImageObject\",\"inLanguage\":\"de-DE\",\"@id\":\"https:\\\/\\\/cjays.eu\\\/produkt\\\/ceweld-sg-corten-mig-lasdraad\\\/#primaryimage\",\"url\":\"https:\\\/\\\/cjays.eu\\\/wp-content\\\/uploads\\\/2024\\\/12\\\/Screenshot-2026-04-10-100620.png\",\"contentUrl\":\"https:\\\/\\\/cjays.eu\\\/wp-content\\\/uploads\\\/2024\\\/12\\\/Screenshot-2026-04-10-100620.png\",\"width\":811,\"height\":810},{\"@type\":\"BreadcrumbList\",\"@id\":\"https:\\\/\\\/cjays.eu\\\/produkt\\\/ceweld-sg-corten-mig-lasdraad\\\/#breadcrumb\",\"itemListElement\":[{\"@type\":\"ListItem\",\"position\":1,\"name\":\"Home\",\"item\":\"https:\\\/\\\/cjays.eu\\\/\"},{\"@type\":\"ListItem\",\"position\":2,\"name\":\"Winkel\",\"item\":\"https:\\\/\\\/cjays.eu\\\/winkel\\\/\"},{\"@type\":\"ListItem\",\"position\":3,\"name\":\"Ceweld SG Corten Mig Schwei\u00dfdraht\"}]},{\"@type\":\"WebSite\",\"@id\":\"https:\\\/\\\/cjays.eu\\\/#website\",\"url\":\"https:\\\/\\\/cjays.eu\\\/\",\"name\":\"Cjays Lastechniek | Gebruikte Lasapparaten\",\"description\":\"Gebruikte &amp; Nieuwe Lasapparaten &amp; Lasbenodigdheden\",\"publisher\":{\"@id\":\"https:\\\/\\\/cjays.eu\\\/#organization\"},\"alternateName\":\"Cjays\",\"potentialAction\":[{\"@type\":\"SearchAction\",\"target\":{\"@type\":\"EntryPoint\",\"urlTemplate\":\"https:\\\/\\\/cjays.eu\\\/?s={search_term_string}\"},\"query-input\":{\"@type\":\"PropertyValueSpecification\",\"valueRequired\":true,\"valueName\":\"search_term_string\"}}],\"inLanguage\":\"de-DE\"},{\"@type\":\"Organization\",\"@id\":\"https:\\\/\\\/cjays.eu\\\/#organization\",\"name\":\"Cjays Lastechniek\",\"alternateName\":\"Cjays\",\"url\":\"https:\\\/\\\/cjays.eu\\\/\",\"logo\":{\"@type\":\"ImageObject\",\"inLanguage\":\"de-DE\",\"@id\":\"https:\\\/\\\/cjays.eu\\\/#\\\/schema\\\/logo\\\/image\\\/\",\"url\":\"https:\\\/\\\/cjays.eu\\\/wp-content\\\/uploads\\\/2022\\\/01\\\/logo-cjays-e1643484777484.png\",\"contentUrl\":\"https:\\\/\\\/cjays.eu\\\/wp-content\\\/uploads\\\/2022\\\/01\\\/logo-cjays-e1643484777484.png\",\"width\":500,\"height\":198,\"caption\":\"Cjays Lastechniek\"},\"image\":{\"@id\":\"https:\\\/\\\/cjays.eu\\\/#\\\/schema\\\/logo\\\/image\\\/\"},\"sameAs\":[\"https:\\\/\\\/www.facebook.com\\\/cjayslastechniek.nl\",\"https:\\\/\\\/www.instagram.com\\\/cjays.lastechniek\\\/\",\"https:\\\/\\\/www.youtube.com\\\/@cjayslastechniek2812\"]}]}<\/script>\n<!-- \/ Yoast SEO plugin. -->","yoast_head_json":{"title":"Ceweld SG Corten Mig Schwei\u00dfdraht - Cjays Lastechniek | Gebruikte Lasapparaten","description":"Ceweld SG Corten Mig Schwei\u00dfdraht %%excerpt","robots":{"index":"index","follow":"follow","max-snippet":"max-snippet:-1","max-image-preview":"max-image-preview:large","max-video-preview":"max-video-preview:-1"},"canonical":"https:\/\/cjays.eu\/produkt\/ceweld-sg-corten-mig-lasdraad\/","og_locale":"de_DE","og_type":"article","og_title":"Ceweld SG Corten Mig Schwei\u00dfdraht - Cjays Lastechniek | Gebruikte Lasapparaten","og_description":"Ceweld SG Corten Mig Schwei\u00dfdraht %%excerpt","og_url":"https:\/\/cjays.eu\/produkt\/ceweld-sg-corten-mig-lasdraad\/","og_site_name":"Cjays Lastechniek | Gebruikte Lasapparaten","article_publisher":"https:\/\/www.facebook.com\/cjayslastechniek.nl","article_modified_time":"2024-12-10T16:06:31+00:00","og_image":[{"width":1333,"height":750,"url":"https:\/\/cjays.eu\/wp-content\/uploads\/2024\/12\/10757e1945700eba408dfd0a599a3992.jpg","type":"image\/jpeg"}],"twitter_card":"summary_large_image","twitter_misc":{"Gesch\u00e4tzte Lesezeit":"1 minute"},"schema":{"@context":"https:\/\/schema.org","@graph":[{"@type":"WebPage","@id":"https:\/\/cjays.eu\/produkt\/ceweld-sg-corten-mig-lasdraad\/","url":"https:\/\/cjays.eu\/produkt\/ceweld-sg-corten-mig-lasdraad\/","name":"Ceweld SG Corten Mig Schwei\u00dfdraht - Cjays Lastechniek | Gebruikte Lasapparaten","isPartOf":{"@id":"https:\/\/cjays.eu\/#website"},"primaryImageOfPage":{"@id":"https:\/\/cjays.eu\/produkt\/ceweld-sg-corten-mig-lasdraad\/#primaryimage"},"image":{"@id":"https:\/\/cjays.eu\/produkt\/ceweld-sg-corten-mig-lasdraad\/#primaryimage"},"thumbnailUrl":"https:\/\/cjays.eu\/wp-content\/uploads\/2024\/12\/Screenshot-2026-04-10-100620.png","datePublished":"2024-12-10T15:57:47+00:00","dateModified":"2024-12-10T16:06:31+00:00","description":"Ceweld SG Corten Mig Schwei\u00dfdraht %%excerpt","breadcrumb":{"@id":"https:\/\/cjays.eu\/produkt\/ceweld-sg-corten-mig-lasdraad\/#breadcrumb"},"inLanguage":"de-DE","potentialAction":[{"@type":"ReadAction","target":["https:\/\/cjays.eu\/produkt\/ceweld-sg-corten-mig-lasdraad\/"]}]},{"@type":"ImageObject","inLanguage":"de-DE","@id":"https:\/\/cjays.eu\/produkt\/ceweld-sg-corten-mig-lasdraad\/#primaryimage","url":"https:\/\/cjays.eu\/wp-content\/uploads\/2024\/12\/Screenshot-2026-04-10-100620.png","contentUrl":"https:\/\/cjays.eu\/wp-content\/uploads\/2024\/12\/Screenshot-2026-04-10-100620.png","width":811,"height":810},{"@type":"BreadcrumbList","@id":"https:\/\/cjays.eu\/produkt\/ceweld-sg-corten-mig-lasdraad\/#breadcrumb","itemListElement":[{"@type":"ListItem","position":1,"name":"Home","item":"https:\/\/cjays.eu\/"},{"@type":"ListItem","position":2,"name":"Winkel","item":"https:\/\/cjays.eu\/winkel\/"},{"@type":"ListItem","position":3,"name":"Ceweld SG Corten Mig Schwei\u00dfdraht"}]},{"@type":"WebSite","@id":"https:\/\/cjays.eu\/#website","url":"https:\/\/cjays.eu\/","name":"Cjays Lastechniek | Gebruikte Lasapparaten","description":"Gebruikte &amp; Nieuwe Lasapparaten &amp; Lasbenodigdheden","publisher":{"@id":"https:\/\/cjays.eu\/#organization"},"alternateName":"Cjays","potentialAction":[{"@type":"SearchAction","target":{"@type":"EntryPoint","urlTemplate":"https:\/\/cjays.eu\/?s={search_term_string}"},"query-input":{"@type":"PropertyValueSpecification","valueRequired":true,"valueName":"search_term_string"}}],"inLanguage":"de-DE"},{"@type":"Organization","@id":"https:\/\/cjays.eu\/#organization","name":"Cjays Lastechniek","alternateName":"Cjays","url":"https:\/\/cjays.eu\/","logo":{"@type":"ImageObject","inLanguage":"de-DE","@id":"https:\/\/cjays.eu\/#\/schema\/logo\/image\/","url":"https:\/\/cjays.eu\/wp-content\/uploads\/2022\/01\/logo-cjays-e1643484777484.png","contentUrl":"https:\/\/cjays.eu\/wp-content\/uploads\/2022\/01\/logo-cjays-e1643484777484.png","width":500,"height":198,"caption":"Cjays Lastechniek"},"image":{"@id":"https:\/\/cjays.eu\/#\/schema\/logo\/image\/"},"sameAs":["https:\/\/www.facebook.com\/cjayslastechniek.nl","https:\/\/www.instagram.com\/cjays.lastechniek\/","https:\/\/www.youtube.com\/@cjayslastechniek2812"]}]}},"_links":{"self":[{"href":"https:\/\/cjays.eu\/de\/wp-json\/wp\/v2\/product\/270903","targetHints":{"allow":["GET"]}}],"collection":[{"href":"https:\/\/cjays.eu\/de\/wp-json\/wp\/v2\/product"}],"about":[{"href":"https:\/\/cjays.eu\/de\/wp-json\/wp\/v2\/types\/product"}],"replies":[{"embeddable":true,"href":"https:\/\/cjays.eu\/de\/wp-json\/wp\/v2\/comments?post=270903"}],"wp:featuredmedia":[{"embeddable":true,"href":"https:\/\/cjays.eu\/de\/wp-json\/wp\/v2\/media\/280184"}],"wp:attachment":[{"href":"https:\/\/cjays.eu\/de\/wp-json\/wp\/v2\/media?parent=270903"}],"wp:term":[{"taxonomy":"product_brand","embeddable":true,"href":"https:\/\/cjays.eu\/de\/wp-json\/wp\/v2\/product_brand?post=270903"},{"taxonomy":"product_cat","embeddable":true,"href":"https:\/\/cjays.eu\/de\/wp-json\/wp\/v2\/product_cat?post=270903"},{"taxonomy":"product_tag","embeddable":true,"href":"https:\/\/cjays.eu\/de\/wp-json\/wp\/v2\/product_tag?post=270903"}],"curies":[{"name":"wp","href":"https:\/\/api.w.org\/{rel}","templated":true}]}}