{"id":267982,"date":"2024-08-23T14:43:35","date_gmt":"2024-08-23T12:43:35","guid":{"rendered":"https:\/\/cjays.eu\/product\/zds-zinkspray-donker-500-ml\/"},"modified":"2024-08-23T14:53:33","modified_gmt":"2024-08-23T12:53:33","slug":"zds-zinkspray-donker-500-ml","status":"publish","type":"product","link":"https:\/\/cjays.eu\/de\/produkt\/zds-zinkspray-donker-500-ml\/","title":{"rendered":"ZDS Zinkspray Dunkel \/ 500 ml"},"content":{"rendered":"<h4>Gefahrenhinweise<\/h4>\n<p>ZDS Zinkspray dunkel \/ 500 ml<\/p>\n<p>Produktkategorie: Speziallacke. VOC-Grenzwert: 840g\/l. VOC-Menge: 645g\/l.<br \/>\n*6 Jahre Qualit\u00e4ts- und Haltbarkeitsgarantie bei sachgem\u00e4\u00dfer Lagerung und Anwendung. Testen Sie vorab an einer unsichtbaren Stelle, ob das Material nicht angegriffen wird. Bei unsachgem\u00e4\u00dfer Anwendung entf\u00e4llt jegliche Haftung f\u00fcr eventuelle Sch\u00e4den.<\/p>\n<p>Das Produkt enth\u00e4lt: Aceton, Kohlenwasserstoffe (C9), Aromaten.<\/p>\n<p>H222 Extrem entz\u00fcndbares Aerosol. H229 Beh\u00e4lter steht unter Druck: kann bei Erw\u00e4rmung bersten. H319 Verursacht schwere Augenreizung. H336 Kann Schl\u00e4frigkeit und Benommenheit verursachen. H411 Giftig f\u00fcr Wasserorganismen mit langfristiger Wirkung. EUH066 Wiederholter Kontakt kann zu trockener oder rissiger Haut f\u00fchren.<\/p>\n<p>P102 Darf nicht in die H\u00e4nde von Kindern gelangen. P210 Von Hitze, hei\u00dfen Oberfl\u00e4chen, Funken, offenen Flammen und anderen Z\u00fcndquellen fernhalten. Nicht rauchen. P211 Nicht in offene Flammen oder andere Z\u00fcndquellen spr\u00fchen. P251 Nicht durchstechen oder verbrennen, auch nicht nach Gebrauch. P261 Einatmen von Spr\u00fchnebel vermeiden. P271 Nur im Freien oder in gut bel\u00fcfteten R\u00e4umen verwenden. P273 Freisetzung in die Umwelt vermeiden. P305+P351+P338 BEI KONTAKT MIT DEN AUGEN: Einige Minuten lang behutsam mit Wasser aussp\u00fclen; Kontaktlinsen, wenn m\u00f6glich, entfernen; weiter sp\u00fclen. P312 Bei Unwohlsein \u00e4rztlichen Rat einholen. P410+P412 Vor Sonnenbestrahlung sch\u00fctzen. Nicht Temperaturen von mehr als 50 \u00b0C\/122 \u00b0F aussetzen. P501 Inhalt\/Beh\u00e4lter der Problemabfall- oder Sonderabfall-Sammelstelle zuf\u00fchren.<\/p>\n","protected":false},"excerpt":{"rendered":"<ul>\n<li>Langfristiger Schutz f\u00fcr alle Metalloberfl\u00e4chen<\/li>\n<li>F\u00e4rbt dunkelgrau, ist haftf\u00e4hig und schnell trocknend<\/li>\n<li>Gute elektrische Leitf\u00e4higkeit, besonders geeignet zum Punktschwei\u00dfen<\/li>\n<li>Hohe Best\u00e4ndigkeit auch gegen Salz und Wasser<\/li>\n<li>Dauerhafter Korrosionsschutz<\/li>\n<li>Wetterfest<\/li>\n<li>Hitzebest\u00e4ndig bis zu +420 \u00b0C<\/li>\n<\/ul>\n","protected":false},"featured_media":267970,"comment_status":"closed","ping_status":"closed","template":"","meta":[],"product_brand":[],"product_cat":[144,217,345],"product_tag":[],"class_list":{"0":"post-267982","1":"product","2":"type-product","3":"status-publish","4":"has-post-thumbnail","6":"product_cat-alle-produkte","7":"product_cat-schweiszubehor","8":"product_cat-verschiedene-spruhmittel","9":"product_shipping_class-paketten-de","11":"first","12":"instock","13":"taxable","14":"shipping-taxable","15":"purchasable","16":"product-type-simple"},"yoast_head":"<!-- This site is optimized with the Yoast SEO plugin v27.4 - https:\/\/yoast.com\/product\/yoast-seo-wordpress\/ -->\n<title>ZDS Zinkspray Dunkel \/ 500 ml - Cjays Lastechniek | Gebruikte Lasapparaten<\/title>\n<meta name=\"description\" content=\"ZDS Zinkspray Dunkel \/ 500 ml %%excerpt\" \/>\n<meta name=\"robots\" content=\"index, follow, max-snippet:-1, max-image-preview:large, max-video-preview:-1\" \/>\n<link rel=\"canonical\" href=\"https:\/\/cjays.eu\/produkt\/zds-zinkspray-donker-500-ml\/\" \/>\n<meta property=\"og:locale\" content=\"de_DE\" \/>\n<meta property=\"og:type\" content=\"article\" \/>\n<meta property=\"og:title\" content=\"ZDS Zinkspray Dunkel \/ 500 ml - Cjays Lastechniek | Gebruikte Lasapparaten\" \/>\n<meta property=\"og:description\" content=\"ZDS Zinkspray Dunkel \/ 500 ml %%excerpt\" \/>\n<meta property=\"og:url\" content=\"https:\/\/cjays.eu\/produkt\/zds-zinkspray-donker-500-ml\/\" \/>\n<meta property=\"og:site_name\" content=\"Cjays Lastechniek | Gebruikte Lasapparaten\" \/>\n<meta property=\"article:publisher\" content=\"https:\/\/www.facebook.com\/cjayslastechniek.nl\" \/>\n<meta property=\"article:modified_time\" content=\"2024-08-23T12:53:33+00:00\" \/>\n<meta property=\"og:image\" content=\"https:\/\/cjays.eu\/wp-content\/uploads\/2022\/01\/ZDS-Spray-scaled.jpeg\" \/>\n\t<meta property=\"og:image:width\" content=\"2560\" \/>\n\t<meta property=\"og:image:height\" content=\"2560\" \/>\n\t<meta property=\"og:image:type\" content=\"image\/jpeg\" \/>\n<meta name=\"twitter:card\" content=\"summary_large_image\" \/>\n<meta name=\"twitter:label1\" content=\"Gesch\u00e4tzte Lesezeit\" \/>\n\t<meta name=\"twitter:data1\" content=\"1 minute\" \/>\n<script type=\"application\/ld+json\" class=\"yoast-schema-graph\">{\"@context\":\"https:\\\/\\\/schema.org\",\"@graph\":[{\"@type\":\"WebPage\",\"@id\":\"https:\\\/\\\/cjays.eu\\\/produkt\\\/zds-zinkspray-donker-500-ml\\\/\",\"url\":\"https:\\\/\\\/cjays.eu\\\/produkt\\\/zds-zinkspray-donker-500-ml\\\/\",\"name\":\"ZDS Zinkspray Dunkel \\\/ 500 ml - Cjays Lastechniek | Gebruikte Lasapparaten\",\"isPartOf\":{\"@id\":\"https:\\\/\\\/cjays.eu\\\/#website\"},\"primaryImageOfPage\":{\"@id\":\"https:\\\/\\\/cjays.eu\\\/produkt\\\/zds-zinkspray-donker-500-ml\\\/#primaryimage\"},\"image\":{\"@id\":\"https:\\\/\\\/cjays.eu\\\/produkt\\\/zds-zinkspray-donker-500-ml\\\/#primaryimage\"},\"thumbnailUrl\":\"https:\\\/\\\/cjays.eu\\\/wp-content\\\/uploads\\\/2022\\\/01\\\/ZDS-Spray-scaled.jpeg\",\"datePublished\":\"2024-08-23T12:43:35+00:00\",\"dateModified\":\"2024-08-23T12:53:33+00:00\",\"description\":\"ZDS Zinkspray Dunkel \\\/ 500 ml %%excerpt\",\"breadcrumb\":{\"@id\":\"https:\\\/\\\/cjays.eu\\\/produkt\\\/zds-zinkspray-donker-500-ml\\\/#breadcrumb\"},\"inLanguage\":\"de-DE\",\"potentialAction\":[{\"@type\":\"ReadAction\",\"target\":[\"https:\\\/\\\/cjays.eu\\\/produkt\\\/zds-zinkspray-donker-500-ml\\\/\"]}]},{\"@type\":\"ImageObject\",\"inLanguage\":\"de-DE\",\"@id\":\"https:\\\/\\\/cjays.eu\\\/produkt\\\/zds-zinkspray-donker-500-ml\\\/#primaryimage\",\"url\":\"https:\\\/\\\/cjays.eu\\\/wp-content\\\/uploads\\\/2022\\\/01\\\/ZDS-Spray-scaled.jpeg\",\"contentUrl\":\"https:\\\/\\\/cjays.eu\\\/wp-content\\\/uploads\\\/2022\\\/01\\\/ZDS-Spray-scaled.jpeg\",\"width\":2560,\"height\":2560},{\"@type\":\"BreadcrumbList\",\"@id\":\"https:\\\/\\\/cjays.eu\\\/produkt\\\/zds-zinkspray-donker-500-ml\\\/#breadcrumb\",\"itemListElement\":[{\"@type\":\"ListItem\",\"position\":1,\"name\":\"Home\",\"item\":\"https:\\\/\\\/cjays.eu\\\/\"},{\"@type\":\"ListItem\",\"position\":2,\"name\":\"Winkel\",\"item\":\"https:\\\/\\\/cjays.eu\\\/winkel\\\/\"},{\"@type\":\"ListItem\",\"position\":3,\"name\":\"ZDS Zinkspray Dunkel \\\/ 500 ml\"}]},{\"@type\":\"WebSite\",\"@id\":\"https:\\\/\\\/cjays.eu\\\/#website\",\"url\":\"https:\\\/\\\/cjays.eu\\\/\",\"name\":\"Cjays Lastechniek | Gebruikte Lasapparaten\",\"description\":\"Gebruikte &amp; Nieuwe Lasapparaten &amp; Lasbenodigdheden\",\"publisher\":{\"@id\":\"https:\\\/\\\/cjays.eu\\\/#organization\"},\"alternateName\":\"Cjays\",\"potentialAction\":[{\"@type\":\"SearchAction\",\"target\":{\"@type\":\"EntryPoint\",\"urlTemplate\":\"https:\\\/\\\/cjays.eu\\\/?s={search_term_string}\"},\"query-input\":{\"@type\":\"PropertyValueSpecification\",\"valueRequired\":true,\"valueName\":\"search_term_string\"}}],\"inLanguage\":\"de-DE\"},{\"@type\":\"Organization\",\"@id\":\"https:\\\/\\\/cjays.eu\\\/#organization\",\"name\":\"Cjays Lastechniek\",\"alternateName\":\"Cjays\",\"url\":\"https:\\\/\\\/cjays.eu\\\/\",\"logo\":{\"@type\":\"ImageObject\",\"inLanguage\":\"de-DE\",\"@id\":\"https:\\\/\\\/cjays.eu\\\/#\\\/schema\\\/logo\\\/image\\\/\",\"url\":\"https:\\\/\\\/cjays.eu\\\/wp-content\\\/uploads\\\/2022\\\/01\\\/logo-cjays-e1643484777484.png\",\"contentUrl\":\"https:\\\/\\\/cjays.eu\\\/wp-content\\\/uploads\\\/2022\\\/01\\\/logo-cjays-e1643484777484.png\",\"width\":500,\"height\":198,\"caption\":\"Cjays Lastechniek\"},\"image\":{\"@id\":\"https:\\\/\\\/cjays.eu\\\/#\\\/schema\\\/logo\\\/image\\\/\"},\"sameAs\":[\"https:\\\/\\\/www.facebook.com\\\/cjayslastechniek.nl\",\"https:\\\/\\\/www.instagram.com\\\/cjays.lastechniek\\\/\",\"https:\\\/\\\/www.youtube.com\\\/@cjayslastechniek2812\"]}]}<\/script>\n<!-- \/ Yoast SEO plugin. -->","yoast_head_json":{"title":"ZDS Zinkspray Dunkel \/ 500 ml - Cjays Lastechniek | Gebruikte Lasapparaten","description":"ZDS Zinkspray Dunkel \/ 500 ml %%excerpt","robots":{"index":"index","follow":"follow","max-snippet":"max-snippet:-1","max-image-preview":"max-image-preview:large","max-video-preview":"max-video-preview:-1"},"canonical":"https:\/\/cjays.eu\/produkt\/zds-zinkspray-donker-500-ml\/","og_locale":"de_DE","og_type":"article","og_title":"ZDS Zinkspray Dunkel \/ 500 ml - Cjays Lastechniek | Gebruikte Lasapparaten","og_description":"ZDS Zinkspray Dunkel \/ 500 ml %%excerpt","og_url":"https:\/\/cjays.eu\/produkt\/zds-zinkspray-donker-500-ml\/","og_site_name":"Cjays Lastechniek | Gebruikte Lasapparaten","article_publisher":"https:\/\/www.facebook.com\/cjayslastechniek.nl","article_modified_time":"2024-08-23T12:53:33+00:00","og_image":[{"width":2560,"height":2560,"url":"https:\/\/cjays.eu\/wp-content\/uploads\/2022\/01\/ZDS-Spray-scaled.jpeg","type":"image\/jpeg"}],"twitter_card":"summary_large_image","twitter_misc":{"Gesch\u00e4tzte Lesezeit":"1 minute"},"schema":{"@context":"https:\/\/schema.org","@graph":[{"@type":"WebPage","@id":"https:\/\/cjays.eu\/produkt\/zds-zinkspray-donker-500-ml\/","url":"https:\/\/cjays.eu\/produkt\/zds-zinkspray-donker-500-ml\/","name":"ZDS Zinkspray Dunkel \/ 500 ml - Cjays Lastechniek | Gebruikte Lasapparaten","isPartOf":{"@id":"https:\/\/cjays.eu\/#website"},"primaryImageOfPage":{"@id":"https:\/\/cjays.eu\/produkt\/zds-zinkspray-donker-500-ml\/#primaryimage"},"image":{"@id":"https:\/\/cjays.eu\/produkt\/zds-zinkspray-donker-500-ml\/#primaryimage"},"thumbnailUrl":"https:\/\/cjays.eu\/wp-content\/uploads\/2022\/01\/ZDS-Spray-scaled.jpeg","datePublished":"2024-08-23T12:43:35+00:00","dateModified":"2024-08-23T12:53:33+00:00","description":"ZDS Zinkspray Dunkel \/ 500 ml %%excerpt","breadcrumb":{"@id":"https:\/\/cjays.eu\/produkt\/zds-zinkspray-donker-500-ml\/#breadcrumb"},"inLanguage":"de-DE","potentialAction":[{"@type":"ReadAction","target":["https:\/\/cjays.eu\/produkt\/zds-zinkspray-donker-500-ml\/"]}]},{"@type":"ImageObject","inLanguage":"de-DE","@id":"https:\/\/cjays.eu\/produkt\/zds-zinkspray-donker-500-ml\/#primaryimage","url":"https:\/\/cjays.eu\/wp-content\/uploads\/2022\/01\/ZDS-Spray-scaled.jpeg","contentUrl":"https:\/\/cjays.eu\/wp-content\/uploads\/2022\/01\/ZDS-Spray-scaled.jpeg","width":2560,"height":2560},{"@type":"BreadcrumbList","@id":"https:\/\/cjays.eu\/produkt\/zds-zinkspray-donker-500-ml\/#breadcrumb","itemListElement":[{"@type":"ListItem","position":1,"name":"Home","item":"https:\/\/cjays.eu\/"},{"@type":"ListItem","position":2,"name":"Winkel","item":"https:\/\/cjays.eu\/winkel\/"},{"@type":"ListItem","position":3,"name":"ZDS Zinkspray Dunkel \/ 500 ml"}]},{"@type":"WebSite","@id":"https:\/\/cjays.eu\/#website","url":"https:\/\/cjays.eu\/","name":"Cjays Lastechniek | Gebruikte Lasapparaten","description":"Gebruikte &amp; Nieuwe Lasapparaten &amp; Lasbenodigdheden","publisher":{"@id":"https:\/\/cjays.eu\/#organization"},"alternateName":"Cjays","potentialAction":[{"@type":"SearchAction","target":{"@type":"EntryPoint","urlTemplate":"https:\/\/cjays.eu\/?s={search_term_string}"},"query-input":{"@type":"PropertyValueSpecification","valueRequired":true,"valueName":"search_term_string"}}],"inLanguage":"de-DE"},{"@type":"Organization","@id":"https:\/\/cjays.eu\/#organization","name":"Cjays Lastechniek","alternateName":"Cjays","url":"https:\/\/cjays.eu\/","logo":{"@type":"ImageObject","inLanguage":"de-DE","@id":"https:\/\/cjays.eu\/#\/schema\/logo\/image\/","url":"https:\/\/cjays.eu\/wp-content\/uploads\/2022\/01\/logo-cjays-e1643484777484.png","contentUrl":"https:\/\/cjays.eu\/wp-content\/uploads\/2022\/01\/logo-cjays-e1643484777484.png","width":500,"height":198,"caption":"Cjays Lastechniek"},"image":{"@id":"https:\/\/cjays.eu\/#\/schema\/logo\/image\/"},"sameAs":["https:\/\/www.facebook.com\/cjayslastechniek.nl","https:\/\/www.instagram.com\/cjays.lastechniek\/","https:\/\/www.youtube.com\/@cjayslastechniek2812"]}]}},"_links":{"self":[{"href":"https:\/\/cjays.eu\/de\/wp-json\/wp\/v2\/product\/267982","targetHints":{"allow":["GET"]}}],"collection":[{"href":"https:\/\/cjays.eu\/de\/wp-json\/wp\/v2\/product"}],"about":[{"href":"https:\/\/cjays.eu\/de\/wp-json\/wp\/v2\/types\/product"}],"replies":[{"embeddable":true,"href":"https:\/\/cjays.eu\/de\/wp-json\/wp\/v2\/comments?post=267982"}],"wp:featuredmedia":[{"embeddable":true,"href":"https:\/\/cjays.eu\/de\/wp-json\/wp\/v2\/media\/267970"}],"wp:attachment":[{"href":"https:\/\/cjays.eu\/de\/wp-json\/wp\/v2\/media?parent=267982"}],"wp:term":[{"taxonomy":"product_brand","embeddable":true,"href":"https:\/\/cjays.eu\/de\/wp-json\/wp\/v2\/product_brand?post=267982"},{"taxonomy":"product_cat","embeddable":true,"href":"https:\/\/cjays.eu\/de\/wp-json\/wp\/v2\/product_cat?post=267982"},{"taxonomy":"product_tag","embeddable":true,"href":"https:\/\/cjays.eu\/de\/wp-json\/wp\/v2\/product_tag?post=267982"}],"curies":[{"name":"wp","href":"https:\/\/api.w.org\/{rel}","templated":true}]}}