{"id":266296,"date":"2024-06-21T11:49:09","date_gmt":"2024-06-21T09:49:09","guid":{"rendered":"https:\/\/cjays.eu\/product\/migatronic-centig-200-acdc\/"},"modified":"2025-10-22T16:42:52","modified_gmt":"2025-10-22T14:42:52","slug":"migatronic-centig-200-acdc","status":"publish","type":"product","link":"https:\/\/cjays.eu\/de\/product\/migatronic-centig-200-acdc\/","title":{"rendered":"Migatronic CenTIG 200 (AC)DC"},"content":{"rendered":"<p><iframe loading=\"lazy\" title=\"Migatronic CenTIG 200 Tig-REP-Tack in Action!\" width=\"563\" height=\"1000\" src=\"https:\/\/www.youtube.com\/embed\/lS7tbua1jlg?feature=oembed\" frameborder=\"0\" allow=\"accelerometer; autoplay; clipboard-write; encrypted-media; gyroscope; picture-in-picture; web-share\" referrerpolicy=\"strict-origin-when-cross-origin\" allowfullscreen><\/iframe><\/p>\n<h2 class=\"brxe-heading feature-9__heading\">Gro\u00dfartig f\u00fcr verschiedene Anwendungen:<\/h2>\n<p>Produktion<br \/>\nCenTIG steigert die Produktion durch kontinuierlichen Betrieb, vielseitiges Schwei\u00dfen f\u00fcr unterschiedliche Materialien und ein tragbares Design. Dies gew\u00e4hrleistet einen energieeffizienten, anpassungsf\u00e4higen und rationellen Arbeitsablauf.<\/p>\n<p>Reparatur<br \/>\nCenTIG 200 bietet eine verbesserte Reparatureffizienz durch kontinuierliches, leistungsstarkes Schwei\u00dfen f\u00fcr verschiedene Materialien. Seine Vielseitigkeit und sein einfacher Transport f\u00fcr Vor-Ort-Services garantieren pr\u00e4zise und hochwertige Reparaturen.<\/p>\n<p>Montage<br \/>\nCenTIG 200 steigert die Produktivit\u00e4t und Qualit\u00e4t der Montagelinie durch kontinuierliches, effizientes Schwei\u00dfen, Vielseitigkeit f\u00fcr mehrere Komponenten und ein tragbares Design, das die Montageprozesse rationalisiert.<\/p>\n<div id=\"brxe-xiylff\" class=\"brxe-block card-feature-9__content-wrap\">Wartung<br \/>\nCenTIG 200 rationalisiert das Schwei\u00dfen in der Instandhaltung durch sein kontinuierliches Schwei\u00dfen, seine Vielseitigkeit bei verschiedenen Materialien und seine leichte Transportierbarkeit f\u00fcr Reparaturen vor Ort, was die Effizienz und Zuverl\u00e4ssigkeit der Aufgabe erh\u00f6ht.<\/div>\n<div class=\"brxe-block card-feature-9__media-wrap\"><\/div>\n","protected":false},"excerpt":{"rendered":"<h1 id=\"brxe-nqaizd\" class=\"brxe-heading\">Leistungsf\u00e4higer und leichter als Sie erwarten w\u00fcrden<\/h1>\n<p id=\"brxe-haxoyz\" class=\"brxe-text-basic lede-text\">CenTIG ist eine neue Generation professioneller, einphasiger WIG-Schwei\u00dfger\u00e4te, die eine un\u00fcbertroffene Leistung bei 200 Ampere und 100 % Einschaltdauer bieten.<\/p>\n<p>CenTIG verk\u00f6rpert eine leistungsstarke Kombination aus Leistung, Mobilit\u00e4t und Vielseitigkeit und wurde f\u00fcr vielbesch\u00e4ftigte Profis entwickelt, die bei ihren Schwei\u00dfaufgaben Zuverl\u00e4ssigkeit, Flexibilit\u00e4t und Effizienz verlangen.<\/p>\n<h2 class=\"brxe-heading feature-container__feature-heading\">Schwei\u00dfen mit 200 Ampere ohne Unterbrechung<\/h2>\n<p class=\"brxe-text-basic feature-container__feature-text\">CenTIG ist auf Langlebigkeit ausgelegt und kann mit einer Einschaltdauer von 100 % ununterbrochen mit voller Leistung laufen, so dass keine Pausen zum Abk\u00fchlen oder zur Verringerung des Verschlei\u00dfes erforderlich sind.<\/p>\n<h2 class=\"brxe-heading feature-container__feature-heading\">Wiegt genauso viel wie Ihr Handgep\u00e4ck<\/h2>\n<p class=\"brxe-text-basic feature-container__feature-text\">CenTIG setzt einen neuen Standard f\u00fcr die Tragbarkeit beim WIG-Schwei\u00dfen und bietet das leichteste AC\/DC-Modell auf dem Markt mit 13,6 kg und eine bemerkenswert leichte DC-Version mit 13 kg. Beide sind f\u00fcr den einfachen Transport konzipiert und gew\u00e4hrleisten, dass erstklassiges Schwei\u00dfen immer verf\u00fcgbar ist.<\/p>\n<h2 class=\"brxe-heading feature-container__feature-heading\">Genau wie Sie es w\u00fcnschen<\/h2>\n<p class=\"brxe-text-basic feature-container__feature-text\">CenTIG ist vielseitig und eignet sich f\u00fcr alles, von Reparaturen bis hin zu t\u00e4glichen Produktionsaufgaben. W\u00e4hlen Sie zwischen DC- oder AC\/DC-Modellen, die jeweils mit Impulsfunktion und Luft- oder Wasserk\u00fchlung erh\u00e4ltlich sind. Au\u00dferdem ist er mit allen wichtigen Funktionen ausgestattet. Passen Sie ihn perfekt an Ihre Bed\u00fcrfnisse an.<\/p>\n<p>F\u00fcr mehr Information: <a href=\"https:\/\/centig.migatronic.com\/de\/\">https:\/\/centig.migatronic.com\/de\/<\/a><\/p>\n","protected":false},"featured_media":266277,"comment_status":"closed","ping_status":"closed","template":"","meta":[],"product_brand":[],"product_cat":[489,144,487,4122,134,484,135],"product_tag":[],"class_list":{"0":"post-266296","1":"product","2":"type-product","3":"status-publish","4":"has-post-thumbnail","6":"product_cat-ac-dc-de","7":"product_cat-alle-produkte","8":"product_cat-dc-de","9":"product_cat-migatronic-de","10":"product_cat-neue-schweisgerate","11":"product_cat-wassergekuhlt","12":"product_cat-wig-schweisgerate-de","14":"first","15":"instock","16":"sale","17":"taxable","18":"shipping-taxable","19":"purchasable","20":"product-type-variable"},"yoast_head":"<!-- This site is optimized with the Yoast SEO plugin v27.5 - https:\/\/yoast.com\/product\/yoast-seo-wordpress\/ -->\n<title>Migatronic CenTIG 200 (AC)DC - Cjays Lastechniek | Gebruikte Lasapparaten<\/title>\n<meta name=\"description\" content=\"Migatronic CenTIG 200 (AC)DC %%excerpt\" \/>\n<meta name=\"robots\" content=\"index, follow, max-snippet:-1, max-image-preview:large, max-video-preview:-1\" \/>\n<link rel=\"canonical\" href=\"https:\/\/cjays.eu\/de\/product\/migatronic-centig-200-acdc\/\" \/>\n<meta property=\"og:locale\" content=\"de_DE\" \/>\n<meta property=\"og:type\" content=\"article\" \/>\n<meta property=\"og:title\" content=\"Migatronic CenTIG 200 (AC)DC - Cjays Lastechniek | Gebruikte Lasapparaten\" \/>\n<meta property=\"og:description\" content=\"Migatronic CenTIG 200 (AC)DC %%excerpt\" \/>\n<meta property=\"og:url\" content=\"https:\/\/cjays.eu\/de\/product\/migatronic-centig-200-acdc\/\" \/>\n<meta property=\"og:site_name\" content=\"Cjays Lastechniek | Gebruikte Lasapparaten\" \/>\n<meta property=\"article:publisher\" content=\"https:\/\/www.facebook.com\/cjayslastechniek.nl\" \/>\n<meta property=\"article:modified_time\" content=\"2025-10-22T14:42:52+00:00\" \/>\n<meta property=\"og:image\" content=\"https:\/\/cjays.eu\/wp-content\/uploads\/2024\/06\/CenTIG200_ACDC.png\" \/>\n\t<meta property=\"og:image:width\" content=\"800\" \/>\n\t<meta property=\"og:image:height\" content=\"800\" \/>\n\t<meta property=\"og:image:type\" content=\"image\/png\" \/>\n<meta name=\"twitter:card\" content=\"summary_large_image\" \/>\n<meta name=\"twitter:label1\" content=\"Gesch\u00e4tzte Lesezeit\" \/>\n\t<meta name=\"twitter:data1\" content=\"1 minute\" \/>\n<script type=\"application\/ld+json\" class=\"yoast-schema-graph\">{\"@context\":\"https:\\\/\\\/schema.org\",\"@graph\":[{\"@type\":\"WebPage\",\"@id\":\"https:\\\/\\\/cjays.eu\\\/de\\\/product\\\/migatronic-centig-200-acdc\\\/\",\"url\":\"https:\\\/\\\/cjays.eu\\\/de\\\/product\\\/migatronic-centig-200-acdc\\\/\",\"name\":\"Migatronic CenTIG 200 (AC)DC - Cjays Lastechniek | Gebruikte Lasapparaten\",\"isPartOf\":{\"@id\":\"https:\\\/\\\/cjays.eu\\\/de\\\/#website\"},\"primaryImageOfPage\":{\"@id\":\"https:\\\/\\\/cjays.eu\\\/de\\\/product\\\/migatronic-centig-200-acdc\\\/#primaryimage\"},\"image\":{\"@id\":\"https:\\\/\\\/cjays.eu\\\/de\\\/product\\\/migatronic-centig-200-acdc\\\/#primaryimage\"},\"thumbnailUrl\":\"https:\\\/\\\/cjays.eu\\\/wp-content\\\/uploads\\\/2024\\\/06\\\/CenTIG200_ACDC.png\",\"datePublished\":\"2024-06-21T09:49:09+00:00\",\"dateModified\":\"2025-10-22T14:42:52+00:00\",\"description\":\"Migatronic CenTIG 200 (AC)DC %%excerpt\",\"breadcrumb\":{\"@id\":\"https:\\\/\\\/cjays.eu\\\/de\\\/product\\\/migatronic-centig-200-acdc\\\/#breadcrumb\"},\"inLanguage\":\"de-DE\",\"potentialAction\":[{\"@type\":\"ReadAction\",\"target\":[\"https:\\\/\\\/cjays.eu\\\/de\\\/product\\\/migatronic-centig-200-acdc\\\/\"]}]},{\"@type\":\"ImageObject\",\"inLanguage\":\"de-DE\",\"@id\":\"https:\\\/\\\/cjays.eu\\\/de\\\/product\\\/migatronic-centig-200-acdc\\\/#primaryimage\",\"url\":\"https:\\\/\\\/cjays.eu\\\/wp-content\\\/uploads\\\/2024\\\/06\\\/CenTIG200_ACDC.png\",\"contentUrl\":\"https:\\\/\\\/cjays.eu\\\/wp-content\\\/uploads\\\/2024\\\/06\\\/CenTIG200_ACDC.png\",\"width\":800,\"height\":800},{\"@type\":\"BreadcrumbList\",\"@id\":\"https:\\\/\\\/cjays.eu\\\/de\\\/product\\\/migatronic-centig-200-acdc\\\/#breadcrumb\",\"itemListElement\":[{\"@type\":\"ListItem\",\"position\":1,\"name\":\"Home\",\"item\":\"https:\\\/\\\/cjays.eu\\\/de\\\/\"},{\"@type\":\"ListItem\",\"position\":2,\"name\":\"Shop\",\"item\":\"https:\\\/\\\/cjays.eu\\\/de\\\/winkel\\\/\"},{\"@type\":\"ListItem\",\"position\":3,\"name\":\"Migatronic CenTIG 200 (AC)DC\"}]},{\"@type\":\"WebSite\",\"@id\":\"https:\\\/\\\/cjays.eu\\\/de\\\/#website\",\"url\":\"https:\\\/\\\/cjays.eu\\\/de\\\/\",\"name\":\"Cjays Lastechniek | Gebruikte Lasapparaten\",\"description\":\"Gebruikte &amp; Nieuwe Lasapparaten &amp; Lasbenodigdheden\",\"publisher\":{\"@id\":\"https:\\\/\\\/cjays.eu\\\/de\\\/#organization\"},\"alternateName\":\"Cjays\",\"potentialAction\":[{\"@type\":\"SearchAction\",\"target\":{\"@type\":\"EntryPoint\",\"urlTemplate\":\"https:\\\/\\\/cjays.eu\\\/de\\\/?s={search_term_string}\"},\"query-input\":{\"@type\":\"PropertyValueSpecification\",\"valueRequired\":true,\"valueName\":\"search_term_string\"}}],\"inLanguage\":\"de-DE\"},{\"@type\":\"Organization\",\"@id\":\"https:\\\/\\\/cjays.eu\\\/de\\\/#organization\",\"name\":\"Cjays Lastechniek\",\"alternateName\":\"Cjays\",\"url\":\"https:\\\/\\\/cjays.eu\\\/de\\\/\",\"logo\":{\"@type\":\"ImageObject\",\"inLanguage\":\"de-DE\",\"@id\":\"https:\\\/\\\/cjays.eu\\\/de\\\/#\\\/schema\\\/logo\\\/image\\\/\",\"url\":\"https:\\\/\\\/cjays.eu\\\/wp-content\\\/uploads\\\/2022\\\/01\\\/logo-cjays-e1643484777484.png\",\"contentUrl\":\"https:\\\/\\\/cjays.eu\\\/wp-content\\\/uploads\\\/2022\\\/01\\\/logo-cjays-e1643484777484.png\",\"width\":500,\"height\":198,\"caption\":\"Cjays Lastechniek\"},\"image\":{\"@id\":\"https:\\\/\\\/cjays.eu\\\/de\\\/#\\\/schema\\\/logo\\\/image\\\/\"},\"sameAs\":[\"https:\\\/\\\/www.facebook.com\\\/cjayslastechniek.nl\",\"https:\\\/\\\/www.instagram.com\\\/cjays.lastechniek\\\/\",\"https:\\\/\\\/www.youtube.com\\\/@cjayslastechniek2812\"]}]}<\/script>\n<!-- \/ Yoast SEO plugin. -->","yoast_head_json":{"title":"Migatronic CenTIG 200 (AC)DC - Cjays Lastechniek | Gebruikte Lasapparaten","description":"Migatronic CenTIG 200 (AC)DC %%excerpt","robots":{"index":"index","follow":"follow","max-snippet":"max-snippet:-1","max-image-preview":"max-image-preview:large","max-video-preview":"max-video-preview:-1"},"canonical":"https:\/\/cjays.eu\/de\/product\/migatronic-centig-200-acdc\/","og_locale":"de_DE","og_type":"article","og_title":"Migatronic CenTIG 200 (AC)DC - Cjays Lastechniek | Gebruikte Lasapparaten","og_description":"Migatronic CenTIG 200 (AC)DC %%excerpt","og_url":"https:\/\/cjays.eu\/de\/product\/migatronic-centig-200-acdc\/","og_site_name":"Cjays Lastechniek | Gebruikte Lasapparaten","article_publisher":"https:\/\/www.facebook.com\/cjayslastechniek.nl","article_modified_time":"2025-10-22T14:42:52+00:00","og_image":[{"width":800,"height":800,"url":"https:\/\/cjays.eu\/wp-content\/uploads\/2024\/06\/CenTIG200_ACDC.png","type":"image\/png"}],"twitter_card":"summary_large_image","twitter_misc":{"Gesch\u00e4tzte Lesezeit":"1 minute"},"schema":{"@context":"https:\/\/schema.org","@graph":[{"@type":"WebPage","@id":"https:\/\/cjays.eu\/de\/product\/migatronic-centig-200-acdc\/","url":"https:\/\/cjays.eu\/de\/product\/migatronic-centig-200-acdc\/","name":"Migatronic CenTIG 200 (AC)DC - Cjays Lastechniek | Gebruikte Lasapparaten","isPartOf":{"@id":"https:\/\/cjays.eu\/de\/#website"},"primaryImageOfPage":{"@id":"https:\/\/cjays.eu\/de\/product\/migatronic-centig-200-acdc\/#primaryimage"},"image":{"@id":"https:\/\/cjays.eu\/de\/product\/migatronic-centig-200-acdc\/#primaryimage"},"thumbnailUrl":"https:\/\/cjays.eu\/wp-content\/uploads\/2024\/06\/CenTIG200_ACDC.png","datePublished":"2024-06-21T09:49:09+00:00","dateModified":"2025-10-22T14:42:52+00:00","description":"Migatronic CenTIG 200 (AC)DC %%excerpt","breadcrumb":{"@id":"https:\/\/cjays.eu\/de\/product\/migatronic-centig-200-acdc\/#breadcrumb"},"inLanguage":"de-DE","potentialAction":[{"@type":"ReadAction","target":["https:\/\/cjays.eu\/de\/product\/migatronic-centig-200-acdc\/"]}]},{"@type":"ImageObject","inLanguage":"de-DE","@id":"https:\/\/cjays.eu\/de\/product\/migatronic-centig-200-acdc\/#primaryimage","url":"https:\/\/cjays.eu\/wp-content\/uploads\/2024\/06\/CenTIG200_ACDC.png","contentUrl":"https:\/\/cjays.eu\/wp-content\/uploads\/2024\/06\/CenTIG200_ACDC.png","width":800,"height":800},{"@type":"BreadcrumbList","@id":"https:\/\/cjays.eu\/de\/product\/migatronic-centig-200-acdc\/#breadcrumb","itemListElement":[{"@type":"ListItem","position":1,"name":"Home","item":"https:\/\/cjays.eu\/de\/"},{"@type":"ListItem","position":2,"name":"Shop","item":"https:\/\/cjays.eu\/de\/winkel\/"},{"@type":"ListItem","position":3,"name":"Migatronic CenTIG 200 (AC)DC"}]},{"@type":"WebSite","@id":"https:\/\/cjays.eu\/de\/#website","url":"https:\/\/cjays.eu\/de\/","name":"Cjays Lastechniek | Gebruikte Lasapparaten","description":"Gebruikte &amp; Nieuwe Lasapparaten &amp; Lasbenodigdheden","publisher":{"@id":"https:\/\/cjays.eu\/de\/#organization"},"alternateName":"Cjays","potentialAction":[{"@type":"SearchAction","target":{"@type":"EntryPoint","urlTemplate":"https:\/\/cjays.eu\/de\/?s={search_term_string}"},"query-input":{"@type":"PropertyValueSpecification","valueRequired":true,"valueName":"search_term_string"}}],"inLanguage":"de-DE"},{"@type":"Organization","@id":"https:\/\/cjays.eu\/de\/#organization","name":"Cjays Lastechniek","alternateName":"Cjays","url":"https:\/\/cjays.eu\/de\/","logo":{"@type":"ImageObject","inLanguage":"de-DE","@id":"https:\/\/cjays.eu\/de\/#\/schema\/logo\/image\/","url":"https:\/\/cjays.eu\/wp-content\/uploads\/2022\/01\/logo-cjays-e1643484777484.png","contentUrl":"https:\/\/cjays.eu\/wp-content\/uploads\/2022\/01\/logo-cjays-e1643484777484.png","width":500,"height":198,"caption":"Cjays Lastechniek"},"image":{"@id":"https:\/\/cjays.eu\/de\/#\/schema\/logo\/image\/"},"sameAs":["https:\/\/www.facebook.com\/cjayslastechniek.nl","https:\/\/www.instagram.com\/cjays.lastechniek\/","https:\/\/www.youtube.com\/@cjayslastechniek2812"]}]}},"_links":{"self":[{"href":"https:\/\/cjays.eu\/de\/wp-json\/wp\/v2\/product\/266296","targetHints":{"allow":["GET"]}}],"collection":[{"href":"https:\/\/cjays.eu\/de\/wp-json\/wp\/v2\/product"}],"about":[{"href":"https:\/\/cjays.eu\/de\/wp-json\/wp\/v2\/types\/product"}],"replies":[{"embeddable":true,"href":"https:\/\/cjays.eu\/de\/wp-json\/wp\/v2\/comments?post=266296"}],"wp:featuredmedia":[{"embeddable":true,"href":"https:\/\/cjays.eu\/de\/wp-json\/wp\/v2\/media\/266277"}],"wp:attachment":[{"href":"https:\/\/cjays.eu\/de\/wp-json\/wp\/v2\/media?parent=266296"}],"wp:term":[{"taxonomy":"product_brand","embeddable":true,"href":"https:\/\/cjays.eu\/de\/wp-json\/wp\/v2\/product_brand?post=266296"},{"taxonomy":"product_cat","embeddable":true,"href":"https:\/\/cjays.eu\/de\/wp-json\/wp\/v2\/product_cat?post=266296"},{"taxonomy":"product_tag","embeddable":true,"href":"https:\/\/cjays.eu\/de\/wp-json\/wp\/v2\/product_tag?post=266296"}],"curies":[{"name":"wp","href":"https:\/\/api.w.org\/{rel}","templated":true}]}}