{"id":263529,"date":"2024-02-16T16:08:58","date_gmt":"2024-02-16T15:08:58","guid":{"rendered":"https:\/\/cjays.eu\/product\/parweld-xtm-211di-actie-pakket\/"},"modified":"2025-01-02T11:13:32","modified_gmt":"2025-01-02T10:13:32","slug":"parweld-xtm-211di-mig-wig-acdc","status":"publish","type":"product","link":"https:\/\/cjays.eu\/de\/produkt\/parweld-xtm-211di-mig-wig-acdc\/","title":{"rendered":"Parweld XTM 211Di Mig Wig ACDC"},"content":{"rendered":"<p><iframe loading=\"lazy\" title=\"XTM 211Di 4 in 1 Multi-Process Inverter Welder from Parweld\" width=\"1220\" height=\"686\" src=\"https:\/\/www.youtube.com\/embed\/HsEqUwAn9Pc?start=4&#038;feature=oembed\" frameborder=\"0\" allow=\"accelerometer; autoplay; clipboard-write; encrypted-media; gyroscope; picture-in-picture; web-share\" referrerpolicy=\"strict-origin-when-cross-origin\" allowfullscreen><\/iframe><\/p>\n<h4><strong>Parweld XTM 211Di 4-in-1<\/strong><\/h4>\n<h4><strong>Ein erschwingliches Schwei\u00dfger\u00e4t f\u00fcr ALLE Schwei\u00dfarbeiten.<\/strong><\/h4>\n<h4><strong>Der XTM 211 Di ist exklusiv bei ausgew\u00e4hlten STAR-H\u00e4ndlern erh\u00e4ltlich.<\/strong><\/h4>\n<p>Ein Multitalent.<br \/>\nBesser k\u00f6nnen wir den Parweld XTM211Di nicht beschreiben.<br \/>\nEin Ger\u00e4t, mit dem Sie schwei\u00dfen k\u00f6nnen: MMA AC\/DC, MIG, TIG AC\/DC mit Lift TIG und HF ist m\u00f6glich.<\/p>\n<p>Durch einmaliges Dr\u00fccken der Brennertaste k\u00f6nnen Sie zwischen MIG- und WIG-Schwei\u00dfen umschalten und dank der Speicherfunktion stehen Ihnen 9 Speicherkan\u00e4le f\u00fcr Ihre Schwei\u00dfprogramme zur Verf\u00fcgung.<br \/>\nDie niederl\u00e4ndischsprachige Benutzeroberfl\u00e4che sorgt daf\u00fcr, dass Sie das Schwei\u00dfger\u00e4t mit einem Minimum an Prozesswissen schnell und einfach einrichten k\u00f6nnen.<\/p>\n<p>Was k\u00f6nnen Sie von der XTM 211 Di erwarten?<\/p>\n<p>MMA AC\/DC, MIG, TIG AC\/DC mit Lift Tig und HF<br \/>\nDuo-Spannung 1 x 110\/240V (intelligente Umschaltung)<br \/>\nGeeignet f\u00fcr 5kg (200mm) und 15kg (300mm) Rollen von MIG-Schwei\u00dfdraht<br \/>\nIdeal zum Schwei\u00dfen von Stahl, rostfreiem Stahl und Aluminium<br \/>\nUmschalten zwischen MIG- und WIG-Schwei\u00dfen mit einem Druck auf den Brennerschalter.<br \/>\nDie Maschine schaltet die Polarit\u00e4t automatisch um.<br \/>\nEs ist nicht notwendig, die Anschl\u00fcsse an der Vorderseite der Maschine zu \u00e4ndern.<\/p>\n<p>Die Maschine verf\u00fcgt \u00fcber 2 Anschlussstellen f\u00fcr Gasflaschen.<br \/>\nSo m\u00fcssen Sie beim MIG- oder WIG-Schwei\u00dfen das Gas nicht wechseln.<\/p>\n<p>Gro\u00dfer, hochwertiger Farbbildschirm mit leicht verst\u00e4ndlicher digitaler Schnittstelle in mehreren Sprachen (u. a. Niederl\u00e4ndisch, Franz\u00f6sisch, Englisch und Schwedisch).<br \/>\nSpeicherfunktion: 9 Kan\u00e4le zum Speichern von Schwei\u00dfprogrammen<br \/>\nThermisch gesteuerter Ventilator<br \/>\nBluetooth-Funktion<br \/>\nMIG-Schwei\u00dfen ab 0,9 mm Materialst\u00e4rke<br \/>\nPulse TIG-Funktion f\u00fcr hervorragende Lichtbogenkontrolle<br \/>\nM\u00f6glichkeit eines MIG-Schwei\u00dfbrenners mit Fernsteuerung zur Kontrolle der Parameter direkt vom Brenner aus (mit oder ohne Display).<\/p>\n","protected":false},"excerpt":{"rendered":"<p><strong>Parweld XTM 211Di<\/strong><\/p>\n<p>Inklusive:<\/p>\n<p>Parweld XTM 211Di<br \/>\nSB250 4 Meter Mig Brenner<br \/>\nPRO26 8 Meter Tig Brenner<br \/>\n3 Meter Massekabel<br \/>\nElektrodekabel<br \/>\n2x Gasleitung<br \/>\nHandbuch<br \/>\nErzatsteilen<\/p>\n","protected":false},"featured_media":271919,"comment_status":"closed","ping_status":"closed","template":"","meta":[],"product_brand":[],"product_cat":[489,144,487,470,467,134,4117,135,475],"product_tag":[],"class_list":{"0":"post-263529","1":"product","2":"type-product","3":"status-publish","4":"has-post-thumbnail","6":"product_cat-ac-dc-de","7":"product_cat-alle-produkte","8":"product_cat-dc-de","9":"product_cat-kompakt","10":"product_cat-mig-schweisgerate-neu","11":"product_cat-neue-schweisgerate","12":"product_cat-parweld-2-de","13":"product_cat-tig-schweisgerate-de","14":"product_cat-tragbar","15":"product_shipping_class-150-kg-de","17":"first","18":"onbackorder","19":"taxable","20":"shipping-taxable","21":"purchasable","22":"product-type-simple"},"yoast_head":"<!-- This site is optimized with the Yoast SEO plugin v27.4 - https:\/\/yoast.com\/product\/yoast-seo-wordpress\/ -->\n<title>Parweld XTM 211Di Mig Wig ACDC - Cjays Lastechniek | Gebruikte Lasapparaten<\/title>\n<meta name=\"description\" content=\"Parweld XTM 211Di Mig Wig ACDC Parweld XTM 211Di SB250 4 Meter Mig Brenner PRO26 4 Meter Tig Brenner 3 Meter Massekabel Elektrodekabel 2x Gasleitung Handbuch\" \/>\n<meta name=\"robots\" content=\"index, follow, max-snippet:-1, max-image-preview:large, max-video-preview:-1\" \/>\n<link rel=\"canonical\" href=\"https:\/\/cjays.eu\/produkt\/parweld-xtm-211di-mig-tig-acdc\/\" \/>\n<meta property=\"og:locale\" content=\"de_DE\" \/>\n<meta property=\"og:type\" content=\"article\" \/>\n<meta property=\"og:title\" content=\"Parweld XTM 211Di Mig Wig ACDC - Cjays Lastechniek | Gebruikte Lasapparaten\" \/>\n<meta property=\"og:description\" content=\"Parweld XTM 211Di Mig Wig ACDC Parweld XTM 211Di SB250 4 Meter Mig Brenner PRO26 4 Meter Tig Brenner 3 Meter Massekabel Elektrodekabel 2x Gasleitung Handbuch\" \/>\n<meta property=\"og:url\" content=\"https:\/\/cjays.eu\/produkt\/parweld-xtm-211di-mig-tig-acdc\/\" \/>\n<meta property=\"og:site_name\" content=\"Cjays Lastechniek | Gebruikte Lasapparaten\" \/>\n<meta property=\"article:publisher\" content=\"https:\/\/www.facebook.com\/cjayslastechniek.nl\" \/>\n<meta property=\"article:modified_time\" content=\"2025-01-02T10:13:32+00:00\" \/>\n<meta property=\"og:image\" content=\"https:\/\/cjays.eu\/wp-content\/uploads\/2024\/02\/Parweld-XTM211DI-Cjays-scaled.jpg\" \/>\n\t<meta property=\"og:image:width\" content=\"1920\" \/>\n\t<meta property=\"og:image:height\" content=\"2560\" \/>\n\t<meta property=\"og:image:type\" content=\"image\/jpeg\" \/>\n<meta name=\"twitter:card\" content=\"summary_large_image\" \/>\n<meta name=\"twitter:label1\" content=\"Gesch\u00e4tzte Lesezeit\" \/>\n\t<meta name=\"twitter:data1\" content=\"2 minutes\" \/>\n<script type=\"application\/ld+json\" class=\"yoast-schema-graph\">{\"@context\":\"https:\\\/\\\/schema.org\",\"@graph\":[{\"@type\":\"WebPage\",\"@id\":\"https:\\\/\\\/cjays.eu\\\/produkt\\\/parweld-xtm-211di-mig-tig-acdc\\\/\",\"url\":\"https:\\\/\\\/cjays.eu\\\/produkt\\\/parweld-xtm-211di-mig-tig-acdc\\\/\",\"name\":\"Parweld XTM 211Di Mig Wig ACDC - Cjays Lastechniek | Gebruikte Lasapparaten\",\"isPartOf\":{\"@id\":\"https:\\\/\\\/cjays.eu\\\/#website\"},\"primaryImageOfPage\":{\"@id\":\"https:\\\/\\\/cjays.eu\\\/produkt\\\/parweld-xtm-211di-mig-tig-acdc\\\/#primaryimage\"},\"image\":{\"@id\":\"https:\\\/\\\/cjays.eu\\\/produkt\\\/parweld-xtm-211di-mig-tig-acdc\\\/#primaryimage\"},\"thumbnailUrl\":\"https:\\\/\\\/cjays.eu\\\/wp-content\\\/uploads\\\/2024\\\/02\\\/Parweld-XTM211DI-Cjays-scaled.jpg\",\"datePublished\":\"2024-02-16T15:08:58+00:00\",\"dateModified\":\"2025-01-02T10:13:32+00:00\",\"description\":\"Parweld XTM 211Di Mig Wig ACDC Parweld XTM 211Di SB250 4 Meter Mig Brenner PRO26 4 Meter Tig Brenner 3 Meter Massekabel Elektrodekabel 2x Gasleitung Handbuch\",\"breadcrumb\":{\"@id\":\"https:\\\/\\\/cjays.eu\\\/produkt\\\/parweld-xtm-211di-mig-tig-acdc\\\/#breadcrumb\"},\"inLanguage\":\"de-DE\",\"potentialAction\":[{\"@type\":\"ReadAction\",\"target\":[\"https:\\\/\\\/cjays.eu\\\/produkt\\\/parweld-xtm-211di-mig-tig-acdc\\\/\"]}]},{\"@type\":\"ImageObject\",\"inLanguage\":\"de-DE\",\"@id\":\"https:\\\/\\\/cjays.eu\\\/produkt\\\/parweld-xtm-211di-mig-tig-acdc\\\/#primaryimage\",\"url\":\"https:\\\/\\\/cjays.eu\\\/wp-content\\\/uploads\\\/2024\\\/02\\\/Parweld-XTM211DI-Cjays-scaled.jpg\",\"contentUrl\":\"https:\\\/\\\/cjays.eu\\\/wp-content\\\/uploads\\\/2024\\\/02\\\/Parweld-XTM211DI-Cjays-scaled.jpg\",\"width\":1920,\"height\":2560},{\"@type\":\"BreadcrumbList\",\"@id\":\"https:\\\/\\\/cjays.eu\\\/produkt\\\/parweld-xtm-211di-mig-tig-acdc\\\/#breadcrumb\",\"itemListElement\":[{\"@type\":\"ListItem\",\"position\":1,\"name\":\"Home\",\"item\":\"https:\\\/\\\/cjays.eu\\\/\"},{\"@type\":\"ListItem\",\"position\":2,\"name\":\"Winkel\",\"item\":\"https:\\\/\\\/cjays.eu\\\/winkel\\\/\"},{\"@type\":\"ListItem\",\"position\":3,\"name\":\"Parweld XTM 211Di Mig Wig ACDC\"}]},{\"@type\":\"WebSite\",\"@id\":\"https:\\\/\\\/cjays.eu\\\/#website\",\"url\":\"https:\\\/\\\/cjays.eu\\\/\",\"name\":\"Cjays Lastechniek | Gebruikte Lasapparaten\",\"description\":\"Gebruikte &amp; Nieuwe Lasapparaten &amp; Lasbenodigdheden\",\"publisher\":{\"@id\":\"https:\\\/\\\/cjays.eu\\\/#organization\"},\"alternateName\":\"Cjays\",\"potentialAction\":[{\"@type\":\"SearchAction\",\"target\":{\"@type\":\"EntryPoint\",\"urlTemplate\":\"https:\\\/\\\/cjays.eu\\\/?s={search_term_string}\"},\"query-input\":{\"@type\":\"PropertyValueSpecification\",\"valueRequired\":true,\"valueName\":\"search_term_string\"}}],\"inLanguage\":\"de-DE\"},{\"@type\":\"Organization\",\"@id\":\"https:\\\/\\\/cjays.eu\\\/#organization\",\"name\":\"Cjays Lastechniek\",\"alternateName\":\"Cjays\",\"url\":\"https:\\\/\\\/cjays.eu\\\/\",\"logo\":{\"@type\":\"ImageObject\",\"inLanguage\":\"de-DE\",\"@id\":\"https:\\\/\\\/cjays.eu\\\/#\\\/schema\\\/logo\\\/image\\\/\",\"url\":\"https:\\\/\\\/cjays.eu\\\/wp-content\\\/uploads\\\/2022\\\/01\\\/logo-cjays-e1643484777484.png\",\"contentUrl\":\"https:\\\/\\\/cjays.eu\\\/wp-content\\\/uploads\\\/2022\\\/01\\\/logo-cjays-e1643484777484.png\",\"width\":500,\"height\":198,\"caption\":\"Cjays Lastechniek\"},\"image\":{\"@id\":\"https:\\\/\\\/cjays.eu\\\/#\\\/schema\\\/logo\\\/image\\\/\"},\"sameAs\":[\"https:\\\/\\\/www.facebook.com\\\/cjayslastechniek.nl\",\"https:\\\/\\\/www.instagram.com\\\/cjays.lastechniek\\\/\",\"https:\\\/\\\/www.youtube.com\\\/@cjayslastechniek2812\"]}]}<\/script>\n<!-- \/ Yoast SEO plugin. -->","yoast_head_json":{"title":"Parweld XTM 211Di Mig Wig ACDC - Cjays Lastechniek | Gebruikte Lasapparaten","description":"Parweld XTM 211Di Mig Wig ACDC Parweld XTM 211Di SB250 4 Meter Mig Brenner PRO26 4 Meter Tig Brenner 3 Meter Massekabel Elektrodekabel 2x Gasleitung Handbuch","robots":{"index":"index","follow":"follow","max-snippet":"max-snippet:-1","max-image-preview":"max-image-preview:large","max-video-preview":"max-video-preview:-1"},"canonical":"https:\/\/cjays.eu\/produkt\/parweld-xtm-211di-mig-tig-acdc\/","og_locale":"de_DE","og_type":"article","og_title":"Parweld XTM 211Di Mig Wig ACDC - Cjays Lastechniek | Gebruikte Lasapparaten","og_description":"Parweld XTM 211Di Mig Wig ACDC Parweld XTM 211Di SB250 4 Meter Mig Brenner PRO26 4 Meter Tig Brenner 3 Meter Massekabel Elektrodekabel 2x Gasleitung Handbuch","og_url":"https:\/\/cjays.eu\/produkt\/parweld-xtm-211di-mig-tig-acdc\/","og_site_name":"Cjays Lastechniek | Gebruikte Lasapparaten","article_publisher":"https:\/\/www.facebook.com\/cjayslastechniek.nl","article_modified_time":"2025-01-02T10:13:32+00:00","og_image":[{"width":1920,"height":2560,"url":"https:\/\/cjays.eu\/wp-content\/uploads\/2024\/02\/Parweld-XTM211DI-Cjays-scaled.jpg","type":"image\/jpeg"}],"twitter_card":"summary_large_image","twitter_misc":{"Gesch\u00e4tzte Lesezeit":"2 minutes"},"schema":{"@context":"https:\/\/schema.org","@graph":[{"@type":"WebPage","@id":"https:\/\/cjays.eu\/produkt\/parweld-xtm-211di-mig-tig-acdc\/","url":"https:\/\/cjays.eu\/produkt\/parweld-xtm-211di-mig-tig-acdc\/","name":"Parweld XTM 211Di Mig Wig ACDC - Cjays Lastechniek | Gebruikte Lasapparaten","isPartOf":{"@id":"https:\/\/cjays.eu\/#website"},"primaryImageOfPage":{"@id":"https:\/\/cjays.eu\/produkt\/parweld-xtm-211di-mig-tig-acdc\/#primaryimage"},"image":{"@id":"https:\/\/cjays.eu\/produkt\/parweld-xtm-211di-mig-tig-acdc\/#primaryimage"},"thumbnailUrl":"https:\/\/cjays.eu\/wp-content\/uploads\/2024\/02\/Parweld-XTM211DI-Cjays-scaled.jpg","datePublished":"2024-02-16T15:08:58+00:00","dateModified":"2025-01-02T10:13:32+00:00","description":"Parweld XTM 211Di Mig Wig ACDC Parweld XTM 211Di SB250 4 Meter Mig Brenner PRO26 4 Meter Tig Brenner 3 Meter Massekabel Elektrodekabel 2x Gasleitung Handbuch","breadcrumb":{"@id":"https:\/\/cjays.eu\/produkt\/parweld-xtm-211di-mig-tig-acdc\/#breadcrumb"},"inLanguage":"de-DE","potentialAction":[{"@type":"ReadAction","target":["https:\/\/cjays.eu\/produkt\/parweld-xtm-211di-mig-tig-acdc\/"]}]},{"@type":"ImageObject","inLanguage":"de-DE","@id":"https:\/\/cjays.eu\/produkt\/parweld-xtm-211di-mig-tig-acdc\/#primaryimage","url":"https:\/\/cjays.eu\/wp-content\/uploads\/2024\/02\/Parweld-XTM211DI-Cjays-scaled.jpg","contentUrl":"https:\/\/cjays.eu\/wp-content\/uploads\/2024\/02\/Parweld-XTM211DI-Cjays-scaled.jpg","width":1920,"height":2560},{"@type":"BreadcrumbList","@id":"https:\/\/cjays.eu\/produkt\/parweld-xtm-211di-mig-tig-acdc\/#breadcrumb","itemListElement":[{"@type":"ListItem","position":1,"name":"Home","item":"https:\/\/cjays.eu\/"},{"@type":"ListItem","position":2,"name":"Winkel","item":"https:\/\/cjays.eu\/winkel\/"},{"@type":"ListItem","position":3,"name":"Parweld XTM 211Di Mig Wig ACDC"}]},{"@type":"WebSite","@id":"https:\/\/cjays.eu\/#website","url":"https:\/\/cjays.eu\/","name":"Cjays Lastechniek | Gebruikte Lasapparaten","description":"Gebruikte &amp; Nieuwe Lasapparaten &amp; Lasbenodigdheden","publisher":{"@id":"https:\/\/cjays.eu\/#organization"},"alternateName":"Cjays","potentialAction":[{"@type":"SearchAction","target":{"@type":"EntryPoint","urlTemplate":"https:\/\/cjays.eu\/?s={search_term_string}"},"query-input":{"@type":"PropertyValueSpecification","valueRequired":true,"valueName":"search_term_string"}}],"inLanguage":"de-DE"},{"@type":"Organization","@id":"https:\/\/cjays.eu\/#organization","name":"Cjays Lastechniek","alternateName":"Cjays","url":"https:\/\/cjays.eu\/","logo":{"@type":"ImageObject","inLanguage":"de-DE","@id":"https:\/\/cjays.eu\/#\/schema\/logo\/image\/","url":"https:\/\/cjays.eu\/wp-content\/uploads\/2022\/01\/logo-cjays-e1643484777484.png","contentUrl":"https:\/\/cjays.eu\/wp-content\/uploads\/2022\/01\/logo-cjays-e1643484777484.png","width":500,"height":198,"caption":"Cjays Lastechniek"},"image":{"@id":"https:\/\/cjays.eu\/#\/schema\/logo\/image\/"},"sameAs":["https:\/\/www.facebook.com\/cjayslastechniek.nl","https:\/\/www.instagram.com\/cjays.lastechniek\/","https:\/\/www.youtube.com\/@cjayslastechniek2812"]}]}},"_links":{"self":[{"href":"https:\/\/cjays.eu\/de\/wp-json\/wp\/v2\/product\/263529","targetHints":{"allow":["GET"]}}],"collection":[{"href":"https:\/\/cjays.eu\/de\/wp-json\/wp\/v2\/product"}],"about":[{"href":"https:\/\/cjays.eu\/de\/wp-json\/wp\/v2\/types\/product"}],"replies":[{"embeddable":true,"href":"https:\/\/cjays.eu\/de\/wp-json\/wp\/v2\/comments?post=263529"}],"wp:featuredmedia":[{"embeddable":true,"href":"https:\/\/cjays.eu\/de\/wp-json\/wp\/v2\/media\/271919"}],"wp:attachment":[{"href":"https:\/\/cjays.eu\/de\/wp-json\/wp\/v2\/media?parent=263529"}],"wp:term":[{"taxonomy":"product_brand","embeddable":true,"href":"https:\/\/cjays.eu\/de\/wp-json\/wp\/v2\/product_brand?post=263529"},{"taxonomy":"product_cat","embeddable":true,"href":"https:\/\/cjays.eu\/de\/wp-json\/wp\/v2\/product_cat?post=263529"},{"taxonomy":"product_tag","embeddable":true,"href":"https:\/\/cjays.eu\/de\/wp-json\/wp\/v2\/product_tag?post=263529"}],"curies":[{"name":"wp","href":"https:\/\/api.w.org\/{rel}","templated":true}]}}