{"id":262829,"date":"2023-12-22T10:21:30","date_gmt":"2023-12-22T09:21:30","guid":{"rendered":"https:\/\/cjays.eu\/product\/otc-dt-300-pii\/"},"modified":"2024-10-05T10:28:14","modified_gmt":"2024-10-05T08:28:14","slug":"otc-dt-300-piii","status":"publish","type":"product","link":"https:\/\/cjays.eu\/de\/product\/otc-dt-300-piii\/","title":{"rendered":"OTC DT 300 PIII"},"content":{"rendered":"<p><a href=\"https:\/\/otc-daihen.com\/product-page\/1971\/\">DT-300PIII | OTC DAIHEN EUROPE GmbH (otc-daihen.com)<\/a><\/p>\n<p>Das OTC DT300 PIII ist ein hochwertiges DC-WIG-Schwei\u00dfger\u00e4t, das f\u00fcr seine Pr\u00e4zision, Effizienz und Oberfl\u00e4chenqualit\u00e4t bekannt ist.<\/p>\n<p>&nbsp;<\/p>\n<p><strong>Leistung und Steuerung<\/strong><br \/>\nDas Ger\u00e4t bietet eine robuste Leistung, die es f\u00fcr eine Vielzahl von Schwei\u00dfanwendungen geeignet macht. Das Ger\u00e4t bietet eine pr\u00e4zise Steuerung des Schwei\u00dfprozesses und gew\u00e4hrleistet so hochwertige Ergebnisse.<\/p>\n<p><strong>Tragbarkeit<\/strong><br \/>\nTrotz seiner hohen Leistung ist der DT300 PIII so konzipiert, dass er leicht zu transportieren und an verschiedenen Orten einzusetzen ist.<\/p>\n<p><strong>Erweiterte Funktionen<\/strong><br \/>\nDas Ger\u00e4t verf\u00fcgt \u00fcber fortschrittliche Funktionen wie den gepulsten Gleichstromausgang, der sauberere und gleichm\u00e4\u00dfigere Schwei\u00dfn\u00e4hte erm\u00f6glicht. Dies ist besonders beim Schwei\u00dfen d\u00fcnner Materialien n\u00fctzlich.<\/p>\n<p><strong>Benutzerfreundliche Schnittstelle<\/strong><br \/>\nDas digitale Bedienfeld ist so konzipiert, dass es auch in rauen Industrieumgebungen einfach zu bedienen ist. Dadurch ist es sowohl f\u00fcr erfahrene Schwei\u00dfer als auch f\u00fcr WIG-Schwei\u00df-Neulinge zug\u00e4nglich.<\/p>\n<p><strong>Verl\u00e4sslichkeit<\/strong><br \/>\nDer DT300 PIII ist mit einem robusten 80-kHz-IGBT-Inverter ausgestattet, der selbst bei niedrigen Stromst\u00e4rken eine hohe Lichtbogenstabilit\u00e4t und Zuverl\u00e4ssigkeit gew\u00e4hrleistet.<\/p>\n<p>Insgesamt vereint der OTC DT300 PIII Leistung, Pr\u00e4zision und Mobilit\u00e4t, was ihn zu einer ausgezeichneten Wahl f\u00fcr eine Vielzahl von Schwei\u00dfaufgaben macht.<\/p>\n","protected":false},"excerpt":{"rendered":"<p>DC gepulstes WIG-Schwei\u00dfger\u00e4t mit neuen Technologien<\/p>\n<ul>\n<li>Kompakte Gr\u00f6\u00dfe und geringes Gewicht<\/li>\n<li>Sofortiger Lichtbogenstart und stabiler Lichtbogen<\/li>\n<li>Benutzerfreundliche Bedienung<\/li>\n<li>Staubgesch\u00fctzte Maschine<\/li>\n<\/ul>\n","protected":false},"featured_media":267386,"comment_status":"closed","ping_status":"closed","template":"","meta":[],"product_brand":[],"product_cat":[144,487,134,4120,484,135],"product_tag":[1935,4143,2120,4144,4145,4146,4147,4064,3261,4148,2178,2349],"class_list":{"0":"post-262829","1":"product","2":"type-product","3":"status-publish","4":"has-post-thumbnail","6":"product_cat-alle-produkte","7":"product_cat-dc-de","8":"product_cat-neue-schweisgerate","9":"product_cat-neues-otc-daihen-schweissgeraete","10":"product_cat-wassergekuhlt","11":"product_cat-wig-schweisgerate-de","12":"product_tag-8-meter-toorts-de","13":"product_tag-betrouwbaar-de","14":"product_tag-dc-de","15":"product_tag-gebruiksvriendelijk-de","16":"product_tag-hoogwaardig-de","17":"product_tag-kwaliteit-de","18":"product_tag-mobiel-de","19":"product_tag-otc-de","20":"product_tag-pulse-de","21":"product_tag-robuust-de","22":"product_tag-synergisch-de","23":"product_tag-watergekoeld-de","24":"product_shipping_class-150-kg-de","26":"first","27":"onbackorder","28":"taxable","29":"shipping-taxable","30":"product-type-simple"},"yoast_head":"<!-- This site is optimized with the Yoast SEO plugin v27.5 - https:\/\/yoast.com\/product\/yoast-seo-wordpress\/ -->\n<title>OTC DT 300 PIII - Cjays Lastechniek | Gebruikte Lasapparaten<\/title>\n<meta name=\"description\" content=\"OTC DT 300 PIII %%excerpt\" \/>\n<meta name=\"robots\" content=\"index, follow, max-snippet:-1, max-image-preview:large, max-video-preview:-1\" \/>\n<link rel=\"canonical\" href=\"https:\/\/cjays.eu\/de\/product\/otc-dt-300-piii\/\" \/>\n<meta property=\"og:locale\" content=\"de_DE\" \/>\n<meta property=\"og:type\" content=\"article\" \/>\n<meta property=\"og:title\" content=\"OTC DT 300 PIII - Cjays Lastechniek | Gebruikte Lasapparaten\" \/>\n<meta property=\"og:description\" content=\"OTC DT 300 PIII %%excerpt\" \/>\n<meta property=\"og:url\" content=\"https:\/\/cjays.eu\/de\/product\/otc-dt-300-piii\/\" \/>\n<meta property=\"og:site_name\" content=\"Cjays Lastechniek | Gebruikte Lasapparaten\" \/>\n<meta property=\"article:publisher\" content=\"https:\/\/www.facebook.com\/cjayslastechniek.nl\" \/>\n<meta property=\"article:modified_time\" content=\"2024-10-05T08:28:14+00:00\" \/>\n<meta property=\"og:image\" content=\"https:\/\/cjays.eu\/wp-content\/uploads\/2023\/12\/OTC-DT300-PIII-Cjays.jpg\" \/>\n\t<meta property=\"og:image:width\" content=\"1278\" \/>\n\t<meta property=\"og:image:height\" content=\"1280\" \/>\n\t<meta property=\"og:image:type\" content=\"image\/jpeg\" \/>\n<meta name=\"twitter:card\" content=\"summary_large_image\" \/>\n<meta name=\"twitter:label1\" content=\"Gesch\u00e4tzte Lesezeit\" \/>\n\t<meta name=\"twitter:data1\" content=\"2 minutes\" \/>\n<script type=\"application\/ld+json\" class=\"yoast-schema-graph\">{\"@context\":\"https:\\\/\\\/schema.org\",\"@graph\":[{\"@type\":\"WebPage\",\"@id\":\"https:\\\/\\\/cjays.eu\\\/de\\\/product\\\/otc-dt-300-piii\\\/\",\"url\":\"https:\\\/\\\/cjays.eu\\\/de\\\/product\\\/otc-dt-300-piii\\\/\",\"name\":\"OTC DT 300 PIII - Cjays Lastechniek | Gebruikte Lasapparaten\",\"isPartOf\":{\"@id\":\"https:\\\/\\\/cjays.eu\\\/de\\\/#website\"},\"primaryImageOfPage\":{\"@id\":\"https:\\\/\\\/cjays.eu\\\/de\\\/product\\\/otc-dt-300-piii\\\/#primaryimage\"},\"image\":{\"@id\":\"https:\\\/\\\/cjays.eu\\\/de\\\/product\\\/otc-dt-300-piii\\\/#primaryimage\"},\"thumbnailUrl\":\"https:\\\/\\\/cjays.eu\\\/wp-content\\\/uploads\\\/2023\\\/12\\\/OTC-DT300-PIII-Cjays.jpg\",\"datePublished\":\"2023-12-22T09:21:30+00:00\",\"dateModified\":\"2024-10-05T08:28:14+00:00\",\"description\":\"OTC DT 300 PIII %%excerpt\",\"breadcrumb\":{\"@id\":\"https:\\\/\\\/cjays.eu\\\/de\\\/product\\\/otc-dt-300-piii\\\/#breadcrumb\"},\"inLanguage\":\"de-DE\",\"potentialAction\":[{\"@type\":\"ReadAction\",\"target\":[\"https:\\\/\\\/cjays.eu\\\/de\\\/product\\\/otc-dt-300-piii\\\/\"]}]},{\"@type\":\"ImageObject\",\"inLanguage\":\"de-DE\",\"@id\":\"https:\\\/\\\/cjays.eu\\\/de\\\/product\\\/otc-dt-300-piii\\\/#primaryimage\",\"url\":\"https:\\\/\\\/cjays.eu\\\/wp-content\\\/uploads\\\/2023\\\/12\\\/OTC-DT300-PIII-Cjays.jpg\",\"contentUrl\":\"https:\\\/\\\/cjays.eu\\\/wp-content\\\/uploads\\\/2023\\\/12\\\/OTC-DT300-PIII-Cjays.jpg\",\"width\":1278,\"height\":1280},{\"@type\":\"BreadcrumbList\",\"@id\":\"https:\\\/\\\/cjays.eu\\\/de\\\/product\\\/otc-dt-300-piii\\\/#breadcrumb\",\"itemListElement\":[{\"@type\":\"ListItem\",\"position\":1,\"name\":\"Home\",\"item\":\"https:\\\/\\\/cjays.eu\\\/de\\\/\"},{\"@type\":\"ListItem\",\"position\":2,\"name\":\"Shop\",\"item\":\"https:\\\/\\\/cjays.eu\\\/de\\\/winkel\\\/\"},{\"@type\":\"ListItem\",\"position\":3,\"name\":\"OTC DT 300 PIII\"}]},{\"@type\":\"WebSite\",\"@id\":\"https:\\\/\\\/cjays.eu\\\/de\\\/#website\",\"url\":\"https:\\\/\\\/cjays.eu\\\/de\\\/\",\"name\":\"Cjays Lastechniek | Gebruikte Lasapparaten\",\"description\":\"Gebruikte &amp; Nieuwe Lasapparaten &amp; Lasbenodigdheden\",\"publisher\":{\"@id\":\"https:\\\/\\\/cjays.eu\\\/de\\\/#organization\"},\"alternateName\":\"Cjays\",\"potentialAction\":[{\"@type\":\"SearchAction\",\"target\":{\"@type\":\"EntryPoint\",\"urlTemplate\":\"https:\\\/\\\/cjays.eu\\\/de\\\/?s={search_term_string}\"},\"query-input\":{\"@type\":\"PropertyValueSpecification\",\"valueRequired\":true,\"valueName\":\"search_term_string\"}}],\"inLanguage\":\"de-DE\"},{\"@type\":\"Organization\",\"@id\":\"https:\\\/\\\/cjays.eu\\\/de\\\/#organization\",\"name\":\"Cjays Lastechniek\",\"alternateName\":\"Cjays\",\"url\":\"https:\\\/\\\/cjays.eu\\\/de\\\/\",\"logo\":{\"@type\":\"ImageObject\",\"inLanguage\":\"de-DE\",\"@id\":\"https:\\\/\\\/cjays.eu\\\/de\\\/#\\\/schema\\\/logo\\\/image\\\/\",\"url\":\"https:\\\/\\\/cjays.eu\\\/wp-content\\\/uploads\\\/2022\\\/01\\\/logo-cjays-e1643484777484.png\",\"contentUrl\":\"https:\\\/\\\/cjays.eu\\\/wp-content\\\/uploads\\\/2022\\\/01\\\/logo-cjays-e1643484777484.png\",\"width\":500,\"height\":198,\"caption\":\"Cjays Lastechniek\"},\"image\":{\"@id\":\"https:\\\/\\\/cjays.eu\\\/de\\\/#\\\/schema\\\/logo\\\/image\\\/\"},\"sameAs\":[\"https:\\\/\\\/www.facebook.com\\\/cjayslastechniek.nl\",\"https:\\\/\\\/www.instagram.com\\\/cjays.lastechniek\\\/\",\"https:\\\/\\\/www.youtube.com\\\/@cjayslastechniek2812\"]}]}<\/script>\n<!-- \/ Yoast SEO plugin. -->","yoast_head_json":{"title":"OTC DT 300 PIII - Cjays Lastechniek | Gebruikte Lasapparaten","description":"OTC DT 300 PIII %%excerpt","robots":{"index":"index","follow":"follow","max-snippet":"max-snippet:-1","max-image-preview":"max-image-preview:large","max-video-preview":"max-video-preview:-1"},"canonical":"https:\/\/cjays.eu\/de\/product\/otc-dt-300-piii\/","og_locale":"de_DE","og_type":"article","og_title":"OTC DT 300 PIII - Cjays Lastechniek | Gebruikte Lasapparaten","og_description":"OTC DT 300 PIII %%excerpt","og_url":"https:\/\/cjays.eu\/de\/product\/otc-dt-300-piii\/","og_site_name":"Cjays Lastechniek | Gebruikte Lasapparaten","article_publisher":"https:\/\/www.facebook.com\/cjayslastechniek.nl","article_modified_time":"2024-10-05T08:28:14+00:00","og_image":[{"width":1278,"height":1280,"url":"https:\/\/cjays.eu\/wp-content\/uploads\/2023\/12\/OTC-DT300-PIII-Cjays.jpg","type":"image\/jpeg"}],"twitter_card":"summary_large_image","twitter_misc":{"Gesch\u00e4tzte Lesezeit":"2 minutes"},"schema":{"@context":"https:\/\/schema.org","@graph":[{"@type":"WebPage","@id":"https:\/\/cjays.eu\/de\/product\/otc-dt-300-piii\/","url":"https:\/\/cjays.eu\/de\/product\/otc-dt-300-piii\/","name":"OTC DT 300 PIII - Cjays Lastechniek | Gebruikte Lasapparaten","isPartOf":{"@id":"https:\/\/cjays.eu\/de\/#website"},"primaryImageOfPage":{"@id":"https:\/\/cjays.eu\/de\/product\/otc-dt-300-piii\/#primaryimage"},"image":{"@id":"https:\/\/cjays.eu\/de\/product\/otc-dt-300-piii\/#primaryimage"},"thumbnailUrl":"https:\/\/cjays.eu\/wp-content\/uploads\/2023\/12\/OTC-DT300-PIII-Cjays.jpg","datePublished":"2023-12-22T09:21:30+00:00","dateModified":"2024-10-05T08:28:14+00:00","description":"OTC DT 300 PIII %%excerpt","breadcrumb":{"@id":"https:\/\/cjays.eu\/de\/product\/otc-dt-300-piii\/#breadcrumb"},"inLanguage":"de-DE","potentialAction":[{"@type":"ReadAction","target":["https:\/\/cjays.eu\/de\/product\/otc-dt-300-piii\/"]}]},{"@type":"ImageObject","inLanguage":"de-DE","@id":"https:\/\/cjays.eu\/de\/product\/otc-dt-300-piii\/#primaryimage","url":"https:\/\/cjays.eu\/wp-content\/uploads\/2023\/12\/OTC-DT300-PIII-Cjays.jpg","contentUrl":"https:\/\/cjays.eu\/wp-content\/uploads\/2023\/12\/OTC-DT300-PIII-Cjays.jpg","width":1278,"height":1280},{"@type":"BreadcrumbList","@id":"https:\/\/cjays.eu\/de\/product\/otc-dt-300-piii\/#breadcrumb","itemListElement":[{"@type":"ListItem","position":1,"name":"Home","item":"https:\/\/cjays.eu\/de\/"},{"@type":"ListItem","position":2,"name":"Shop","item":"https:\/\/cjays.eu\/de\/winkel\/"},{"@type":"ListItem","position":3,"name":"OTC DT 300 PIII"}]},{"@type":"WebSite","@id":"https:\/\/cjays.eu\/de\/#website","url":"https:\/\/cjays.eu\/de\/","name":"Cjays Lastechniek | Gebruikte Lasapparaten","description":"Gebruikte &amp; Nieuwe Lasapparaten &amp; Lasbenodigdheden","publisher":{"@id":"https:\/\/cjays.eu\/de\/#organization"},"alternateName":"Cjays","potentialAction":[{"@type":"SearchAction","target":{"@type":"EntryPoint","urlTemplate":"https:\/\/cjays.eu\/de\/?s={search_term_string}"},"query-input":{"@type":"PropertyValueSpecification","valueRequired":true,"valueName":"search_term_string"}}],"inLanguage":"de-DE"},{"@type":"Organization","@id":"https:\/\/cjays.eu\/de\/#organization","name":"Cjays Lastechniek","alternateName":"Cjays","url":"https:\/\/cjays.eu\/de\/","logo":{"@type":"ImageObject","inLanguage":"de-DE","@id":"https:\/\/cjays.eu\/de\/#\/schema\/logo\/image\/","url":"https:\/\/cjays.eu\/wp-content\/uploads\/2022\/01\/logo-cjays-e1643484777484.png","contentUrl":"https:\/\/cjays.eu\/wp-content\/uploads\/2022\/01\/logo-cjays-e1643484777484.png","width":500,"height":198,"caption":"Cjays Lastechniek"},"image":{"@id":"https:\/\/cjays.eu\/de\/#\/schema\/logo\/image\/"},"sameAs":["https:\/\/www.facebook.com\/cjayslastechniek.nl","https:\/\/www.instagram.com\/cjays.lastechniek\/","https:\/\/www.youtube.com\/@cjayslastechniek2812"]}]}},"_links":{"self":[{"href":"https:\/\/cjays.eu\/de\/wp-json\/wp\/v2\/product\/262829","targetHints":{"allow":["GET"]}}],"collection":[{"href":"https:\/\/cjays.eu\/de\/wp-json\/wp\/v2\/product"}],"about":[{"href":"https:\/\/cjays.eu\/de\/wp-json\/wp\/v2\/types\/product"}],"replies":[{"embeddable":true,"href":"https:\/\/cjays.eu\/de\/wp-json\/wp\/v2\/comments?post=262829"}],"wp:featuredmedia":[{"embeddable":true,"href":"https:\/\/cjays.eu\/de\/wp-json\/wp\/v2\/media\/267386"}],"wp:attachment":[{"href":"https:\/\/cjays.eu\/de\/wp-json\/wp\/v2\/media?parent=262829"}],"wp:term":[{"taxonomy":"product_brand","embeddable":true,"href":"https:\/\/cjays.eu\/de\/wp-json\/wp\/v2\/product_brand?post=262829"},{"taxonomy":"product_cat","embeddable":true,"href":"https:\/\/cjays.eu\/de\/wp-json\/wp\/v2\/product_cat?post=262829"},{"taxonomy":"product_tag","embeddable":true,"href":"https:\/\/cjays.eu\/de\/wp-json\/wp\/v2\/product_tag?post=262829"}],"curies":[{"name":"wp","href":"https:\/\/api.w.org\/{rel}","templated":true}]}}