{"id":256931,"date":"2023-03-24T10:41:50","date_gmt":"2023-03-24T09:41:50","guid":{"rendered":"https:\/\/cjays.eu\/product\/lorch-apr-900\/"},"modified":"2023-03-24T10:55:15","modified_gmt":"2023-03-24T09:55:15","slug":"lorch-apr-900","status":"publish","type":"product","link":"https:\/\/cjays.eu\/de\/produkt\/lorch-apr-900\/","title":{"rendered":"Lorch APR 900"},"content":{"rendered":"<section class=\"section bg-dark text-white\">\n<div class=\"container-fluid\">\n<div class=\"inner-full row\">\n<div class=\"col-10 col-lg-8 offset-1\">\n<div class=\"wysiwyg\">\n<p>Viele Schwei\u00dfer schwei\u00dfen aus Leidenschaft und \u00dcberzeugung. Spa\u00df am Job ist wichtig \u2013 keine Frage. Der Sicherheitsaspekt darf dabei aber nicht aus den Augen gelassen werden. Beim Schwei\u00dfen entstehen Rauch, Hitze, UV-Strahlung und intensives Licht. Das liegt in der Natur der Sache. Allerdings m\u00fcssen sich Schwei\u00dfer den Gesundheitsgefahren nicht mit ausliefern.<\/p>\n<p>Besonderen Schutz ben\u00f6tigen vor allem Augen, Gesicht und Atemwege. Die APR 900 Schwei\u00dfhelme wurden mit dem Ziel entwickelt, die Schwei\u00dfer bestm\u00f6glich zu sch\u00fctzen und dabei hohen Tragekomfort zu bieten. Die Helme bestehen dabei nicht nur aus einer Blendschutzkassette auf absolutem Referenzniveau, sondern umfassen auch viele weitere praktische Detaill\u00f6sungen, die absolut stimmig in einem Gesamtkonzept vereint sind. Die APR 900-Familie bietet genau den richtigen Schutz f\u00fcr individuelle Schwei\u00dfarbeiten. Und weil Sicherheit kein Privileg sein darf, \u00fcberzeugen die Lorch APR 900 Schwei\u00dfhelme mit einem unschlagbaren Preis-Leistungsverh\u00e4ltnis.<\/p>\n<\/div>\n<\/div>\n<\/div>\n<\/div>\n<\/section>\n","protected":false},"excerpt":{"rendered":"<h1 class=\"display-3 text-black text-pre-line\">DEIN HELM: DER APR 900.<br \/>\n<span class=\"h3 text-primary\">Flexibel. Sicher. Individuell.<\/span><\/h1>\n<p>Die Schwei\u00dfhelme der APR 900-Familie bieten\u00a0mit ihrem innovativen Design optimalen Schwei\u00dfkomfort und sch\u00fctzen\u00a0beim Schwei\u00dfen, Schneiden und Schleifen\u00a0zuverl\u00e4ssig! Die High-End Blendschutzkassette gew\u00e4hrleistet eine farbechte kristallklare Sicht. Durch die verf\u00fcgbaren Schutzstufen 3 &#8211; 14 ist es dem Schwei\u00dfer m\u00f6glich alle g\u00e4ngigen Verfahren zu verwenden.\u00a0Die von au\u00dfen einsetzbare Vorsatzscheibe kann mittels einfachem Verschlussmechanismus ausgetauscht werden. Das bequeme Kopfband sorgt f\u00fcr einen hervorragenden Tragekomfort. Doch das ist l\u00e4ngst nicht alles.<\/p>\n<p class=\"text-dark text-pre-line \">Sicherheit In jeder Blickrichtung, ob \u00fcber-Kopf, liegend oder seitlich und bei allen Schwei\u00dfverfahren. Mit zuverl\u00e4ssiger Abdunkelung genau nach Ihrem Geschmack.<\/p>\n","protected":false},"featured_media":256918,"comment_status":"closed","ping_status":"closed","template":"","meta":[],"product_brand":[],"product_cat":[144,153,154,239],"product_tag":[],"class_list":{"0":"post-256931","1":"product","2":"type-product","3":"status-publish","4":"has-post-thumbnail","6":"product_cat-alle-produkte","7":"product_cat-helme-teile","8":"product_cat-schweishelme","9":"product_cat-sonstig","10":"product_shipping_class-paketten-de","12":"first","13":"instock","14":"taxable","15":"shipping-taxable","16":"purchasable","17":"product-type-variable"},"yoast_head":"<!-- This site is optimized with the Yoast SEO plugin v27.4 - https:\/\/yoast.com\/product\/yoast-seo-wordpress\/ -->\n<title>Lorch APR 900 - Cjays Lastechniek | Gebruikte Lasapparaten<\/title>\n<meta name=\"description\" content=\"Lorch APR 900 %%excerpt\" \/>\n<meta name=\"robots\" content=\"index, follow, max-snippet:-1, max-image-preview:large, max-video-preview:-1\" \/>\n<link rel=\"canonical\" href=\"https:\/\/cjays.eu\/de\/produkt\/lorch-apr-900\/\" \/>\n<meta property=\"og:locale\" content=\"de_DE\" \/>\n<meta property=\"og:type\" content=\"article\" \/>\n<meta property=\"og:title\" content=\"Lorch APR 900 - Cjays Lastechniek | Gebruikte Lasapparaten\" \/>\n<meta property=\"og:description\" content=\"Lorch APR 900 %%excerpt\" \/>\n<meta property=\"og:url\" content=\"https:\/\/cjays.eu\/de\/produkt\/lorch-apr-900\/\" \/>\n<meta property=\"og:site_name\" content=\"Cjays Lastechniek | Gebruikte Lasapparaten\" \/>\n<meta property=\"article:publisher\" content=\"https:\/\/www.facebook.com\/cjayslastechniek.nl\" \/>\n<meta property=\"article:modified_time\" content=\"2023-03-24T09:55:15+00:00\" \/>\n<meta property=\"og:image\" content=\"https:\/\/cjays.eu\/wp-content\/uploads\/2023\/03\/APR-XF-No-Background-3.png\" \/>\n\t<meta property=\"og:image:width\" content=\"1393\" \/>\n\t<meta property=\"og:image:height\" content=\"1114\" \/>\n\t<meta property=\"og:image:type\" content=\"image\/png\" \/>\n<meta name=\"twitter:card\" content=\"summary_large_image\" \/>\n<meta name=\"twitter:label1\" content=\"Gesch\u00e4tzte Lesezeit\" \/>\n\t<meta name=\"twitter:data1\" content=\"1 minute\" \/>\n<script type=\"application\/ld+json\" class=\"yoast-schema-graph\">{\"@context\":\"https:\\\/\\\/schema.org\",\"@graph\":[{\"@type\":\"WebPage\",\"@id\":\"https:\\\/\\\/cjays.eu\\\/de\\\/produkt\\\/lorch-apr-900\\\/\",\"url\":\"https:\\\/\\\/cjays.eu\\\/de\\\/produkt\\\/lorch-apr-900\\\/\",\"name\":\"Lorch APR 900 - Cjays Lastechniek | Gebruikte Lasapparaten\",\"isPartOf\":{\"@id\":\"https:\\\/\\\/cjays.eu\\\/#website\"},\"primaryImageOfPage\":{\"@id\":\"https:\\\/\\\/cjays.eu\\\/de\\\/produkt\\\/lorch-apr-900\\\/#primaryimage\"},\"image\":{\"@id\":\"https:\\\/\\\/cjays.eu\\\/de\\\/produkt\\\/lorch-apr-900\\\/#primaryimage\"},\"thumbnailUrl\":\"https:\\\/\\\/cjays.eu\\\/wp-content\\\/uploads\\\/2023\\\/03\\\/APR-XF-No-Background-3.png\",\"datePublished\":\"2023-03-24T09:41:50+00:00\",\"dateModified\":\"2023-03-24T09:55:15+00:00\",\"description\":\"Lorch APR 900 %%excerpt\",\"breadcrumb\":{\"@id\":\"https:\\\/\\\/cjays.eu\\\/de\\\/produkt\\\/lorch-apr-900\\\/#breadcrumb\"},\"inLanguage\":\"de-DE\",\"potentialAction\":[{\"@type\":\"ReadAction\",\"target\":[\"https:\\\/\\\/cjays.eu\\\/de\\\/produkt\\\/lorch-apr-900\\\/\"]}]},{\"@type\":\"ImageObject\",\"inLanguage\":\"de-DE\",\"@id\":\"https:\\\/\\\/cjays.eu\\\/de\\\/produkt\\\/lorch-apr-900\\\/#primaryimage\",\"url\":\"https:\\\/\\\/cjays.eu\\\/wp-content\\\/uploads\\\/2023\\\/03\\\/APR-XF-No-Background-3.png\",\"contentUrl\":\"https:\\\/\\\/cjays.eu\\\/wp-content\\\/uploads\\\/2023\\\/03\\\/APR-XF-No-Background-3.png\",\"width\":1393,\"height\":1114},{\"@type\":\"BreadcrumbList\",\"@id\":\"https:\\\/\\\/cjays.eu\\\/de\\\/produkt\\\/lorch-apr-900\\\/#breadcrumb\",\"itemListElement\":[{\"@type\":\"ListItem\",\"position\":1,\"name\":\"Home\",\"item\":\"https:\\\/\\\/cjays.eu\\\/\"},{\"@type\":\"ListItem\",\"position\":2,\"name\":\"Winkel\",\"item\":\"https:\\\/\\\/cjays.eu\\\/winkel\\\/\"},{\"@type\":\"ListItem\",\"position\":3,\"name\":\"Lorch APR 900\"}]},{\"@type\":\"WebSite\",\"@id\":\"https:\\\/\\\/cjays.eu\\\/#website\",\"url\":\"https:\\\/\\\/cjays.eu\\\/\",\"name\":\"Cjays Lastechniek | Gebruikte Lasapparaten\",\"description\":\"Gebruikte &amp; Nieuwe Lasapparaten &amp; Lasbenodigdheden\",\"publisher\":{\"@id\":\"https:\\\/\\\/cjays.eu\\\/#organization\"},\"alternateName\":\"Cjays\",\"potentialAction\":[{\"@type\":\"SearchAction\",\"target\":{\"@type\":\"EntryPoint\",\"urlTemplate\":\"https:\\\/\\\/cjays.eu\\\/?s={search_term_string}\"},\"query-input\":{\"@type\":\"PropertyValueSpecification\",\"valueRequired\":true,\"valueName\":\"search_term_string\"}}],\"inLanguage\":\"de-DE\"},{\"@type\":\"Organization\",\"@id\":\"https:\\\/\\\/cjays.eu\\\/#organization\",\"name\":\"Cjays Lastechniek\",\"alternateName\":\"Cjays\",\"url\":\"https:\\\/\\\/cjays.eu\\\/\",\"logo\":{\"@type\":\"ImageObject\",\"inLanguage\":\"de-DE\",\"@id\":\"https:\\\/\\\/cjays.eu\\\/#\\\/schema\\\/logo\\\/image\\\/\",\"url\":\"https:\\\/\\\/cjays.eu\\\/wp-content\\\/uploads\\\/2022\\\/01\\\/logo-cjays-e1643484777484.png\",\"contentUrl\":\"https:\\\/\\\/cjays.eu\\\/wp-content\\\/uploads\\\/2022\\\/01\\\/logo-cjays-e1643484777484.png\",\"width\":500,\"height\":198,\"caption\":\"Cjays Lastechniek\"},\"image\":{\"@id\":\"https:\\\/\\\/cjays.eu\\\/#\\\/schema\\\/logo\\\/image\\\/\"},\"sameAs\":[\"https:\\\/\\\/www.facebook.com\\\/cjayslastechniek.nl\",\"https:\\\/\\\/www.instagram.com\\\/cjays.lastechniek\\\/\",\"https:\\\/\\\/www.youtube.com\\\/@cjayslastechniek2812\"]}]}<\/script>\n<!-- \/ Yoast SEO plugin. -->","yoast_head_json":{"title":"Lorch APR 900 - Cjays Lastechniek | Gebruikte Lasapparaten","description":"Lorch APR 900 %%excerpt","robots":{"index":"index","follow":"follow","max-snippet":"max-snippet:-1","max-image-preview":"max-image-preview:large","max-video-preview":"max-video-preview:-1"},"canonical":"https:\/\/cjays.eu\/de\/produkt\/lorch-apr-900\/","og_locale":"de_DE","og_type":"article","og_title":"Lorch APR 900 - Cjays Lastechniek | Gebruikte Lasapparaten","og_description":"Lorch APR 900 %%excerpt","og_url":"https:\/\/cjays.eu\/de\/produkt\/lorch-apr-900\/","og_site_name":"Cjays Lastechniek | Gebruikte Lasapparaten","article_publisher":"https:\/\/www.facebook.com\/cjayslastechniek.nl","article_modified_time":"2023-03-24T09:55:15+00:00","og_image":[{"width":1393,"height":1114,"url":"https:\/\/cjays.eu\/wp-content\/uploads\/2023\/03\/APR-XF-No-Background-3.png","type":"image\/png"}],"twitter_card":"summary_large_image","twitter_misc":{"Gesch\u00e4tzte Lesezeit":"1 minute"},"schema":{"@context":"https:\/\/schema.org","@graph":[{"@type":"WebPage","@id":"https:\/\/cjays.eu\/de\/produkt\/lorch-apr-900\/","url":"https:\/\/cjays.eu\/de\/produkt\/lorch-apr-900\/","name":"Lorch APR 900 - Cjays Lastechniek | Gebruikte Lasapparaten","isPartOf":{"@id":"https:\/\/cjays.eu\/#website"},"primaryImageOfPage":{"@id":"https:\/\/cjays.eu\/de\/produkt\/lorch-apr-900\/#primaryimage"},"image":{"@id":"https:\/\/cjays.eu\/de\/produkt\/lorch-apr-900\/#primaryimage"},"thumbnailUrl":"https:\/\/cjays.eu\/wp-content\/uploads\/2023\/03\/APR-XF-No-Background-3.png","datePublished":"2023-03-24T09:41:50+00:00","dateModified":"2023-03-24T09:55:15+00:00","description":"Lorch APR 900 %%excerpt","breadcrumb":{"@id":"https:\/\/cjays.eu\/de\/produkt\/lorch-apr-900\/#breadcrumb"},"inLanguage":"de-DE","potentialAction":[{"@type":"ReadAction","target":["https:\/\/cjays.eu\/de\/produkt\/lorch-apr-900\/"]}]},{"@type":"ImageObject","inLanguage":"de-DE","@id":"https:\/\/cjays.eu\/de\/produkt\/lorch-apr-900\/#primaryimage","url":"https:\/\/cjays.eu\/wp-content\/uploads\/2023\/03\/APR-XF-No-Background-3.png","contentUrl":"https:\/\/cjays.eu\/wp-content\/uploads\/2023\/03\/APR-XF-No-Background-3.png","width":1393,"height":1114},{"@type":"BreadcrumbList","@id":"https:\/\/cjays.eu\/de\/produkt\/lorch-apr-900\/#breadcrumb","itemListElement":[{"@type":"ListItem","position":1,"name":"Home","item":"https:\/\/cjays.eu\/"},{"@type":"ListItem","position":2,"name":"Winkel","item":"https:\/\/cjays.eu\/winkel\/"},{"@type":"ListItem","position":3,"name":"Lorch APR 900"}]},{"@type":"WebSite","@id":"https:\/\/cjays.eu\/#website","url":"https:\/\/cjays.eu\/","name":"Cjays Lastechniek | Gebruikte Lasapparaten","description":"Gebruikte &amp; Nieuwe Lasapparaten &amp; Lasbenodigdheden","publisher":{"@id":"https:\/\/cjays.eu\/#organization"},"alternateName":"Cjays","potentialAction":[{"@type":"SearchAction","target":{"@type":"EntryPoint","urlTemplate":"https:\/\/cjays.eu\/?s={search_term_string}"},"query-input":{"@type":"PropertyValueSpecification","valueRequired":true,"valueName":"search_term_string"}}],"inLanguage":"de-DE"},{"@type":"Organization","@id":"https:\/\/cjays.eu\/#organization","name":"Cjays Lastechniek","alternateName":"Cjays","url":"https:\/\/cjays.eu\/","logo":{"@type":"ImageObject","inLanguage":"de-DE","@id":"https:\/\/cjays.eu\/#\/schema\/logo\/image\/","url":"https:\/\/cjays.eu\/wp-content\/uploads\/2022\/01\/logo-cjays-e1643484777484.png","contentUrl":"https:\/\/cjays.eu\/wp-content\/uploads\/2022\/01\/logo-cjays-e1643484777484.png","width":500,"height":198,"caption":"Cjays Lastechniek"},"image":{"@id":"https:\/\/cjays.eu\/#\/schema\/logo\/image\/"},"sameAs":["https:\/\/www.facebook.com\/cjayslastechniek.nl","https:\/\/www.instagram.com\/cjays.lastechniek\/","https:\/\/www.youtube.com\/@cjayslastechniek2812"]}]}},"_links":{"self":[{"href":"https:\/\/cjays.eu\/de\/wp-json\/wp\/v2\/product\/256931","targetHints":{"allow":["GET"]}}],"collection":[{"href":"https:\/\/cjays.eu\/de\/wp-json\/wp\/v2\/product"}],"about":[{"href":"https:\/\/cjays.eu\/de\/wp-json\/wp\/v2\/types\/product"}],"replies":[{"embeddable":true,"href":"https:\/\/cjays.eu\/de\/wp-json\/wp\/v2\/comments?post=256931"}],"wp:featuredmedia":[{"embeddable":true,"href":"https:\/\/cjays.eu\/de\/wp-json\/wp\/v2\/media\/256918"}],"wp:attachment":[{"href":"https:\/\/cjays.eu\/de\/wp-json\/wp\/v2\/media?parent=256931"}],"wp:term":[{"taxonomy":"product_brand","embeddable":true,"href":"https:\/\/cjays.eu\/de\/wp-json\/wp\/v2\/product_brand?post=256931"},{"taxonomy":"product_cat","embeddable":true,"href":"https:\/\/cjays.eu\/de\/wp-json\/wp\/v2\/product_cat?post=256931"},{"taxonomy":"product_tag","embeddable":true,"href":"https:\/\/cjays.eu\/de\/wp-json\/wp\/v2\/product_tag?post=256931"}],"curies":[{"name":"wp","href":"https:\/\/api.w.org\/{rel}","templated":true}]}}