{"id":254948,"date":"2022-11-17T11:48:17","date_gmt":"2022-11-17T10:48:17","guid":{"rendered":"https:\/\/cjays.eu\/product\/parweld-xts-204-2\/"},"modified":"2022-11-17T11:53:12","modified_gmt":"2022-11-17T10:53:12","slug":"parweld-xts-204-2","status":"publish","type":"product","link":"https:\/\/cjays.eu\/de\/produkt\/parweld-xts-204-2\/","title":{"rendered":"Parweld XTS 204"},"content":{"rendered":"<h1>Parweld XTS 204<\/h1>\n<p>Das Parweld XTS 204 MMA ist ein kompaktes und zuverl\u00e4ssiges Schwei\u00dfger\u00e4t dank modernster Technologie. Ideal f\u00fcr allt\u00e4gliche Anwendungen (einschlie\u00dflich Schwei\u00dfen: Treppen, Gartenz\u00e4une, Anh\u00e4nger, Werkb\u00e4nke, &#8230;. ) .<\/p>\n<p><strong>Die Maschine verf\u00fcgt \u00fcber eine integrierte Hei\u00dfstart-, Lichtbogenkraft- und Anti-Sticking-Funktion.<\/strong><\/p>\n<p><strong>Hei\u00dfstart:<\/strong> Erleichtert den Start der Schwei\u00dfung durch Erh\u00f6hung des Schwei\u00dfstroms.<\/p>\n<p><strong>Lichtbogenkraft:<\/strong> Verhindert das Festkleben der Elektroden am Werkst\u00fcck und h\u00e4lt den Schwei\u00dflichtbogen stabil. Dies ist eine n\u00fctzliche Funktion f\u00fcr Schwei\u00dfanf\u00e4nger.<br \/>\nSollten die Elektroden dennoch am Werkst\u00fcck haften, lassen sie sich dank der eingebauten Anti-Haft-Funktion leicht entfernen.<\/p>\n<p>Es k\u00f6nnen Elektroden mit den Durchmessern 1,6mm &#8211; 2,0mm &#8211; 2,5mm &#8211; 3,25mm und 4,0mm verwendet werden.<\/p>\n<p>Das Ger\u00e4t l\u00e4sst sich leicht \u00fcber den Leistungsregler einstellen. Die digitale Anzeige erm\u00f6glicht es, sowohl die eingestellte als auch die tats\u00e4chliche Stromst\u00e4rke w\u00e4hrend des Schwei\u00dfens anzuzeigen. \u00dcber den Wahlschalter an der Maschine k\u00f6nnen Sie zwischen MMA-Schwei\u00dfen und WIG-Schwei\u00dfen (Lift-Tig) w\u00e4hlen.<\/p>\n<p>MMA ist ein sehr vielseitiges Schwei\u00dfverfahren, das f\u00fcr viele Anwendungen eingesetzt werden kann. Da das MMA-Schwei\u00dfen ein relativ leicht zu erlernendes Verfahren ist, eignet es sich auch f\u00fcr Personen mit wenig oder gar keiner Schwei\u00dferfahrung.<\/p>\n<p><strong>MMA-Schwei\u00dfen<\/strong><\/p>\n<p><strong>Lift WIG-Schwei\u00dfen<\/strong><\/p>\n<p>Wenn Sie gelegentlich WIG-Gleichstromschwei\u00dfen m\u00f6chten, k\u00f6nnen Sie die XTS 204MMA auch zu diesem Zweck verwenden. Wenn Sie einen WIG-Brenner montieren und das richtige Schutzgas anschlie\u00dfen, k\u00f6nnen Sie mit dem WIG-Schwei\u00dfen von Stahl und rostfreiem Stahl beginnen. \u00a0Der WIG-Brenner und das Schutzgas sind immer als Option erh\u00e4ltlich.<\/p>\n<p>Der WIG-Brennertyp, der mit der Maschine verwendet werden kann, ist ein WP17V (mit Abgriff) in 4 oder 8 Metern L\u00e4nge.<\/p>\n<p>Die XTS 204MMA verf\u00fcgt \u00fcber die Lift-TIG-Funktion, die zum Schutz der Wolframelektroden zu Beginn des WIG-Schwei\u00dfens dient. Setzen Sie die Wolframnadel in einem Winkel von 70\u00b0 auf das Werkst\u00fcck und bewegen Sie den Schwei\u00dfbrenner so, dass er senkrecht zum Werkst\u00fcck steht. Entfernen Sie die Wolframnadel vorsichtig vom Werkst\u00fcck und der Lichtbogen wird gez\u00fcndet. Lift-TIG sch\u00fctzt die Wolframelektroden beim Start des WIG-Schwei\u00dfens.<\/p>\n<p>(Hinweis: Sie m\u00fcssen den Wolfram h\u00e4ufig reinigen, da Sie beim Z\u00fcnden des Lichtbogens mit Lift Tig Schmutz aus dem Material mit in den Wolfram ziehen).<\/p>\n","protected":false},"excerpt":{"rendered":"<p>Der XTS 204MMA wird mit 230V einphasig (Standard-Haus-\/Gartenstecker) bei 50\/60Hz betrieben.<\/p>\n<p>Einschaltdauer 200A @ 25%, 120A @ 60% und 100A @100%, mit einer 20A T-Sicherung.<\/p>\n<p>Das Ger\u00e4t ist ein kompaktes und tragbares Modell mit Tragegriff und wiegt nur 4,8 kg.<\/p>\n<p>Ideal f\u00fcr:<\/p>\n<p>Leichte industrielle Produktion<br \/>\nMetallerzeugung<br \/>\nWartung und Reparatur<br \/>\nLandwirtschaft<br \/>\nDo-it-yourselfer<br \/>\nAusbildung<\/p>\n","protected":false},"featured_media":229087,"comment_status":"closed","ping_status":"closed","template":"","meta":[],"product_brand":[],"product_cat":[144,460,134,4117],"product_tag":[],"class_list":{"0":"post-254948","1":"product","2":"type-product","3":"status-publish","4":"has-post-thumbnail","6":"product_cat-alle-produkte","7":"product_cat-elektrodenschweisgerate","8":"product_cat-neue-schweisgerate","9":"product_cat-parweld-2-de","10":"product_shipping_class-kleine-machines-europa-de","12":"first","13":"instock","14":"taxable","15":"shipping-taxable","16":"purchasable","17":"product-type-simple"},"yoast_head":"<!-- This site is optimized with the Yoast SEO plugin v27.4 - https:\/\/yoast.com\/product\/yoast-seo-wordpress\/ -->\n<title>Parweld XTS 204 - Cjays Lastechniek | Gebruikte Lasapparaten<\/title>\n<meta name=\"description\" content=\"Parweld XTS 204 %%excerpt\" \/>\n<meta name=\"robots\" content=\"index, follow, max-snippet:-1, max-image-preview:large, max-video-preview:-1\" \/>\n<link rel=\"canonical\" href=\"https:\/\/cjays.eu\/de\/produkt\/parweld-xts-204-2\/\" \/>\n<meta property=\"og:locale\" content=\"de_DE\" \/>\n<meta property=\"og:type\" content=\"article\" \/>\n<meta property=\"og:title\" content=\"Parweld XTS 204 - Cjays Lastechniek | Gebruikte Lasapparaten\" \/>\n<meta property=\"og:description\" content=\"Parweld XTS 204 %%excerpt\" \/>\n<meta property=\"og:url\" content=\"https:\/\/cjays.eu\/de\/produkt\/parweld-xts-204-2\/\" \/>\n<meta property=\"og:site_name\" content=\"Cjays Lastechniek | Gebruikte Lasapparaten\" \/>\n<meta property=\"article:publisher\" content=\"https:\/\/www.facebook.com\/cjayslastechniek.nl\" \/>\n<meta property=\"article:modified_time\" content=\"2022-11-17T10:53:12+00:00\" \/>\n<meta property=\"og:image\" content=\"https:\/\/cjays.eu\/wp-content\/uploads\/2022\/02\/Parweld-XTS204.jpg\" \/>\n\t<meta property=\"og:image:width\" content=\"1440\" \/>\n\t<meta property=\"og:image:height\" content=\"1920\" \/>\n\t<meta property=\"og:image:type\" content=\"image\/jpeg\" \/>\n<meta name=\"twitter:card\" content=\"summary_large_image\" \/>\n<meta name=\"twitter:label1\" content=\"Gesch\u00e4tzte Lesezeit\" \/>\n\t<meta name=\"twitter:data1\" content=\"2 minutes\" \/>\n<script type=\"application\/ld+json\" class=\"yoast-schema-graph\">{\"@context\":\"https:\\\/\\\/schema.org\",\"@graph\":[{\"@type\":\"WebPage\",\"@id\":\"https:\\\/\\\/cjays.eu\\\/de\\\/produkt\\\/parweld-xts-204-2\\\/\",\"url\":\"https:\\\/\\\/cjays.eu\\\/de\\\/produkt\\\/parweld-xts-204-2\\\/\",\"name\":\"Parweld XTS 204 - Cjays Lastechniek | Gebruikte Lasapparaten\",\"isPartOf\":{\"@id\":\"https:\\\/\\\/cjays.eu\\\/#website\"},\"primaryImageOfPage\":{\"@id\":\"https:\\\/\\\/cjays.eu\\\/de\\\/produkt\\\/parweld-xts-204-2\\\/#primaryimage\"},\"image\":{\"@id\":\"https:\\\/\\\/cjays.eu\\\/de\\\/produkt\\\/parweld-xts-204-2\\\/#primaryimage\"},\"thumbnailUrl\":\"https:\\\/\\\/cjays.eu\\\/wp-content\\\/uploads\\\/2022\\\/02\\\/Parweld-XTS204.jpg\",\"datePublished\":\"2022-11-17T10:48:17+00:00\",\"dateModified\":\"2022-11-17T10:53:12+00:00\",\"description\":\"Parweld XTS 204 %%excerpt\",\"breadcrumb\":{\"@id\":\"https:\\\/\\\/cjays.eu\\\/de\\\/produkt\\\/parweld-xts-204-2\\\/#breadcrumb\"},\"inLanguage\":\"de-DE\",\"potentialAction\":[{\"@type\":\"ReadAction\",\"target\":[\"https:\\\/\\\/cjays.eu\\\/de\\\/produkt\\\/parweld-xts-204-2\\\/\"]}]},{\"@type\":\"ImageObject\",\"inLanguage\":\"de-DE\",\"@id\":\"https:\\\/\\\/cjays.eu\\\/de\\\/produkt\\\/parweld-xts-204-2\\\/#primaryimage\",\"url\":\"https:\\\/\\\/cjays.eu\\\/wp-content\\\/uploads\\\/2022\\\/02\\\/Parweld-XTS204.jpg\",\"contentUrl\":\"https:\\\/\\\/cjays.eu\\\/wp-content\\\/uploads\\\/2022\\\/02\\\/Parweld-XTS204.jpg\",\"width\":1440,\"height\":1920},{\"@type\":\"BreadcrumbList\",\"@id\":\"https:\\\/\\\/cjays.eu\\\/de\\\/produkt\\\/parweld-xts-204-2\\\/#breadcrumb\",\"itemListElement\":[{\"@type\":\"ListItem\",\"position\":1,\"name\":\"Home\",\"item\":\"https:\\\/\\\/cjays.eu\\\/\"},{\"@type\":\"ListItem\",\"position\":2,\"name\":\"Winkel\",\"item\":\"https:\\\/\\\/cjays.eu\\\/winkel\\\/\"},{\"@type\":\"ListItem\",\"position\":3,\"name\":\"Parweld XTS 204\"}]},{\"@type\":\"WebSite\",\"@id\":\"https:\\\/\\\/cjays.eu\\\/#website\",\"url\":\"https:\\\/\\\/cjays.eu\\\/\",\"name\":\"Cjays Lastechniek | Gebruikte Lasapparaten\",\"description\":\"Gebruikte &amp; Nieuwe Lasapparaten &amp; Lasbenodigdheden\",\"publisher\":{\"@id\":\"https:\\\/\\\/cjays.eu\\\/#organization\"},\"alternateName\":\"Cjays\",\"potentialAction\":[{\"@type\":\"SearchAction\",\"target\":{\"@type\":\"EntryPoint\",\"urlTemplate\":\"https:\\\/\\\/cjays.eu\\\/?s={search_term_string}\"},\"query-input\":{\"@type\":\"PropertyValueSpecification\",\"valueRequired\":true,\"valueName\":\"search_term_string\"}}],\"inLanguage\":\"de-DE\"},{\"@type\":\"Organization\",\"@id\":\"https:\\\/\\\/cjays.eu\\\/#organization\",\"name\":\"Cjays Lastechniek\",\"alternateName\":\"Cjays\",\"url\":\"https:\\\/\\\/cjays.eu\\\/\",\"logo\":{\"@type\":\"ImageObject\",\"inLanguage\":\"de-DE\",\"@id\":\"https:\\\/\\\/cjays.eu\\\/#\\\/schema\\\/logo\\\/image\\\/\",\"url\":\"https:\\\/\\\/cjays.eu\\\/wp-content\\\/uploads\\\/2022\\\/01\\\/logo-cjays-e1643484777484.png\",\"contentUrl\":\"https:\\\/\\\/cjays.eu\\\/wp-content\\\/uploads\\\/2022\\\/01\\\/logo-cjays-e1643484777484.png\",\"width\":500,\"height\":198,\"caption\":\"Cjays Lastechniek\"},\"image\":{\"@id\":\"https:\\\/\\\/cjays.eu\\\/#\\\/schema\\\/logo\\\/image\\\/\"},\"sameAs\":[\"https:\\\/\\\/www.facebook.com\\\/cjayslastechniek.nl\",\"https:\\\/\\\/www.instagram.com\\\/cjays.lastechniek\\\/\",\"https:\\\/\\\/www.youtube.com\\\/@cjayslastechniek2812\"]}]}<\/script>\n<!-- \/ Yoast SEO plugin. -->","yoast_head_json":{"title":"Parweld XTS 204 - Cjays Lastechniek | Gebruikte Lasapparaten","description":"Parweld XTS 204 %%excerpt","robots":{"index":"index","follow":"follow","max-snippet":"max-snippet:-1","max-image-preview":"max-image-preview:large","max-video-preview":"max-video-preview:-1"},"canonical":"https:\/\/cjays.eu\/de\/produkt\/parweld-xts-204-2\/","og_locale":"de_DE","og_type":"article","og_title":"Parweld XTS 204 - Cjays Lastechniek | Gebruikte Lasapparaten","og_description":"Parweld XTS 204 %%excerpt","og_url":"https:\/\/cjays.eu\/de\/produkt\/parweld-xts-204-2\/","og_site_name":"Cjays Lastechniek | Gebruikte Lasapparaten","article_publisher":"https:\/\/www.facebook.com\/cjayslastechniek.nl","article_modified_time":"2022-11-17T10:53:12+00:00","og_image":[{"width":1440,"height":1920,"url":"https:\/\/cjays.eu\/wp-content\/uploads\/2022\/02\/Parweld-XTS204.jpg","type":"image\/jpeg"}],"twitter_card":"summary_large_image","twitter_misc":{"Gesch\u00e4tzte Lesezeit":"2 minutes"},"schema":{"@context":"https:\/\/schema.org","@graph":[{"@type":"WebPage","@id":"https:\/\/cjays.eu\/de\/produkt\/parweld-xts-204-2\/","url":"https:\/\/cjays.eu\/de\/produkt\/parweld-xts-204-2\/","name":"Parweld XTS 204 - Cjays Lastechniek | Gebruikte Lasapparaten","isPartOf":{"@id":"https:\/\/cjays.eu\/#website"},"primaryImageOfPage":{"@id":"https:\/\/cjays.eu\/de\/produkt\/parweld-xts-204-2\/#primaryimage"},"image":{"@id":"https:\/\/cjays.eu\/de\/produkt\/parweld-xts-204-2\/#primaryimage"},"thumbnailUrl":"https:\/\/cjays.eu\/wp-content\/uploads\/2022\/02\/Parweld-XTS204.jpg","datePublished":"2022-11-17T10:48:17+00:00","dateModified":"2022-11-17T10:53:12+00:00","description":"Parweld XTS 204 %%excerpt","breadcrumb":{"@id":"https:\/\/cjays.eu\/de\/produkt\/parweld-xts-204-2\/#breadcrumb"},"inLanguage":"de-DE","potentialAction":[{"@type":"ReadAction","target":["https:\/\/cjays.eu\/de\/produkt\/parweld-xts-204-2\/"]}]},{"@type":"ImageObject","inLanguage":"de-DE","@id":"https:\/\/cjays.eu\/de\/produkt\/parweld-xts-204-2\/#primaryimage","url":"https:\/\/cjays.eu\/wp-content\/uploads\/2022\/02\/Parweld-XTS204.jpg","contentUrl":"https:\/\/cjays.eu\/wp-content\/uploads\/2022\/02\/Parweld-XTS204.jpg","width":1440,"height":1920},{"@type":"BreadcrumbList","@id":"https:\/\/cjays.eu\/de\/produkt\/parweld-xts-204-2\/#breadcrumb","itemListElement":[{"@type":"ListItem","position":1,"name":"Home","item":"https:\/\/cjays.eu\/"},{"@type":"ListItem","position":2,"name":"Winkel","item":"https:\/\/cjays.eu\/winkel\/"},{"@type":"ListItem","position":3,"name":"Parweld XTS 204"}]},{"@type":"WebSite","@id":"https:\/\/cjays.eu\/#website","url":"https:\/\/cjays.eu\/","name":"Cjays Lastechniek | Gebruikte Lasapparaten","description":"Gebruikte &amp; Nieuwe Lasapparaten &amp; Lasbenodigdheden","publisher":{"@id":"https:\/\/cjays.eu\/#organization"},"alternateName":"Cjays","potentialAction":[{"@type":"SearchAction","target":{"@type":"EntryPoint","urlTemplate":"https:\/\/cjays.eu\/?s={search_term_string}"},"query-input":{"@type":"PropertyValueSpecification","valueRequired":true,"valueName":"search_term_string"}}],"inLanguage":"de-DE"},{"@type":"Organization","@id":"https:\/\/cjays.eu\/#organization","name":"Cjays Lastechniek","alternateName":"Cjays","url":"https:\/\/cjays.eu\/","logo":{"@type":"ImageObject","inLanguage":"de-DE","@id":"https:\/\/cjays.eu\/#\/schema\/logo\/image\/","url":"https:\/\/cjays.eu\/wp-content\/uploads\/2022\/01\/logo-cjays-e1643484777484.png","contentUrl":"https:\/\/cjays.eu\/wp-content\/uploads\/2022\/01\/logo-cjays-e1643484777484.png","width":500,"height":198,"caption":"Cjays Lastechniek"},"image":{"@id":"https:\/\/cjays.eu\/#\/schema\/logo\/image\/"},"sameAs":["https:\/\/www.facebook.com\/cjayslastechniek.nl","https:\/\/www.instagram.com\/cjays.lastechniek\/","https:\/\/www.youtube.com\/@cjayslastechniek2812"]}]}},"_links":{"self":[{"href":"https:\/\/cjays.eu\/de\/wp-json\/wp\/v2\/product\/254948","targetHints":{"allow":["GET"]}}],"collection":[{"href":"https:\/\/cjays.eu\/de\/wp-json\/wp\/v2\/product"}],"about":[{"href":"https:\/\/cjays.eu\/de\/wp-json\/wp\/v2\/types\/product"}],"replies":[{"embeddable":true,"href":"https:\/\/cjays.eu\/de\/wp-json\/wp\/v2\/comments?post=254948"}],"wp:featuredmedia":[{"embeddable":true,"href":"https:\/\/cjays.eu\/de\/wp-json\/wp\/v2\/media\/229087"}],"wp:attachment":[{"href":"https:\/\/cjays.eu\/de\/wp-json\/wp\/v2\/media?parent=254948"}],"wp:term":[{"taxonomy":"product_brand","embeddable":true,"href":"https:\/\/cjays.eu\/de\/wp-json\/wp\/v2\/product_brand?post=254948"},{"taxonomy":"product_cat","embeddable":true,"href":"https:\/\/cjays.eu\/de\/wp-json\/wp\/v2\/product_cat?post=254948"},{"taxonomy":"product_tag","embeddable":true,"href":"https:\/\/cjays.eu\/de\/wp-json\/wp\/v2\/product_tag?post=254948"}],"curies":[{"name":"wp","href":"https:\/\/api.w.org\/{rel}","templated":true}]}}