{"id":253290,"date":"2022-09-13T11:45:08","date_gmt":"2022-09-13T09:45:08","guid":{"rendered":"https:\/\/cjays.eu\/product\/parweld-xtm221-di-5-in-1\/"},"modified":"2024-09-26T12:53:04","modified_gmt":"2024-09-26T10:53:04","slug":"parweld-xtm221-di-5-in-1","status":"publish","type":"product","link":"https:\/\/cjays.eu\/de\/produkt\/parweld-xtm221-di-5-in-1\/","title":{"rendered":"Parweld XTM221 Di 5-in-1"},"content":{"rendered":"<p><iframe loading=\"lazy\" title=\"XTM 221Di User Interface Functions\" width=\"1220\" height=\"686\" src=\"https:\/\/www.youtube.com\/embed\/ejrxCB2lkPU?feature=oembed\" frameborder=\"0\" allow=\"accelerometer; autoplay; clipboard-write; encrypted-media; gyroscope; picture-in-picture; web-share\" referrerpolicy=\"strict-origin-when-cross-origin\" allowfullscreen><\/iframe><\/p>\n<p>TECHNISCHE INFORMATIONEN<\/p>\n<p>Parameter Wert<br \/>\nMaschinentyp Inverter MIG\/TIG\/MMA<br \/>\nPlasma-Schneider<br \/>\nSchwei\u00dfspule 300mm (15kg), 200mm (5kg)<br \/>\nDrahtvorschub 4 Rollenantrieb<br \/>\nDrahtst\u00e4rke 0,6 &#8211; 0,8 &#8211; 0,9 &#8211; 1,0mm<br \/>\nPrim\u00e4rspannung 110V \/ 230V (intelligente Umschaltung)<br \/>\nMaximaler Schwei\u00dfstrom 200A (1 x 240V)<br \/>\nAbsicherung 16A T (240V) &#8211; 32A T (110V)<br \/>\nPlasmaprogramme Standardschneiden<br \/>\nSchneiden von gelochten Blechen<br \/>\nFugenhobeln<br \/>\nSchnitte in der Produktion (Plasma) 12 mm<br \/>\nGelegentliche Schnitte (Plasma) 20 mm<br \/>\nKVA 3,7<br \/>\nGeneratorgr\u00f6\u00dfe 7 KVA<br \/>\nIsolierstoffklasse IP23S<br \/>\nAbmessungen (mm) 615 x 275 x 495<br \/>\nGewicht (kg) 27,8<\/p>\n<p>DC &#8211; 230V AC &#8211; 230V<br \/>\nEinschaltzeit bei 40\u00b0C &#8211; 10 min<\/p>\n<p>MIG 200A @ 30%<br \/>\n140A @ 60%<br \/>\n110A @ 100%<\/p>\n<p>WIG 200A @ 25%<br \/>\n130A @ 60%<br \/>\n100A @ 100% 200A @ 30%<br \/>\n140A @ 60%<br \/>\n110A @ 100%<br \/>\nPLASMA 40A @ 30%<br \/>\n28A @ 60%<br \/>\n22A @ 100%<\/p>\n<p>MMA 200A @ 30%<br \/>\n140A @ 60%<br \/>\n100A @ 100% 200A @ 25%<br \/>\n130A @ 60%<br \/>\n100A @ 100%<\/p>\n<p>&nbsp;<\/p>\n<p>\u00dcber die Prozessauswahl treffen Sie Ihre Wahl aus:<\/p>\n<p>MIG SYN: Synergisches MIG-Schwei\u00dfen mit einfacher und schneller Einstellung<br \/>\nMIG MAN: MIG-Schwei\u00dfen mit manueller Einstellung<br \/>\nWIG-Schwei\u00dfen: AC &amp; DC<br \/>\nMMA-Schwei\u00dfen: 60xx &amp; 70xx<br \/>\nPlasmaschneiden<\/p>\n","protected":false},"excerpt":{"rendered":"<h4><strong>Immer das richtige Schwei\u00dfger\u00e4t zur Hand. \u00dcberall einsetzbar und mit h\u00f6chstem Bedienungskomfort.<\/strong><\/h4>\n<p><strong>MMA AC\/DC<\/strong><\/p>\n<p><strong>MIG<\/strong><\/p>\n<p><strong>WIG DC MIT LIFT TIG ODER HF<\/strong><br \/>\n<strong>WIG AC MIT HF<\/strong><\/p>\n<p><strong>PLASMA SCHNEIDEN<\/strong><\/p>\n<p>Allgemeine Angaben<\/p>\n<p>Mit einem Druck auf den Brennerknopf kann man zwischen MIG-, WIG-Schwei\u00dfen und Plasmaschneiden umschalten.<br \/>\nDer XTM221Di hat an der R\u00fcckseite 3 Anschl\u00fcsse f\u00fcr die ben\u00f6tigte Gasflasche und\/oder Druckluft.<br \/>\nArbeitet mit einer 110 \/ 240V-Stromversorgung.<br \/>\nAutomatische Polarit\u00e4tsumschaltung. Kein Umstecken des Anschlusses an der Vorderseite der Maschine notwendig.<br \/>\nGro\u00dfes, hochwertiges Farbdisplay mit digitaler Schnittstelle in mehreren Sprachen (Niederl\u00e4ndisch, Franz\u00f6sisch und Englisch)<br \/>\nMemory-Funktion zum Speichern von Schwei\u00dfprogrammen.<br \/>\nThermisch gesteuerter Ventilator.<\/p>\n<p><strong>MIG-Schwei\u00dfen<\/strong><\/p>\n<p>Das Ger\u00e4t kann entweder auf MIG-Synergie oder MIG-Hand eingestellt werden.<br \/>\nSchwei\u00dfen von Stahl, rostfreiem Stahl und Aluminium ist m\u00f6glich.<br \/>\n4-Rad-Antrieb f\u00fcr eine stabile Zuf\u00fchrung des Schwei\u00dfdrahtes.<br \/>\nMIG-Schwei\u00dfen ab 0,9 mm Materialst\u00e4rke.<br \/>\nSchwei\u00dfdrahtdurchmesser: 0,6mm &#8211; 0,8mm &#8211; 0,9mm &#8211; 1,0mm.<br \/>\nSchwei\u00dfspule von 5kg oder 15kg kann montiert werden.<br \/>\nM\u00f6glichkeit eines MIG-Schwei\u00dfbrenners mit Fernsteuerung, die eine direkte Steuerung der Parameter vom Brenner aus erm\u00f6glicht (mit oder ohne Display).<\/p>\n<p><strong>WIG-Schwei\u00dfen<\/strong><\/p>\n<p>Der XTM221Di kann sowohl f\u00fcr das Gleichstrom- als auch f\u00fcr das Wechselstromschwei\u00dfen mit Lift-Tig und HF verwendet werden.<br \/>\nPulse TIG-Funktion f\u00fcr hervorragende Lichtbogenkontrolle.<br \/>\nWahlm\u00f6glichkeit zwischen manueller Einstellung und automatischer Einstellung.<br \/>\nSchwei\u00dfen von Stahl, rostfreiem Stahl und Aluminium.<br \/>\nOptionale Stromregelung am Brenner mit PRO3MS (auf\/ab) Schaltsystem.<br \/>\nOptionales Fu\u00dfpedal.<\/p>\n<p>Plasmaschneiden<\/p>\n<p>Separate Schnellkupplung an der R\u00fcckseite der Maschine f\u00fcr den Anschluss von Druckluft.<br \/>\nPlasmafunktionen: Standardschneiden, Lochblechschneiden und Fugenhobeln.<br \/>\nSchneidet in der Produktion 12 mm und gelegentlich 20 mm.<br \/>\nM\u00f6gliche Plasmabrenner: XT4000 &#8211; 6 Meter oder Hypertherm\u00ae 70 &#8211; 6 Meter Brenner.<br \/>\nEinschaltdauer 40A @ 30%, 28A @ 60%, 22A @ 100%.<\/p>\n<p><strong>Enth\u00e4lt:<\/strong><\/p>\n<p>4-Meter-Mig-Brenner<br \/>\n4-Meter-Tig-Brenner<br \/>\n6-Meter-Plasmabrenner XT4000<br \/>\n3 Gasschl\u00e4uche (Mig, Tig &amp; Plasma)<br \/>\n2 Antriebsrollen: 0,8 &#8211; 1,0 MM f\u00fcr Stahl\/Edelstahl<br \/>\nOnline-Handbuch in Englisch und Niederl\u00e4ndisch<br \/>\nCE-Zertifikat<\/p>\n","protected":false},"featured_media":253275,"comment_status":"closed","ping_status":"closed","template":"","meta":[],"product_brand":[],"product_cat":[144,470,467,134,4117,475],"product_tag":[],"class_list":{"0":"post-253290","1":"product","2":"type-product","3":"status-publish","4":"has-post-thumbnail","6":"product_cat-alle-produkte","7":"product_cat-kompakt","8":"product_cat-mig-schweisgerate-neu","9":"product_cat-neue-schweisgerate","10":"product_cat-parweld-2-de","11":"product_cat-tragbar","12":"product_shipping_class-halve-pallet-de","14":"first","15":"onbackorder","16":"taxable","17":"shipping-taxable","18":"purchasable","19":"product-type-variable"},"yoast_head":"<!-- This site is optimized with the Yoast SEO plugin v27.5 - https:\/\/yoast.com\/product\/yoast-seo-wordpress\/ -->\n<title>Parweld XTM221 Di 5-in-1 - Cjays Lastechniek<\/title>\n<meta name=\"description\" content=\"Altijd de juiste lasmachine bij de hand. Overal inzetbaar en met het grootste gebruikscomfort.\u00a0MMA AC\/DC\u00a0MIG\u00a0TIG DC MET LIFT TIG OF HF\u00a0TIG AC MET HF.\" \/>\n<meta name=\"robots\" content=\"index, follow, max-snippet:-1, max-image-preview:large, max-video-preview:-1\" \/>\n<link rel=\"canonical\" href=\"https:\/\/cjays.eu\/de\/produkt\/parweld-xtm221-di-5-in-1\/\" \/>\n<meta property=\"og:locale\" content=\"de_DE\" \/>\n<meta property=\"og:type\" content=\"article\" \/>\n<meta property=\"og:title\" content=\"Parweld XTM221 Di 5-in-1 - Cjays Lastechniek\" \/>\n<meta property=\"og:description\" content=\"Altijd de juiste lasmachine bij de hand. Overal inzetbaar en met het grootste gebruikscomfort.\u00a0MMA AC\/DC\u00a0MIG\u00a0TIG DC MET LIFT TIG OF HF\u00a0TIG AC MET HF.\" \/>\n<meta property=\"og:url\" content=\"https:\/\/cjays.eu\/de\/produkt\/parweld-xtm221-di-5-in-1\/\" \/>\n<meta property=\"og:site_name\" content=\"Cjays Lastechniek | Gebruikte Lasapparaten\" \/>\n<meta property=\"article:publisher\" content=\"https:\/\/www.facebook.com\/cjayslastechniek.nl\" \/>\n<meta property=\"article:modified_time\" content=\"2024-09-26T10:53:04+00:00\" \/>\n<meta property=\"og:image\" content=\"https:\/\/cjays.eu\/wp-content\/uploads\/2022\/09\/Parweld-XTM221-Di-scaled.jpg\" \/>\n\t<meta property=\"og:image:width\" content=\"2560\" \/>\n\t<meta property=\"og:image:height\" content=\"2560\" \/>\n\t<meta property=\"og:image:type\" content=\"image\/jpeg\" \/>\n<meta name=\"twitter:card\" content=\"summary_large_image\" \/>\n<meta name=\"twitter:label1\" content=\"Gesch\u00e4tzte Lesezeit\" \/>\n\t<meta name=\"twitter:data1\" content=\"1 minute\" \/>\n<script type=\"application\/ld+json\" class=\"yoast-schema-graph\">{\"@context\":\"https:\\\/\\\/schema.org\",\"@graph\":[{\"@type\":\"WebPage\",\"@id\":\"https:\\\/\\\/cjays.eu\\\/de\\\/produkt\\\/parweld-xtm221-di-5-in-1\\\/\",\"url\":\"https:\\\/\\\/cjays.eu\\\/de\\\/produkt\\\/parweld-xtm221-di-5-in-1\\\/\",\"name\":\"Parweld XTM221 Di 5-in-1 - Cjays Lastechniek\",\"isPartOf\":{\"@id\":\"https:\\\/\\\/cjays.eu\\\/#website\"},\"primaryImageOfPage\":{\"@id\":\"https:\\\/\\\/cjays.eu\\\/de\\\/produkt\\\/parweld-xtm221-di-5-in-1\\\/#primaryimage\"},\"image\":{\"@id\":\"https:\\\/\\\/cjays.eu\\\/de\\\/produkt\\\/parweld-xtm221-di-5-in-1\\\/#primaryimage\"},\"thumbnailUrl\":\"https:\\\/\\\/cjays.eu\\\/wp-content\\\/uploads\\\/2022\\\/09\\\/Parweld-XTM221-Di-scaled.jpg\",\"datePublished\":\"2022-09-13T09:45:08+00:00\",\"dateModified\":\"2024-09-26T10:53:04+00:00\",\"description\":\"Altijd de juiste lasmachine bij de hand. Overal inzetbaar en met het grootste gebruikscomfort.\u00a0MMA AC\\\/DC\u00a0MIG\u00a0TIG DC MET LIFT TIG OF HF\u00a0TIG AC MET HF.\",\"breadcrumb\":{\"@id\":\"https:\\\/\\\/cjays.eu\\\/de\\\/produkt\\\/parweld-xtm221-di-5-in-1\\\/#breadcrumb\"},\"inLanguage\":\"de-DE\",\"potentialAction\":[{\"@type\":\"ReadAction\",\"target\":[\"https:\\\/\\\/cjays.eu\\\/de\\\/produkt\\\/parweld-xtm221-di-5-in-1\\\/\"]}]},{\"@type\":\"ImageObject\",\"inLanguage\":\"de-DE\",\"@id\":\"https:\\\/\\\/cjays.eu\\\/de\\\/produkt\\\/parweld-xtm221-di-5-in-1\\\/#primaryimage\",\"url\":\"https:\\\/\\\/cjays.eu\\\/wp-content\\\/uploads\\\/2022\\\/09\\\/Parweld-XTM221-Di-scaled.jpg\",\"contentUrl\":\"https:\\\/\\\/cjays.eu\\\/wp-content\\\/uploads\\\/2022\\\/09\\\/Parweld-XTM221-Di-scaled.jpg\",\"width\":2560,\"height\":2560},{\"@type\":\"BreadcrumbList\",\"@id\":\"https:\\\/\\\/cjays.eu\\\/de\\\/produkt\\\/parweld-xtm221-di-5-in-1\\\/#breadcrumb\",\"itemListElement\":[{\"@type\":\"ListItem\",\"position\":1,\"name\":\"Home\",\"item\":\"https:\\\/\\\/cjays.eu\\\/\"},{\"@type\":\"ListItem\",\"position\":2,\"name\":\"Winkel\",\"item\":\"https:\\\/\\\/cjays.eu\\\/winkel\\\/\"},{\"@type\":\"ListItem\",\"position\":3,\"name\":\"Parweld XTM221 Di 5-in-1\"}]},{\"@type\":\"WebSite\",\"@id\":\"https:\\\/\\\/cjays.eu\\\/#website\",\"url\":\"https:\\\/\\\/cjays.eu\\\/\",\"name\":\"Cjays Lastechniek | Gebruikte Lasapparaten\",\"description\":\"Gebruikte &amp; Nieuwe Lasapparaten &amp; Lasbenodigdheden\",\"publisher\":{\"@id\":\"https:\\\/\\\/cjays.eu\\\/#organization\"},\"alternateName\":\"Cjays\",\"potentialAction\":[{\"@type\":\"SearchAction\",\"target\":{\"@type\":\"EntryPoint\",\"urlTemplate\":\"https:\\\/\\\/cjays.eu\\\/?s={search_term_string}\"},\"query-input\":{\"@type\":\"PropertyValueSpecification\",\"valueRequired\":true,\"valueName\":\"search_term_string\"}}],\"inLanguage\":\"de-DE\"},{\"@type\":\"Organization\",\"@id\":\"https:\\\/\\\/cjays.eu\\\/#organization\",\"name\":\"Cjays Lastechniek\",\"alternateName\":\"Cjays\",\"url\":\"https:\\\/\\\/cjays.eu\\\/\",\"logo\":{\"@type\":\"ImageObject\",\"inLanguage\":\"de-DE\",\"@id\":\"https:\\\/\\\/cjays.eu\\\/#\\\/schema\\\/logo\\\/image\\\/\",\"url\":\"https:\\\/\\\/cjays.eu\\\/wp-content\\\/uploads\\\/2022\\\/01\\\/logo-cjays-e1643484777484.png\",\"contentUrl\":\"https:\\\/\\\/cjays.eu\\\/wp-content\\\/uploads\\\/2022\\\/01\\\/logo-cjays-e1643484777484.png\",\"width\":500,\"height\":198,\"caption\":\"Cjays Lastechniek\"},\"image\":{\"@id\":\"https:\\\/\\\/cjays.eu\\\/#\\\/schema\\\/logo\\\/image\\\/\"},\"sameAs\":[\"https:\\\/\\\/www.facebook.com\\\/cjayslastechniek.nl\",\"https:\\\/\\\/www.instagram.com\\\/cjays.lastechniek\\\/\",\"https:\\\/\\\/www.youtube.com\\\/@cjayslastechniek2812\"]}]}<\/script>\n<!-- \/ Yoast SEO plugin. -->","yoast_head_json":{"title":"Parweld XTM221 Di 5-in-1 - Cjays Lastechniek","description":"Altijd de juiste lasmachine bij de hand. Overal inzetbaar en met het grootste gebruikscomfort.\u00a0MMA AC\/DC\u00a0MIG\u00a0TIG DC MET LIFT TIG OF HF\u00a0TIG AC MET HF.","robots":{"index":"index","follow":"follow","max-snippet":"max-snippet:-1","max-image-preview":"max-image-preview:large","max-video-preview":"max-video-preview:-1"},"canonical":"https:\/\/cjays.eu\/de\/produkt\/parweld-xtm221-di-5-in-1\/","og_locale":"de_DE","og_type":"article","og_title":"Parweld XTM221 Di 5-in-1 - Cjays Lastechniek","og_description":"Altijd de juiste lasmachine bij de hand. Overal inzetbaar en met het grootste gebruikscomfort.\u00a0MMA AC\/DC\u00a0MIG\u00a0TIG DC MET LIFT TIG OF HF\u00a0TIG AC MET HF.","og_url":"https:\/\/cjays.eu\/de\/produkt\/parweld-xtm221-di-5-in-1\/","og_site_name":"Cjays Lastechniek | Gebruikte Lasapparaten","article_publisher":"https:\/\/www.facebook.com\/cjayslastechniek.nl","article_modified_time":"2024-09-26T10:53:04+00:00","og_image":[{"width":2560,"height":2560,"url":"https:\/\/cjays.eu\/wp-content\/uploads\/2022\/09\/Parweld-XTM221-Di-scaled.jpg","type":"image\/jpeg"}],"twitter_card":"summary_large_image","twitter_misc":{"Gesch\u00e4tzte Lesezeit":"1 minute"},"schema":{"@context":"https:\/\/schema.org","@graph":[{"@type":"WebPage","@id":"https:\/\/cjays.eu\/de\/produkt\/parweld-xtm221-di-5-in-1\/","url":"https:\/\/cjays.eu\/de\/produkt\/parweld-xtm221-di-5-in-1\/","name":"Parweld XTM221 Di 5-in-1 - Cjays Lastechniek","isPartOf":{"@id":"https:\/\/cjays.eu\/#website"},"primaryImageOfPage":{"@id":"https:\/\/cjays.eu\/de\/produkt\/parweld-xtm221-di-5-in-1\/#primaryimage"},"image":{"@id":"https:\/\/cjays.eu\/de\/produkt\/parweld-xtm221-di-5-in-1\/#primaryimage"},"thumbnailUrl":"https:\/\/cjays.eu\/wp-content\/uploads\/2022\/09\/Parweld-XTM221-Di-scaled.jpg","datePublished":"2022-09-13T09:45:08+00:00","dateModified":"2024-09-26T10:53:04+00:00","description":"Altijd de juiste lasmachine bij de hand. Overal inzetbaar en met het grootste gebruikscomfort.\u00a0MMA AC\/DC\u00a0MIG\u00a0TIG DC MET LIFT TIG OF HF\u00a0TIG AC MET HF.","breadcrumb":{"@id":"https:\/\/cjays.eu\/de\/produkt\/parweld-xtm221-di-5-in-1\/#breadcrumb"},"inLanguage":"de-DE","potentialAction":[{"@type":"ReadAction","target":["https:\/\/cjays.eu\/de\/produkt\/parweld-xtm221-di-5-in-1\/"]}]},{"@type":"ImageObject","inLanguage":"de-DE","@id":"https:\/\/cjays.eu\/de\/produkt\/parweld-xtm221-di-5-in-1\/#primaryimage","url":"https:\/\/cjays.eu\/wp-content\/uploads\/2022\/09\/Parweld-XTM221-Di-scaled.jpg","contentUrl":"https:\/\/cjays.eu\/wp-content\/uploads\/2022\/09\/Parweld-XTM221-Di-scaled.jpg","width":2560,"height":2560},{"@type":"BreadcrumbList","@id":"https:\/\/cjays.eu\/de\/produkt\/parweld-xtm221-di-5-in-1\/#breadcrumb","itemListElement":[{"@type":"ListItem","position":1,"name":"Home","item":"https:\/\/cjays.eu\/"},{"@type":"ListItem","position":2,"name":"Winkel","item":"https:\/\/cjays.eu\/winkel\/"},{"@type":"ListItem","position":3,"name":"Parweld XTM221 Di 5-in-1"}]},{"@type":"WebSite","@id":"https:\/\/cjays.eu\/#website","url":"https:\/\/cjays.eu\/","name":"Cjays Lastechniek | Gebruikte Lasapparaten","description":"Gebruikte &amp; Nieuwe Lasapparaten &amp; Lasbenodigdheden","publisher":{"@id":"https:\/\/cjays.eu\/#organization"},"alternateName":"Cjays","potentialAction":[{"@type":"SearchAction","target":{"@type":"EntryPoint","urlTemplate":"https:\/\/cjays.eu\/?s={search_term_string}"},"query-input":{"@type":"PropertyValueSpecification","valueRequired":true,"valueName":"search_term_string"}}],"inLanguage":"de-DE"},{"@type":"Organization","@id":"https:\/\/cjays.eu\/#organization","name":"Cjays Lastechniek","alternateName":"Cjays","url":"https:\/\/cjays.eu\/","logo":{"@type":"ImageObject","inLanguage":"de-DE","@id":"https:\/\/cjays.eu\/#\/schema\/logo\/image\/","url":"https:\/\/cjays.eu\/wp-content\/uploads\/2022\/01\/logo-cjays-e1643484777484.png","contentUrl":"https:\/\/cjays.eu\/wp-content\/uploads\/2022\/01\/logo-cjays-e1643484777484.png","width":500,"height":198,"caption":"Cjays Lastechniek"},"image":{"@id":"https:\/\/cjays.eu\/#\/schema\/logo\/image\/"},"sameAs":["https:\/\/www.facebook.com\/cjayslastechniek.nl","https:\/\/www.instagram.com\/cjays.lastechniek\/","https:\/\/www.youtube.com\/@cjayslastechniek2812"]}]}},"_links":{"self":[{"href":"https:\/\/cjays.eu\/de\/wp-json\/wp\/v2\/product\/253290","targetHints":{"allow":["GET"]}}],"collection":[{"href":"https:\/\/cjays.eu\/de\/wp-json\/wp\/v2\/product"}],"about":[{"href":"https:\/\/cjays.eu\/de\/wp-json\/wp\/v2\/types\/product"}],"replies":[{"embeddable":true,"href":"https:\/\/cjays.eu\/de\/wp-json\/wp\/v2\/comments?post=253290"}],"wp:featuredmedia":[{"embeddable":true,"href":"https:\/\/cjays.eu\/de\/wp-json\/wp\/v2\/media\/253275"}],"wp:attachment":[{"href":"https:\/\/cjays.eu\/de\/wp-json\/wp\/v2\/media?parent=253290"}],"wp:term":[{"taxonomy":"product_brand","embeddable":true,"href":"https:\/\/cjays.eu\/de\/wp-json\/wp\/v2\/product_brand?post=253290"},{"taxonomy":"product_cat","embeddable":true,"href":"https:\/\/cjays.eu\/de\/wp-json\/wp\/v2\/product_cat?post=253290"},{"taxonomy":"product_tag","embeddable":true,"href":"https:\/\/cjays.eu\/de\/wp-json\/wp\/v2\/product_tag?post=253290"}],"curies":[{"name":"wp","href":"https:\/\/api.w.org\/{rel}","templated":true}]}}