{"id":251987,"date":"2022-07-15T12:54:38","date_gmt":"2022-07-15T10:54:38","guid":{"rendered":"https:\/\/cjays.eu\/product\/migatronic-rallymig-161i\/"},"modified":"2024-12-12T09:06:46","modified_gmt":"2024-12-12T08:06:46","slug":"migatronic-rallymig-161i","status":"publish","type":"product","link":"https:\/\/cjays.eu\/de\/produkt\/migatronic-rallymig-161i\/","title":{"rendered":"Migatronic RallyMig 161i"},"content":{"rendered":"<p><iframe loading=\"lazy\" title=\"Migatronic RallyMig presented by Make it Extreme!\" width=\"1220\" height=\"686\" src=\"https:\/\/www.youtube.com\/embed\/rsRIb7uvtK0?start=1&#038;feature=oembed\" frameborder=\"0\" allow=\"accelerometer; autoplay; clipboard-write; encrypted-media; gyroscope; picture-in-picture; web-share\" referrerpolicy=\"strict-origin-when-cross-origin\" allowfullscreen><\/iframe><\/p>\n<p><strong>Einstufige Multi-Prozess-Inverter-Maschine, die es in sich hat<\/strong><br \/>\nDie RallyMIG ist das Allround-Schwei\u00dfger\u00e4t mit den Schwei\u00dfverfahren MIG\/MAG, MMA und WIG. Verwenden Sie es f\u00fcr alle Schwei\u00dfarbeiten in Baustahl, Edelstahl und Aluminium.<\/p>\n<p><strong>Verf\u00fcgt \u00fcber die Schwei\u00dfverfahren MIG\/MAG, MMA und Lift TIG.<\/strong><br \/>\n<strong>Tragbar<\/strong><br \/>\n<strong>Synergistische Schwei\u00dfprogramme<\/strong><br \/>\n<strong>Intuitives Bedienfeld, einfach zu bedienen<\/strong><br \/>\nDieses vielseitige Schwei\u00dfger\u00e4t ist aufgrund seiner Multiprozess-Schwei\u00dfeigenschaften ideal f\u00fcr jede Garage und gut ausgestattete Werkstatt geeignet. Es ist das ideale Schwei\u00dfger\u00e4t f\u00fcr den professionellen Handwerker, der verschiedene Schwei\u00dfverfahren f\u00fcr kleine Reparaturen im Innen- und Au\u00dfenbereich ben\u00f6tigt.<\/p>\n<p><strong>Einfach zu bedienen, perfekt f\u00fcr den Transport<\/strong><br \/>\nRallyMIG ist klein und tragbar. Dank seines robusten Tragegriffs l\u00e4sst er sich leicht mitnehmen. RallyMIG ist perfekt f\u00fcr das Schwei\u00dfen vor Ort. Die serienm\u00e4\u00dfige Umpolung &#8211; f\u00fcr das Schwei\u00dfen mit Innenschutzdraht (ohne Gas) &#8211; macht das Schwei\u00dfen im Freien unkomplizierter. Machen Sie sich mit Ihrem RallyMIG auf das Abenteuer Schwei\u00dfen gefasst!<\/p>\n<p><strong>Intuitives Bedienfeld mit synergetischen Schwei\u00dfprogrammen<\/strong><br \/>\nDas intuitive Bedienfeld macht die Maschine benutzerfreundlich und einfach zu bedienen. Sie verf\u00fcgt \u00fcber synergetische Schwei\u00dfprogramme &#8211; ein Drehknopf wird gedreht, und die Maschine stellt automatisch alle anderen Schwei\u00dfparameter ein.<\/p>\n<p><strong>Bereit sein f\u00fcr die Schwei\u00dfaufgaben von morgen<\/strong><br \/>\nHalten Sie immer die neueste Software-Aktualisierung \u00fcber Ihre SD-Karte bereit. Erf\u00fcllen Sie k\u00fcnftige Anforderungen und sind Sie f\u00fcr jede Schwei\u00dfaufgabe ger\u00fcstet. Ihr RallyMIG wird nicht veraltet sein.<\/p>\n<p><strong>Maximale Flexibilit\u00e4t<\/strong><br \/>\nDie Migatronic RallyMig 161i ist mit einem ergonomischen, um 360\u00b0 drehbaren Brennergriff ausgestattet. Dies sorgt f\u00fcr mehr Komfort und gr\u00f6\u00dfere Flexibilit\u00e4t bei der Ausf\u00fchrung schwierigerer Schwei\u00dfpositionen.<\/p>\n<p><strong>Maximale Nutzung der Leistung sicherstellen<\/strong><\/p>\n<p>Das RallyMIG ist mit PFC (Power Factor Correction) ausgestattet, so dass Sie mit einem langen Netzkabel schwei\u00dfen k\u00f6nnen.<br \/>\nPFC sorgt f\u00fcr eine maximale Ausnutzung des Stromnetzes und erm\u00f6glicht das Schwei\u00dfen mit ca. 25% h\u00f6herem Schwei\u00dfstrom bei nur 16 A Netzsicherung.<\/p>\n","protected":false},"excerpt":{"rendered":"<ul>\n<li><strong>160 Ampere<\/strong><\/li>\n<li><strong>230 Volt<\/strong><\/li>\n<li>Anschluss-Spannung 1\u00d7230 V<\/li>\n<li>Anschlussspannung 16 A<\/li>\n<li>Strombereich 20-160 A<\/li>\n<li>Einschaltdauer: MIG 20\u00b0C 160 A 40% 145 A 60% 135 A 100%<\/li>\n<li>Schutzart IP 23<\/li>\n<li>Offene Spannung 75 V<\/li>\n<li>Abmessungen L x B x H, cm 45 x 23 x 37 cm<\/li>\n<li>Gewicht 13 kg<\/li>\n<li>Norm EN 60974-1\/-10<\/li>\n<\/ul>\n<p><strong>Das Ger\u00e4t wird standardm\u00e4\u00dfig mit einer festen Mig Schwei\u00dfbrenner und 3 m Erdungskabel geliefert. Mit dieser Maschine k\u00f6nnen Sie Stahl, rostfreien Stahl, Aluminium (ohne Puls) und Cusi schwei\u00dfen. Zum Schwei\u00dfen von Aluminium und Cusi ben\u00f6tigen Sie das Aluminium-Kit.<\/strong><\/p>\n<p><a href=\"https:\/\/www.migatronic.com\/en\/products-and-solutions\/welding-machines\/rallymig\/\">https:\/\/www.migatronic.com\/en\/products-and-solutions\/welding-machines\/rallymig\/<\/a><\/p>\n","protected":false},"featured_media":263822,"comment_status":"closed","ping_status":"closed","template":"","meta":[],"product_brand":[],"product_cat":[144,467,4122,134,475],"product_tag":[],"class_list":{"0":"post-251987","1":"product","2":"type-product","3":"status-publish","4":"has-post-thumbnail","6":"product_cat-alle-produkte","7":"product_cat-mig-schweisgerate-neu","8":"product_cat-migatronic-de","9":"product_cat-neue-schweisgerate","10":"product_cat-tragbar","11":"product_shipping_class-kleine-machines-europa-de","13":"first","14":"onbackorder","15":"sale","16":"taxable","17":"shipping-taxable","18":"purchasable","19":"product-type-simple"},"yoast_head":"<!-- This site is optimized with the Yoast SEO plugin v27.4 - https:\/\/yoast.com\/product\/yoast-seo-wordpress\/ -->\n<title>Migatronic RallyMig 161i - Cjays Lastechniek | Gebruikte Lasapparaten<\/title>\n<meta name=\"description\" content=\"Migatronic RallyMig 161i %%excerpt\" \/>\n<meta name=\"robots\" content=\"index, follow, max-snippet:-1, max-image-preview:large, max-video-preview:-1\" \/>\n<link rel=\"canonical\" href=\"https:\/\/cjays.eu\/de\/produkt\/migatronic-rallymig-161i\/\" \/>\n<meta property=\"og:locale\" content=\"de_DE\" \/>\n<meta property=\"og:type\" content=\"article\" \/>\n<meta property=\"og:title\" content=\"Migatronic RallyMig 161i - Cjays Lastechniek | Gebruikte Lasapparaten\" \/>\n<meta property=\"og:description\" content=\"Migatronic RallyMig 161i %%excerpt\" \/>\n<meta property=\"og:url\" content=\"https:\/\/cjays.eu\/de\/produkt\/migatronic-rallymig-161i\/\" \/>\n<meta property=\"og:site_name\" content=\"Cjays Lastechniek | Gebruikte Lasapparaten\" \/>\n<meta property=\"article:publisher\" content=\"https:\/\/www.facebook.com\/cjayslastechniek.nl\" \/>\n<meta property=\"article:modified_time\" content=\"2024-12-12T08:06:46+00:00\" \/>\n<meta property=\"og:image\" content=\"https:\/\/cjays.eu\/wp-content\/uploads\/2022\/07\/RallyMig_161i.png\" \/>\n\t<meta property=\"og:image:width\" content=\"800\" \/>\n\t<meta property=\"og:image:height\" content=\"800\" \/>\n\t<meta property=\"og:image:type\" content=\"image\/png\" \/>\n<meta name=\"twitter:card\" content=\"summary_large_image\" \/>\n<meta name=\"twitter:label1\" content=\"Gesch\u00e4tzte Lesezeit\" \/>\n\t<meta name=\"twitter:data1\" content=\"2 minutes\" \/>\n<script type=\"application\/ld+json\" class=\"yoast-schema-graph\">{\"@context\":\"https:\\\/\\\/schema.org\",\"@graph\":[{\"@type\":\"WebPage\",\"@id\":\"https:\\\/\\\/cjays.eu\\\/de\\\/produkt\\\/migatronic-rallymig-161i\\\/\",\"url\":\"https:\\\/\\\/cjays.eu\\\/de\\\/produkt\\\/migatronic-rallymig-161i\\\/\",\"name\":\"Migatronic RallyMig 161i - Cjays Lastechniek | Gebruikte Lasapparaten\",\"isPartOf\":{\"@id\":\"https:\\\/\\\/cjays.eu\\\/#website\"},\"primaryImageOfPage\":{\"@id\":\"https:\\\/\\\/cjays.eu\\\/de\\\/produkt\\\/migatronic-rallymig-161i\\\/#primaryimage\"},\"image\":{\"@id\":\"https:\\\/\\\/cjays.eu\\\/de\\\/produkt\\\/migatronic-rallymig-161i\\\/#primaryimage\"},\"thumbnailUrl\":\"https:\\\/\\\/cjays.eu\\\/wp-content\\\/uploads\\\/2022\\\/07\\\/RallyMig_161i.png\",\"datePublished\":\"2022-07-15T10:54:38+00:00\",\"dateModified\":\"2024-12-12T08:06:46+00:00\",\"description\":\"Migatronic RallyMig 161i %%excerpt\",\"breadcrumb\":{\"@id\":\"https:\\\/\\\/cjays.eu\\\/de\\\/produkt\\\/migatronic-rallymig-161i\\\/#breadcrumb\"},\"inLanguage\":\"de-DE\",\"potentialAction\":[{\"@type\":\"ReadAction\",\"target\":[\"https:\\\/\\\/cjays.eu\\\/de\\\/produkt\\\/migatronic-rallymig-161i\\\/\"]}]},{\"@type\":\"ImageObject\",\"inLanguage\":\"de-DE\",\"@id\":\"https:\\\/\\\/cjays.eu\\\/de\\\/produkt\\\/migatronic-rallymig-161i\\\/#primaryimage\",\"url\":\"https:\\\/\\\/cjays.eu\\\/wp-content\\\/uploads\\\/2022\\\/07\\\/RallyMig_161i.png\",\"contentUrl\":\"https:\\\/\\\/cjays.eu\\\/wp-content\\\/uploads\\\/2022\\\/07\\\/RallyMig_161i.png\",\"width\":800,\"height\":800},{\"@type\":\"BreadcrumbList\",\"@id\":\"https:\\\/\\\/cjays.eu\\\/de\\\/produkt\\\/migatronic-rallymig-161i\\\/#breadcrumb\",\"itemListElement\":[{\"@type\":\"ListItem\",\"position\":1,\"name\":\"Home\",\"item\":\"https:\\\/\\\/cjays.eu\\\/\"},{\"@type\":\"ListItem\",\"position\":2,\"name\":\"Winkel\",\"item\":\"https:\\\/\\\/cjays.eu\\\/winkel\\\/\"},{\"@type\":\"ListItem\",\"position\":3,\"name\":\"Migatronic RallyMig 161i\"}]},{\"@type\":\"WebSite\",\"@id\":\"https:\\\/\\\/cjays.eu\\\/#website\",\"url\":\"https:\\\/\\\/cjays.eu\\\/\",\"name\":\"Cjays Lastechniek | Gebruikte Lasapparaten\",\"description\":\"Gebruikte &amp; Nieuwe Lasapparaten &amp; Lasbenodigdheden\",\"publisher\":{\"@id\":\"https:\\\/\\\/cjays.eu\\\/#organization\"},\"alternateName\":\"Cjays\",\"potentialAction\":[{\"@type\":\"SearchAction\",\"target\":{\"@type\":\"EntryPoint\",\"urlTemplate\":\"https:\\\/\\\/cjays.eu\\\/?s={search_term_string}\"},\"query-input\":{\"@type\":\"PropertyValueSpecification\",\"valueRequired\":true,\"valueName\":\"search_term_string\"}}],\"inLanguage\":\"de-DE\"},{\"@type\":\"Organization\",\"@id\":\"https:\\\/\\\/cjays.eu\\\/#organization\",\"name\":\"Cjays Lastechniek\",\"alternateName\":\"Cjays\",\"url\":\"https:\\\/\\\/cjays.eu\\\/\",\"logo\":{\"@type\":\"ImageObject\",\"inLanguage\":\"de-DE\",\"@id\":\"https:\\\/\\\/cjays.eu\\\/#\\\/schema\\\/logo\\\/image\\\/\",\"url\":\"https:\\\/\\\/cjays.eu\\\/wp-content\\\/uploads\\\/2022\\\/01\\\/logo-cjays-e1643484777484.png\",\"contentUrl\":\"https:\\\/\\\/cjays.eu\\\/wp-content\\\/uploads\\\/2022\\\/01\\\/logo-cjays-e1643484777484.png\",\"width\":500,\"height\":198,\"caption\":\"Cjays Lastechniek\"},\"image\":{\"@id\":\"https:\\\/\\\/cjays.eu\\\/#\\\/schema\\\/logo\\\/image\\\/\"},\"sameAs\":[\"https:\\\/\\\/www.facebook.com\\\/cjayslastechniek.nl\",\"https:\\\/\\\/www.instagram.com\\\/cjays.lastechniek\\\/\",\"https:\\\/\\\/www.youtube.com\\\/@cjayslastechniek2812\"]}]}<\/script>\n<!-- \/ Yoast SEO plugin. -->","yoast_head_json":{"title":"Migatronic RallyMig 161i - Cjays Lastechniek | Gebruikte Lasapparaten","description":"Migatronic RallyMig 161i %%excerpt","robots":{"index":"index","follow":"follow","max-snippet":"max-snippet:-1","max-image-preview":"max-image-preview:large","max-video-preview":"max-video-preview:-1"},"canonical":"https:\/\/cjays.eu\/de\/produkt\/migatronic-rallymig-161i\/","og_locale":"de_DE","og_type":"article","og_title":"Migatronic RallyMig 161i - Cjays Lastechniek | Gebruikte Lasapparaten","og_description":"Migatronic RallyMig 161i %%excerpt","og_url":"https:\/\/cjays.eu\/de\/produkt\/migatronic-rallymig-161i\/","og_site_name":"Cjays Lastechniek | Gebruikte Lasapparaten","article_publisher":"https:\/\/www.facebook.com\/cjayslastechniek.nl","article_modified_time":"2024-12-12T08:06:46+00:00","og_image":[{"width":800,"height":800,"url":"https:\/\/cjays.eu\/wp-content\/uploads\/2022\/07\/RallyMig_161i.png","type":"image\/png"}],"twitter_card":"summary_large_image","twitter_misc":{"Gesch\u00e4tzte Lesezeit":"2 minutes"},"schema":{"@context":"https:\/\/schema.org","@graph":[{"@type":"WebPage","@id":"https:\/\/cjays.eu\/de\/produkt\/migatronic-rallymig-161i\/","url":"https:\/\/cjays.eu\/de\/produkt\/migatronic-rallymig-161i\/","name":"Migatronic RallyMig 161i - Cjays Lastechniek | Gebruikte Lasapparaten","isPartOf":{"@id":"https:\/\/cjays.eu\/#website"},"primaryImageOfPage":{"@id":"https:\/\/cjays.eu\/de\/produkt\/migatronic-rallymig-161i\/#primaryimage"},"image":{"@id":"https:\/\/cjays.eu\/de\/produkt\/migatronic-rallymig-161i\/#primaryimage"},"thumbnailUrl":"https:\/\/cjays.eu\/wp-content\/uploads\/2022\/07\/RallyMig_161i.png","datePublished":"2022-07-15T10:54:38+00:00","dateModified":"2024-12-12T08:06:46+00:00","description":"Migatronic RallyMig 161i %%excerpt","breadcrumb":{"@id":"https:\/\/cjays.eu\/de\/produkt\/migatronic-rallymig-161i\/#breadcrumb"},"inLanguage":"de-DE","potentialAction":[{"@type":"ReadAction","target":["https:\/\/cjays.eu\/de\/produkt\/migatronic-rallymig-161i\/"]}]},{"@type":"ImageObject","inLanguage":"de-DE","@id":"https:\/\/cjays.eu\/de\/produkt\/migatronic-rallymig-161i\/#primaryimage","url":"https:\/\/cjays.eu\/wp-content\/uploads\/2022\/07\/RallyMig_161i.png","contentUrl":"https:\/\/cjays.eu\/wp-content\/uploads\/2022\/07\/RallyMig_161i.png","width":800,"height":800},{"@type":"BreadcrumbList","@id":"https:\/\/cjays.eu\/de\/produkt\/migatronic-rallymig-161i\/#breadcrumb","itemListElement":[{"@type":"ListItem","position":1,"name":"Home","item":"https:\/\/cjays.eu\/"},{"@type":"ListItem","position":2,"name":"Winkel","item":"https:\/\/cjays.eu\/winkel\/"},{"@type":"ListItem","position":3,"name":"Migatronic RallyMig 161i"}]},{"@type":"WebSite","@id":"https:\/\/cjays.eu\/#website","url":"https:\/\/cjays.eu\/","name":"Cjays Lastechniek | Gebruikte Lasapparaten","description":"Gebruikte &amp; Nieuwe Lasapparaten &amp; Lasbenodigdheden","publisher":{"@id":"https:\/\/cjays.eu\/#organization"},"alternateName":"Cjays","potentialAction":[{"@type":"SearchAction","target":{"@type":"EntryPoint","urlTemplate":"https:\/\/cjays.eu\/?s={search_term_string}"},"query-input":{"@type":"PropertyValueSpecification","valueRequired":true,"valueName":"search_term_string"}}],"inLanguage":"de-DE"},{"@type":"Organization","@id":"https:\/\/cjays.eu\/#organization","name":"Cjays Lastechniek","alternateName":"Cjays","url":"https:\/\/cjays.eu\/","logo":{"@type":"ImageObject","inLanguage":"de-DE","@id":"https:\/\/cjays.eu\/#\/schema\/logo\/image\/","url":"https:\/\/cjays.eu\/wp-content\/uploads\/2022\/01\/logo-cjays-e1643484777484.png","contentUrl":"https:\/\/cjays.eu\/wp-content\/uploads\/2022\/01\/logo-cjays-e1643484777484.png","width":500,"height":198,"caption":"Cjays Lastechniek"},"image":{"@id":"https:\/\/cjays.eu\/#\/schema\/logo\/image\/"},"sameAs":["https:\/\/www.facebook.com\/cjayslastechniek.nl","https:\/\/www.instagram.com\/cjays.lastechniek\/","https:\/\/www.youtube.com\/@cjayslastechniek2812"]}]}},"_links":{"self":[{"href":"https:\/\/cjays.eu\/de\/wp-json\/wp\/v2\/product\/251987","targetHints":{"allow":["GET"]}}],"collection":[{"href":"https:\/\/cjays.eu\/de\/wp-json\/wp\/v2\/product"}],"about":[{"href":"https:\/\/cjays.eu\/de\/wp-json\/wp\/v2\/types\/product"}],"replies":[{"embeddable":true,"href":"https:\/\/cjays.eu\/de\/wp-json\/wp\/v2\/comments?post=251987"}],"wp:featuredmedia":[{"embeddable":true,"href":"https:\/\/cjays.eu\/de\/wp-json\/wp\/v2\/media\/263822"}],"wp:attachment":[{"href":"https:\/\/cjays.eu\/de\/wp-json\/wp\/v2\/media?parent=251987"}],"wp:term":[{"taxonomy":"product_brand","embeddable":true,"href":"https:\/\/cjays.eu\/de\/wp-json\/wp\/v2\/product_brand?post=251987"},{"taxonomy":"product_cat","embeddable":true,"href":"https:\/\/cjays.eu\/de\/wp-json\/wp\/v2\/product_cat?post=251987"},{"taxonomy":"product_tag","embeddable":true,"href":"https:\/\/cjays.eu\/de\/wp-json\/wp\/v2\/product_tag?post=251987"}],"curies":[{"name":"wp","href":"https:\/\/api.w.org\/{rel}","templated":true}]}}