{"id":226143,"date":"2021-12-29T19:46:12","date_gmt":"2021-12-29T19:46:12","guid":{"rendered":"https:\/\/cjays.eu\/product\/speedglas-g5-02\/"},"modified":"2025-08-22T12:56:33","modified_gmt":"2025-08-22T10:56:33","slug":"speedglas-g5-02","status":"publish","type":"product","link":"https:\/\/cjays.eu\/de\/product\/speedglas-g5-02\/","title":{"rendered":"Speedglas G5-02"},"content":{"rendered":"<p>3M Speedglas Schwei\u00dferhelm G5-02<\/p>\n<p>Lernen Sie den 3M Speedglas Schwei\u00dferhelm G5-02 kennen, der mit dem weltweit ersten gebogenen automatischen Verdunkelungsfilter (ADF) ausgestattet ist. Dank der neuen 3M\u2122 Speedglas\u2122 Technologie mit gebogenem Glas folgt die Form der Kurve Ihres Kopfes und Ihrer Seitenansicht. Der f\u00fcr spezialisierte WIG-Schwei\u00dfer entwickelte Helm G5-02 setzt buchst\u00e4blich einen neuen Weltstandard f\u00fcr pr\u00e4zise ADF-Sicht. Dies ist ein Helm f\u00fcr Schwei\u00dfer, die kritische Arbeiten ausf\u00fchren, die hohe Leistung erfordern.<\/p>\n<p>Die 3M\u2122 Speedglas\u2122 Curved Glass Technology bietet das bisher gr\u00f6\u00dfte Sichtfeld (150 x 76 mm).<br \/>\nHervorragende Sicht vor, w\u00e4hrend und nach dem Schwei\u00dfen mit unserer 3M\u2122 Speedglas\u2122 Natural Colour Technology.<br \/>\nMit vier Lichtbogensensoren schaltet der Schwei\u00dffilter G5-02 zuverl\u00e4ssig, auch beim WIG-Schwei\u00dfen mit geringer Leistung.<br \/>\nLichtmodus 2.5.<br \/>\nVerz\u00f6gerung (Hell-Dunkel) und Empfindlichkeit (Hell-Dunkel) k\u00f6nnen f\u00fcr zuverl\u00e4ssiges Schalten und zus\u00e4tzlichen Komfort eingestellt werden.<br \/>\nMit Bluetooth: Option zur Kopplung Ihres Smartphones mit Ihrem G5-02 Schwei\u00dffilter \u00fcber die 3M Connected Equipment App.<\/p>\n<p>Der 3M\u2122 Speedglas\u2122 Schwei\u00dferhelm G5-02 mit gebogenem, automatisch verdunkelndem Filter bietet Ihnen ein gr\u00f6\u00dferes Sichtfeld in einem kompakten Design.<\/p>\n<p>Die verbesserte Optik des 3M\u2122 Speedglas\u2122 Schwei\u00dferhelms G5-02 mit 3M\u2122 Speedglas\u2122 Natural Colour Technology l\u00e4sst Sie Farben leichter erkennen.<\/p>\n<p>Der 3M Speedglas Schwei\u00dferhelm G5-02 wird mit einem gebogenen Filter geliefert.<\/p>\n<p>Dieses Produkt ist nicht standardm\u00e4\u00dfig auf Lager, es hat eine l\u00e4ngere Lieferzeit.<\/p>\n","protected":false},"excerpt":{"rendered":"<p>3M Speedglas Schwei\u00dferhelm G5-02<\/p>\n<p>Lernen Sie den 3M Speedglas Schwei\u00dferhelm G5-02 kennen, der mit dem weltweit ersten gebogenen automatischen Verdunkelungsfilter (ADF) ausgestattet ist. Dank der neuen 3M\u2122 Speedglas\u2122 Technologie mit gebogenem Glas folgt die Form der Kurve Ihres Kopfes und Ihrer Seitenansicht. Der f\u00fcr spezialisierte WIG-Schwei\u00dfer entwickelte Helm G5-02 setzt buchst\u00e4blich einen neuen Weltstandard f\u00fcr pr\u00e4zise ADF-Sicht. Dies ist ein Helm f\u00fcr Schwei\u00dfer, die kritische Arbeiten ausf\u00fchren, die hohe Leistung erfordern.<\/p>\n<p>Die 3M\u2122 Speedglas\u2122 Curved Glass Technology bietet das bisher gr\u00f6\u00dfte Sichtfeld (150 x 76 mm).<br \/>\nHervorragende Sicht vor, w\u00e4hrend und nach dem Schwei\u00dfen mit unserer 3M\u2122 Speedglas\u2122 Natural Colour Technology.<br \/>\nMit vier Lichtbogensensoren schaltet der Schwei\u00dffilter G5-02 zuverl\u00e4ssig, auch beim WIG-Schwei\u00dfen mit geringer Leistung.<br \/>\nLichtmodus 2.5.<br \/>\nVerz\u00f6gerung (Hell-Dunkel) und Empfindlichkeit (Hell-Dunkel) k\u00f6nnen f\u00fcr zuverl\u00e4ssiges Schalten und zus\u00e4tzlichen Komfort eingestellt werden.<br \/>\nMit Bluetooth: Option zur Kopplung Ihres Smartphones mit Ihrem G5-02 Schwei\u00dffilter \u00fcber die 3M Connected Equipment App.<\/p>\n<p>Der 3M\u2122 Speedglas\u2122 Schwei\u00dferhelm G5-02 mit gebogenem, automatisch verdunkelndem Filter bietet Ihnen ein gr\u00f6\u00dferes Sichtfeld in einem kompakten Design.<\/p>\n<p>Die verbesserte Optik des 3M\u2122 Speedglas\u2122 Schwei\u00dferhelms G5-02 mit 3M\u2122 Speedglas\u2122 Natural Colour Technology l\u00e4sst Sie Farben leichter erkennen.<\/p>\n<p>Der 3M Speedglas Schwei\u00dferhelm G5-02 wird mit einem gebogenen Filter geliefert.<\/p>\n<p>Dieses Produkt ist nicht standardm\u00e4\u00dfig auf Lager, es hat eine l\u00e4ngere Lieferzeit.<\/p>\n","protected":false},"featured_media":275325,"comment_status":"open","ping_status":"closed","template":"","meta":[],"product_brand":[],"product_cat":[144,153,154,243],"product_tag":[],"class_list":{"0":"post-226143","1":"product","2":"type-product","3":"status-publish","4":"has-post-thumbnail","6":"product_cat-alle-produkte","7":"product_cat-helme-teile","8":"product_cat-schweishelme","9":"product_cat-speedglas-de","10":"product_shipping_class-paketten-de","12":"first","13":"onbackorder","14":"sale","15":"taxable","16":"shipping-taxable","17":"purchasable","18":"product-type-simple"},"yoast_head":"<!-- This site is optimized with the Yoast SEO plugin v27.5 - https:\/\/yoast.com\/product\/yoast-seo-wordpress\/ -->\n<title>3M Speedglas Lashelm G5-02 | Lashelmen<\/title>\n<meta name=\"description\" content=\"Maak kennis met de 3M\u2122 Speedglas\u2122 Lashelm G5-02, met &#039;s werelds eerste gebogen automatisch donkerkleurende filter (ADF).\" \/>\n<meta name=\"robots\" content=\"index, follow, max-snippet:-1, max-image-preview:large, max-video-preview:-1\" \/>\n<link rel=\"canonical\" href=\"https:\/\/cjays.eu\/de\/product\/speedglas-g5-02\/\" \/>\n<meta property=\"og:locale\" content=\"de_DE\" \/>\n<meta property=\"og:type\" content=\"article\" \/>\n<meta property=\"og:title\" content=\"3M Speedglas Lashelm G5-02 | Lashelmen\" \/>\n<meta property=\"og:description\" content=\"Maak kennis met de 3M\u2122 Speedglas\u2122 Lashelm G5-02, met &#039;s werelds eerste gebogen automatisch donkerkleurende filter (ADF).\" \/>\n<meta property=\"og:url\" content=\"https:\/\/cjays.eu\/de\/product\/speedglas-g5-02\/\" \/>\n<meta property=\"og:site_name\" content=\"Cjays Lastechniek | Gebruikte Lasapparaten\" \/>\n<meta property=\"article:publisher\" content=\"https:\/\/www.facebook.com\/cjayslastechniek.nl\" \/>\n<meta property=\"article:modified_time\" content=\"2025-08-22T10:56:33+00:00\" \/>\n<meta property=\"og:image\" content=\"https:\/\/cjays.eu\/wp-content\/uploads\/2021\/12\/180555726.png\" \/>\n\t<meta property=\"og:image:width\" content=\"1200\" \/>\n\t<meta property=\"og:image:height\" content=\"1200\" \/>\n\t<meta property=\"og:image:type\" content=\"image\/png\" \/>\n<meta name=\"twitter:card\" content=\"summary_large_image\" \/>\n<meta name=\"twitter:label1\" content=\"Gesch\u00e4tzte Lesezeit\" \/>\n\t<meta name=\"twitter:data1\" content=\"1 minute\" \/>\n<script type=\"application\/ld+json\" class=\"yoast-schema-graph\">{\"@context\":\"https:\\\/\\\/schema.org\",\"@graph\":[{\"@type\":\"WebPage\",\"@id\":\"https:\\\/\\\/cjays.eu\\\/de\\\/product\\\/speedglas-g5-02\\\/\",\"url\":\"https:\\\/\\\/cjays.eu\\\/de\\\/product\\\/speedglas-g5-02\\\/\",\"name\":\"3M Speedglas Lashelm G5-02 | Lashelmen\",\"isPartOf\":{\"@id\":\"https:\\\/\\\/cjays.eu\\\/de\\\/#website\"},\"primaryImageOfPage\":{\"@id\":\"https:\\\/\\\/cjays.eu\\\/de\\\/product\\\/speedglas-g5-02\\\/#primaryimage\"},\"image\":{\"@id\":\"https:\\\/\\\/cjays.eu\\\/de\\\/product\\\/speedglas-g5-02\\\/#primaryimage\"},\"thumbnailUrl\":\"https:\\\/\\\/cjays.eu\\\/wp-content\\\/uploads\\\/2021\\\/12\\\/180555726.png\",\"datePublished\":\"2021-12-29T19:46:12+00:00\",\"dateModified\":\"2025-08-22T10:56:33+00:00\",\"description\":\"Maak kennis met de 3M\u2122 Speedglas\u2122 Lashelm G5-02, met 's werelds eerste gebogen automatisch donkerkleurende filter (ADF).\",\"breadcrumb\":{\"@id\":\"https:\\\/\\\/cjays.eu\\\/de\\\/product\\\/speedglas-g5-02\\\/#breadcrumb\"},\"inLanguage\":\"de-DE\",\"potentialAction\":[{\"@type\":\"ReadAction\",\"target\":[\"https:\\\/\\\/cjays.eu\\\/de\\\/product\\\/speedglas-g5-02\\\/\"]}]},{\"@type\":\"ImageObject\",\"inLanguage\":\"de-DE\",\"@id\":\"https:\\\/\\\/cjays.eu\\\/de\\\/product\\\/speedglas-g5-02\\\/#primaryimage\",\"url\":\"https:\\\/\\\/cjays.eu\\\/wp-content\\\/uploads\\\/2021\\\/12\\\/180555726.png\",\"contentUrl\":\"https:\\\/\\\/cjays.eu\\\/wp-content\\\/uploads\\\/2021\\\/12\\\/180555726.png\",\"width\":1200,\"height\":1200},{\"@type\":\"BreadcrumbList\",\"@id\":\"https:\\\/\\\/cjays.eu\\\/de\\\/product\\\/speedglas-g5-02\\\/#breadcrumb\",\"itemListElement\":[{\"@type\":\"ListItem\",\"position\":1,\"name\":\"Home\",\"item\":\"https:\\\/\\\/cjays.eu\\\/de\\\/\"},{\"@type\":\"ListItem\",\"position\":2,\"name\":\"Shop\",\"item\":\"https:\\\/\\\/cjays.eu\\\/de\\\/winkel\\\/\"},{\"@type\":\"ListItem\",\"position\":3,\"name\":\"Speedglas G5-02\"}]},{\"@type\":\"WebSite\",\"@id\":\"https:\\\/\\\/cjays.eu\\\/de\\\/#website\",\"url\":\"https:\\\/\\\/cjays.eu\\\/de\\\/\",\"name\":\"Cjays Lastechniek | Gebruikte Lasapparaten\",\"description\":\"Gebruikte &amp; Nieuwe Lasapparaten &amp; Lasbenodigdheden\",\"publisher\":{\"@id\":\"https:\\\/\\\/cjays.eu\\\/de\\\/#organization\"},\"alternateName\":\"Cjays\",\"potentialAction\":[{\"@type\":\"SearchAction\",\"target\":{\"@type\":\"EntryPoint\",\"urlTemplate\":\"https:\\\/\\\/cjays.eu\\\/de\\\/?s={search_term_string}\"},\"query-input\":{\"@type\":\"PropertyValueSpecification\",\"valueRequired\":true,\"valueName\":\"search_term_string\"}}],\"inLanguage\":\"de-DE\"},{\"@type\":\"Organization\",\"@id\":\"https:\\\/\\\/cjays.eu\\\/de\\\/#organization\",\"name\":\"Cjays Lastechniek\",\"alternateName\":\"Cjays\",\"url\":\"https:\\\/\\\/cjays.eu\\\/de\\\/\",\"logo\":{\"@type\":\"ImageObject\",\"inLanguage\":\"de-DE\",\"@id\":\"https:\\\/\\\/cjays.eu\\\/de\\\/#\\\/schema\\\/logo\\\/image\\\/\",\"url\":\"https:\\\/\\\/cjays.eu\\\/wp-content\\\/uploads\\\/2022\\\/01\\\/logo-cjays-e1643484777484.png\",\"contentUrl\":\"https:\\\/\\\/cjays.eu\\\/wp-content\\\/uploads\\\/2022\\\/01\\\/logo-cjays-e1643484777484.png\",\"width\":500,\"height\":198,\"caption\":\"Cjays Lastechniek\"},\"image\":{\"@id\":\"https:\\\/\\\/cjays.eu\\\/de\\\/#\\\/schema\\\/logo\\\/image\\\/\"},\"sameAs\":[\"https:\\\/\\\/www.facebook.com\\\/cjayslastechniek.nl\",\"https:\\\/\\\/www.instagram.com\\\/cjays.lastechniek\\\/\",\"https:\\\/\\\/www.youtube.com\\\/@cjayslastechniek2812\"]}]}<\/script>\n<!-- \/ Yoast SEO plugin. -->","yoast_head_json":{"title":"3M Speedglas Lashelm G5-02 | Lashelmen","description":"Maak kennis met de 3M\u2122 Speedglas\u2122 Lashelm G5-02, met 's werelds eerste gebogen automatisch donkerkleurende filter (ADF).","robots":{"index":"index","follow":"follow","max-snippet":"max-snippet:-1","max-image-preview":"max-image-preview:large","max-video-preview":"max-video-preview:-1"},"canonical":"https:\/\/cjays.eu\/de\/product\/speedglas-g5-02\/","og_locale":"de_DE","og_type":"article","og_title":"3M Speedglas Lashelm G5-02 | Lashelmen","og_description":"Maak kennis met de 3M\u2122 Speedglas\u2122 Lashelm G5-02, met 's werelds eerste gebogen automatisch donkerkleurende filter (ADF).","og_url":"https:\/\/cjays.eu\/de\/product\/speedglas-g5-02\/","og_site_name":"Cjays Lastechniek | Gebruikte Lasapparaten","article_publisher":"https:\/\/www.facebook.com\/cjayslastechniek.nl","article_modified_time":"2025-08-22T10:56:33+00:00","og_image":[{"width":1200,"height":1200,"url":"https:\/\/cjays.eu\/wp-content\/uploads\/2021\/12\/180555726.png","type":"image\/png"}],"twitter_card":"summary_large_image","twitter_misc":{"Gesch\u00e4tzte Lesezeit":"1 minute"},"schema":{"@context":"https:\/\/schema.org","@graph":[{"@type":"WebPage","@id":"https:\/\/cjays.eu\/de\/product\/speedglas-g5-02\/","url":"https:\/\/cjays.eu\/de\/product\/speedglas-g5-02\/","name":"3M Speedglas Lashelm G5-02 | Lashelmen","isPartOf":{"@id":"https:\/\/cjays.eu\/de\/#website"},"primaryImageOfPage":{"@id":"https:\/\/cjays.eu\/de\/product\/speedglas-g5-02\/#primaryimage"},"image":{"@id":"https:\/\/cjays.eu\/de\/product\/speedglas-g5-02\/#primaryimage"},"thumbnailUrl":"https:\/\/cjays.eu\/wp-content\/uploads\/2021\/12\/180555726.png","datePublished":"2021-12-29T19:46:12+00:00","dateModified":"2025-08-22T10:56:33+00:00","description":"Maak kennis met de 3M\u2122 Speedglas\u2122 Lashelm G5-02, met 's werelds eerste gebogen automatisch donkerkleurende filter (ADF).","breadcrumb":{"@id":"https:\/\/cjays.eu\/de\/product\/speedglas-g5-02\/#breadcrumb"},"inLanguage":"de-DE","potentialAction":[{"@type":"ReadAction","target":["https:\/\/cjays.eu\/de\/product\/speedglas-g5-02\/"]}]},{"@type":"ImageObject","inLanguage":"de-DE","@id":"https:\/\/cjays.eu\/de\/product\/speedglas-g5-02\/#primaryimage","url":"https:\/\/cjays.eu\/wp-content\/uploads\/2021\/12\/180555726.png","contentUrl":"https:\/\/cjays.eu\/wp-content\/uploads\/2021\/12\/180555726.png","width":1200,"height":1200},{"@type":"BreadcrumbList","@id":"https:\/\/cjays.eu\/de\/product\/speedglas-g5-02\/#breadcrumb","itemListElement":[{"@type":"ListItem","position":1,"name":"Home","item":"https:\/\/cjays.eu\/de\/"},{"@type":"ListItem","position":2,"name":"Shop","item":"https:\/\/cjays.eu\/de\/winkel\/"},{"@type":"ListItem","position":3,"name":"Speedglas G5-02"}]},{"@type":"WebSite","@id":"https:\/\/cjays.eu\/de\/#website","url":"https:\/\/cjays.eu\/de\/","name":"Cjays Lastechniek | Gebruikte Lasapparaten","description":"Gebruikte &amp; Nieuwe Lasapparaten &amp; Lasbenodigdheden","publisher":{"@id":"https:\/\/cjays.eu\/de\/#organization"},"alternateName":"Cjays","potentialAction":[{"@type":"SearchAction","target":{"@type":"EntryPoint","urlTemplate":"https:\/\/cjays.eu\/de\/?s={search_term_string}"},"query-input":{"@type":"PropertyValueSpecification","valueRequired":true,"valueName":"search_term_string"}}],"inLanguage":"de-DE"},{"@type":"Organization","@id":"https:\/\/cjays.eu\/de\/#organization","name":"Cjays Lastechniek","alternateName":"Cjays","url":"https:\/\/cjays.eu\/de\/","logo":{"@type":"ImageObject","inLanguage":"de-DE","@id":"https:\/\/cjays.eu\/de\/#\/schema\/logo\/image\/","url":"https:\/\/cjays.eu\/wp-content\/uploads\/2022\/01\/logo-cjays-e1643484777484.png","contentUrl":"https:\/\/cjays.eu\/wp-content\/uploads\/2022\/01\/logo-cjays-e1643484777484.png","width":500,"height":198,"caption":"Cjays Lastechniek"},"image":{"@id":"https:\/\/cjays.eu\/de\/#\/schema\/logo\/image\/"},"sameAs":["https:\/\/www.facebook.com\/cjayslastechniek.nl","https:\/\/www.instagram.com\/cjays.lastechniek\/","https:\/\/www.youtube.com\/@cjayslastechniek2812"]}]}},"_links":{"self":[{"href":"https:\/\/cjays.eu\/de\/wp-json\/wp\/v2\/product\/226143","targetHints":{"allow":["GET"]}}],"collection":[{"href":"https:\/\/cjays.eu\/de\/wp-json\/wp\/v2\/product"}],"about":[{"href":"https:\/\/cjays.eu\/de\/wp-json\/wp\/v2\/types\/product"}],"replies":[{"embeddable":true,"href":"https:\/\/cjays.eu\/de\/wp-json\/wp\/v2\/comments?post=226143"}],"wp:featuredmedia":[{"embeddable":true,"href":"https:\/\/cjays.eu\/de\/wp-json\/wp\/v2\/media\/275325"}],"wp:attachment":[{"href":"https:\/\/cjays.eu\/de\/wp-json\/wp\/v2\/media?parent=226143"}],"wp:term":[{"taxonomy":"product_brand","embeddable":true,"href":"https:\/\/cjays.eu\/de\/wp-json\/wp\/v2\/product_brand?post=226143"},{"taxonomy":"product_cat","embeddable":true,"href":"https:\/\/cjays.eu\/de\/wp-json\/wp\/v2\/product_cat?post=226143"},{"taxonomy":"product_tag","embeddable":true,"href":"https:\/\/cjays.eu\/de\/wp-json\/wp\/v2\/product_tag?post=226143"}],"curies":[{"name":"wp","href":"https:\/\/api.w.org\/{rel}","templated":true}]}}