{"id":226029,"date":"2021-12-29T21:53:19","date_gmt":"2021-12-29T21:53:19","guid":{"rendered":"https:\/\/cjays.eu\/product\/parweld-xr938h\/"},"modified":"2022-04-25T15:32:46","modified_gmt":"2022-04-25T13:32:46","slug":"parweld-xr938h","status":"publish","type":"product","link":"https:\/\/cjays.eu\/de\/produkt\/parweld-xr938h\/","title":{"rendered":"Parweld XR938H"},"content":{"rendered":"<ul>\n<li>Technische Informationen\n<p>Abmessungen Solarkassette: 110mm x 90mm<br \/>\nUV\/IR-Schutz: Dauerhaft DIN 16<br \/>\nStellen Sie sich ins Licht: DIN 4<br \/>\nPosition im Dunkeln: DIN 5 bis 13 Variabel<br \/>\nStromversorgung: Solarzellen mit austauschbarer Batterie (CR2450)<br \/>\nEin\/Aus-Taste: Vollautomatisch<br \/>\nVon hell nach dunkel: 1\/30.000 Sekunden<br \/>\nVon dunkel zu hell: 0,1-1,0 Sekunden (Externe Variable)<br \/>\nArbeitstemperatur: -10\u00b0C bis +60\u00b0C<br \/>\nLagertemperatur: -20\u00b0C bis +70\u00b0C<br \/>\nMaterial des Schwei\u00dferhelms: Festes Polyamid-Nylon<br \/>\nGesamtgewicht: 470 Gramm<br \/>\nMindest-Stromst\u00e4rke: 5A<br \/>\nSchwei\u00dfband f\u00fcr Kopfband XR938H Schwei\u00dfhelm: XR770<br \/>\nErsatzakku f\u00fcr XR938H: XR2450<\/li>\n<\/ul>\n","protected":false},"excerpt":{"rendered":"<p>Technische Informationen Abmessungen Solarkassette: 110mm x 90mm UV\/IR-Schutz: Dauerhaft DIN 16 Stellen Sie sich ins Licht: DIN 4 Position im Dunkeln: DIN 5 bis 13 Variabel<span class=\"excerpt-hellip\"> [\u2026]<\/span><\/p>\n","protected":false},"featured_media":279159,"comment_status":"open","ping_status":"closed","template":"","meta":[],"product_brand":[],"product_cat":[144,153,156,154],"product_tag":[1948,2173,2317,2120,1467,1473,2234,1561,1476,1478,1534,1535,1536,2318],"class_list":{"0":"post-226029","1":"product","2":"type-product","3":"status-publish","4":"has-post-thumbnail","6":"product_cat-alle-produkte","7":"product_cat-helme-teile","8":"product_cat-parweld-de","9":"product_cat-schweishelme","10":"product_tag-acdc-de","11":"product_tag-aluminium-de","12":"product_tag-blauw-de","13":"product_tag-dc-de","14":"product_tag-elektrode-de","15":"product_tag-lashelm-de","16":"product_tag-laskap-de","17":"product_tag-mig-de","18":"product_tag-mma-de","19":"product_tag-parweld-de","20":"product_tag-rvs-de","21":"product_tag-staal-de","22":"product_tag-tig-de","23":"product_tag-true-color-de","24":"product_shipping_class-paketten-de","26":"first","27":"instock","28":"taxable","29":"shipping-taxable","30":"purchasable","31":"product-type-simple"},"yoast_head":"<!-- This site is optimized with the Yoast SEO plugin v27.4 - https:\/\/yoast.com\/product\/yoast-seo-wordpress\/ -->\n<title>Parweld XR938H\/P las- en Slijphelm | Cjays Lastechniek<\/title>\n<meta name=\"description\" content=\"NIEUW Parweld XR938H Las- en Slijphelm \u20ac75,- EX BTW. Kijkvenster: 101mm x 94mm. Lashelm met slijpfunctie inclusief ware kleurcassette.\" \/>\n<meta name=\"robots\" content=\"index, follow, max-snippet:-1, max-image-preview:large, max-video-preview:-1\" \/>\n<link rel=\"canonical\" href=\"https:\/\/cjays.eu\/de\/produkt\/parweld-xr938h\/\" \/>\n<meta property=\"og:locale\" content=\"de_DE\" \/>\n<meta property=\"og:type\" content=\"article\" \/>\n<meta property=\"og:title\" content=\"Parweld XR938H\/P las- en Slijphelm | Cjays Lastechniek\" \/>\n<meta property=\"og:description\" content=\"NIEUW Parweld XR938H Las- en Slijphelm \u20ac75,- EX BTW. Kijkvenster: 101mm x 94mm. Lashelm met slijpfunctie inclusief ware kleurcassette.\" \/>\n<meta property=\"og:url\" content=\"https:\/\/cjays.eu\/de\/produkt\/parweld-xr938h\/\" \/>\n<meta property=\"og:site_name\" content=\"Cjays Lastechniek | Gebruikte Lasapparaten\" \/>\n<meta property=\"article:publisher\" content=\"https:\/\/www.facebook.com\/cjayslastechniek.nl\" \/>\n<meta property=\"article:modified_time\" content=\"2022-04-25T13:32:46+00:00\" \/>\n<meta property=\"og:image\" content=\"https:\/\/cjays.eu\/wp-content\/uploads\/2021\/12\/727.jpg\" \/>\n\t<meta property=\"og:image:width\" content=\"600\" \/>\n\t<meta property=\"og:image:height\" content=\"600\" \/>\n\t<meta property=\"og:image:type\" content=\"image\/jpeg\" \/>\n<meta name=\"twitter:card\" content=\"summary_large_image\" \/>\n<script type=\"application\/ld+json\" class=\"yoast-schema-graph\">{\"@context\":\"https:\\\/\\\/schema.org\",\"@graph\":[{\"@type\":\"WebPage\",\"@id\":\"https:\\\/\\\/cjays.eu\\\/de\\\/produkt\\\/parweld-xr938h\\\/\",\"url\":\"https:\\\/\\\/cjays.eu\\\/de\\\/produkt\\\/parweld-xr938h\\\/\",\"name\":\"Parweld XR938H\\\/P las- en Slijphelm | Cjays Lastechniek\",\"isPartOf\":{\"@id\":\"https:\\\/\\\/cjays.eu\\\/#website\"},\"primaryImageOfPage\":{\"@id\":\"https:\\\/\\\/cjays.eu\\\/de\\\/produkt\\\/parweld-xr938h\\\/#primaryimage\"},\"image\":{\"@id\":\"https:\\\/\\\/cjays.eu\\\/de\\\/produkt\\\/parweld-xr938h\\\/#primaryimage\"},\"thumbnailUrl\":\"https:\\\/\\\/cjays.eu\\\/wp-content\\\/uploads\\\/2021\\\/12\\\/727.jpg\",\"datePublished\":\"2021-12-29T21:53:19+00:00\",\"dateModified\":\"2022-04-25T13:32:46+00:00\",\"description\":\"NIEUW Parweld XR938H Las- en Slijphelm \u20ac75,- EX BTW. Kijkvenster: 101mm x 94mm. Lashelm met slijpfunctie inclusief ware kleurcassette.\",\"breadcrumb\":{\"@id\":\"https:\\\/\\\/cjays.eu\\\/de\\\/produkt\\\/parweld-xr938h\\\/#breadcrumb\"},\"inLanguage\":\"de-DE\",\"potentialAction\":[{\"@type\":\"ReadAction\",\"target\":[\"https:\\\/\\\/cjays.eu\\\/de\\\/produkt\\\/parweld-xr938h\\\/\"]}]},{\"@type\":\"ImageObject\",\"inLanguage\":\"de-DE\",\"@id\":\"https:\\\/\\\/cjays.eu\\\/de\\\/produkt\\\/parweld-xr938h\\\/#primaryimage\",\"url\":\"https:\\\/\\\/cjays.eu\\\/wp-content\\\/uploads\\\/2021\\\/12\\\/727.jpg\",\"contentUrl\":\"https:\\\/\\\/cjays.eu\\\/wp-content\\\/uploads\\\/2021\\\/12\\\/727.jpg\",\"width\":600,\"height\":600},{\"@type\":\"BreadcrumbList\",\"@id\":\"https:\\\/\\\/cjays.eu\\\/de\\\/produkt\\\/parweld-xr938h\\\/#breadcrumb\",\"itemListElement\":[{\"@type\":\"ListItem\",\"position\":1,\"name\":\"Home\",\"item\":\"https:\\\/\\\/cjays.eu\\\/\"},{\"@type\":\"ListItem\",\"position\":2,\"name\":\"Winkel\",\"item\":\"https:\\\/\\\/cjays.eu\\\/winkel\\\/\"},{\"@type\":\"ListItem\",\"position\":3,\"name\":\"Parweld XR938H\"}]},{\"@type\":\"WebSite\",\"@id\":\"https:\\\/\\\/cjays.eu\\\/#website\",\"url\":\"https:\\\/\\\/cjays.eu\\\/\",\"name\":\"Cjays Lastechniek | Gebruikte Lasapparaten\",\"description\":\"Gebruikte &amp; Nieuwe Lasapparaten &amp; Lasbenodigdheden\",\"publisher\":{\"@id\":\"https:\\\/\\\/cjays.eu\\\/#organization\"},\"alternateName\":\"Cjays\",\"potentialAction\":[{\"@type\":\"SearchAction\",\"target\":{\"@type\":\"EntryPoint\",\"urlTemplate\":\"https:\\\/\\\/cjays.eu\\\/?s={search_term_string}\"},\"query-input\":{\"@type\":\"PropertyValueSpecification\",\"valueRequired\":true,\"valueName\":\"search_term_string\"}}],\"inLanguage\":\"de-DE\"},{\"@type\":\"Organization\",\"@id\":\"https:\\\/\\\/cjays.eu\\\/#organization\",\"name\":\"Cjays Lastechniek\",\"alternateName\":\"Cjays\",\"url\":\"https:\\\/\\\/cjays.eu\\\/\",\"logo\":{\"@type\":\"ImageObject\",\"inLanguage\":\"de-DE\",\"@id\":\"https:\\\/\\\/cjays.eu\\\/#\\\/schema\\\/logo\\\/image\\\/\",\"url\":\"https:\\\/\\\/cjays.eu\\\/wp-content\\\/uploads\\\/2022\\\/01\\\/logo-cjays-e1643484777484.png\",\"contentUrl\":\"https:\\\/\\\/cjays.eu\\\/wp-content\\\/uploads\\\/2022\\\/01\\\/logo-cjays-e1643484777484.png\",\"width\":500,\"height\":198,\"caption\":\"Cjays Lastechniek\"},\"image\":{\"@id\":\"https:\\\/\\\/cjays.eu\\\/#\\\/schema\\\/logo\\\/image\\\/\"},\"sameAs\":[\"https:\\\/\\\/www.facebook.com\\\/cjayslastechniek.nl\",\"https:\\\/\\\/www.instagram.com\\\/cjays.lastechniek\\\/\",\"https:\\\/\\\/www.youtube.com\\\/@cjayslastechniek2812\"]}]}<\/script>\n<!-- \/ Yoast SEO plugin. -->","yoast_head_json":{"title":"Parweld XR938H\/P las- en Slijphelm | Cjays Lastechniek","description":"NIEUW Parweld XR938H Las- en Slijphelm \u20ac75,- EX BTW. Kijkvenster: 101mm x 94mm. Lashelm met slijpfunctie inclusief ware kleurcassette.","robots":{"index":"index","follow":"follow","max-snippet":"max-snippet:-1","max-image-preview":"max-image-preview:large","max-video-preview":"max-video-preview:-1"},"canonical":"https:\/\/cjays.eu\/de\/produkt\/parweld-xr938h\/","og_locale":"de_DE","og_type":"article","og_title":"Parweld XR938H\/P las- en Slijphelm | Cjays Lastechniek","og_description":"NIEUW Parweld XR938H Las- en Slijphelm \u20ac75,- EX BTW. Kijkvenster: 101mm x 94mm. Lashelm met slijpfunctie inclusief ware kleurcassette.","og_url":"https:\/\/cjays.eu\/de\/produkt\/parweld-xr938h\/","og_site_name":"Cjays Lastechniek | Gebruikte Lasapparaten","article_publisher":"https:\/\/www.facebook.com\/cjayslastechniek.nl","article_modified_time":"2022-04-25T13:32:46+00:00","og_image":[{"width":600,"height":600,"url":"https:\/\/cjays.eu\/wp-content\/uploads\/2021\/12\/727.jpg","type":"image\/jpeg"}],"twitter_card":"summary_large_image","schema":{"@context":"https:\/\/schema.org","@graph":[{"@type":"WebPage","@id":"https:\/\/cjays.eu\/de\/produkt\/parweld-xr938h\/","url":"https:\/\/cjays.eu\/de\/produkt\/parweld-xr938h\/","name":"Parweld XR938H\/P las- en Slijphelm | Cjays Lastechniek","isPartOf":{"@id":"https:\/\/cjays.eu\/#website"},"primaryImageOfPage":{"@id":"https:\/\/cjays.eu\/de\/produkt\/parweld-xr938h\/#primaryimage"},"image":{"@id":"https:\/\/cjays.eu\/de\/produkt\/parweld-xr938h\/#primaryimage"},"thumbnailUrl":"https:\/\/cjays.eu\/wp-content\/uploads\/2021\/12\/727.jpg","datePublished":"2021-12-29T21:53:19+00:00","dateModified":"2022-04-25T13:32:46+00:00","description":"NIEUW Parweld XR938H Las- en Slijphelm \u20ac75,- EX BTW. Kijkvenster: 101mm x 94mm. Lashelm met slijpfunctie inclusief ware kleurcassette.","breadcrumb":{"@id":"https:\/\/cjays.eu\/de\/produkt\/parweld-xr938h\/#breadcrumb"},"inLanguage":"de-DE","potentialAction":[{"@type":"ReadAction","target":["https:\/\/cjays.eu\/de\/produkt\/parweld-xr938h\/"]}]},{"@type":"ImageObject","inLanguage":"de-DE","@id":"https:\/\/cjays.eu\/de\/produkt\/parweld-xr938h\/#primaryimage","url":"https:\/\/cjays.eu\/wp-content\/uploads\/2021\/12\/727.jpg","contentUrl":"https:\/\/cjays.eu\/wp-content\/uploads\/2021\/12\/727.jpg","width":600,"height":600},{"@type":"BreadcrumbList","@id":"https:\/\/cjays.eu\/de\/produkt\/parweld-xr938h\/#breadcrumb","itemListElement":[{"@type":"ListItem","position":1,"name":"Home","item":"https:\/\/cjays.eu\/"},{"@type":"ListItem","position":2,"name":"Winkel","item":"https:\/\/cjays.eu\/winkel\/"},{"@type":"ListItem","position":3,"name":"Parweld XR938H"}]},{"@type":"WebSite","@id":"https:\/\/cjays.eu\/#website","url":"https:\/\/cjays.eu\/","name":"Cjays Lastechniek | Gebruikte Lasapparaten","description":"Gebruikte &amp; Nieuwe Lasapparaten &amp; Lasbenodigdheden","publisher":{"@id":"https:\/\/cjays.eu\/#organization"},"alternateName":"Cjays","potentialAction":[{"@type":"SearchAction","target":{"@type":"EntryPoint","urlTemplate":"https:\/\/cjays.eu\/?s={search_term_string}"},"query-input":{"@type":"PropertyValueSpecification","valueRequired":true,"valueName":"search_term_string"}}],"inLanguage":"de-DE"},{"@type":"Organization","@id":"https:\/\/cjays.eu\/#organization","name":"Cjays Lastechniek","alternateName":"Cjays","url":"https:\/\/cjays.eu\/","logo":{"@type":"ImageObject","inLanguage":"de-DE","@id":"https:\/\/cjays.eu\/#\/schema\/logo\/image\/","url":"https:\/\/cjays.eu\/wp-content\/uploads\/2022\/01\/logo-cjays-e1643484777484.png","contentUrl":"https:\/\/cjays.eu\/wp-content\/uploads\/2022\/01\/logo-cjays-e1643484777484.png","width":500,"height":198,"caption":"Cjays Lastechniek"},"image":{"@id":"https:\/\/cjays.eu\/#\/schema\/logo\/image\/"},"sameAs":["https:\/\/www.facebook.com\/cjayslastechniek.nl","https:\/\/www.instagram.com\/cjays.lastechniek\/","https:\/\/www.youtube.com\/@cjayslastechniek2812"]}]}},"_links":{"self":[{"href":"https:\/\/cjays.eu\/de\/wp-json\/wp\/v2\/product\/226029","targetHints":{"allow":["GET"]}}],"collection":[{"href":"https:\/\/cjays.eu\/de\/wp-json\/wp\/v2\/product"}],"about":[{"href":"https:\/\/cjays.eu\/de\/wp-json\/wp\/v2\/types\/product"}],"replies":[{"embeddable":true,"href":"https:\/\/cjays.eu\/de\/wp-json\/wp\/v2\/comments?post=226029"}],"wp:featuredmedia":[{"embeddable":true,"href":"https:\/\/cjays.eu\/de\/wp-json\/wp\/v2\/media\/279159"}],"wp:attachment":[{"href":"https:\/\/cjays.eu\/de\/wp-json\/wp\/v2\/media?parent=226029"}],"wp:term":[{"taxonomy":"product_brand","embeddable":true,"href":"https:\/\/cjays.eu\/de\/wp-json\/wp\/v2\/product_brand?post=226029"},{"taxonomy":"product_cat","embeddable":true,"href":"https:\/\/cjays.eu\/de\/wp-json\/wp\/v2\/product_cat?post=226029"},{"taxonomy":"product_tag","embeddable":true,"href":"https:\/\/cjays.eu\/de\/wp-json\/wp\/v2\/product_tag?post=226029"}],"curies":[{"name":"wp","href":"https:\/\/api.w.org\/{rel}","templated":true}]}}