{"id":225989,"date":"2021-12-30T20:07:06","date_gmt":"2021-12-30T20:07:06","guid":{"rendered":"https:\/\/cjays.eu\/product\/stalen-liners-met-isolatie\/"},"modified":"2022-10-17T16:26:39","modified_gmt":"2022-10-17T14:26:39","slug":"stalen-liners-met-isolatie","status":"publish","type":"product","link":"https:\/\/cjays.eu\/de\/produkt\/stalen-liners-met-isolatie\/","title":{"rendered":"Drahtspiral mit Isolierung f\u00fcr Stahl"},"content":{"rendered":"<p>Drahtspiral zum Schwei\u00dfen von Stahlschwei\u00dfdraht.<\/p>\n<p>Stahl (Fe): Stahlauskleidung<br \/>\nRostfreier Stahl (Ss) und Aluminium (AlMg): Teflon-Beschichtung<\/p>\n","protected":false},"excerpt":{"rendered":"<p>Drahtspiral zum Schwei\u00dfen von Stahlschwei\u00dfdraht. Stahl (Fe): Stahlauskleidung Rostfreier Stahl (Ss) und Aluminium (AlMg): Teflon-Beschichtung<\/p>\n","protected":false},"featured_media":2351,"comment_status":"open","ping_status":"closed","template":"","meta":[],"product_brand":[],"product_cat":[144,171,217,173],"product_tag":[],"class_list":{"0":"post-225989","1":"product","2":"type-product","3":"status-publish","4":"has-post-thumbnail","6":"product_cat-alle-produkte","7":"product_cat-mig-zubehor","8":"product_cat-schweiszubehor","9":"product_cat-taschenlampen-zubehor","10":"product_shipping_class-paketten-de","12":"first","13":"instock","14":"taxable","15":"shipping-taxable","16":"purchasable","17":"product-type-variable"},"yoast_head":"<!-- This site is optimized with the Yoast SEO plugin v27.5 - https:\/\/yoast.com\/product\/yoast-seo-wordpress\/ -->\n<title>Drahtspiral mit Isolierung f\u00fcr Stahl - Cjays Lastechniek | Gebruikte Lasapparaten<\/title>\n<meta name=\"description\" content=\"Drahtspiral mit Isolierung f\u00fcr Stahl %%excerpt\" \/>\n<meta name=\"robots\" content=\"index, follow, max-snippet:-1, max-image-preview:large, max-video-preview:-1\" \/>\n<link rel=\"canonical\" href=\"https:\/\/cjays.eu\/produkt\/stalen-liners-met-isolatie\/\" \/>\n<meta property=\"og:locale\" content=\"de_DE\" \/>\n<meta property=\"og:type\" content=\"article\" \/>\n<meta property=\"og:title\" content=\"Drahtspiral mit Isolierung f\u00fcr Stahl - Cjays Lastechniek | Gebruikte Lasapparaten\" \/>\n<meta property=\"og:description\" content=\"Drahtspiral mit Isolierung f\u00fcr Stahl %%excerpt\" \/>\n<meta property=\"og:url\" content=\"https:\/\/cjays.eu\/produkt\/stalen-liners-met-isolatie\/\" \/>\n<meta property=\"og:site_name\" content=\"Cjays Lastechniek | Gebruikte Lasapparaten\" \/>\n<meta property=\"article:publisher\" content=\"https:\/\/www.facebook.com\/cjayslastechniek.nl\" \/>\n<meta property=\"article:modified_time\" content=\"2022-10-17T14:26:39+00:00\" \/>\n<meta property=\"og:image\" content=\"https:\/\/cjays.eu\/wp-content\/uploads\/2021\/12\/binnenspiraal-blauw-1024x768-1-600x450-1.jpg\" \/>\n\t<meta property=\"og:image:width\" content=\"600\" \/>\n\t<meta property=\"og:image:height\" content=\"450\" \/>\n\t<meta property=\"og:image:type\" content=\"image\/jpeg\" \/>\n<meta name=\"twitter:card\" content=\"summary_large_image\" \/>\n<script type=\"application\/ld+json\" class=\"yoast-schema-graph\">{\"@context\":\"https:\\\/\\\/schema.org\",\"@graph\":[{\"@type\":\"WebPage\",\"@id\":\"https:\\\/\\\/cjays.eu\\\/produkt\\\/stalen-liners-met-isolatie\\\/\",\"url\":\"https:\\\/\\\/cjays.eu\\\/produkt\\\/stalen-liners-met-isolatie\\\/\",\"name\":\"Drahtspiral mit Isolierung f\u00fcr Stahl - Cjays Lastechniek | Gebruikte Lasapparaten\",\"isPartOf\":{\"@id\":\"https:\\\/\\\/cjays.eu\\\/#website\"},\"primaryImageOfPage\":{\"@id\":\"https:\\\/\\\/cjays.eu\\\/produkt\\\/stalen-liners-met-isolatie\\\/#primaryimage\"},\"image\":{\"@id\":\"https:\\\/\\\/cjays.eu\\\/produkt\\\/stalen-liners-met-isolatie\\\/#primaryimage\"},\"thumbnailUrl\":\"https:\\\/\\\/cjays.eu\\\/wp-content\\\/uploads\\\/2021\\\/12\\\/binnenspiraal-blauw-1024x768-1-600x450-1.jpg\",\"datePublished\":\"2021-12-30T20:07:06+00:00\",\"dateModified\":\"2022-10-17T14:26:39+00:00\",\"description\":\"Drahtspiral mit Isolierung f\u00fcr Stahl %%excerpt\",\"breadcrumb\":{\"@id\":\"https:\\\/\\\/cjays.eu\\\/produkt\\\/stalen-liners-met-isolatie\\\/#breadcrumb\"},\"inLanguage\":\"de-DE\",\"potentialAction\":[{\"@type\":\"ReadAction\",\"target\":[\"https:\\\/\\\/cjays.eu\\\/produkt\\\/stalen-liners-met-isolatie\\\/\"]}]},{\"@type\":\"ImageObject\",\"inLanguage\":\"de-DE\",\"@id\":\"https:\\\/\\\/cjays.eu\\\/produkt\\\/stalen-liners-met-isolatie\\\/#primaryimage\",\"url\":\"https:\\\/\\\/cjays.eu\\\/wp-content\\\/uploads\\\/2021\\\/12\\\/binnenspiraal-blauw-1024x768-1-600x450-1.jpg\",\"contentUrl\":\"https:\\\/\\\/cjays.eu\\\/wp-content\\\/uploads\\\/2021\\\/12\\\/binnenspiraal-blauw-1024x768-1-600x450-1.jpg\",\"width\":600,\"height\":450,\"caption\":\"Stalen Liners Met Isolatie\"},{\"@type\":\"BreadcrumbList\",\"@id\":\"https:\\\/\\\/cjays.eu\\\/produkt\\\/stalen-liners-met-isolatie\\\/#breadcrumb\",\"itemListElement\":[{\"@type\":\"ListItem\",\"position\":1,\"name\":\"Home\",\"item\":\"https:\\\/\\\/cjays.eu\\\/\"},{\"@type\":\"ListItem\",\"position\":2,\"name\":\"Winkel\",\"item\":\"https:\\\/\\\/cjays.eu\\\/winkel\\\/\"},{\"@type\":\"ListItem\",\"position\":3,\"name\":\"Drahtspiral mit Isolierung f\u00fcr Stahl\"}]},{\"@type\":\"WebSite\",\"@id\":\"https:\\\/\\\/cjays.eu\\\/#website\",\"url\":\"https:\\\/\\\/cjays.eu\\\/\",\"name\":\"Cjays Lastechniek | Gebruikte Lasapparaten\",\"description\":\"Gebruikte &amp; Nieuwe Lasapparaten &amp; Lasbenodigdheden\",\"publisher\":{\"@id\":\"https:\\\/\\\/cjays.eu\\\/#organization\"},\"alternateName\":\"Cjays\",\"potentialAction\":[{\"@type\":\"SearchAction\",\"target\":{\"@type\":\"EntryPoint\",\"urlTemplate\":\"https:\\\/\\\/cjays.eu\\\/?s={search_term_string}\"},\"query-input\":{\"@type\":\"PropertyValueSpecification\",\"valueRequired\":true,\"valueName\":\"search_term_string\"}}],\"inLanguage\":\"de-DE\"},{\"@type\":\"Organization\",\"@id\":\"https:\\\/\\\/cjays.eu\\\/#organization\",\"name\":\"Cjays Lastechniek\",\"alternateName\":\"Cjays\",\"url\":\"https:\\\/\\\/cjays.eu\\\/\",\"logo\":{\"@type\":\"ImageObject\",\"inLanguage\":\"de-DE\",\"@id\":\"https:\\\/\\\/cjays.eu\\\/#\\\/schema\\\/logo\\\/image\\\/\",\"url\":\"https:\\\/\\\/cjays.eu\\\/wp-content\\\/uploads\\\/2022\\\/01\\\/logo-cjays-e1643484777484.png\",\"contentUrl\":\"https:\\\/\\\/cjays.eu\\\/wp-content\\\/uploads\\\/2022\\\/01\\\/logo-cjays-e1643484777484.png\",\"width\":500,\"height\":198,\"caption\":\"Cjays Lastechniek\"},\"image\":{\"@id\":\"https:\\\/\\\/cjays.eu\\\/#\\\/schema\\\/logo\\\/image\\\/\"},\"sameAs\":[\"https:\\\/\\\/www.facebook.com\\\/cjayslastechniek.nl\",\"https:\\\/\\\/www.instagram.com\\\/cjays.lastechniek\\\/\",\"https:\\\/\\\/www.youtube.com\\\/@cjayslastechniek2812\"]}]}<\/script>\n<!-- \/ Yoast SEO plugin. -->","yoast_head_json":{"title":"Drahtspiral mit Isolierung f\u00fcr Stahl - Cjays Lastechniek | Gebruikte Lasapparaten","description":"Drahtspiral mit Isolierung f\u00fcr Stahl %%excerpt","robots":{"index":"index","follow":"follow","max-snippet":"max-snippet:-1","max-image-preview":"max-image-preview:large","max-video-preview":"max-video-preview:-1"},"canonical":"https:\/\/cjays.eu\/produkt\/stalen-liners-met-isolatie\/","og_locale":"de_DE","og_type":"article","og_title":"Drahtspiral mit Isolierung f\u00fcr Stahl - Cjays Lastechniek | Gebruikte Lasapparaten","og_description":"Drahtspiral mit Isolierung f\u00fcr Stahl %%excerpt","og_url":"https:\/\/cjays.eu\/produkt\/stalen-liners-met-isolatie\/","og_site_name":"Cjays Lastechniek | Gebruikte Lasapparaten","article_publisher":"https:\/\/www.facebook.com\/cjayslastechniek.nl","article_modified_time":"2022-10-17T14:26:39+00:00","og_image":[{"width":600,"height":450,"url":"https:\/\/cjays.eu\/wp-content\/uploads\/2021\/12\/binnenspiraal-blauw-1024x768-1-600x450-1.jpg","type":"image\/jpeg"}],"twitter_card":"summary_large_image","schema":{"@context":"https:\/\/schema.org","@graph":[{"@type":"WebPage","@id":"https:\/\/cjays.eu\/produkt\/stalen-liners-met-isolatie\/","url":"https:\/\/cjays.eu\/produkt\/stalen-liners-met-isolatie\/","name":"Drahtspiral mit Isolierung f\u00fcr Stahl - Cjays Lastechniek | Gebruikte Lasapparaten","isPartOf":{"@id":"https:\/\/cjays.eu\/#website"},"primaryImageOfPage":{"@id":"https:\/\/cjays.eu\/produkt\/stalen-liners-met-isolatie\/#primaryimage"},"image":{"@id":"https:\/\/cjays.eu\/produkt\/stalen-liners-met-isolatie\/#primaryimage"},"thumbnailUrl":"https:\/\/cjays.eu\/wp-content\/uploads\/2021\/12\/binnenspiraal-blauw-1024x768-1-600x450-1.jpg","datePublished":"2021-12-30T20:07:06+00:00","dateModified":"2022-10-17T14:26:39+00:00","description":"Drahtspiral mit Isolierung f\u00fcr Stahl %%excerpt","breadcrumb":{"@id":"https:\/\/cjays.eu\/produkt\/stalen-liners-met-isolatie\/#breadcrumb"},"inLanguage":"de-DE","potentialAction":[{"@type":"ReadAction","target":["https:\/\/cjays.eu\/produkt\/stalen-liners-met-isolatie\/"]}]},{"@type":"ImageObject","inLanguage":"de-DE","@id":"https:\/\/cjays.eu\/produkt\/stalen-liners-met-isolatie\/#primaryimage","url":"https:\/\/cjays.eu\/wp-content\/uploads\/2021\/12\/binnenspiraal-blauw-1024x768-1-600x450-1.jpg","contentUrl":"https:\/\/cjays.eu\/wp-content\/uploads\/2021\/12\/binnenspiraal-blauw-1024x768-1-600x450-1.jpg","width":600,"height":450,"caption":"Stalen Liners Met Isolatie"},{"@type":"BreadcrumbList","@id":"https:\/\/cjays.eu\/produkt\/stalen-liners-met-isolatie\/#breadcrumb","itemListElement":[{"@type":"ListItem","position":1,"name":"Home","item":"https:\/\/cjays.eu\/"},{"@type":"ListItem","position":2,"name":"Winkel","item":"https:\/\/cjays.eu\/winkel\/"},{"@type":"ListItem","position":3,"name":"Drahtspiral mit Isolierung f\u00fcr Stahl"}]},{"@type":"WebSite","@id":"https:\/\/cjays.eu\/#website","url":"https:\/\/cjays.eu\/","name":"Cjays Lastechniek | Gebruikte Lasapparaten","description":"Gebruikte &amp; Nieuwe Lasapparaten &amp; Lasbenodigdheden","publisher":{"@id":"https:\/\/cjays.eu\/#organization"},"alternateName":"Cjays","potentialAction":[{"@type":"SearchAction","target":{"@type":"EntryPoint","urlTemplate":"https:\/\/cjays.eu\/?s={search_term_string}"},"query-input":{"@type":"PropertyValueSpecification","valueRequired":true,"valueName":"search_term_string"}}],"inLanguage":"de-DE"},{"@type":"Organization","@id":"https:\/\/cjays.eu\/#organization","name":"Cjays Lastechniek","alternateName":"Cjays","url":"https:\/\/cjays.eu\/","logo":{"@type":"ImageObject","inLanguage":"de-DE","@id":"https:\/\/cjays.eu\/#\/schema\/logo\/image\/","url":"https:\/\/cjays.eu\/wp-content\/uploads\/2022\/01\/logo-cjays-e1643484777484.png","contentUrl":"https:\/\/cjays.eu\/wp-content\/uploads\/2022\/01\/logo-cjays-e1643484777484.png","width":500,"height":198,"caption":"Cjays Lastechniek"},"image":{"@id":"https:\/\/cjays.eu\/#\/schema\/logo\/image\/"},"sameAs":["https:\/\/www.facebook.com\/cjayslastechniek.nl","https:\/\/www.instagram.com\/cjays.lastechniek\/","https:\/\/www.youtube.com\/@cjayslastechniek2812"]}]}},"_links":{"self":[{"href":"https:\/\/cjays.eu\/de\/wp-json\/wp\/v2\/product\/225989","targetHints":{"allow":["GET"]}}],"collection":[{"href":"https:\/\/cjays.eu\/de\/wp-json\/wp\/v2\/product"}],"about":[{"href":"https:\/\/cjays.eu\/de\/wp-json\/wp\/v2\/types\/product"}],"replies":[{"embeddable":true,"href":"https:\/\/cjays.eu\/de\/wp-json\/wp\/v2\/comments?post=225989"}],"wp:featuredmedia":[{"embeddable":true,"href":"https:\/\/cjays.eu\/de\/wp-json\/wp\/v2\/media\/2351"}],"wp:attachment":[{"href":"https:\/\/cjays.eu\/de\/wp-json\/wp\/v2\/media?parent=225989"}],"wp:term":[{"taxonomy":"product_brand","embeddable":true,"href":"https:\/\/cjays.eu\/de\/wp-json\/wp\/v2\/product_brand?post=225989"},{"taxonomy":"product_cat","embeddable":true,"href":"https:\/\/cjays.eu\/de\/wp-json\/wp\/v2\/product_cat?post=225989"},{"taxonomy":"product_tag","embeddable":true,"href":"https:\/\/cjays.eu\/de\/wp-json\/wp\/v2\/product_tag?post=225989"}],"curies":[{"name":"wp","href":"https:\/\/api.w.org\/{rel}","templated":true}]}}