{"id":225940,"date":"2021-12-30T21:10:33","date_gmt":"2021-12-30T21:10:33","guid":{"rendered":"https:\/\/cjays.eu\/product\/parweld-xtm-201i\/"},"modified":"2022-04-26T10:09:47","modified_gmt":"2022-04-26T08:09:47","slug":"parweld-xtm-201i","status":"publish","type":"product","link":"https:\/\/cjays.eu\/de\/produkt\/parweld-xtm-201i\/","title":{"rendered":"Parweld XTM 201i"},"content":{"rendered":"<p>Parweld XTM 201i<\/p>\n<p><strong>Das Parweld XTM 201i XTM MIG INVERTER SCHWEISSGER\u00c4T<\/strong><\/p>\n<p>WIRE UNIT: 2 Rollen<br \/>\nDRAHTLOS: 200mm (5kg)<br \/>\nSPANNUNG: 13,5V &#8211; 26,5V<br \/>\nISOLATIONSKLASSE: IP23S<br \/>\nDRAHT-LAUFGESCHWINDIGKEIT: 2-18m\/min<br \/>\nGEWICHT (KG) : 12<br \/>\nABMESSUNGEN (MM): 465 x 214 x 356<br \/>\nDRAHTST\u00c4RKE: 0,6 &#8211; 1,0 mm<br \/>\nSCHWEISSSTROM: 200A<br \/>\nNetzsicherung: 20A T Netzspannung: 1 x 240V &#8211; 50\/60Hz MASCHINENTYP: Wechselrichter<br \/>\nEINSCHALTDAUER: 200A @ 30% &#8211; 110A @ 100%<br \/>\nSTYLE: Tragbar<br \/>\nLEISTUNG (KVA): 10.35<\/p>\n<p>&nbsp;<\/p>\n<p>Dank des stabilen Gleichstromausgangs k\u00f6nnen Sie sich auf hervorragende Schwei\u00dfeigenschaften verlassen, mit denen Materialien bis zu 5 mm problemlos geschwei\u00dft werden k\u00f6nnen. Die Schwei\u00dfparameter sind pr\u00e4zise einstellbar.<\/p>\n<p>Tragbares Schwei\u00dfger\u00e4t<\/p>\n<p>Ein tragbares Ger\u00e4t, das \u00fcberall eingesetzt werden kann und dennoch \u00fcber eine Euro-Kupplung und einen 35\/50-Massenanschluss verf\u00fcgt, was den Transport der Schwei\u00dfmaschine noch einfacher und sicherer macht.<\/p>\n<p>Digitale Anzeigen<\/p>\n<p>Die beiden Digitalanzeigen erleichtern das Einstellen und Ablesen.<br \/>\nEin Display zeigt immer die Spannung an, w\u00e4hrend das zweite sowohl den Schwei\u00dfstrom als auch die Drahtgeschwindigkeit anzeigen kann. Es k\u00f6nnen Schwei\u00dfdr\u00e4hte von 0,6 bis 1,0 mm verwendet werden.<\/p>\n<p>Benutzerfreundlich<\/p>\n<p>Das XTM 200i kann mit einer einzigen Leistungsgruppe betrieben werden. Das Ger\u00e4t vertr\u00e4gt eine Spannungsschwankung von +\/-15%. Leichte, tragbare MIG-Inverter-Maschine.<br \/>\nGeeignet f\u00fcr leichte industrielle Produktion, Wartung, Reparatur, Ausbildung, Landwirtschaft, Heimwerker-, Blech- und Baustellenarbeiten.<\/p>\n","protected":false},"excerpt":{"rendered":"<p>1 x 230V Spannung<br \/>\n200A @ 30% Einschaltdauer<br \/>\nKompakt und tragbar<br \/>\nDuo-Digitalanzeige<br \/>\nMig-Schwei\u00dfdraht max. 5kg (D200)<br \/>\n2T\/4T Schaltfunktion, separate Taste<br \/>\n2 Jahre Carry-In-Garantie<br \/>\nGebaut nach IP23S, ISO\/IEC 60974-1, ISO\/IEC 60974-6 und RoHS-kompatibel<\/p>\n<p>Das Ger\u00e4t wird standardm\u00e4\u00dfig mit einem 3-Meter-Mig-Schwei\u00dfbrenner des Typs 250 und einem 3-Meter-Massekabel geliefert.<\/p>\n","protected":false},"featured_media":271800,"comment_status":"open","ping_status":"closed","template":"","meta":[],"product_brand":[],"product_cat":[144,467,134,4117,475],"product_tag":[],"class_list":{"0":"post-225940","1":"product","2":"type-product","3":"status-publish","4":"has-post-thumbnail","6":"product_cat-alle-produkte","7":"product_cat-mig-schweisgerate-neu","8":"product_cat-neue-schweisgerate","9":"product_cat-parweld-2-de","10":"product_cat-tragbar","11":"product_shipping_class-kleine-machines-europa-de","13":"first","14":"onbackorder","15":"taxable","16":"shipping-taxable","17":"purchasable","18":"product-type-simple"},"yoast_head":"<!-- This site is optimized with the Yoast SEO plugin v27.4 - https:\/\/yoast.com\/product\/yoast-seo-wordpress\/ -->\n<title>Parweld XTM 201i | 230 Volt | 200 Amp\u00e8re | Cjays Lastechniek<\/title>\n<meta name=\"description\" content=\"Parweld XTM 201i. Draagbaar 200 amp\u00e8re machine op 230 Volt. Geschikt voor hobby, plaatwerk, doe-het-zelf, en huis tuin en keuken.\" \/>\n<meta name=\"robots\" content=\"index, follow, max-snippet:-1, max-image-preview:large, max-video-preview:-1\" \/>\n<link rel=\"canonical\" href=\"https:\/\/cjays.eu\/produkt\/parweld-xtm-201i\/\" \/>\n<meta property=\"og:locale\" content=\"de_DE\" \/>\n<meta property=\"og:type\" content=\"article\" \/>\n<meta property=\"og:title\" content=\"Parweld XTM 201i | 230 Volt | 200 Amp\u00e8re | Cjays Lastechniek\" \/>\n<meta property=\"og:description\" content=\"Parweld XTM 201i. Draagbaar 200 amp\u00e8re machine op 230 Volt. Geschikt voor hobby, plaatwerk, doe-het-zelf, en huis tuin en keuken.\" \/>\n<meta property=\"og:url\" content=\"https:\/\/cjays.eu\/produkt\/parweld-xtm-201i\/\" \/>\n<meta property=\"og:site_name\" content=\"Cjays Lastechniek | Gebruikte Lasapparaten\" \/>\n<meta property=\"article:publisher\" content=\"https:\/\/www.facebook.com\/cjayslastechniek.nl\" \/>\n<meta property=\"article:modified_time\" content=\"2022-04-26T08:09:47+00:00\" \/>\n<meta property=\"og:image\" content=\"https:\/\/cjays.eu\/wp-content\/uploads\/2023\/08\/XTM201i-Cjays-scaled.jpeg\" \/>\n\t<meta property=\"og:image:width\" content=\"2560\" \/>\n\t<meta property=\"og:image:height\" content=\"2560\" \/>\n\t<meta property=\"og:image:type\" content=\"image\/jpeg\" \/>\n<meta name=\"twitter:card\" content=\"summary_large_image\" \/>\n<meta name=\"twitter:label1\" content=\"Gesch\u00e4tzte Lesezeit\" \/>\n\t<meta name=\"twitter:data1\" content=\"1 minute\" \/>\n<script type=\"application\/ld+json\" class=\"yoast-schema-graph\">{\"@context\":\"https:\\\/\\\/schema.org\",\"@graph\":[{\"@type\":\"WebPage\",\"@id\":\"https:\\\/\\\/cjays.eu\\\/produkt\\\/parweld-xtm-201i\\\/\",\"url\":\"https:\\\/\\\/cjays.eu\\\/produkt\\\/parweld-xtm-201i\\\/\",\"name\":\"Parweld XTM 201i | 230 Volt | 200 Amp\u00e8re | Cjays Lastechniek\",\"isPartOf\":{\"@id\":\"https:\\\/\\\/cjays.eu\\\/#website\"},\"primaryImageOfPage\":{\"@id\":\"https:\\\/\\\/cjays.eu\\\/produkt\\\/parweld-xtm-201i\\\/#primaryimage\"},\"image\":{\"@id\":\"https:\\\/\\\/cjays.eu\\\/produkt\\\/parweld-xtm-201i\\\/#primaryimage\"},\"thumbnailUrl\":\"https:\\\/\\\/cjays.eu\\\/wp-content\\\/uploads\\\/2023\\\/08\\\/XTM201i-Cjays-scaled.jpeg\",\"datePublished\":\"2021-12-30T21:10:33+00:00\",\"dateModified\":\"2022-04-26T08:09:47+00:00\",\"description\":\"Parweld XTM 201i. Draagbaar 200 amp\u00e8re machine op 230 Volt. Geschikt voor hobby, plaatwerk, doe-het-zelf, en huis tuin en keuken.\",\"breadcrumb\":{\"@id\":\"https:\\\/\\\/cjays.eu\\\/produkt\\\/parweld-xtm-201i\\\/#breadcrumb\"},\"inLanguage\":\"de-DE\",\"potentialAction\":[{\"@type\":\"ReadAction\",\"target\":[\"https:\\\/\\\/cjays.eu\\\/produkt\\\/parweld-xtm-201i\\\/\"]}]},{\"@type\":\"ImageObject\",\"inLanguage\":\"de-DE\",\"@id\":\"https:\\\/\\\/cjays.eu\\\/produkt\\\/parweld-xtm-201i\\\/#primaryimage\",\"url\":\"https:\\\/\\\/cjays.eu\\\/wp-content\\\/uploads\\\/2023\\\/08\\\/XTM201i-Cjays-scaled.jpeg\",\"contentUrl\":\"https:\\\/\\\/cjays.eu\\\/wp-content\\\/uploads\\\/2023\\\/08\\\/XTM201i-Cjays-scaled.jpeg\",\"width\":2560,\"height\":2560},{\"@type\":\"BreadcrumbList\",\"@id\":\"https:\\\/\\\/cjays.eu\\\/produkt\\\/parweld-xtm-201i\\\/#breadcrumb\",\"itemListElement\":[{\"@type\":\"ListItem\",\"position\":1,\"name\":\"Home\",\"item\":\"https:\\\/\\\/cjays.eu\\\/\"},{\"@type\":\"ListItem\",\"position\":2,\"name\":\"Winkel\",\"item\":\"https:\\\/\\\/cjays.eu\\\/winkel\\\/\"},{\"@type\":\"ListItem\",\"position\":3,\"name\":\"Parweld XTM 201i\"}]},{\"@type\":\"WebSite\",\"@id\":\"https:\\\/\\\/cjays.eu\\\/#website\",\"url\":\"https:\\\/\\\/cjays.eu\\\/\",\"name\":\"Cjays Lastechniek | Gebruikte Lasapparaten\",\"description\":\"Gebruikte &amp; Nieuwe Lasapparaten &amp; Lasbenodigdheden\",\"publisher\":{\"@id\":\"https:\\\/\\\/cjays.eu\\\/#organization\"},\"alternateName\":\"Cjays\",\"potentialAction\":[{\"@type\":\"SearchAction\",\"target\":{\"@type\":\"EntryPoint\",\"urlTemplate\":\"https:\\\/\\\/cjays.eu\\\/?s={search_term_string}\"},\"query-input\":{\"@type\":\"PropertyValueSpecification\",\"valueRequired\":true,\"valueName\":\"search_term_string\"}}],\"inLanguage\":\"de-DE\"},{\"@type\":\"Organization\",\"@id\":\"https:\\\/\\\/cjays.eu\\\/#organization\",\"name\":\"Cjays Lastechniek\",\"alternateName\":\"Cjays\",\"url\":\"https:\\\/\\\/cjays.eu\\\/\",\"logo\":{\"@type\":\"ImageObject\",\"inLanguage\":\"de-DE\",\"@id\":\"https:\\\/\\\/cjays.eu\\\/#\\\/schema\\\/logo\\\/image\\\/\",\"url\":\"https:\\\/\\\/cjays.eu\\\/wp-content\\\/uploads\\\/2022\\\/01\\\/logo-cjays-e1643484777484.png\",\"contentUrl\":\"https:\\\/\\\/cjays.eu\\\/wp-content\\\/uploads\\\/2022\\\/01\\\/logo-cjays-e1643484777484.png\",\"width\":500,\"height\":198,\"caption\":\"Cjays Lastechniek\"},\"image\":{\"@id\":\"https:\\\/\\\/cjays.eu\\\/#\\\/schema\\\/logo\\\/image\\\/\"},\"sameAs\":[\"https:\\\/\\\/www.facebook.com\\\/cjayslastechniek.nl\",\"https:\\\/\\\/www.instagram.com\\\/cjays.lastechniek\\\/\",\"https:\\\/\\\/www.youtube.com\\\/@cjayslastechniek2812\"]}]}<\/script>\n<!-- \/ Yoast SEO plugin. -->","yoast_head_json":{"title":"Parweld XTM 201i | 230 Volt | 200 Amp\u00e8re | Cjays Lastechniek","description":"Parweld XTM 201i. Draagbaar 200 amp\u00e8re machine op 230 Volt. Geschikt voor hobby, plaatwerk, doe-het-zelf, en huis tuin en keuken.","robots":{"index":"index","follow":"follow","max-snippet":"max-snippet:-1","max-image-preview":"max-image-preview:large","max-video-preview":"max-video-preview:-1"},"canonical":"https:\/\/cjays.eu\/produkt\/parweld-xtm-201i\/","og_locale":"de_DE","og_type":"article","og_title":"Parweld XTM 201i | 230 Volt | 200 Amp\u00e8re | Cjays Lastechniek","og_description":"Parweld XTM 201i. Draagbaar 200 amp\u00e8re machine op 230 Volt. Geschikt voor hobby, plaatwerk, doe-het-zelf, en huis tuin en keuken.","og_url":"https:\/\/cjays.eu\/produkt\/parweld-xtm-201i\/","og_site_name":"Cjays Lastechniek | Gebruikte Lasapparaten","article_publisher":"https:\/\/www.facebook.com\/cjayslastechniek.nl","article_modified_time":"2022-04-26T08:09:47+00:00","og_image":[{"width":2560,"height":2560,"url":"https:\/\/cjays.eu\/wp-content\/uploads\/2023\/08\/XTM201i-Cjays-scaled.jpeg","type":"image\/jpeg"}],"twitter_card":"summary_large_image","twitter_misc":{"Gesch\u00e4tzte Lesezeit":"1 minute"},"schema":{"@context":"https:\/\/schema.org","@graph":[{"@type":"WebPage","@id":"https:\/\/cjays.eu\/produkt\/parweld-xtm-201i\/","url":"https:\/\/cjays.eu\/produkt\/parweld-xtm-201i\/","name":"Parweld XTM 201i | 230 Volt | 200 Amp\u00e8re | Cjays Lastechniek","isPartOf":{"@id":"https:\/\/cjays.eu\/#website"},"primaryImageOfPage":{"@id":"https:\/\/cjays.eu\/produkt\/parweld-xtm-201i\/#primaryimage"},"image":{"@id":"https:\/\/cjays.eu\/produkt\/parweld-xtm-201i\/#primaryimage"},"thumbnailUrl":"https:\/\/cjays.eu\/wp-content\/uploads\/2023\/08\/XTM201i-Cjays-scaled.jpeg","datePublished":"2021-12-30T21:10:33+00:00","dateModified":"2022-04-26T08:09:47+00:00","description":"Parweld XTM 201i. Draagbaar 200 amp\u00e8re machine op 230 Volt. Geschikt voor hobby, plaatwerk, doe-het-zelf, en huis tuin en keuken.","breadcrumb":{"@id":"https:\/\/cjays.eu\/produkt\/parweld-xtm-201i\/#breadcrumb"},"inLanguage":"de-DE","potentialAction":[{"@type":"ReadAction","target":["https:\/\/cjays.eu\/produkt\/parweld-xtm-201i\/"]}]},{"@type":"ImageObject","inLanguage":"de-DE","@id":"https:\/\/cjays.eu\/produkt\/parweld-xtm-201i\/#primaryimage","url":"https:\/\/cjays.eu\/wp-content\/uploads\/2023\/08\/XTM201i-Cjays-scaled.jpeg","contentUrl":"https:\/\/cjays.eu\/wp-content\/uploads\/2023\/08\/XTM201i-Cjays-scaled.jpeg","width":2560,"height":2560},{"@type":"BreadcrumbList","@id":"https:\/\/cjays.eu\/produkt\/parweld-xtm-201i\/#breadcrumb","itemListElement":[{"@type":"ListItem","position":1,"name":"Home","item":"https:\/\/cjays.eu\/"},{"@type":"ListItem","position":2,"name":"Winkel","item":"https:\/\/cjays.eu\/winkel\/"},{"@type":"ListItem","position":3,"name":"Parweld XTM 201i"}]},{"@type":"WebSite","@id":"https:\/\/cjays.eu\/#website","url":"https:\/\/cjays.eu\/","name":"Cjays Lastechniek | Gebruikte Lasapparaten","description":"Gebruikte &amp; Nieuwe Lasapparaten &amp; Lasbenodigdheden","publisher":{"@id":"https:\/\/cjays.eu\/#organization"},"alternateName":"Cjays","potentialAction":[{"@type":"SearchAction","target":{"@type":"EntryPoint","urlTemplate":"https:\/\/cjays.eu\/?s={search_term_string}"},"query-input":{"@type":"PropertyValueSpecification","valueRequired":true,"valueName":"search_term_string"}}],"inLanguage":"de-DE"},{"@type":"Organization","@id":"https:\/\/cjays.eu\/#organization","name":"Cjays Lastechniek","alternateName":"Cjays","url":"https:\/\/cjays.eu\/","logo":{"@type":"ImageObject","inLanguage":"de-DE","@id":"https:\/\/cjays.eu\/#\/schema\/logo\/image\/","url":"https:\/\/cjays.eu\/wp-content\/uploads\/2022\/01\/logo-cjays-e1643484777484.png","contentUrl":"https:\/\/cjays.eu\/wp-content\/uploads\/2022\/01\/logo-cjays-e1643484777484.png","width":500,"height":198,"caption":"Cjays Lastechniek"},"image":{"@id":"https:\/\/cjays.eu\/#\/schema\/logo\/image\/"},"sameAs":["https:\/\/www.facebook.com\/cjayslastechniek.nl","https:\/\/www.instagram.com\/cjays.lastechniek\/","https:\/\/www.youtube.com\/@cjayslastechniek2812"]}]}},"_links":{"self":[{"href":"https:\/\/cjays.eu\/de\/wp-json\/wp\/v2\/product\/225940","targetHints":{"allow":["GET"]}}],"collection":[{"href":"https:\/\/cjays.eu\/de\/wp-json\/wp\/v2\/product"}],"about":[{"href":"https:\/\/cjays.eu\/de\/wp-json\/wp\/v2\/types\/product"}],"replies":[{"embeddable":true,"href":"https:\/\/cjays.eu\/de\/wp-json\/wp\/v2\/comments?post=225940"}],"wp:featuredmedia":[{"embeddable":true,"href":"https:\/\/cjays.eu\/de\/wp-json\/wp\/v2\/media\/271800"}],"wp:attachment":[{"href":"https:\/\/cjays.eu\/de\/wp-json\/wp\/v2\/media?parent=225940"}],"wp:term":[{"taxonomy":"product_brand","embeddable":true,"href":"https:\/\/cjays.eu\/de\/wp-json\/wp\/v2\/product_brand?post=225940"},{"taxonomy":"product_cat","embeddable":true,"href":"https:\/\/cjays.eu\/de\/wp-json\/wp\/v2\/product_cat?post=225940"},{"taxonomy":"product_tag","embeddable":true,"href":"https:\/\/cjays.eu\/de\/wp-json\/wp\/v2\/product_tag?post=225940"}],"curies":[{"name":"wp","href":"https:\/\/api.w.org\/{rel}","templated":true}]}}