{"id":225872,"date":"2021-12-30T22:25:32","date_gmt":"2021-12-30T22:25:32","guid":{"rendered":"https:\/\/cjays.eu\/product\/lorch-v24-ac-dc-watergekoeld\/"},"modified":"2023-03-31T15:22:20","modified_gmt":"2023-03-31T13:22:20","slug":"lorch-v24-ac-dc-watergekoeld","status":"publish","type":"product","link":"https:\/\/cjays.eu\/de\/produkt\/lorch-v24-ac-dc-watergekoeld\/","title":{"rendered":"Lorch V Serie"},"content":{"rendered":"<h4>Lorch V Serie<br \/>\nStabiler Lichtbogen &#8211; mit DC und AC.<\/h4>\n<p>Die Serie V ist in allen Leistungsstufen als DC- und AC\/DC-Version erh\u00e4ltlich. Die Serie V zeichnet sich durch einen sehr stabilen Lichtbogen aus. Beim Schwei\u00dfen mit Wechselstrom ist die Stromform sowohl f\u00fcr einen sehr guten Reinigungseffekt der Aluminiumoxidhaut als auch f\u00fcr reduzierten L\u00e4rm optimiert. Die AC\/DC-Variante verf\u00fcgt ebenfalls \u00fcber ein automatisches System mit einer halbkugelf\u00f6rmigen Kappe. Dank des rechteckigen Stroms zeichnet sich die Serie V durch mehr Schubkraft und maximale Lichtbogenstabilit\u00e4t beim Schwei\u00dfen von Aluminium aus.<\/p>\n<h4>Robust und sicher: Das Geh\u00e4use der V-Serie.<\/h4>\n<p>Die High-End-Technologie im Inneren der V-Serie ist durch ein robustes Industriegeh\u00e4use aus Metall gesch\u00fctzt &#8211; ideal f\u00fcr den Einsatz im Freien. Die voll belastbaren Griffe erm\u00f6glichen das Aufh\u00e4ngen der Stromquelle am Wasserhahn und dienen gleichzeitig als Halterung f\u00fcr das Schlauchpaket. Die doppelte Kontrolle der Gasflasche gew\u00e4hrleistet maximale Sicherheit in der Produktionsumgebung.<\/p>\n<h4>Gepulstes und schnell gepulstes Schwei\u00dfen bis zu 20 kHz.<\/h4>\n<p>Die integrierte Impuls- und Schnellimpuls-Schwei\u00dffunktion bis 20 kHz eignet sich hervorragend f\u00fcr die Bearbeitung von d\u00fcnnen Schwei\u00dfplatten. Au\u00dferdem sorgt es f\u00fcr eine hervorragende Kontrolle des Schwei\u00dfbades und garantiert perfekte Ergebnisse &#8211; auch bei schwierigen Schwei\u00dfaufgaben.<\/p>\n<h4>Optimale Parameter mit SmartBase.<\/h4>\n<p>Dank der SmartBase-Technologie ist der Lichtbogen immer perfekt auf die von Ihnen gew\u00e4hlte Elektrode abgestimmt. Schwei\u00dfparameter, Z\u00fcndung und Arbeitsbereich werden automatisch optimal eingestellt. F\u00fcr eine optimale Freiheit k\u00f6nnen Sie den Bogen individuell abstimmen. So haben Sie die Gew\u00e4hr, dass Sie mit dem f\u00fcr Sie optimalen Lichtbogen schwei\u00dfen.<\/p>\n<h4>Energieeffizienz bei voller Leistung.<\/h4>\n<p>Die integrierte Standby-Funktion schaltet einzelne Komponenten automatisch ein und aus. Die Temperatursensoren erkennen die Temperatur des Systems und steuern den L\u00fcfter nach Bedarf. Dies reduziert die L\u00fcfterger\u00e4usche und den Staub im Inneren der Maschine und spart zudem Energie.<\/p>\n<h4>L\u00e4nderspezifische Produktvarianten.<\/h4>\n<p>F\u00fcr dieses Lorch-Schwei\u00dfger\u00e4t gibt es l\u00e4nderspezifische Produktvarianten.\u00a0 Diese k\u00f6nnen sich in Bezug auf die Netzstromversorgung, den Netzstecker oder andere l\u00e4nderspezifische Produktmerkmale unterscheiden.<\/p>\n","protected":false},"excerpt":{"rendered":"<h4>Lorch V Serie<\/h4>\n<p>Schweres WIG-Schwei\u00dfen f\u00fcr Profis.<br \/>\nBeser k\u00f6nnen Sie nicht Kaufen.<\/p>\n<p>Verf\u00fcgbar in Die Lorch V Serie:<\/p>\n<ul>\n<li>V24<\/li>\n<li>V24 Mobil<\/li>\n<li>V30<\/li>\n<li>V30 Mobil<\/li>\n<li>V40<\/li>\n<li>V50<\/li>\n<\/ul>\n","protected":false},"featured_media":2656,"comment_status":"open","ping_status":"closed","template":"","meta":[],"product_brand":[],"product_cat":[489,144,4126,134,135,484],"product_tag":[],"class_list":{"0":"post-225872","1":"product","2":"type-product","3":"status-publish","4":"has-post-thumbnail","6":"product_cat-ac-dc-de","7":"product_cat-alle-produkte","8":"product_cat-neues-lorch-schweissgeraete","9":"product_cat-neue-schweisgerate","10":"product_cat-tig-schweisgerate-de","11":"product_cat-wassergekuhlt","13":"first","14":"instock","15":"taxable","16":"shipping-taxable","17":"product-type-simple"},"yoast_head":"<!-- This site is optimized with the Yoast SEO plugin v27.4 - https:\/\/yoast.com\/product\/yoast-seo-wordpress\/ -->\n<title>Lorch V24 AC\/DC Watergekoeld | Tig lassen<\/title>\n<meta name=\"description\" content=\"Lorch V24 AC\/DC Watergekoeld Heavy-Duty TIG-lassen voor professionals. Gepulseerd en fast gepulseerd lassen tot maximaal 20 kHz\" \/>\n<meta name=\"robots\" content=\"index, follow, max-snippet:-1, max-image-preview:large, max-video-preview:-1\" \/>\n<link rel=\"canonical\" href=\"https:\/\/cjays.eu\/de\/produkt\/lorch-v24-ac-dc-watergekoeld\/\" \/>\n<meta property=\"og:locale\" content=\"de_DE\" \/>\n<meta property=\"og:type\" content=\"article\" \/>\n<meta property=\"og:title\" content=\"Lorch V24 AC\/DC Watergekoeld | Tig lassen\" \/>\n<meta property=\"og:description\" content=\"Lorch V24 AC\/DC Watergekoeld Heavy-Duty TIG-lassen voor professionals. Gepulseerd en fast gepulseerd lassen tot maximaal 20 kHz\" \/>\n<meta property=\"og:url\" content=\"https:\/\/cjays.eu\/de\/produkt\/lorch-v24-ac-dc-watergekoeld\/\" \/>\n<meta property=\"og:site_name\" content=\"Cjays Lastechniek | Gebruikte Lasapparaten\" \/>\n<meta property=\"article:publisher\" content=\"https:\/\/www.facebook.com\/cjayslastechniek.nl\" \/>\n<meta property=\"article:modified_time\" content=\"2023-03-31T13:22:20+00:00\" \/>\n<meta property=\"og:image\" content=\"https:\/\/cjays.eu\/wp-content\/uploads\/2021\/12\/n_s_tig_ac_1-600x600-1-e1648222092296.jpg\" \/>\n\t<meta property=\"og:image:width\" content=\"500\" \/>\n\t<meta property=\"og:image:height\" content=\"500\" \/>\n\t<meta property=\"og:image:type\" content=\"image\/jpeg\" \/>\n<meta name=\"twitter:card\" content=\"summary_large_image\" \/>\n<meta name=\"twitter:label1\" content=\"Gesch\u00e4tzte Lesezeit\" \/>\n\t<meta name=\"twitter:data1\" content=\"2 minutes\" \/>\n<script type=\"application\/ld+json\" class=\"yoast-schema-graph\">{\"@context\":\"https:\\\/\\\/schema.org\",\"@graph\":[{\"@type\":\"WebPage\",\"@id\":\"https:\\\/\\\/cjays.eu\\\/de\\\/produkt\\\/lorch-v24-ac-dc-watergekoeld\\\/\",\"url\":\"https:\\\/\\\/cjays.eu\\\/de\\\/produkt\\\/lorch-v24-ac-dc-watergekoeld\\\/\",\"name\":\"Lorch V24 AC\\\/DC Watergekoeld | Tig lassen\",\"isPartOf\":{\"@id\":\"https:\\\/\\\/cjays.eu\\\/#website\"},\"primaryImageOfPage\":{\"@id\":\"https:\\\/\\\/cjays.eu\\\/de\\\/produkt\\\/lorch-v24-ac-dc-watergekoeld\\\/#primaryimage\"},\"image\":{\"@id\":\"https:\\\/\\\/cjays.eu\\\/de\\\/produkt\\\/lorch-v24-ac-dc-watergekoeld\\\/#primaryimage\"},\"thumbnailUrl\":\"https:\\\/\\\/cjays.eu\\\/wp-content\\\/uploads\\\/2021\\\/12\\\/n_s_tig_ac_1-600x600-1-e1648222092296.jpg\",\"datePublished\":\"2021-12-30T22:25:32+00:00\",\"dateModified\":\"2023-03-31T13:22:20+00:00\",\"description\":\"Lorch V24 AC\\\/DC Watergekoeld Heavy-Duty TIG-lassen voor professionals. Gepulseerd en fast gepulseerd lassen tot maximaal 20 kHz\",\"breadcrumb\":{\"@id\":\"https:\\\/\\\/cjays.eu\\\/de\\\/produkt\\\/lorch-v24-ac-dc-watergekoeld\\\/#breadcrumb\"},\"inLanguage\":\"de-DE\",\"potentialAction\":[{\"@type\":\"ReadAction\",\"target\":[\"https:\\\/\\\/cjays.eu\\\/de\\\/produkt\\\/lorch-v24-ac-dc-watergekoeld\\\/\"]}]},{\"@type\":\"ImageObject\",\"inLanguage\":\"de-DE\",\"@id\":\"https:\\\/\\\/cjays.eu\\\/de\\\/produkt\\\/lorch-v24-ac-dc-watergekoeld\\\/#primaryimage\",\"url\":\"https:\\\/\\\/cjays.eu\\\/wp-content\\\/uploads\\\/2021\\\/12\\\/n_s_tig_ac_1-600x600-1-e1648222092296.jpg\",\"contentUrl\":\"https:\\\/\\\/cjays.eu\\\/wp-content\\\/uploads\\\/2021\\\/12\\\/n_s_tig_ac_1-600x600-1-e1648222092296.jpg\",\"width\":500,\"height\":500,\"caption\":\"Lorch V24 AC\\\/DC Watergekoeld\"},{\"@type\":\"BreadcrumbList\",\"@id\":\"https:\\\/\\\/cjays.eu\\\/de\\\/produkt\\\/lorch-v24-ac-dc-watergekoeld\\\/#breadcrumb\",\"itemListElement\":[{\"@type\":\"ListItem\",\"position\":1,\"name\":\"Home\",\"item\":\"https:\\\/\\\/cjays.eu\\\/\"},{\"@type\":\"ListItem\",\"position\":2,\"name\":\"Winkel\",\"item\":\"https:\\\/\\\/cjays.eu\\\/winkel\\\/\"},{\"@type\":\"ListItem\",\"position\":3,\"name\":\"Lorch V Serie\"}]},{\"@type\":\"WebSite\",\"@id\":\"https:\\\/\\\/cjays.eu\\\/#website\",\"url\":\"https:\\\/\\\/cjays.eu\\\/\",\"name\":\"Cjays Lastechniek | Gebruikte Lasapparaten\",\"description\":\"Gebruikte &amp; Nieuwe Lasapparaten &amp; Lasbenodigdheden\",\"publisher\":{\"@id\":\"https:\\\/\\\/cjays.eu\\\/#organization\"},\"alternateName\":\"Cjays\",\"potentialAction\":[{\"@type\":\"SearchAction\",\"target\":{\"@type\":\"EntryPoint\",\"urlTemplate\":\"https:\\\/\\\/cjays.eu\\\/?s={search_term_string}\"},\"query-input\":{\"@type\":\"PropertyValueSpecification\",\"valueRequired\":true,\"valueName\":\"search_term_string\"}}],\"inLanguage\":\"de-DE\"},{\"@type\":\"Organization\",\"@id\":\"https:\\\/\\\/cjays.eu\\\/#organization\",\"name\":\"Cjays Lastechniek\",\"alternateName\":\"Cjays\",\"url\":\"https:\\\/\\\/cjays.eu\\\/\",\"logo\":{\"@type\":\"ImageObject\",\"inLanguage\":\"de-DE\",\"@id\":\"https:\\\/\\\/cjays.eu\\\/#\\\/schema\\\/logo\\\/image\\\/\",\"url\":\"https:\\\/\\\/cjays.eu\\\/wp-content\\\/uploads\\\/2022\\\/01\\\/logo-cjays-e1643484777484.png\",\"contentUrl\":\"https:\\\/\\\/cjays.eu\\\/wp-content\\\/uploads\\\/2022\\\/01\\\/logo-cjays-e1643484777484.png\",\"width\":500,\"height\":198,\"caption\":\"Cjays Lastechniek\"},\"image\":{\"@id\":\"https:\\\/\\\/cjays.eu\\\/#\\\/schema\\\/logo\\\/image\\\/\"},\"sameAs\":[\"https:\\\/\\\/www.facebook.com\\\/cjayslastechniek.nl\",\"https:\\\/\\\/www.instagram.com\\\/cjays.lastechniek\\\/\",\"https:\\\/\\\/www.youtube.com\\\/@cjayslastechniek2812\"]}]}<\/script>\n<!-- \/ Yoast SEO plugin. -->","yoast_head_json":{"title":"Lorch V24 AC\/DC Watergekoeld | Tig lassen","description":"Lorch V24 AC\/DC Watergekoeld Heavy-Duty TIG-lassen voor professionals. Gepulseerd en fast gepulseerd lassen tot maximaal 20 kHz","robots":{"index":"index","follow":"follow","max-snippet":"max-snippet:-1","max-image-preview":"max-image-preview:large","max-video-preview":"max-video-preview:-1"},"canonical":"https:\/\/cjays.eu\/de\/produkt\/lorch-v24-ac-dc-watergekoeld\/","og_locale":"de_DE","og_type":"article","og_title":"Lorch V24 AC\/DC Watergekoeld | Tig lassen","og_description":"Lorch V24 AC\/DC Watergekoeld Heavy-Duty TIG-lassen voor professionals. Gepulseerd en fast gepulseerd lassen tot maximaal 20 kHz","og_url":"https:\/\/cjays.eu\/de\/produkt\/lorch-v24-ac-dc-watergekoeld\/","og_site_name":"Cjays Lastechniek | Gebruikte Lasapparaten","article_publisher":"https:\/\/www.facebook.com\/cjayslastechniek.nl","article_modified_time":"2023-03-31T13:22:20+00:00","og_image":[{"width":500,"height":500,"url":"https:\/\/cjays.eu\/wp-content\/uploads\/2021\/12\/n_s_tig_ac_1-600x600-1-e1648222092296.jpg","type":"image\/jpeg"}],"twitter_card":"summary_large_image","twitter_misc":{"Gesch\u00e4tzte Lesezeit":"2 minutes"},"schema":{"@context":"https:\/\/schema.org","@graph":[{"@type":"WebPage","@id":"https:\/\/cjays.eu\/de\/produkt\/lorch-v24-ac-dc-watergekoeld\/","url":"https:\/\/cjays.eu\/de\/produkt\/lorch-v24-ac-dc-watergekoeld\/","name":"Lorch V24 AC\/DC Watergekoeld | Tig lassen","isPartOf":{"@id":"https:\/\/cjays.eu\/#website"},"primaryImageOfPage":{"@id":"https:\/\/cjays.eu\/de\/produkt\/lorch-v24-ac-dc-watergekoeld\/#primaryimage"},"image":{"@id":"https:\/\/cjays.eu\/de\/produkt\/lorch-v24-ac-dc-watergekoeld\/#primaryimage"},"thumbnailUrl":"https:\/\/cjays.eu\/wp-content\/uploads\/2021\/12\/n_s_tig_ac_1-600x600-1-e1648222092296.jpg","datePublished":"2021-12-30T22:25:32+00:00","dateModified":"2023-03-31T13:22:20+00:00","description":"Lorch V24 AC\/DC Watergekoeld Heavy-Duty TIG-lassen voor professionals. Gepulseerd en fast gepulseerd lassen tot maximaal 20 kHz","breadcrumb":{"@id":"https:\/\/cjays.eu\/de\/produkt\/lorch-v24-ac-dc-watergekoeld\/#breadcrumb"},"inLanguage":"de-DE","potentialAction":[{"@type":"ReadAction","target":["https:\/\/cjays.eu\/de\/produkt\/lorch-v24-ac-dc-watergekoeld\/"]}]},{"@type":"ImageObject","inLanguage":"de-DE","@id":"https:\/\/cjays.eu\/de\/produkt\/lorch-v24-ac-dc-watergekoeld\/#primaryimage","url":"https:\/\/cjays.eu\/wp-content\/uploads\/2021\/12\/n_s_tig_ac_1-600x600-1-e1648222092296.jpg","contentUrl":"https:\/\/cjays.eu\/wp-content\/uploads\/2021\/12\/n_s_tig_ac_1-600x600-1-e1648222092296.jpg","width":500,"height":500,"caption":"Lorch V24 AC\/DC Watergekoeld"},{"@type":"BreadcrumbList","@id":"https:\/\/cjays.eu\/de\/produkt\/lorch-v24-ac-dc-watergekoeld\/#breadcrumb","itemListElement":[{"@type":"ListItem","position":1,"name":"Home","item":"https:\/\/cjays.eu\/"},{"@type":"ListItem","position":2,"name":"Winkel","item":"https:\/\/cjays.eu\/winkel\/"},{"@type":"ListItem","position":3,"name":"Lorch V Serie"}]},{"@type":"WebSite","@id":"https:\/\/cjays.eu\/#website","url":"https:\/\/cjays.eu\/","name":"Cjays Lastechniek | Gebruikte Lasapparaten","description":"Gebruikte &amp; Nieuwe Lasapparaten &amp; Lasbenodigdheden","publisher":{"@id":"https:\/\/cjays.eu\/#organization"},"alternateName":"Cjays","potentialAction":[{"@type":"SearchAction","target":{"@type":"EntryPoint","urlTemplate":"https:\/\/cjays.eu\/?s={search_term_string}"},"query-input":{"@type":"PropertyValueSpecification","valueRequired":true,"valueName":"search_term_string"}}],"inLanguage":"de-DE"},{"@type":"Organization","@id":"https:\/\/cjays.eu\/#organization","name":"Cjays Lastechniek","alternateName":"Cjays","url":"https:\/\/cjays.eu\/","logo":{"@type":"ImageObject","inLanguage":"de-DE","@id":"https:\/\/cjays.eu\/#\/schema\/logo\/image\/","url":"https:\/\/cjays.eu\/wp-content\/uploads\/2022\/01\/logo-cjays-e1643484777484.png","contentUrl":"https:\/\/cjays.eu\/wp-content\/uploads\/2022\/01\/logo-cjays-e1643484777484.png","width":500,"height":198,"caption":"Cjays Lastechniek"},"image":{"@id":"https:\/\/cjays.eu\/#\/schema\/logo\/image\/"},"sameAs":["https:\/\/www.facebook.com\/cjayslastechniek.nl","https:\/\/www.instagram.com\/cjays.lastechniek\/","https:\/\/www.youtube.com\/@cjayslastechniek2812"]}]}},"_links":{"self":[{"href":"https:\/\/cjays.eu\/de\/wp-json\/wp\/v2\/product\/225872","targetHints":{"allow":["GET"]}}],"collection":[{"href":"https:\/\/cjays.eu\/de\/wp-json\/wp\/v2\/product"}],"about":[{"href":"https:\/\/cjays.eu\/de\/wp-json\/wp\/v2\/types\/product"}],"replies":[{"embeddable":true,"href":"https:\/\/cjays.eu\/de\/wp-json\/wp\/v2\/comments?post=225872"}],"wp:featuredmedia":[{"embeddable":true,"href":"https:\/\/cjays.eu\/de\/wp-json\/wp\/v2\/media\/2656"}],"wp:attachment":[{"href":"https:\/\/cjays.eu\/de\/wp-json\/wp\/v2\/media?parent=225872"}],"wp:term":[{"taxonomy":"product_brand","embeddable":true,"href":"https:\/\/cjays.eu\/de\/wp-json\/wp\/v2\/product_brand?post=225872"},{"taxonomy":"product_cat","embeddable":true,"href":"https:\/\/cjays.eu\/de\/wp-json\/wp\/v2\/product_cat?post=225872"},{"taxonomy":"product_tag","embeddable":true,"href":"https:\/\/cjays.eu\/de\/wp-json\/wp\/v2\/product_tag?post=225872"}],"curies":[{"name":"wp","href":"https:\/\/api.w.org\/{rel}","templated":true}]}}