{"id":225844,"date":"2021-12-31T07:14:11","date_gmt":"2021-12-31T07:14:11","guid":{"rendered":"https:\/\/cjays.eu\/product\/lorch-micormig-pulse-series\/"},"modified":"2024-03-10T13:09:04","modified_gmt":"2024-03-10T12:09:04","slug":"lorch-micormig-pulse-series","status":"publish","type":"product","link":"https:\/\/cjays.eu\/de\/produkt\/lorch-micormig-pulse-series\/","title":{"rendered":"Lorch MicorMig Pulse Series"},"content":{"rendered":"<p><strong>Spritzerarmes Schwei\u00dfen dank eines stabilen und kontrollierbaren Impulslichtbogens.<\/strong><br \/>\nKontrollkonzepte: BasicPlus, ControlPro<\/p>\n<p><strong>Spritzerarm gepulstes Schwei\u00dfen.<\/strong><br \/>\nDank des stabilen und sehr gut steuerbaren gepulsten Lichtbogens sparen Sie Nacharbeit und haben Zeit f\u00fcr andere Aufgaben. Mit dem gepulsten Verfahren wird ein spritzerarmes Schwei\u00dfen ohne intensive Nachbearbeitung \u00fcber den gesamten Synergieverlauf gew\u00e4hrleistet.<\/p>\n<p><strong>MicorBoost-Technologie f\u00fcr perfekte Schwei\u00dfergebnisse.<\/strong><br \/>\nDie innovative und patentierte MicorBoost-Technologie sorgt f\u00fcr maximale Leistungs- und Spannungsreserven im Lichtbogen. Dies gew\u00e4hrleistet optimale Schwei\u00dfeigenschaften f\u00fcr alle Blech- und mittelschweren Stahlarbeiten, sowohl mit Mischgas als auch unter CO2. Es liefert hervorragende Schwei\u00dfergebnisse bei Stahl, Edelstahl und Aluminium.<\/p>\n<p><strong>EN1090-konform + NFC-Technologie.<\/strong><br \/>\nDas Schwei\u00dfen nach EN1090 ist mit dem mitgelieferten WPS-Heft einfach. Das erspart Ihnen zeit- und kostenintensive Einzelpr\u00fcfungen Ihrer Schwei\u00dfergebnisse. Die Brosch\u00fcre enth\u00e4lt von unabh\u00e4ngiger Seite zertifizierte Schwei\u00dfanweisungen f\u00fcr alle relevanten Standardschwei\u00dfverfahren. Bei der MicorMIG-Serie sind die Parameters\u00e4tze auch \u00fcber die NFC Job Card leicht verf\u00fcgbar.<\/p>\n<p><strong>Zukunftssicher mit Upgrade-Option.<\/strong><br \/>\nImmer genau die Funktionalit\u00e4t, die Sie brauchen: Dank der NFC-Funktionalit\u00e4t sind die Schwei\u00dfger\u00e4te der MicorMIG Pulse-Serie voll aufr\u00fcstbar, d.h. Sie k\u00f6nnen jederzeit zus\u00e4tzliche Schwei\u00dfprozesse, Schwei\u00dfprogramme und Arbeitsfunktionen mit NFC-Karten nachr\u00fcsten &#8211; offline und ohne externe Unterst\u00fctzung.<\/p>\n<p><strong>Perfekte Qualit\u00e4tssicherung dank Berechtigungskonzept.<\/strong><br \/>\nDank der NFC-Technologie ist es auch m\u00f6glich, ein personalisiertes Berechtigungssystem f\u00fcr die Bedienung der Schwei\u00dfmaschine aufzubauen. Beim MicorMIG Pulse sorgen NFC-Autorisierungskarten daf\u00fcr, dass nur ausgew\u00e4hlte Schwei\u00dfer die relevanten Parameter einstellen k\u00f6nnen. Eine tempor\u00e4re Sperre f\u00fcr den freien Abend verhindert zudem unbefugtes Arbeiten mit dem Ger\u00e4t.<\/p>\n<p><strong>Hervorragendes Preis-Leistungs-Verh\u00e4ltnis.<\/strong><br \/>\nDer MicorMIG Pulse &#8211; Ihr einfacher Einstieg in ein stufenlos regelbares Schwei\u00dfsystem. Profitieren Sie von den optimalen Schwei\u00dfeigenschaften des MicorMIG Pulse zu einem hervorragenden Preis-Leistungs-Verh\u00e4ltnis.<\/p>\n<p><strong>Energieeffiziente Technologie.<\/strong><br \/>\nDie Lorch MicorMIG Pulse kombiniert robuste Leistung mit effizienter Invertertechnologie und Stand-by-Funktionalit\u00e4t. Auf diese Weise k\u00f6nnen Sie Ihre Kosten senken und gleichzeitig ein perfektes Schwei\u00dfergebnis erzielen. Transformers geh\u00f6ren der Vergangenheit an.<\/p>\n","protected":false},"excerpt":{"rendered":"<p>https:\/\/www.youtube.com\/watch?v=CBSeG4G5jLo&amp;ab_channel=LorchSchwei%C3%9FtechnikGmbH<\/p>\n<p>&nbsp;<\/p>\n","protected":false},"featured_media":263851,"comment_status":"open","ping_status":"closed","template":"","meta":[],"product_brand":[],"product_cat":[144,512,470,4126,467,134,508],"product_tag":[],"class_list":{"0":"post-225844","1":"product","2":"type-product","3":"status-publish","4":"has-post-thumbnail","6":"product_cat-alle-produkte","7":"product_cat-inklusive-drahtvorschubkoffer","8":"product_cat-kompakt","9":"product_cat-neues-lorch-schweissgeraete","10":"product_cat-mig-schweisgerate-neu","11":"product_cat-neue-schweisgerate","12":"product_cat-pulse-de-de","14":"first","15":"instock","16":"taxable","17":"shipping-taxable","18":"product-type-simple"},"yoast_head":"<!-- This site is optimized with the Yoast SEO plugin v27.4 - https:\/\/yoast.com\/product\/yoast-seo-wordpress\/ -->\n<title>Lorch MicorMig Pulse Series<\/title>\n<meta name=\"description\" content=\"Lorch MicorMig Pulse Series met het Lorch EN 1090 voordeelpakket en parameterinstelling via NFC-kaarten bent u toegerust voor alle lastaken.\" \/>\n<meta name=\"robots\" content=\"index, follow, max-snippet:-1, max-image-preview:large, max-video-preview:-1\" \/>\n<link rel=\"canonical\" href=\"https:\/\/cjays.eu\/de\/produkt\/lorch-micormig-pulse-series\/\" \/>\n<meta property=\"og:locale\" content=\"de_DE\" \/>\n<meta property=\"og:type\" content=\"article\" \/>\n<meta property=\"og:title\" content=\"Lorch MicorMig Pulse Series\" \/>\n<meta property=\"og:description\" content=\"Lorch MicorMig Pulse Series met het Lorch EN 1090 voordeelpakket en parameterinstelling via NFC-kaarten bent u toegerust voor alle lastaken.\" \/>\n<meta property=\"og:url\" content=\"https:\/\/cjays.eu\/de\/produkt\/lorch-micormig-pulse-series\/\" \/>\n<meta property=\"og:site_name\" content=\"Cjays Lastechniek | Gebruikte Lasapparaten\" \/>\n<meta property=\"article:publisher\" content=\"https:\/\/www.facebook.com\/cjayslastechniek.nl\" \/>\n<meta property=\"article:modified_time\" content=\"2024-03-10T12:09:04+00:00\" \/>\n<meta property=\"og:image\" content=\"https:\/\/cjays.eu\/wp-content\/uploads\/2021\/12\/Lorch-Micormig-300.jpg\" \/>\n\t<meta property=\"og:image:width\" content=\"567\" \/>\n\t<meta property=\"og:image:height\" content=\"630\" \/>\n\t<meta property=\"og:image:type\" content=\"image\/jpeg\" \/>\n<meta name=\"twitter:card\" content=\"summary_large_image\" \/>\n<meta name=\"twitter:label1\" content=\"Gesch\u00e4tzte Lesezeit\" \/>\n\t<meta name=\"twitter:data1\" content=\"2 minutes\" \/>\n<script type=\"application\/ld+json\" class=\"yoast-schema-graph\">{\"@context\":\"https:\\\/\\\/schema.org\",\"@graph\":[{\"@type\":\"WebPage\",\"@id\":\"https:\\\/\\\/cjays.eu\\\/de\\\/produkt\\\/lorch-micormig-pulse-series\\\/\",\"url\":\"https:\\\/\\\/cjays.eu\\\/de\\\/produkt\\\/lorch-micormig-pulse-series\\\/\",\"name\":\"Lorch MicorMig Pulse Series\",\"isPartOf\":{\"@id\":\"https:\\\/\\\/cjays.eu\\\/#website\"},\"primaryImageOfPage\":{\"@id\":\"https:\\\/\\\/cjays.eu\\\/de\\\/produkt\\\/lorch-micormig-pulse-series\\\/#primaryimage\"},\"image\":{\"@id\":\"https:\\\/\\\/cjays.eu\\\/de\\\/produkt\\\/lorch-micormig-pulse-series\\\/#primaryimage\"},\"thumbnailUrl\":\"https:\\\/\\\/cjays.eu\\\/wp-content\\\/uploads\\\/2021\\\/12\\\/Lorch-Micormig-300.jpg\",\"datePublished\":\"2021-12-31T07:14:11+00:00\",\"dateModified\":\"2024-03-10T12:09:04+00:00\",\"description\":\"Lorch MicorMig Pulse Series met het Lorch EN 1090 voordeelpakket en parameterinstelling via NFC-kaarten bent u toegerust voor alle lastaken.\",\"breadcrumb\":{\"@id\":\"https:\\\/\\\/cjays.eu\\\/de\\\/produkt\\\/lorch-micormig-pulse-series\\\/#breadcrumb\"},\"inLanguage\":\"de-DE\",\"potentialAction\":[{\"@type\":\"ReadAction\",\"target\":[\"https:\\\/\\\/cjays.eu\\\/de\\\/produkt\\\/lorch-micormig-pulse-series\\\/\"]}]},{\"@type\":\"ImageObject\",\"inLanguage\":\"de-DE\",\"@id\":\"https:\\\/\\\/cjays.eu\\\/de\\\/produkt\\\/lorch-micormig-pulse-series\\\/#primaryimage\",\"url\":\"https:\\\/\\\/cjays.eu\\\/wp-content\\\/uploads\\\/2021\\\/12\\\/Lorch-Micormig-300.jpg\",\"contentUrl\":\"https:\\\/\\\/cjays.eu\\\/wp-content\\\/uploads\\\/2021\\\/12\\\/Lorch-Micormig-300.jpg\",\"width\":567,\"height\":630},{\"@type\":\"BreadcrumbList\",\"@id\":\"https:\\\/\\\/cjays.eu\\\/de\\\/produkt\\\/lorch-micormig-pulse-series\\\/#breadcrumb\",\"itemListElement\":[{\"@type\":\"ListItem\",\"position\":1,\"name\":\"Home\",\"item\":\"https:\\\/\\\/cjays.eu\\\/\"},{\"@type\":\"ListItem\",\"position\":2,\"name\":\"Winkel\",\"item\":\"https:\\\/\\\/cjays.eu\\\/winkel\\\/\"},{\"@type\":\"ListItem\",\"position\":3,\"name\":\"Lorch MicorMig Pulse Series\"}]},{\"@type\":\"WebSite\",\"@id\":\"https:\\\/\\\/cjays.eu\\\/#website\",\"url\":\"https:\\\/\\\/cjays.eu\\\/\",\"name\":\"Cjays Lastechniek | Gebruikte Lasapparaten\",\"description\":\"Gebruikte &amp; Nieuwe Lasapparaten &amp; Lasbenodigdheden\",\"publisher\":{\"@id\":\"https:\\\/\\\/cjays.eu\\\/#organization\"},\"alternateName\":\"Cjays\",\"potentialAction\":[{\"@type\":\"SearchAction\",\"target\":{\"@type\":\"EntryPoint\",\"urlTemplate\":\"https:\\\/\\\/cjays.eu\\\/?s={search_term_string}\"},\"query-input\":{\"@type\":\"PropertyValueSpecification\",\"valueRequired\":true,\"valueName\":\"search_term_string\"}}],\"inLanguage\":\"de-DE\"},{\"@type\":\"Organization\",\"@id\":\"https:\\\/\\\/cjays.eu\\\/#organization\",\"name\":\"Cjays Lastechniek\",\"alternateName\":\"Cjays\",\"url\":\"https:\\\/\\\/cjays.eu\\\/\",\"logo\":{\"@type\":\"ImageObject\",\"inLanguage\":\"de-DE\",\"@id\":\"https:\\\/\\\/cjays.eu\\\/#\\\/schema\\\/logo\\\/image\\\/\",\"url\":\"https:\\\/\\\/cjays.eu\\\/wp-content\\\/uploads\\\/2022\\\/01\\\/logo-cjays-e1643484777484.png\",\"contentUrl\":\"https:\\\/\\\/cjays.eu\\\/wp-content\\\/uploads\\\/2022\\\/01\\\/logo-cjays-e1643484777484.png\",\"width\":500,\"height\":198,\"caption\":\"Cjays Lastechniek\"},\"image\":{\"@id\":\"https:\\\/\\\/cjays.eu\\\/#\\\/schema\\\/logo\\\/image\\\/\"},\"sameAs\":[\"https:\\\/\\\/www.facebook.com\\\/cjayslastechniek.nl\",\"https:\\\/\\\/www.instagram.com\\\/cjays.lastechniek\\\/\",\"https:\\\/\\\/www.youtube.com\\\/@cjayslastechniek2812\"]}]}<\/script>\n<!-- \/ Yoast SEO plugin. -->","yoast_head_json":{"title":"Lorch MicorMig Pulse Series","description":"Lorch MicorMig Pulse Series met het Lorch EN 1090 voordeelpakket en parameterinstelling via NFC-kaarten bent u toegerust voor alle lastaken.","robots":{"index":"index","follow":"follow","max-snippet":"max-snippet:-1","max-image-preview":"max-image-preview:large","max-video-preview":"max-video-preview:-1"},"canonical":"https:\/\/cjays.eu\/de\/produkt\/lorch-micormig-pulse-series\/","og_locale":"de_DE","og_type":"article","og_title":"Lorch MicorMig Pulse Series","og_description":"Lorch MicorMig Pulse Series met het Lorch EN 1090 voordeelpakket en parameterinstelling via NFC-kaarten bent u toegerust voor alle lastaken.","og_url":"https:\/\/cjays.eu\/de\/produkt\/lorch-micormig-pulse-series\/","og_site_name":"Cjays Lastechniek | Gebruikte Lasapparaten","article_publisher":"https:\/\/www.facebook.com\/cjayslastechniek.nl","article_modified_time":"2024-03-10T12:09:04+00:00","og_image":[{"width":567,"height":630,"url":"https:\/\/cjays.eu\/wp-content\/uploads\/2021\/12\/Lorch-Micormig-300.jpg","type":"image\/jpeg"}],"twitter_card":"summary_large_image","twitter_misc":{"Gesch\u00e4tzte Lesezeit":"2 minutes"},"schema":{"@context":"https:\/\/schema.org","@graph":[{"@type":"WebPage","@id":"https:\/\/cjays.eu\/de\/produkt\/lorch-micormig-pulse-series\/","url":"https:\/\/cjays.eu\/de\/produkt\/lorch-micormig-pulse-series\/","name":"Lorch MicorMig Pulse Series","isPartOf":{"@id":"https:\/\/cjays.eu\/#website"},"primaryImageOfPage":{"@id":"https:\/\/cjays.eu\/de\/produkt\/lorch-micormig-pulse-series\/#primaryimage"},"image":{"@id":"https:\/\/cjays.eu\/de\/produkt\/lorch-micormig-pulse-series\/#primaryimage"},"thumbnailUrl":"https:\/\/cjays.eu\/wp-content\/uploads\/2021\/12\/Lorch-Micormig-300.jpg","datePublished":"2021-12-31T07:14:11+00:00","dateModified":"2024-03-10T12:09:04+00:00","description":"Lorch MicorMig Pulse Series met het Lorch EN 1090 voordeelpakket en parameterinstelling via NFC-kaarten bent u toegerust voor alle lastaken.","breadcrumb":{"@id":"https:\/\/cjays.eu\/de\/produkt\/lorch-micormig-pulse-series\/#breadcrumb"},"inLanguage":"de-DE","potentialAction":[{"@type":"ReadAction","target":["https:\/\/cjays.eu\/de\/produkt\/lorch-micormig-pulse-series\/"]}]},{"@type":"ImageObject","inLanguage":"de-DE","@id":"https:\/\/cjays.eu\/de\/produkt\/lorch-micormig-pulse-series\/#primaryimage","url":"https:\/\/cjays.eu\/wp-content\/uploads\/2021\/12\/Lorch-Micormig-300.jpg","contentUrl":"https:\/\/cjays.eu\/wp-content\/uploads\/2021\/12\/Lorch-Micormig-300.jpg","width":567,"height":630},{"@type":"BreadcrumbList","@id":"https:\/\/cjays.eu\/de\/produkt\/lorch-micormig-pulse-series\/#breadcrumb","itemListElement":[{"@type":"ListItem","position":1,"name":"Home","item":"https:\/\/cjays.eu\/"},{"@type":"ListItem","position":2,"name":"Winkel","item":"https:\/\/cjays.eu\/winkel\/"},{"@type":"ListItem","position":3,"name":"Lorch MicorMig Pulse Series"}]},{"@type":"WebSite","@id":"https:\/\/cjays.eu\/#website","url":"https:\/\/cjays.eu\/","name":"Cjays Lastechniek | Gebruikte Lasapparaten","description":"Gebruikte &amp; Nieuwe Lasapparaten &amp; Lasbenodigdheden","publisher":{"@id":"https:\/\/cjays.eu\/#organization"},"alternateName":"Cjays","potentialAction":[{"@type":"SearchAction","target":{"@type":"EntryPoint","urlTemplate":"https:\/\/cjays.eu\/?s={search_term_string}"},"query-input":{"@type":"PropertyValueSpecification","valueRequired":true,"valueName":"search_term_string"}}],"inLanguage":"de-DE"},{"@type":"Organization","@id":"https:\/\/cjays.eu\/#organization","name":"Cjays Lastechniek","alternateName":"Cjays","url":"https:\/\/cjays.eu\/","logo":{"@type":"ImageObject","inLanguage":"de-DE","@id":"https:\/\/cjays.eu\/#\/schema\/logo\/image\/","url":"https:\/\/cjays.eu\/wp-content\/uploads\/2022\/01\/logo-cjays-e1643484777484.png","contentUrl":"https:\/\/cjays.eu\/wp-content\/uploads\/2022\/01\/logo-cjays-e1643484777484.png","width":500,"height":198,"caption":"Cjays Lastechniek"},"image":{"@id":"https:\/\/cjays.eu\/#\/schema\/logo\/image\/"},"sameAs":["https:\/\/www.facebook.com\/cjayslastechniek.nl","https:\/\/www.instagram.com\/cjays.lastechniek\/","https:\/\/www.youtube.com\/@cjayslastechniek2812"]}]}},"_links":{"self":[{"href":"https:\/\/cjays.eu\/de\/wp-json\/wp\/v2\/product\/225844","targetHints":{"allow":["GET"]}}],"collection":[{"href":"https:\/\/cjays.eu\/de\/wp-json\/wp\/v2\/product"}],"about":[{"href":"https:\/\/cjays.eu\/de\/wp-json\/wp\/v2\/types\/product"}],"replies":[{"embeddable":true,"href":"https:\/\/cjays.eu\/de\/wp-json\/wp\/v2\/comments?post=225844"}],"wp:featuredmedia":[{"embeddable":true,"href":"https:\/\/cjays.eu\/de\/wp-json\/wp\/v2\/media\/263851"}],"wp:attachment":[{"href":"https:\/\/cjays.eu\/de\/wp-json\/wp\/v2\/media?parent=225844"}],"wp:term":[{"taxonomy":"product_brand","embeddable":true,"href":"https:\/\/cjays.eu\/de\/wp-json\/wp\/v2\/product_brand?post=225844"},{"taxonomy":"product_cat","embeddable":true,"href":"https:\/\/cjays.eu\/de\/wp-json\/wp\/v2\/product_cat?post=225844"},{"taxonomy":"product_tag","embeddable":true,"href":"https:\/\/cjays.eu\/de\/wp-json\/wp\/v2\/product_tag?post=225844"}],"curies":[{"name":"wp","href":"https:\/\/api.w.org\/{rel}","templated":true}]}}