{"id":224612,"date":"2022-01-13T22:24:05","date_gmt":"2022-01-13T22:24:05","guid":{"rendered":"https:\/\/cjays.eu\/product\/massakabel-compleet\/"},"modified":"2025-01-03T11:07:22","modified_gmt":"2025-01-03T10:07:22","slug":"massekabel-mit-klemme-und-stecker","status":"publish","type":"product","link":"https:\/\/cjays.eu\/de\/produkt\/massekabel-mit-klemme-und-stecker\/","title":{"rendered":"Massekabel mit Klemme und Stecker"},"content":{"rendered":"<p>M\u00f6chten Sie eine andere St\u00e4rke oder L\u00e4nge?<br \/>\nBitte kontaktieren Sie uns f\u00fcr Optionen und Preise.<\/p>\n","protected":false},"excerpt":{"rendered":"<p>Massekabel mit Klemme und Stecker<\/p>\n<p>Unsere Massekabel verf\u00fcgen \u00fcber 13mm\u00b2 Dinse-Kabelstecker und Federklemmen.<\/p>\n<p>Erh\u00e4ltlich in den folgenden St\u00e4rken:<\/p>\n<p>25mm\u00b2<br \/>\n35mm\u00b2<br \/>\n50mm\u00b2<br \/>\n70mm\u00b2<\/p>\n<p>Alle unsere kabel sind H01N2-D.<\/p>\n","protected":false},"featured_media":272005,"comment_status":"open","ping_status":"closed","template":"","meta":[],"product_brand":[],"product_cat":[144,330,217],"product_tag":[],"class_list":{"0":"post-224612","1":"product","2":"type-product","3":"status-publish","4":"has-post-thumbnail","6":"product_cat-alle-produkte","7":"product_cat-kabel-steckverbinder","8":"product_cat-schweiszubehor","9":"product_shipping_class-paketten-de","11":"first","12":"instock","13":"taxable","14":"shipping-taxable","15":"purchasable","16":"product-type-variable"},"yoast_head":"<!-- This site is optimized with the Yoast SEO plugin v27.4 - https:\/\/yoast.com\/product\/yoast-seo-wordpress\/ -->\n<title>Massekabel mit Klemme und Stecker | Cjays Schwei\u00dftechnik<\/title>\n<meta name=\"description\" content=\"Massekabel mit Klemme und Stecker | Erh\u00e4ltlich in den folgenden St\u00e4rken: 25mm\u00b2 35mm\u00b2 50mm\u00b2 70mm\u00b2. Alle unsere kabel sind H01N2-D.\" \/>\n<meta name=\"robots\" content=\"index, follow, max-snippet:-1, max-image-preview:large, max-video-preview:-1\" \/>\n<link rel=\"canonical\" href=\"https:\/\/cjays.eu\/produkt\/massakabel-met-klem-en-plug\/\" \/>\n<meta property=\"og:locale\" content=\"de_DE\" \/>\n<meta property=\"og:type\" content=\"article\" \/>\n<meta property=\"og:title\" content=\"Massekabel mit Klemme und Stecker | Cjays Schwei\u00dftechnik\" \/>\n<meta property=\"og:description\" content=\"Massekabel mit Klemme und Stecker | Erh\u00e4ltlich in den folgenden St\u00e4rken: 25mm\u00b2 35mm\u00b2 50mm\u00b2 70mm\u00b2. Alle unsere kabel sind H01N2-D.\" \/>\n<meta property=\"og:url\" content=\"https:\/\/cjays.eu\/produkt\/massakabel-met-klem-en-plug\/\" \/>\n<meta property=\"og:site_name\" content=\"Cjays Lastechniek | Gebruikte Lasapparaten\" \/>\n<meta property=\"article:publisher\" content=\"https:\/\/www.facebook.com\/cjayslastechniek.nl\" \/>\n<meta property=\"article:modified_time\" content=\"2025-01-03T10:07:22+00:00\" \/>\n<meta property=\"og:image\" content=\"https:\/\/cjays.eu\/wp-content\/uploads\/2022\/01\/zubehoer-masse-schweisskabel-schlauchpaket-5-m.jpg\" \/>\n\t<meta property=\"og:image:width\" content=\"1200\" \/>\n\t<meta property=\"og:image:height\" content=\"1200\" \/>\n\t<meta property=\"og:image:type\" content=\"image\/jpeg\" \/>\n<meta name=\"twitter:card\" content=\"summary_large_image\" \/>\n<meta name=\"twitter:label1\" content=\"Gesch\u00e4tzte Lesezeit\" \/>\n\t<meta name=\"twitter:data1\" content=\"1 minute\" \/>\n<script type=\"application\/ld+json\" class=\"yoast-schema-graph\">{\"@context\":\"https:\\\/\\\/schema.org\",\"@graph\":[{\"@type\":\"WebPage\",\"@id\":\"https:\\\/\\\/cjays.eu\\\/produkt\\\/massakabel-met-klem-en-plug\\\/\",\"url\":\"https:\\\/\\\/cjays.eu\\\/produkt\\\/massakabel-met-klem-en-plug\\\/\",\"name\":\"Massekabel mit Klemme und Stecker | Cjays Schwei\u00dftechnik\",\"isPartOf\":{\"@id\":\"https:\\\/\\\/cjays.eu\\\/#website\"},\"primaryImageOfPage\":{\"@id\":\"https:\\\/\\\/cjays.eu\\\/produkt\\\/massakabel-met-klem-en-plug\\\/#primaryimage\"},\"image\":{\"@id\":\"https:\\\/\\\/cjays.eu\\\/produkt\\\/massakabel-met-klem-en-plug\\\/#primaryimage\"},\"thumbnailUrl\":\"https:\\\/\\\/cjays.eu\\\/wp-content\\\/uploads\\\/2022\\\/01\\\/zubehoer-masse-schweisskabel-schlauchpaket-5-m.jpg\",\"datePublished\":\"2022-01-13T22:24:05+00:00\",\"dateModified\":\"2025-01-03T10:07:22+00:00\",\"description\":\"Massekabel mit Klemme und Stecker | Erh\u00e4ltlich in den folgenden St\u00e4rken: 25mm\u00b2 35mm\u00b2 50mm\u00b2 70mm\u00b2. Alle unsere kabel sind H01N2-D.\",\"breadcrumb\":{\"@id\":\"https:\\\/\\\/cjays.eu\\\/produkt\\\/massakabel-met-klem-en-plug\\\/#breadcrumb\"},\"inLanguage\":\"de-DE\",\"potentialAction\":[{\"@type\":\"ReadAction\",\"target\":[\"https:\\\/\\\/cjays.eu\\\/produkt\\\/massakabel-met-klem-en-plug\\\/\"]}]},{\"@type\":\"ImageObject\",\"inLanguage\":\"de-DE\",\"@id\":\"https:\\\/\\\/cjays.eu\\\/produkt\\\/massakabel-met-klem-en-plug\\\/#primaryimage\",\"url\":\"https:\\\/\\\/cjays.eu\\\/wp-content\\\/uploads\\\/2022\\\/01\\\/zubehoer-masse-schweisskabel-schlauchpaket-5-m.jpg\",\"contentUrl\":\"https:\\\/\\\/cjays.eu\\\/wp-content\\\/uploads\\\/2022\\\/01\\\/zubehoer-masse-schweisskabel-schlauchpaket-5-m.jpg\",\"width\":1200,\"height\":1200},{\"@type\":\"BreadcrumbList\",\"@id\":\"https:\\\/\\\/cjays.eu\\\/produkt\\\/massakabel-met-klem-en-plug\\\/#breadcrumb\",\"itemListElement\":[{\"@type\":\"ListItem\",\"position\":1,\"name\":\"Home\",\"item\":\"https:\\\/\\\/cjays.eu\\\/\"},{\"@type\":\"ListItem\",\"position\":2,\"name\":\"Winkel\",\"item\":\"https:\\\/\\\/cjays.eu\\\/winkel\\\/\"},{\"@type\":\"ListItem\",\"position\":3,\"name\":\"Massekabel mit Klemme und Stecker\"}]},{\"@type\":\"WebSite\",\"@id\":\"https:\\\/\\\/cjays.eu\\\/#website\",\"url\":\"https:\\\/\\\/cjays.eu\\\/\",\"name\":\"Cjays Lastechniek | Gebruikte Lasapparaten\",\"description\":\"Gebruikte &amp; Nieuwe Lasapparaten &amp; Lasbenodigdheden\",\"publisher\":{\"@id\":\"https:\\\/\\\/cjays.eu\\\/#organization\"},\"alternateName\":\"Cjays\",\"potentialAction\":[{\"@type\":\"SearchAction\",\"target\":{\"@type\":\"EntryPoint\",\"urlTemplate\":\"https:\\\/\\\/cjays.eu\\\/?s={search_term_string}\"},\"query-input\":{\"@type\":\"PropertyValueSpecification\",\"valueRequired\":true,\"valueName\":\"search_term_string\"}}],\"inLanguage\":\"de-DE\"},{\"@type\":\"Organization\",\"@id\":\"https:\\\/\\\/cjays.eu\\\/#organization\",\"name\":\"Cjays Lastechniek\",\"alternateName\":\"Cjays\",\"url\":\"https:\\\/\\\/cjays.eu\\\/\",\"logo\":{\"@type\":\"ImageObject\",\"inLanguage\":\"de-DE\",\"@id\":\"https:\\\/\\\/cjays.eu\\\/#\\\/schema\\\/logo\\\/image\\\/\",\"url\":\"https:\\\/\\\/cjays.eu\\\/wp-content\\\/uploads\\\/2022\\\/01\\\/logo-cjays-e1643484777484.png\",\"contentUrl\":\"https:\\\/\\\/cjays.eu\\\/wp-content\\\/uploads\\\/2022\\\/01\\\/logo-cjays-e1643484777484.png\",\"width\":500,\"height\":198,\"caption\":\"Cjays Lastechniek\"},\"image\":{\"@id\":\"https:\\\/\\\/cjays.eu\\\/#\\\/schema\\\/logo\\\/image\\\/\"},\"sameAs\":[\"https:\\\/\\\/www.facebook.com\\\/cjayslastechniek.nl\",\"https:\\\/\\\/www.instagram.com\\\/cjays.lastechniek\\\/\",\"https:\\\/\\\/www.youtube.com\\\/@cjayslastechniek2812\"]}]}<\/script>\n<!-- \/ Yoast SEO plugin. -->","yoast_head_json":{"title":"Massekabel mit Klemme und Stecker | Cjays Schwei\u00dftechnik","description":"Massekabel mit Klemme und Stecker | Erh\u00e4ltlich in den folgenden St\u00e4rken: 25mm\u00b2 35mm\u00b2 50mm\u00b2 70mm\u00b2. Alle unsere kabel sind H01N2-D.","robots":{"index":"index","follow":"follow","max-snippet":"max-snippet:-1","max-image-preview":"max-image-preview:large","max-video-preview":"max-video-preview:-1"},"canonical":"https:\/\/cjays.eu\/produkt\/massakabel-met-klem-en-plug\/","og_locale":"de_DE","og_type":"article","og_title":"Massekabel mit Klemme und Stecker | Cjays Schwei\u00dftechnik","og_description":"Massekabel mit Klemme und Stecker | Erh\u00e4ltlich in den folgenden St\u00e4rken: 25mm\u00b2 35mm\u00b2 50mm\u00b2 70mm\u00b2. Alle unsere kabel sind H01N2-D.","og_url":"https:\/\/cjays.eu\/produkt\/massakabel-met-klem-en-plug\/","og_site_name":"Cjays Lastechniek | Gebruikte Lasapparaten","article_publisher":"https:\/\/www.facebook.com\/cjayslastechniek.nl","article_modified_time":"2025-01-03T10:07:22+00:00","og_image":[{"width":1200,"height":1200,"url":"https:\/\/cjays.eu\/wp-content\/uploads\/2022\/01\/zubehoer-masse-schweisskabel-schlauchpaket-5-m.jpg","type":"image\/jpeg"}],"twitter_card":"summary_large_image","twitter_misc":{"Gesch\u00e4tzte Lesezeit":"1 minute"},"schema":{"@context":"https:\/\/schema.org","@graph":[{"@type":"WebPage","@id":"https:\/\/cjays.eu\/produkt\/massakabel-met-klem-en-plug\/","url":"https:\/\/cjays.eu\/produkt\/massakabel-met-klem-en-plug\/","name":"Massekabel mit Klemme und Stecker | Cjays Schwei\u00dftechnik","isPartOf":{"@id":"https:\/\/cjays.eu\/#website"},"primaryImageOfPage":{"@id":"https:\/\/cjays.eu\/produkt\/massakabel-met-klem-en-plug\/#primaryimage"},"image":{"@id":"https:\/\/cjays.eu\/produkt\/massakabel-met-klem-en-plug\/#primaryimage"},"thumbnailUrl":"https:\/\/cjays.eu\/wp-content\/uploads\/2022\/01\/zubehoer-masse-schweisskabel-schlauchpaket-5-m.jpg","datePublished":"2022-01-13T22:24:05+00:00","dateModified":"2025-01-03T10:07:22+00:00","description":"Massekabel mit Klemme und Stecker | Erh\u00e4ltlich in den folgenden St\u00e4rken: 25mm\u00b2 35mm\u00b2 50mm\u00b2 70mm\u00b2. Alle unsere kabel sind H01N2-D.","breadcrumb":{"@id":"https:\/\/cjays.eu\/produkt\/massakabel-met-klem-en-plug\/#breadcrumb"},"inLanguage":"de-DE","potentialAction":[{"@type":"ReadAction","target":["https:\/\/cjays.eu\/produkt\/massakabel-met-klem-en-plug\/"]}]},{"@type":"ImageObject","inLanguage":"de-DE","@id":"https:\/\/cjays.eu\/produkt\/massakabel-met-klem-en-plug\/#primaryimage","url":"https:\/\/cjays.eu\/wp-content\/uploads\/2022\/01\/zubehoer-masse-schweisskabel-schlauchpaket-5-m.jpg","contentUrl":"https:\/\/cjays.eu\/wp-content\/uploads\/2022\/01\/zubehoer-masse-schweisskabel-schlauchpaket-5-m.jpg","width":1200,"height":1200},{"@type":"BreadcrumbList","@id":"https:\/\/cjays.eu\/produkt\/massakabel-met-klem-en-plug\/#breadcrumb","itemListElement":[{"@type":"ListItem","position":1,"name":"Home","item":"https:\/\/cjays.eu\/"},{"@type":"ListItem","position":2,"name":"Winkel","item":"https:\/\/cjays.eu\/winkel\/"},{"@type":"ListItem","position":3,"name":"Massekabel mit Klemme und Stecker"}]},{"@type":"WebSite","@id":"https:\/\/cjays.eu\/#website","url":"https:\/\/cjays.eu\/","name":"Cjays Lastechniek | Gebruikte Lasapparaten","description":"Gebruikte &amp; Nieuwe Lasapparaten &amp; Lasbenodigdheden","publisher":{"@id":"https:\/\/cjays.eu\/#organization"},"alternateName":"Cjays","potentialAction":[{"@type":"SearchAction","target":{"@type":"EntryPoint","urlTemplate":"https:\/\/cjays.eu\/?s={search_term_string}"},"query-input":{"@type":"PropertyValueSpecification","valueRequired":true,"valueName":"search_term_string"}}],"inLanguage":"de-DE"},{"@type":"Organization","@id":"https:\/\/cjays.eu\/#organization","name":"Cjays Lastechniek","alternateName":"Cjays","url":"https:\/\/cjays.eu\/","logo":{"@type":"ImageObject","inLanguage":"de-DE","@id":"https:\/\/cjays.eu\/#\/schema\/logo\/image\/","url":"https:\/\/cjays.eu\/wp-content\/uploads\/2022\/01\/logo-cjays-e1643484777484.png","contentUrl":"https:\/\/cjays.eu\/wp-content\/uploads\/2022\/01\/logo-cjays-e1643484777484.png","width":500,"height":198,"caption":"Cjays Lastechniek"},"image":{"@id":"https:\/\/cjays.eu\/#\/schema\/logo\/image\/"},"sameAs":["https:\/\/www.facebook.com\/cjayslastechniek.nl","https:\/\/www.instagram.com\/cjays.lastechniek\/","https:\/\/www.youtube.com\/@cjayslastechniek2812"]}]}},"_links":{"self":[{"href":"https:\/\/cjays.eu\/de\/wp-json\/wp\/v2\/product\/224612","targetHints":{"allow":["GET"]}}],"collection":[{"href":"https:\/\/cjays.eu\/de\/wp-json\/wp\/v2\/product"}],"about":[{"href":"https:\/\/cjays.eu\/de\/wp-json\/wp\/v2\/types\/product"}],"replies":[{"embeddable":true,"href":"https:\/\/cjays.eu\/de\/wp-json\/wp\/v2\/comments?post=224612"}],"wp:featuredmedia":[{"embeddable":true,"href":"https:\/\/cjays.eu\/de\/wp-json\/wp\/v2\/media\/272005"}],"wp:attachment":[{"href":"https:\/\/cjays.eu\/de\/wp-json\/wp\/v2\/media?parent=224612"}],"wp:term":[{"taxonomy":"product_brand","embeddable":true,"href":"https:\/\/cjays.eu\/de\/wp-json\/wp\/v2\/product_brand?post=224612"},{"taxonomy":"product_cat","embeddable":true,"href":"https:\/\/cjays.eu\/de\/wp-json\/wp\/v2\/product_cat?post=224612"},{"taxonomy":"product_tag","embeddable":true,"href":"https:\/\/cjays.eu\/de\/wp-json\/wp\/v2\/product_tag?post=224612"}],"curies":[{"name":"wp","href":"https:\/\/api.w.org\/{rel}","templated":true}]}}